{"id":279,"date":"2025-11-26T08:19:41","date_gmt":"2025-11-26T08:19:41","guid":{"rendered":"https:\/\/silage-balers.com\/?post_type=product&#038;p=279"},"modified":"2025-12-29T05:47:28","modified_gmt":"2025-12-29T05:47:28","slug":"enfardadeira-redonda-9yg-2-24d-s9000-alem","status":"publish","type":"product","link":"https:\/\/silage-balers.com\/pt\/produto\/enfardadeira-redonda-9yg-2-24d-s9000-alem\/","title":{"rendered":"Enfardadeira redonda 9YG-2.24D (S9000 Beyond)"},"content":{"rendered":"<p data-start=\"63\" data-end=\"562\">A enfardadeira de fardos redondos 9YG-2.24D (S9000 Beyond) \u00e9 uma m\u00e1quina agr\u00edcola premium de alto desempenho, projetada para enfardamento em larga escala de feno, palha e silagem. Com seus recursos avan\u00e7ados e design inovador, esta enfardadeira eleva o padr\u00e3o tradicional, oferecendo confiabilidade, efici\u00eancia e facilidade de uso incompar\u00e1veis. Seja para enfardar feno para armazenamento ou silagem para alimenta\u00e7\u00e3o animal, a 9YG-2.24D garante que o trabalho seja feito rapidamente, com excelentes resultados e tempo de inatividade m\u00ednimo.<\/p>\n<h2>Especifica\u00e7\u00f5es t\u00e9cnicas<\/h2>\n<table style=\"border-color: #000000;\">\n<thead>\n<tr>\n<th>N\u00famero de s\u00e9rie<\/th>\n<th>Item<\/th>\n<th>Unidade<\/th>\n<th>Especifica\u00e7\u00e3o<\/th>\n<\/tr>\n<\/thead>\n<tbody>\n<tr>\n<td>1<\/td>\n<td>Nome do modelo<\/td>\n<td>\/<\/td>\n<td>Enfardadeira redonda 9YG-2.24D (S9000 Beyond)<\/td>\n<\/tr>\n<tr>\n<td>2<\/td>\n<td>M\u00e9todo de engate<\/td>\n<td>\/<\/td>\n<td>Tipo de tra\u00e7\u00e3o<\/td>\n<\/tr>\n<tr>\n<td>3<\/td>\n<td>Largura de sele\u00e7\u00e3o<\/td>\n<td>mm<\/td>\n<td>2240<\/td>\n<\/tr>\n<tr>\n<td>4<\/td>\n<td>Tipo estrutural Picker<\/td>\n<td>\/<\/td>\n<td>Tipo de dente de mola<\/td>\n<\/tr>\n<tr>\n<td>5<\/td>\n<td>Tipo estrutural do alimentador<\/td>\n<td>\/<\/td>\n<td>Tipo de dente de rastelo + rolo<\/td>\n<\/tr>\n<tr>\n<td>6<\/td>\n<td>Tipo de mecanismo de enfardamento com c\u00e2mara de compress\u00e3o<\/td>\n<td>\/<\/td>\n<td>Tipo de rolo<\/td>\n<\/tr>\n<tr>\n<td>7<\/td>\n<td>Largura da c\u00e2mara de compress\u00e3o<\/td>\n<td>mm<\/td>\n<td>1400<\/td>\n<\/tr>\n<tr>\n<td>8<\/td>\n<td>Di\u00e2metro da c\u00e2mara de compress\u00e3o<\/td>\n<td>mm<\/td>\n<td>\u03a61200<\/td>\n<\/tr>\n<tr>\n<td>9<\/td>\n<td>N\u00famero de pe\u00e7as m\u00f3veis laminadas<\/td>\n<td>computador<\/td>\n<td>18 (Rolos)<\/td>\n<\/tr>\n<tr>\n<td>10<\/td>\n<td>Di\u00e2metro do rolo de lamina\u00e7\u00e3o<\/td>\n<td>mm<\/td>\n<td>\u03a6222<\/td>\n<\/tr>\n<tr>\n<td>11<\/td>\n<td>M\u00e9todo de liga\u00e7\u00e3o<\/td>\n<td>\/<\/td>\n<td>Envolt\u00f3rio de rede<\/td>\n<\/tr>\n<tr>\n<td>12<\/td>\n<td>Poder de correspond\u00eancia<\/td>\n<td>kW<\/td>\n<td>55-100<\/td>\n<\/tr>\n<tr>\n<td>13<\/td>\n<td>Massa estrutural<\/td>\n<td>kg<\/td>\n<td>4570<\/td>\n<\/tr>\n<tr>\n<td>14<\/td>\n<td>Velocidade do eixo da tomada de for\u00e7a<\/td>\n<td>r\/min<\/td>\n<td>720<\/td>\n<\/tr>\n<tr>\n<td>15<\/td>\n<td>Dimens\u00f5es totais (Comprimento \u00d7 Largura \u00d7 Altura)<\/td>\n<td>mm<\/td>\n<td>4600\u00d73010\u00d72370 (Estado de funcionamento)<\/td>\n<\/tr>\n<tr>\n<td>16<\/td>\n<td>Controle da densidade dos fardos<\/td>\n<td>\/<\/td>\n<td>Controle de sensores<\/td>\n<\/tr>\n<tr>\n<td>17<\/td>\n<td>Dimens\u00f5es do fardo (di\u00e2metro \u00d7 largura)<\/td>\n<td>mm<\/td>\n<td>\u03a61300\u00d71400<\/td>\n<\/tr>\n<tr>\n<td>18<\/td>\n<td>Densidade do fardo<\/td>\n<td>Kg\/m\u00b3<\/td>\n<td>100-200<\/td>\n<\/tr>\n<tr>\n<td>19<\/td>\n<td>Produtividade<\/td>\n<td>fardos\/h<\/td>\n<td>40~100<\/td>\n<\/tr>\n<tr>\n<td>20<\/td>\n<td>Dist\u00e2ncia entre eixos<\/td>\n<td>mm<\/td>\n<td>2600<\/td>\n<\/tr>\n<tr>\n<td>21<\/td>\n<td>Velocidade de opera\u00e7\u00e3o<\/td>\n<td>Km\/h<\/td>\n<td>5-35<\/td>\n<\/tr>\n<tr>\n<td>22<\/td>\n<td>Especifica\u00e7\u00f5es l\u00edquidas (Comprimento \u00d7 Largura)<\/td>\n<td>\/<\/td>\n<td>2000\u00d71,4m por fardo<\/td>\n<\/tr>\n<\/tbody>\n<\/table>\n<h2 data-start=\"564\" data-end=\"618\">O que \u00e9 a enfardadeira redonda 9YG-2.24D (S9000 Beyond)?<\/h2>\n<p data-start=\"620\" data-end=\"1186\">A enfardadeira de fardos redondos 9YG-2.24D (S9000 Beyond) \u00e9 uma m\u00e1quina especializada utilizada para recolher, compactar e amarrar materiais soltos, como feno, palha e silagem, em fardos redondos. Ela funciona comprimindo o material coletado em formatos cil\u00edndricos e envolvendo-os com corda ou rede para mant\u00ea-los intactos, facilitando o armazenamento, o transporte e o manuseio. O modelo \u201cS9000 Beyond\u201d oferece uma vers\u00e3o aprimorada das enfardadeiras de fardos redondos tradicionais, incorporando tecnologia de ponta para um desempenho superior, melhor manuseio da colheita e custos operacionais reduzidos.<\/p>\n<p data-start=\"1188\" data-end=\"1578\">A enfardadeira 9YG-2.24D foi projetada para lidar com uma ampla variedade de culturas, incluindo feno seco e silagem \u00famida, tornando-se uma escolha vers\u00e1til para agricultores que precisam de uma enfardadeira confi\u00e1vel e eficiente para diferentes opera\u00e7\u00f5es agr\u00edcolas. Com recursos como tamanho de fardo ajust\u00e1vel, opera\u00e7\u00e3o f\u00e1cil e constru\u00e7\u00e3o robusta, \u00e9 uma ferramenta indispens\u00e1vel para quem busca melhorar a produ\u00e7\u00e3o de feno e silagem.<\/p>\n<p style=\"text-align: center;\" data-start=\"1188\" data-end=\"1578\"><img loading=\"lazy\" decoding=\"async\" class=\"alignnone size-full wp-image-319\" src=\"https:\/\/silage-balers.com\/wp-content\/uploads\/2025\/11\/6-1.webp\" alt=\"Enfardadeira redonda\" width=\"285\" height=\"285\" srcset=\"https:\/\/silage-balers.com\/wp-content\/uploads\/2025\/11\/6-1.webp 285w, https:\/\/silage-balers.com\/wp-content\/uploads\/2025\/11\/6-1-150x150.webp 150w, https:\/\/silage-balers.com\/wp-content\/uploads\/2025\/11\/6-1-12x12.webp 12w, https:\/\/silage-balers.com\/wp-content\/uploads\/2025\/11\/6-1-100x100.webp 100w\" sizes=\"(max-width: 285px) 100vw, 285px\" \/><\/p>\n<h3 data-start=\"1580\" data-end=\"1641\">Principais caracter\u00edsticas da enfardadeira de fardos redondos 9YG-2.24D (S9000 Beyond)<\/h3>\n<ol>\n<li data-start=\"1646\" data-end=\"1995\">Enfardamento de Alto Desempenho: A enfardadeira de fardos redondos 9YG-2.24D (S9000 Beyond) possui um sistema avan\u00e7ado de alimenta\u00e7\u00e3o e compress\u00e3o, permitindo o manuseio de grandes volumes de material agr\u00edcola com facilidade. O sistema aprimorado garante fardos consistentes e uniformes, mesmo em condi\u00e7\u00f5es de cultivo vari\u00e1veis, tornando a enfardadeira altamente eficiente em diferentes ambientes agr\u00edcolas.<\/li>\n<li data-start=\"2000\" data-end=\"2346\">Tamanho ajust\u00e1vel dos fardos: Uma das caracter\u00edsticas mais marcantes da 9YG-2.24D \u00e9 a capacidade de ajustar o tamanho dos fardos redondos. Essa flexibilidade permite ao usu\u00e1rio produzir fardos sob medida para suas necessidades de armazenamento e transporte, seja para criar fardos pequenos e f\u00e1ceis de manusear ou fardos maiores para armazenamento a longo prazo.<\/li>\n<li data-start=\"2351\" data-end=\"2616\">Constru\u00e7\u00e3o Dur\u00e1vel: Constru\u00edda para durar, a 9YG-2.24D \u00e9 feita com materiais de alta qualidade que resistem ao uso di\u00e1rio. Ela foi projetada para operar em condi\u00e7\u00f5es adversas, oferecendo excelente confiabilidade e minimizando o tempo de inatividade durante a alta temporada de enfardamento.<\/li>\n<li data-start=\"2621\" data-end=\"2921\">Sistema de Envolvimento Avan\u00e7ado: O modelo 9YG-2.24D vem equipado com um sistema de envolvimento aprimorado que fixa firmemente os fardos redondos utilizando corda ou rede. Isso garante que os fardos permane\u00e7am intactos e protegidos contra umidade, sujeira e pragas, tornando-os perfeitos para armazenamento ou transporte a longo prazo.<\/li>\n<li data-start=\"2926\" data-end=\"3204\">Controles intuitivos: Apesar de seus recursos avan\u00e7ados, a 9YG-2.24D foi projetada para ser f\u00e1cil de usar. Os controles s\u00e3o intuitivos e a m\u00e1quina oferece displays de f\u00e1cil leitura e opera\u00e7\u00e3o simples, permitindo que os agricultores se concentrem em realizar o trabalho sem complica\u00e7\u00f5es desnecess\u00e1rias.<\/li>\n<li data-start=\"3209\" data-end=\"3532\">Manuten\u00e7\u00e3o e custos reduzidos: O design da 9YG-2.24D minimiza o desgaste de seus componentes, reduzindo a necessidade de manuten\u00e7\u00e3o frequente. Sua constru\u00e7\u00e3o de alta qualidade e opera\u00e7\u00e3o eficiente se traduzem em economia de custos ao longo da vida \u00fatil da m\u00e1quina, tornando-a um valioso investimento a longo prazo para qualquer atividade agr\u00edcola.<\/li>\n<li data-start=\"3537\" data-end=\"3807\">Efici\u00eancia de combust\u00edvel: O modelo S9000 Beyond incorpora tecnologia de baixo consumo energ\u00e9tico que reduz o consumo de combust\u00edvel durante a opera\u00e7\u00e3o. Isso ajuda os agricultores a economizar nos custos de combust\u00edvel e, ao mesmo tempo, aumentar a produtividade, tornando a 9YG-2.24D uma op\u00e7\u00e3o economicamente vi\u00e1vel para enfardamento em larga escala.<\/li>\n<li data-start=\"3812\" data-end=\"4116\">Versatilidade: Seja para feno, palha ou silagem, a enfardadeira redonda 9YG-2.24D \u00e9 capaz de lidar com uma ampla variedade de culturas. Sua capacidade de enfardar materiais secos e \u00famidos a torna uma excelente escolha para diversas necessidades agr\u00edcolas, desde o enfardamento tradicional de feno at\u00e9 a produ\u00e7\u00e3o de silagem para alimenta\u00e7\u00e3o animal.<\/li>\n<\/ol>\n<h3 style=\"text-align: center;\" data-start=\"6691\" data-end=\"6748\"><img loading=\"lazy\" decoding=\"async\" class=\"alignnone size-full wp-image-318\" src=\"https:\/\/silage-balers.com\/wp-content\/uploads\/2025\/11\/5-1-3.webp\" alt=\"Enfardadeira redonda\" width=\"289\" height=\"289\" srcset=\"https:\/\/silage-balers.com\/wp-content\/uploads\/2025\/11\/5-1-3.webp 289w, https:\/\/silage-balers.com\/wp-content\/uploads\/2025\/11\/5-1-3-150x150.webp 150w, https:\/\/silage-balers.com\/wp-content\/uploads\/2025\/11\/5-1-3-12x12.webp 12w, https:\/\/silage-balers.com\/wp-content\/uploads\/2025\/11\/5-1-3-100x100.webp 100w\" sizes=\"(max-width: 289px) 100vw, 289px\" \/><\/h3>\n<h3 data-start=\"6691\" data-end=\"6748\">Por que escolher a enfardadeira de fardos redondos 9YG-2.24D (S9000 Beyond)?<\/h3>\n<p data-start=\"6750\" data-end=\"7406\">A enfardadeira de fardos redondos 9YG-2.24D (S9000 Beyond) oferece desempenho, durabilidade e efici\u00eancia de ponta, tornando-a a escolha ideal para agricultores que precisam enfardar grandes volumes de feno, palha ou silagem. Seus recursos avan\u00e7ados, incluindo tamanhos de fardos personaliz\u00e1veis, um sistema de enfardamento aprimorado e um design com baixo consumo de combust\u00edvel, a diferenciam de outras enfardadeiras de fardos redondos no mercado. Seja para aumentar a produtividade, reduzir os custos de manuten\u00e7\u00e3o ou melhorar a qualidade dos fardos, a 9YG-2.24D oferece um excelente custo-benef\u00edcio. Com sua engenharia superior e opera\u00e7\u00e3o intuitiva, esta enfardadeira foi projetada para atender \u00e0s demandas da agricultura moderna.<\/p>\n<p style=\"text-align: center;\" data-start=\"6750\" data-end=\"7406\"><img loading=\"lazy\" decoding=\"async\" class=\"alignnone size-full wp-image-317\" src=\"https:\/\/silage-balers.com\/wp-content\/uploads\/2025\/11\/4-1-3.webp\" alt=\"Enfardadeira redonda\" width=\"282\" height=\"282\" srcset=\"https:\/\/silage-balers.com\/wp-content\/uploads\/2025\/11\/4-1-3.webp 282w, https:\/\/silage-balers.com\/wp-content\/uploads\/2025\/11\/4-1-3-150x150.webp 150w, https:\/\/silage-balers.com\/wp-content\/uploads\/2025\/11\/4-1-3-12x12.webp 12w, https:\/\/silage-balers.com\/wp-content\/uploads\/2025\/11\/4-1-3-100x100.webp 100w\" sizes=\"(max-width: 282px) 100vw, 282px\" \/><\/p>\n<h2 data-start=\"4118\" data-end=\"4127\">Perguntas frequentes<\/h2>\n<p data-start=\"4129\" data-end=\"4158\">1. O que \u00e9 uma enfardadeira de fardos redondos?<\/p>\n<p data-start=\"4160\" data-end=\"4486\">Uma enfardadeira de fardos cil\u00edndricos \u00e9 uma m\u00e1quina utilizada para recolher, compactar e amarrar material agr\u00edcola solto, como feno, palha ou silagem, em fardos cil\u00edndricos compactos. Esses fardos s\u00e3o mais f\u00e1ceis de armazenar, transportar e manusear em compara\u00e7\u00e3o com o material solto, e a enfardadeira de fardos cil\u00edndricos ajuda a melhorar a efici\u00eancia na fazenda, automatizando o processo de enfardamento.<\/p>\n<p data-start=\"4488\" data-end=\"4549\">2. Em que a 9YG-2.24D difere de outras enfardadeiras de fardos redondos?<\/p>\n<p data-start=\"4551\" data-end=\"4880\">A enfardadeira de fardos redondos 9YG-2.24D (S9000 Beyond) destaca-se pelas suas caracter\u00edsticas avan\u00e7adas, como o tamanho ajust\u00e1vel dos fardos, um sistema de alimenta\u00e7\u00e3o melhorado e um sistema de envolvimento mais eficiente. Foi concebida para um desempenho superior e maior durabilidade, garantindo uma qualidade superior dos fardos com manuten\u00e7\u00e3o m\u00ednima e custos operacionais reduzidos.<\/p>\n<p data-start=\"4882\" data-end=\"4949\">3. Qual \u00e9 o tamanho m\u00e1ximo do fardo que a 9YG-2.24D pode produzir?<\/p>\n<p data-start=\"4951\" data-end=\"5238\">A enfardadeira 9YG-2.24D pode produzir uma ampla gama de tamanhos de fardos, sendo os maiores significativamente maiores do que os fardos redondos t\u00edpicos. O recurso de tamanho de fardo ajust\u00e1vel permite que o operador personalize o tamanho de acordo com as necessidades de armazenamento e transporte, oferecendo flexibilidade para diversas aplica\u00e7\u00f5es.<\/p>\n<p data-start=\"5240\" data-end=\"5283\">4. O modelo 9YG-2.24D consegue lidar com silagem \u00famida?<\/p>\n<p data-start=\"5285\" data-end=\"5571\">Sim, a enfardadeira redonda 9YG-2.24D \u00e9 capaz de enfardar silagem \u00famida, al\u00e9m de feno e palha secos. A m\u00e1quina foi projetada para lidar com materiais \u00famidos, comprimindo-os em fardos bem compactados que preservam o teor de umidade da silagem, tornando-a ideal para o armazenamento de ra\u00e7\u00e3o animal.<\/p>\n<p data-start=\"5573\" data-end=\"5632\">5. Qu\u00e3o f\u00e1cil \u00e9 operar a enfardadeira redonda 9YG-2.24D?<\/p>\n<p data-start=\"5634\" data-end=\"5927\">A 9YG-2.24D foi projetada pensando na facilidade de uso. A m\u00e1quina possui controles e displays intuitivos, tornando-a acess\u00edvel mesmo para operadores com pouca experi\u00eancia. A interface amig\u00e1vel simplifica o processo de enfardamento, garantindo alta produtividade e reduzindo a curva de aprendizado.<\/p>\n<p data-start=\"5929\" data-end=\"5990\">6. Com que frequ\u00eancia devo fazer a manuten\u00e7\u00e3o da enfardadeira de fardos redondos 9YG-2.24D?<\/p>\n<p data-start=\"5992\" data-end=\"6339\">A manuten\u00e7\u00e3o de rotina da enfardadeira de fardos redondos 9YG-2.24D envolve a verifica\u00e7\u00e3o regular dos sistemas de corte e embalagem, a lubrifica\u00e7\u00e3o das pe\u00e7as m\u00f3veis e a garantia de que todos os componentes estejam funcionando corretamente. O design robusto da m\u00e1quina minimiza as necessidades de manuten\u00e7\u00e3o, mas a limpeza e a inspe\u00e7\u00e3o regulares garantir\u00e3o que ela continue a ter o melhor desempenho.<\/p>\n<p data-start=\"6341\" data-end=\"6393\">7. Qual \u00e9 a efici\u00eancia de combust\u00edvel do motor 9YG-2.24D?<\/p>\n<p data-start=\"6395\" data-end=\"6689\">O 9YG-2.24D foi projetado com tecnologia de baixo consumo energ\u00e9tico, que reduz o consumo de combust\u00edvel, ajudando os agricultores a economizar nos custos operacionais. Seu design eficiente permite realizar mais trabalho com menos combust\u00edvel, tornando-o ecologicamente correto. <a href=\"https:\/\/silage-balers.com\/pt\/produto\/cortador-de-grama-de-tracao-unica-9gd-2-5\/\">amig\u00e1vel<\/a> e uma op\u00e7\u00e3o com boa rela\u00e7\u00e3o custo-benef\u00edcio para enfardamento em larga escala.<\/p>\n<p data-start=\"6395\" data-end=\"6689\">editado por gzl<\/p>","protected":false},"excerpt":{"rendered":"<p>A enfardadeira de fardos redondos 9YG-2.24D (S9000 Beyond) \u00e9 uma m\u00e1quina agr\u00edcola dur\u00e1vel e de alto desempenho, projetada para enfardar feno, palha e silagem com efici\u00eancia. Com tamanhos de fardos ajust\u00e1veis, um sistema de alimenta\u00e7\u00e3o avan\u00e7ado e um potente sistema de envolvimento, esta enfardadeira oferece qualidade e produtividade superiores. Ideal para opera\u00e7\u00f5es em larga escala, ela combina facilidade de uso, economia de combust\u00edvel e baixa manuten\u00e7\u00e3o, tornando-se uma solu\u00e7\u00e3o econ\u00f4mica para agricultores que buscam otimizar seu processo de enfardamento. A 9YG-2.24D \u00e9 a escolha definitiva para quem busca desempenho confi\u00e1vel e de longo prazo.<\/p>","protected":false},"featured_media":320,"template":"","meta":{"_et_pb_use_builder":"","_et_pb_old_content":"","_et_gb_content_width":""},"product_brand":[],"product_cat":[18],"product_tag":[],"class_list":{"0":"post-279","1":"product","2":"type-product","3":"status-publish","4":"has-post-thumbnail","6":"product_cat-round-baler","8":"first","9":"instock","10":"shipping-taxable","11":"product-type-simple"},"_links":{"self":[{"href":"https:\/\/silage-balers.com\/pt\/wp-json\/wp\/v2\/product\/279","targetHints":{"allow":["GET"]}}],"collection":[{"href":"https:\/\/silage-balers.com\/pt\/wp-json\/wp\/v2\/product"}],"about":[{"href":"https:\/\/silage-balers.com\/pt\/wp-json\/wp\/v2\/types\/product"}],"wp:featuredmedia":[{"embeddable":true,"href":"https:\/\/silage-balers.com\/pt\/wp-json\/wp\/v2\/media\/320"}],"wp:attachment":[{"href":"https:\/\/silage-balers.com\/pt\/wp-json\/wp\/v2\/media?parent=279"}],"wp:term":[{"taxonomy":"product_brand","embeddable":true,"href":"https:\/\/silage-balers.com\/pt\/wp-json\/wp\/v2\/product_brand?post=279"},{"taxonomy":"product_cat","embeddable":true,"href":"https:\/\/silage-balers.com\/pt\/wp-json\/wp\/v2\/product_cat?post=279"},{"taxonomy":"product_tag","embeddable":true,"href":"https:\/\/silage-balers.com\/pt\/wp-json\/wp\/v2\/product_tag?post=279"}],"curies":[{"name":"wp","href":"https:\/\/api.w.org\/{rel}","templated":true}]}}