{"id":283,"date":"2025-11-26T08:34:22","date_gmt":"2025-11-26T08:34:22","guid":{"rendered":"https:\/\/silage-balers.com\/?post_type=product&#038;p=283"},"modified":"2025-12-29T05:46:47","modified_gmt":"2025-12-29T05:46:47","slug":"cortador-de-grama-de-tracao-dupla-9gs-5-0","status":"publish","type":"product","link":"https:\/\/silage-balers.com\/pt\/produto\/cortador-de-grama-de-tracao-dupla-9gs-5-0\/","title":{"rendered":"Cortador de grama de tra\u00e7\u00e3o com l\u00e2mina dupla 9GS-5.0"},"content":{"rendered":"<p data-start=\"62\" data-end=\"577\">A segadora de tra\u00e7\u00e3o com l\u00e2mina dupla 9GS-5.0 \u00e9 uma m\u00e1quina agr\u00edcola robusta e de alto desempenho, projetada para tornar as tarefas de corte mais r\u00e1pidas, eficientes e menos trabalhosas. Perfeita para grandes fazendas e uso comercial, esta segadora foi projetada para lidar com diversos tipos de vegeta\u00e7\u00e3o, desde grama e feno at\u00e9 culturas mais altas, com facilidade. Seja para manuten\u00e7\u00e3o de pastagens, limpeza de campos ou prepara\u00e7\u00e3o do solo para plantio, a segadora de tra\u00e7\u00e3o com l\u00e2mina dupla 9GS-5.0 oferece versatilidade e confiabilidade excepcionais.<\/p>\n<h4 data-start=\"579\" data-end=\"632\">O que \u00e9 o cortador de grama de tra\u00e7\u00e3o com l\u00e2mina dupla 9GS-5.0?<\/h4>\n<p data-start=\"634\" data-end=\"1251\">A ro\u00e7adeira de tra\u00e7\u00e3o com l\u00e2mina dupla \u00e9 um tipo avan\u00e7ado de ro\u00e7adeira que possui duas l\u00e2minas de corte que trabalham simultaneamente para proporcionar resultados de corte eficientes e uniformes. O modelo 9GS-5.0 est\u00e1 equipado com l\u00e2minas de a\u00e7o de alta resist\u00eancia e um potente sistema de tra\u00e7\u00e3o que garante um desempenho de corte preciso mesmo em condi\u00e7\u00f5es de campo desafiadoras. O design de l\u00e2mina dupla aumenta significativamente a efici\u00eancia de corte, permitindo que a ro\u00e7adeira cubra uma \u00e1rea maior em um per\u00edodo mais curto. Isso torna a 9GS-5.0 uma excelente ferramenta para fazendas, pomares e outras opera\u00e7\u00f5es agr\u00edcolas que exigem o manejo de vegeta\u00e7\u00e3o em larga escala.<\/p>\n<p data-start=\"1253\" data-end=\"1644\">O cortador de grama de l\u00e2mina dupla 9GS-5.0 com tra\u00e7\u00e3o \u00e9 movido por um sistema de tra\u00e7\u00e3o que aprimora a manobrabilidade e minimiza a fadiga do operador. Seja em terrenos planos ou irregulares, o cortador proporciona uma opera\u00e7\u00e3o suave e consistente. A estrutura robusta da m\u00e1quina garante que ela suporte trabalhos de corte dif\u00edceis, tornando-a um investimento valioso para grandes agricultores e empresas de paisagismo comercial.<\/p>\n<p style=\"text-align: center;\" data-start=\"1253\" data-end=\"1644\"><img loading=\"lazy\" decoding=\"async\" class=\"alignnone wp-image-302 size-full\" src=\"https:\/\/silage-balers.com\/wp-content\/uploads\/2025\/11\/4-1.webp\" alt=\"Cortador de grama de l\u00e2mina dupla\" width=\"265\" height=\"265\" srcset=\"https:\/\/silage-balers.com\/wp-content\/uploads\/2025\/11\/4-1.webp 265w, https:\/\/silage-balers.com\/wp-content\/uploads\/2025\/11\/4-1-150x150.webp 150w, https:\/\/silage-balers.com\/wp-content\/uploads\/2025\/11\/4-1-12x12.webp 12w, https:\/\/silage-balers.com\/wp-content\/uploads\/2025\/11\/4-1-100x100.webp 100w\" sizes=\"(max-width: 265px) 100vw, 265px\" \/><\/p>\n<h3>Especifica\u00e7\u00f5es t\u00e9cnicas<\/h3>\n<table style=\"border-color: #000000;\">\n<thead>\n<tr>\n<th>N\u00famero de s\u00e9rie<\/th>\n<th>Item<\/th>\n<th>Unidade<\/th>\n<th>Especifica\u00e7\u00e3o<\/th>\n<\/tr>\n<\/thead>\n<tbody>\n<tr>\n<td>1<\/td>\n<td>Tipo estrutural<\/td>\n<td>\/<\/td>\n<td>Tipo reciprocante<\/td>\n<\/tr>\n<tr>\n<td>2<\/td>\n<td>M\u00e9todo de engate<\/td>\n<td>\/<\/td>\n<td>Tipo de tra\u00e7\u00e3o<\/td>\n<\/tr>\n<tr>\n<td>3<\/td>\n<td>N\u00famero do modelo<\/td>\n<td>\/<\/td>\n<td>Tipo 9GS-5.0<\/td>\n<\/tr>\n<tr>\n<td>4<\/td>\n<td>Poder de correspond\u00eancia<\/td>\n<td>kW<\/td>\n<td>20-30<\/td>\n<\/tr>\n<tr>\n<td>5<\/td>\n<td>Largura de corte<\/td>\n<td>m<\/td>\n<td>5<\/td>\n<\/tr>\n<tr>\n<td>6<\/td>\n<td>Dimens\u00f5es totais (Comprimento \u00d7 Largura \u00d7 Altura)<\/td>\n<td>mm<\/td>\n<td>2800\u00d75630\u00d71500<\/td>\n<\/tr>\n<tr>\n<td>7<\/td>\n<td>Velocidade de opera\u00e7\u00e3o<\/td>\n<td>km\/h<\/td>\n<td>6~7<\/td>\n<\/tr>\n<tr>\n<td>8<\/td>\n<td>Velocidade do eixo da tomada de for\u00e7a<\/td>\n<td>r\/min<\/td>\n<td>540<\/td>\n<\/tr>\n<tr>\n<td>9<\/td>\n<td>Velocidade do eixo de sa\u00edda lateral<\/td>\n<td>r\/min<\/td>\n<td>1240<\/td>\n<\/tr>\n<tr>\n<td>10<\/td>\n<td>Altura m\u00e9dia de corte<\/td>\n<td>mm<\/td>\n<td>60-70<\/td>\n<\/tr>\n<tr>\n<td>11<\/td>\n<td>Produtividade<\/td>\n<td>ha\/h<\/td>\n<td>2.4-2.8<\/td>\n<\/tr>\n<tr>\n<td>12<\/td>\n<td>N\u00famero de operadores<\/td>\n<td>pessoa<\/td>\n<td>1<\/td>\n<\/tr>\n<tr>\n<td>13<\/td>\n<td>Massa estrutural<\/td>\n<td>kg<\/td>\n<td>750<\/td>\n<\/tr>\n<\/tbody>\n<\/table>\n<h4 data-start=\"1646\" data-end=\"1706\">Principais caracter\u00edsticas do cortador de grama de tra\u00e7\u00e3o com l\u00e2mina dupla 9GS-5.0<\/h4>\n<ol>\n<li data-start=\"1711\" data-end=\"1941\">Sistema de corte com l\u00e2mina dupla: O sistema de l\u00e2mina dupla do 9GS-5.0 permite um corte mais r\u00e1pido e eficiente. Com duas l\u00e2minas trabalhando em conjunto, o cortador de grama consegue lidar com vegeta\u00e7\u00e3o densa e obter um corte mais limpo e uniforme.<\/li>\n<li data-start=\"1946\" data-end=\"2207\">Sistema de tra\u00e7\u00e3o de alto desempenho: Equipado com um sistema de tra\u00e7\u00e3o confi\u00e1vel, o 9GS-5.0 oferece estabilidade excepcional e facilidade de manobra. O cortador de grama pode ser conduzido facilmente em diferentes tipos de terreno, desde campos planos at\u00e9 paisagens acidentadas ou irregulares.<\/li>\n<li data-start=\"2212\" data-end=\"2486\">L\u00e2minas de corte dur\u00e1veis: As l\u00e2minas de a\u00e7o de alta resist\u00eancia do cortador de grama s\u00e3o projetadas para suportar uso prolongado, mesmo em condi\u00e7\u00f5es de uso intenso. Essas l\u00e2minas dur\u00e1veis \u200b\u200bproporcionam desempenho de longa dura\u00e7\u00e3o e garantem que o cortador de grama permane\u00e7a afiado e eficaz por longos per\u00edodos.<\/li>\n<li data-start=\"2491\" data-end=\"2774\">Altura de corte ajust\u00e1vel: O modelo 9GS-5.0 possui altura de corte ajust\u00e1vel, permitindo que o operador personalize o desempenho do cortador de grama de acordo com o tipo de vegeta\u00e7\u00e3o a ser cortada. Seja para aparar grama curta ou lidar com culturas mais altas, esse recurso oferece flexibilidade.<\/li>\n<li data-start=\"2779\" data-end=\"3075\">Controles f\u00e1ceis de usar: O cortador de grama foi projetado pensando no conforto do operador. Com controles intuitivos e um layout ergon\u00f4mico, at\u00e9 mesmo usu\u00e1rios iniciantes podem aprender rapidamente a operar o 9GS-5.0. A vibra\u00e7\u00e3o reduzida e a facilidade de dire\u00e7\u00e3o tamb\u00e9m minimizam a fadiga do operador durante longas sess\u00f5es de corte de grama.<\/li>\n<li data-start=\"3080\" data-end=\"3309\">Desempenho de corte eficiente: Com sua alta velocidade de corte e grande largura de trabalho, a 9GS-5.0 reduz o tempo necess\u00e1rio para tarefas de corte em grande escala. Isso ajuda agricultores e paisagistas a maximizar a produtividade e a efici\u00eancia.<\/li>\n<li data-start=\"3314\" data-end=\"3558\">Versatilidade de uso: O cortador de grama pode ser usado para diversas aplica\u00e7\u00f5es, desde a ceifa de feno at\u00e9 a manuten\u00e7\u00e3o de pomares e a limpeza de terrenos baldios. Sua adaptabilidade o torna adequado para uma ampla gama de necessidades agr\u00edcolas, paisag\u00edsticas e florestais.<\/li>\n<\/ol>\n<h3 style=\"text-align: center;\" data-start=\"5949\" data-end=\"6005\"><img loading=\"lazy\" decoding=\"async\" class=\"alignnone wp-image-301 size-full\" src=\"https:\/\/silage-balers.com\/wp-content\/uploads\/2025\/11\/3-1.webp\" alt=\"Cortador de grama de l\u00e2mina dupla\" width=\"266\" height=\"266\" srcset=\"https:\/\/silage-balers.com\/wp-content\/uploads\/2025\/11\/3-1.webp 266w, https:\/\/silage-balers.com\/wp-content\/uploads\/2025\/11\/3-1-150x150.webp 150w, https:\/\/silage-balers.com\/wp-content\/uploads\/2025\/11\/3-1-12x12.webp 12w, https:\/\/silage-balers.com\/wp-content\/uploads\/2025\/11\/3-1-100x100.webp 100w\" sizes=\"(max-width: 266px) 100vw, 266px\" \/><\/h3>\n<h3 data-start=\"5949\" data-end=\"6005\">Por que escolher o cortador de grama de tra\u00e7\u00e3o com l\u00e2mina dupla 9GS-5.0?<\/h3>\n<p data-start=\"6007\" data-end=\"6722\">A ro\u00e7adeira de l\u00e2mina dupla 9GS-5.0 com tra\u00e7\u00e3o \u00e9 uma escolha excepcional para quem precisa de uma m\u00e1quina potente, eficiente e dur\u00e1vel. Com seu sistema de corte de l\u00e2mina dupla, tra\u00e7\u00e3o de alto desempenho e altura de corte ajust\u00e1vel, ela garante uma ro\u00e7ada mais r\u00e1pida e eficaz do que nunca. Seja para a manuten\u00e7\u00e3o de campos de feno, limpeza de mato ou poda de culturas altas, esta ro\u00e7adeira oferece o desempenho e a versatilidade necess\u00e1rios para realizar o trabalho. Seus controles intuitivos, constru\u00e7\u00e3o robusta e excelente capacidade de corte a tornam uma ferramenta indispens\u00e1vel para agricultores, paisagistas e profissionais do setor agr\u00edcola. Invista na ro\u00e7adeira de l\u00e2mina dupla 9GS-5.0 com tra\u00e7\u00e3o e experimente uma efici\u00eancia de corte incompar\u00e1vel.<\/p>\n<p style=\"text-align: center;\" data-start=\"6007\" data-end=\"6722\"><img loading=\"lazy\" decoding=\"async\" class=\"alignnone wp-image-303 size-full\" src=\"https:\/\/silage-balers.com\/wp-content\/uploads\/2025\/11\/5-1.webp\" alt=\"Cortador de grama de l\u00e2mina dupla\" width=\"261\" height=\"261\" srcset=\"https:\/\/silage-balers.com\/wp-content\/uploads\/2025\/11\/5-1.webp 261w, https:\/\/silage-balers.com\/wp-content\/uploads\/2025\/11\/5-1-150x150.webp 150w, https:\/\/silage-balers.com\/wp-content\/uploads\/2025\/11\/5-1-12x12.webp 12w, https:\/\/silage-balers.com\/wp-content\/uploads\/2025\/11\/5-1-100x100.webp 100w\" sizes=\"(max-width: 261px) 100vw, 261px\" \/><\/p>\n<h2 data-start=\"3560\" data-end=\"3569\">Perguntas frequentes<\/h2>\n<p data-start=\"3571\" data-end=\"3616\">1. O que \u00e9 um cortador de grama de tra\u00e7\u00e3o com l\u00e2mina dupla?<\/p>\n<p data-start=\"3618\" data-end=\"3941\">Uma segadora de tra\u00e7\u00e3o com l\u00e2minas duplas \u00e9 um tipo de segadora que utiliza duas l\u00e2minas que trabalham simultaneamente para proporcionar um corte mais eficiente e uniforme. O sistema de tra\u00e7\u00e3o ajuda a segadora a se mover pelo campo com mais facilidade, mesmo em terrenos acidentados, enquanto as l\u00e2minas duplas aumentam a capacidade de corte e reduzem o tempo de trabalho.<\/p>\n<p data-start=\"3943\" data-end=\"3995\">2. Que tipos de vegeta\u00e7\u00e3o o 9GS-5.0 consegue cortar?<\/p>\n<p data-start=\"3997\" data-end=\"4303\">A 9GS-5.0 \u00e9 extremamente vers\u00e1til e capaz de lidar com diversos tipos de vegeta\u00e7\u00e3o, incluindo grama, feno, arbustos e at\u00e9 mesmo pequenos arbustos. \u00c9 especialmente eficaz na ro\u00e7ada de pastagens densas e culturas altas, sendo ideal para fazendas de grande escala e opera\u00e7\u00f5es comerciais de paisagismo.<\/p>\n<p data-start=\"4305\" data-end=\"4346\">3. Como funciona o sistema de tra\u00e7\u00e3o?<\/p>\n<p data-start=\"4348\" data-end=\"4626\">O sistema de tra\u00e7\u00e3o do 9GS-5.0 impulsiona o cortador de grama, permitindo que ele se mova suavemente em diferentes tipos de terreno. O sistema proporciona maior estabilidade e manobrabilidade, reduzindo o esfor\u00e7o e a fadiga do operador, al\u00e9m de garantir um corte uniforme, mesmo em terrenos irregulares.<\/p>\n<p data-start=\"4628\" data-end=\"4667\">4. Posso ajustar a altura de corte?<\/p>\n<p data-start=\"4669\" data-end=\"4946\">Sim, o modelo 9GS-5.0 possui altura de corte ajust\u00e1vel, permitindo que o operador personalize o desempenho do cortador de grama de acordo com o tipo de vegeta\u00e7\u00e3o a ser cortada. A altura de corte pode ser facilmente ajustada para atender a diferentes necessidades, desde cortar grama curta at\u00e9 cortar culturas mais altas.<\/p>\n<p data-start=\"4948\" data-end=\"4991\">5. Como fa\u00e7o a manuten\u00e7\u00e3o do cortador de grama 9GS-5.0?<\/p>\n<p data-start=\"4993\" data-end=\"5321\">A manuten\u00e7\u00e3o do 9GS-5.0 \u00e9 simples. A manuten\u00e7\u00e3o regular inclui verificar o desgaste das l\u00e2minas de corte, lubrificar as pe\u00e7as m\u00f3veis e garantir que o sistema de tra\u00e7\u00e3o esteja funcionando corretamente. Manter o cortador de grama limpo ap\u00f3s cada uso e inspecion\u00e1-lo em busca de parafusos ou pe\u00e7as soltas garantir\u00e1 um desempenho a longo prazo.<\/p>\n<p data-start=\"5323\" data-end=\"5372\">6. O 9GS-5.0 \u00e9 adequado para terrenos montanhosos?<\/p>\n<p data-start=\"5374\" data-end=\"5660\">Sim, o potente sistema de tra\u00e7\u00e3o da 9GS-5.0 permite que ela navegue com facilidade em terrenos acidentados e irregulares. O design robusto e a manobrabilidade aprimorada da m\u00e1quina a tornam ideal para enfrentar paisagens dif\u00edceis, proporcionando excelente desempenho de corte mesmo em condi\u00e7\u00f5es desafiadoras.<\/p>\n<p data-start=\"5662\" data-end=\"5710\">7. Qual \u00e9 a largura de trabalho do 9GS-5.0?<\/p>\n<p data-start=\"5712\" data-end=\"5947\">A 9GS-5.0 oferece uma ampla largura de trabalho, <a href=\"https:\/\/silage-balers.com\/pt\/produto\/9yg-1-0c-enfardadeira-redonda\/\">permitindo<\/a> Ela permite cobrir grandes \u00e1reas em menos tempo. Isso aumenta a produtividade e a efici\u00eancia, tornando-a perfeita para tarefas de corte de grama em larga escala em fazendas e outros ambientes agr\u00edcolas.<\/p>\n<p data-start=\"5712\" data-end=\"5947\">editado por gzl<\/p>","protected":false},"excerpt":{"rendered":"<p>A ro\u00e7adeira de tra\u00e7\u00e3o com l\u00e2mina dupla 9GS-5.0 \u00e9 uma m\u00e1quina agr\u00edcola de alto desempenho projetada para a ro\u00e7ada eficiente de grama, feno e vegeta\u00e7\u00e3o rasteira. Com sua potente tra\u00e7\u00e3o e sistema de l\u00e2mina dupla, garante um corte r\u00e1pido e preciso, mesmo em terrenos desafiadores. Apresentando altura de corte ajust\u00e1vel e controles f\u00e1ceis de usar, a 9GS-5.0 \u00e9 perfeita para agricultura em larga escala e paisagismo comercial. Sua constru\u00e7\u00e3o dur\u00e1vel e facilidade de uso a tornam uma ferramenta valiosa para aumentar a produtividade em qualquer opera\u00e7\u00e3o de ro\u00e7ada.<\/p>","protected":false},"featured_media":304,"template":"","meta":{"_et_pb_use_builder":"","_et_pb_old_content":"","_et_gb_content_width":""},"product_brand":[],"product_cat":[20],"product_tag":[],"class_list":{"0":"post-283","1":"product","2":"type-product","3":"status-publish","4":"has-post-thumbnail","6":"product_cat-mower-tedder","8":"first","9":"instock","10":"shipping-taxable","11":"product-type-simple"},"_links":{"self":[{"href":"https:\/\/silage-balers.com\/pt\/wp-json\/wp\/v2\/product\/283","targetHints":{"allow":["GET"]}}],"collection":[{"href":"https:\/\/silage-balers.com\/pt\/wp-json\/wp\/v2\/product"}],"about":[{"href":"https:\/\/silage-balers.com\/pt\/wp-json\/wp\/v2\/types\/product"}],"wp:featuredmedia":[{"embeddable":true,"href":"https:\/\/silage-balers.com\/pt\/wp-json\/wp\/v2\/media\/304"}],"wp:attachment":[{"href":"https:\/\/silage-balers.com\/pt\/wp-json\/wp\/v2\/media?parent=283"}],"wp:term":[{"taxonomy":"product_brand","embeddable":true,"href":"https:\/\/silage-balers.com\/pt\/wp-json\/wp\/v2\/product_brand?post=283"},{"taxonomy":"product_cat","embeddable":true,"href":"https:\/\/silage-balers.com\/pt\/wp-json\/wp\/v2\/product_cat?post=283"},{"taxonomy":"product_tag","embeddable":true,"href":"https:\/\/silage-balers.com\/pt\/wp-json\/wp\/v2\/product_tag?post=283"}],"curies":[{"name":"wp","href":"https:\/\/api.w.org\/{rel}","templated":true}]}}