{"id":284,"date":"2025-11-26T09:21:14","date_gmt":"2025-11-26T09:21:14","guid":{"rendered":"https:\/\/silage-balers.com\/?post_type=product&#038;p=284"},"modified":"2025-12-29T05:46:38","modified_gmt":"2025-12-29T05:46:38","slug":"9yg-1-0c-enfardadeira-redonda","status":"publish","type":"product","link":"https:\/\/silage-balers.com\/pt\/produto\/9yg-1-0c-enfardadeira-redonda\/","title":{"rendered":"Enfardadeira de fardos redondos 9YG-1.0C \u2013 Enfardadeira para silagem"},"content":{"rendered":"<p data-start=\"47\" data-end=\"565\">A enfardadeira de fardos redondos 9YG-1.0C \u00e9 uma m\u00e1quina agr\u00edcola de \u00faltima gera\u00e7\u00e3o e alto desempenho, projetada para a produ\u00e7\u00e3o eficiente de fardos redondos de feno, palha e silagem. Esta enfardadeira de silagem foi especificamente projetada para atender \u00e0s demandas da agricultura moderna, oferecendo uma solu\u00e7\u00e3o robusta, confi\u00e1vel e f\u00e1cil de usar para enfardar grandes volumes de colheitas. Seja para produzir fardos de silagem para armazenamento a longo prazo ou preparar fardos redondos de feno para facilitar o transporte, a 9YG-1.0C \u00e9 a ferramenta ideal para o trabalho.<\/p>\n<h2 data-start=\"567\" data-end=\"605\">O que \u00e9 a enfardadeira de fardos redondos 9YG-1.0C?<\/h2>\n<p data-start=\"607\" data-end=\"1086\">Uma enfardadeira de fardos redondos \u00e9 uma m\u00e1quina utilizada na agricultura para juntar, compactar e amarrar culturas soltas, como feno, palha e silagem, em formatos cil\u00edndricos compactos conhecidos como fardos redondos. O modelo 9YG-1.0C \u00e9 um tipo de enfardadeira de silagem, projetada especificamente para manusear silagem \u2014 uma cultura \u00famida e fermentada usada para alimentar o gado. A 9YG-1.0C garante que a silagem seja compactada firmemente em fardos de silagem, reduzindo a exposi\u00e7\u00e3o ao ar e preservando a umidade necess\u00e1ria para uma fermenta\u00e7\u00e3o ideal.<\/p>\n<p data-start=\"1088\" data-end=\"1432\">Esta enfardadeira de silagem est\u00e1 equipada com recursos avan\u00e7ados que aumentam tanto sua produtividade quanto sua durabilidade. Ela opera com efici\u00eancia em diversas condi\u00e7\u00f5es de campo, desde feno seco at\u00e9 as condi\u00e7\u00f5es mais \u00famidas t\u00edpicas da silagem. Al\u00e9m disso, a 9YG-1.0C permite tamanhos de fardos personaliz\u00e1veis, tornando-a adequada para diversas necessidades de armazenamento e transporte.<\/p>\n<p style=\"text-align: center;\" data-start=\"1088\" data-end=\"1432\"><img loading=\"lazy\" decoding=\"async\" class=\"alignnone wp-image-297 size-medium\" src=\"https:\/\/silage-balers.com\/wp-content\/uploads\/2025\/11\/ep-9YG-1.0C-Round-Baler-2-1-300x300.webp\" alt=\"Enfardadeira de silagem\" width=\"300\" height=\"300\" \/><\/p>\n<h3>Especifica\u00e7\u00f5es t\u00e9cnicas<\/h3>\n<table style=\"border-color: #000000; width: 429px;\" width=\"429\">\n<thead>\n<tr>\n<th>Item<\/th>\n<th>Unidade<\/th>\n<th>Especifica\u00e7\u00e3o<\/th>\n<\/tr>\n<\/thead>\n<tbody>\n<tr>\n<td>Nome do modelo<\/td>\n<td>\u2013<\/td>\n<td>Enfardadeira redonda 9YG-1.0C<\/td>\n<\/tr>\n<tr>\n<td>M\u00e9todo de conex\u00e3o<\/td>\n<td>\u2013<\/td>\n<td>Tipo de tra\u00e7\u00e3o<\/td>\n<\/tr>\n<tr>\n<td>Largura de capta\u00e7\u00e3o<\/td>\n<td>mm<\/td>\n<td>2400<\/td>\n<\/tr>\n<tr>\n<td>Mecanismo de capta\u00e7\u00e3o<\/td>\n<td>\u2013<\/td>\n<td>Tipo de cadeia<\/td>\n<\/tr>\n<tr>\n<td>Mecanismo de alimenta\u00e7\u00e3o<\/td>\n<td>\u2013<\/td>\n<td>Rolos hidr\u00e1ulicos + dentados<\/td>\n<\/tr>\n<tr>\n<td>Largura da c\u00e2mara de compress\u00e3o<\/td>\n<td>mm<\/td>\n<td>1250<\/td>\n<\/tr>\n<tr>\n<td>Comprimento da c\u00e2mara de compress\u00e3o<\/td>\n<td>mm<\/td>\n<td>1000<\/td>\n<\/tr>\n<tr>\n<td>N\u00famero de rolos<\/td>\n<td>pe\u00e7as<\/td>\n<td>16 (Rolos)<\/td>\n<\/tr>\n<tr>\n<td>Di\u00e2metro do rolo<\/td>\n<td>mm<\/td>\n<td>\u03c6222<\/td>\n<\/tr>\n<tr>\n<td>M\u00e9todo de amarra\u00e7\u00e3o<\/td>\n<td>\u2013<\/td>\n<td>Encaderna\u00e7\u00e3o autom\u00e1tica de rede<\/td>\n<\/tr>\n<tr>\n<td>Fonte de energia<\/td>\n<td>kW\/cv<\/td>\n<td>\u226569,8 \/ 95<\/td>\n<\/tr>\n<tr>\n<td>Peso<\/td>\n<td>kg<\/td>\n<td>3198<\/td>\n<\/tr>\n<tr>\n<td>Velocidade de sa\u00edda<\/td>\n<td>r\/min<\/td>\n<td>540<\/td>\n<\/tr>\n<tr>\n<td>Dimens\u00f5es gerais<\/td>\n<td>mm<\/td>\n<td>3800\u00d72850\u00d72200<\/td>\n<\/tr>\n<tr>\n<td>Condi\u00e7\u00f5es de funcionamento<\/td>\n<td>\u2013<\/td>\n<td>controlado por sensor<\/td>\n<\/tr>\n<tr>\n<td>Dimens\u00f5es do fardo (di\u00e2metro x comprimento)<\/td>\n<td>mm<\/td>\n<td>\u03c61000\u00d71250<\/td>\n<\/tr>\n<tr>\n<td>Densidade do fardo<\/td>\n<td>Kg\/m\u00b3<\/td>\n<td>115-200<\/td>\n<\/tr>\n<tr>\n<td>Capacidade de produ\u00e7\u00e3o<\/td>\n<td>fardos\/h<\/td>\n<td>40-80<\/td>\n<\/tr>\n<tr>\n<td>Dist\u00e2ncia da roda<\/td>\n<td>mm<\/td>\n<td>2100<\/td>\n<\/tr>\n<tr>\n<td>Velocidade de trabalho<\/td>\n<td>Km\/h<\/td>\n<td>5-20<\/td>\n<\/tr>\n<tr>\n<td>Velocidade de opera\u00e7\u00e3o<\/td>\n<td>Km\/h<\/td>\n<td>5-20<\/td>\n<\/tr>\n<tr>\n<td>Especifica\u00e7\u00f5es do fardo<\/td>\n<td>\u2013<\/td>\n<td>2000\u00d71,25m\/ Fardo<\/td>\n<\/tr>\n<tr>\n<td>N\u00famero de dentes<\/td>\n<td>\u2013<\/td>\n<td>20<\/td>\n<\/tr>\n<\/tbody>\n<\/table>\n<h3 data-start=\"1434\" data-end=\"1479\">Principais caracter\u00edsticas da enfardadeira redonda 9YG-1.0C<\/h3>\n<ol>\n<li data-start=\"1484\" data-end=\"1802\">Versatilidade para diferentes culturas: A 9YG-1.0C n\u00e3o se limita apenas \u00e0 silagem; ela tamb\u00e9m pode lidar com fardos redondos de feno, tornando-se um equipamento vers\u00e1til para os agricultores. Seja para enfardar culturas secas ou silagem \u00famida, a 9YG-1.0C se adapta a diversos tipos de culturas, garantindo fardos de alta qualidade sempre.<\/li>\n<li data-start=\"1807\" data-end=\"2121\">Manuseio eficiente de silagem: Como enfardadeira de silagem, a 9YG-1.0C est\u00e1 equipada com recursos que facilitam a reten\u00e7\u00e3o eficiente de umidade nos fardos de silagem. A compress\u00e3o firme e a amarra\u00e7\u00e3o r\u00e1pida dos fardos preservam os nutrientes e o teor de umidade, garantindo que a silagem esteja pronta para fermenta\u00e7\u00e3o e armazenamento.<\/li>\n<li data-start=\"2126\" data-end=\"2427\">Durabilidade e Constru\u00e7\u00e3o: Projetado para suportar o uso di\u00e1rio intenso em ambientes exigentes, o 9YG-1.0C \u00e9 constru\u00eddo com materiais de alta resist\u00eancia e possui uma estrutura dur\u00e1vel que suporta o desgaste. Sua constru\u00e7\u00e3o robusta garante um funcionamento perfeito mesmo em condi\u00e7\u00f5es adversas de campo.<\/li>\n<li data-start=\"2432\" data-end=\"2748\">Tamanho de fardo ajust\u00e1vel: Uma das caracter\u00edsticas mais marcantes da 9YG-1.0C \u00e9 a sua capacidade de produzir fardos de diversos tamanhos. O tamanho personaliz\u00e1vel do fardo garante flexibilidade para diferentes opera\u00e7\u00f5es agr\u00edcolas, seja para armazenar fardos de silagem em grandes silos ou para transportar fardos redondos de feno para o mercado.<\/li>\n<li data-start=\"2753\" data-end=\"3027\">Opera\u00e7\u00e3o intuitiva: O modelo 9YG-1.0C foi projetado para ser intuitivo e f\u00e1cil de operar. Com controles simples e uma interface amig\u00e1vel, mesmo quem tem pouca experi\u00eancia pode operar a m\u00e1quina com efici\u00eancia, tornando-a ideal tanto para agricultores iniciantes quanto para os mais experientes.<\/li>\n<li data-start=\"3032\" data-end=\"3350\">Solu\u00e7\u00e3o com excelente custo-benef\u00edcio: Ao considerar uma enfardadeira de silagem \u00e0 venda, a 9YG-1.0C oferece uma solu\u00e7\u00e3o com excelente custo-benef\u00edcio. Ela proporciona um \u00f3timo valor pelo pre\u00e7o, oferecendo desempenho confi\u00e1vel sem comprometer o or\u00e7amento. \u00c9 um excelente investimento para agricultores que buscam economia e produtividade a longo prazo.<\/li>\n<li data-start=\"3355\" data-end=\"3628\">Sistema de Envolvimento de Alto Desempenho: A 9YG-1.0C possui um sistema de envolvimento avan\u00e7ado, capaz de amarrar firmemente os fardos com rede ou corda. Isso garante que os fardos permane\u00e7am intactos durante o transporte e armazenamento, preservando sua qualidade e minimizando o risco de deteriora\u00e7\u00e3o.<\/li>\n<\/ol>\n<h3 style=\"text-align: center;\" data-start=\"6052\" data-end=\"6093\"><img loading=\"lazy\" decoding=\"async\" class=\"alignnone wp-image-295 size-medium\" src=\"https:\/\/silage-balers.com\/wp-content\/uploads\/2025\/11\/ep-9YG-1.0c-Round-Baler-41-1-300x300.webp\" alt=\"Enfardadeira de silagem\" width=\"300\" height=\"300\" srcset=\"https:\/\/silage-balers.com\/wp-content\/uploads\/2025\/11\/ep-9YG-1.0c-Round-Baler-41-1-300x300.webp 300w, https:\/\/silage-balers.com\/wp-content\/uploads\/2025\/11\/ep-9YG-1.0c-Round-Baler-41-1-150x150.webp 150w, https:\/\/silage-balers.com\/wp-content\/uploads\/2025\/11\/ep-9YG-1.0c-Round-Baler-41-1-12x12.webp 12w, https:\/\/silage-balers.com\/wp-content\/uploads\/2025\/11\/ep-9YG-1.0c-Round-Baler-41-1-100x100.webp 100w, https:\/\/silage-balers.com\/wp-content\/uploads\/2025\/11\/ep-9YG-1.0c-Round-Baler-41-1.webp 364w\" sizes=\"(max-width: 300px) 100vw, 300px\" \/><\/h3>\n<h3 data-start=\"6052\" data-end=\"6093\">Por que escolher a enfardadeira de fardos redondos 9YG-1.0C?<\/h3>\n<p data-start=\"6095\" data-end=\"6720\">Para agricultores que procuram uma enfardadeira de silagem ou uma enfardadeira de feno redondo, a 9YG-1.0C \u00e9 a combina\u00e7\u00e3o perfeita de confiabilidade, efici\u00eancia e pre\u00e7o acess\u00edvel. Sua constru\u00e7\u00e3o robusta, design intuitivo e capacidade de lidar tanto com silagem quanto com feno a tornam indispens\u00e1vel para qualquer opera\u00e7\u00e3o agr\u00edcola. Seja para preparar fardos de silagem para armazenamento a longo prazo ou fardos de feno redondo para uso imediato, a 9YG-1.0C garante que suas necessidades de enfardamento sejam atendidas com precis\u00e3o e facilidade. Com seus recursos de alto desempenho e pre\u00e7o competitivo, \u00e9 um excelente investimento para qualquer pessoa no setor agr\u00edcola.<\/p>\n<p style=\"text-align: center;\" data-start=\"6095\" data-end=\"6720\"><img loading=\"lazy\" decoding=\"async\" class=\"alignnone wp-image-294 size-medium\" src=\"https:\/\/silage-balers.com\/wp-content\/uploads\/2025\/11\/ep-9YG-1.0c-Round-Baler-31-1-300x300.webp\" alt=\"Enfardadeira de silagem\" width=\"300\" height=\"300\" srcset=\"https:\/\/silage-balers.com\/wp-content\/uploads\/2025\/11\/ep-9YG-1.0c-Round-Baler-31-1-300x300.webp 300w, https:\/\/silage-balers.com\/wp-content\/uploads\/2025\/11\/ep-9YG-1.0c-Round-Baler-31-1-150x150.webp 150w, https:\/\/silage-balers.com\/wp-content\/uploads\/2025\/11\/ep-9YG-1.0c-Round-Baler-31-1-12x12.webp 12w, https:\/\/silage-balers.com\/wp-content\/uploads\/2025\/11\/ep-9YG-1.0c-Round-Baler-31-1-100x100.webp 100w, https:\/\/silage-balers.com\/wp-content\/uploads\/2025\/11\/ep-9YG-1.0c-Round-Baler-31-1.webp 380w\" sizes=\"(max-width: 300px) 100vw, 300px\" \/><\/p>\n<h2 data-start=\"3630\" data-end=\"3639\">Perguntas frequentes<\/h2>\n<p data-start=\"3641\" data-end=\"3671\">1. O que \u00e9 uma enfardadeira de silagem?<\/p>\n<p data-start=\"3673\" data-end=\"3976\">Uma enfardadeira de silagem \u00e9 um tipo especializado de enfardadeira de fardos redondos, projetada para manusear silagem \u2014 culturas \u00famidas e fermentadas usadas para alimenta\u00e7\u00e3o animal. A enfardadeira de silagem comprime o material em fardos compactos, garantindo a reten\u00e7\u00e3o adequada de umidade e minimizando a exposi\u00e7\u00e3o ao ar para preservar os nutrientes da silagem.<\/p>\n<p data-start=\"3978\" data-end=\"4006\">2. O que \u00e9 um fardo redondo?<\/p>\n<p data-start=\"4008\" data-end=\"4279\">Um fardo redondo \u00e9 um fardo cil\u00edndrico produzido por uma enfardadeira de fardos redondos. Esses fardos s\u00e3o altamente eficientes para armazenamento e transporte devido ao seu formato compacto. Eles s\u00e3o normalmente usados \u200b\u200bpara feno, palha e silagem, e o formato redondo permite f\u00e1cil empilhamento e manuseio.<\/p>\n<p data-start=\"4281\" data-end=\"4328\">3. O modelo 9YG-1.0C consegue produzir fardos de silagem?<\/p>\n<p data-start=\"4330\" data-end=\"4582\">Sim, a 9YG-1.0C foi projetada especificamente como uma enfardadeira de silagem, capaz de produzir fardos de silagem de alta qualidade. A enfardadeira compacta a silagem firmemente, garantindo a preserva\u00e7\u00e3o do teor de umidade para condi\u00e7\u00f5es ideais de fermenta\u00e7\u00e3o e alimenta\u00e7\u00e3o do gado.<\/p>\n<p data-start=\"4584\" data-end=\"4630\">4. Qual o pre\u00e7o de uma enfardadeira de feno redonda?<\/p>\n<p data-start=\"4632\" data-end=\"4995\">O pre\u00e7o de uma enfardadeira de feno redonda \u00e0 venda pode variar bastante dependendo da marca, das caracter\u00edsticas e do modelo. A 9YG-1.0C oferece uma op\u00e7\u00e3o com bom custo-benef\u00edcio em compara\u00e7\u00e3o com outros modelos de ponta, sem abrir m\u00e3o de excelente desempenho e durabilidade. Em m\u00e9dia, os pre\u00e7os variam de \u00a310.000 a \u00a320.000, mas podem oscilar de acordo com as caracter\u00edsticas espec\u00edficas e a localiza\u00e7\u00e3o.<\/p>\n<p data-start=\"4997\" data-end=\"5038\">5. Como fa\u00e7o a manuten\u00e7\u00e3o da minha enfardadeira de silagem?<\/p>\n<p data-start=\"5040\" data-end=\"5389\">A manuten\u00e7\u00e3o da 9YG-1.0C \u00e9 relativamente simples, gra\u00e7as \u00e0 sua constru\u00e7\u00e3o robusta e design intuitivo. A manuten\u00e7\u00e3o regular inclui a verifica\u00e7\u00e3o do sistema de embalagem, a lubrifica\u00e7\u00e3o das pe\u00e7as m\u00f3veis e a inspe\u00e7\u00e3o dos sistemas de rede ou corda. Tamb\u00e9m \u00e9 essencial limpar a m\u00e1quina ap\u00f3s o uso para evitar o ac\u00famulo de res\u00edduos e garantir o desempenho ideal.<\/p>\n<p data-start=\"5391\" data-end=\"5433\">6. Posso usar o 9YG-1.0C para feno seco?<\/p>\n<p data-start=\"5435\" data-end=\"5696\">Sim, a 9YG-1.0C \u00e9 vers\u00e1til o suficiente para lidar tanto com silagem \u00famida quanto com feno seco. Seja para produzir fardos redondos de feno ou <a href=\"https:\/\/silage-balers.com\/pt\/produto\/9yg-1-25-round-baler\/\">fardos de silagem<\/a>Esta enfardadeira foi projetada para processar com efici\u00eancia diferentes tipos de culturas, tornando-se uma excelente solu\u00e7\u00e3o de enfardamento em geral.<\/p>\n<p data-start=\"5698\" data-end=\"5755\">7. O modelo 9YG-1.0C \u00e9 um bom investimento para pequenas propriedades rurais?<\/p>\n<p data-start=\"5757\" data-end=\"6050\">Sem d\u00favida. Embora a 9YG-1.0C seja capaz de lidar com grandes volumes de colheitas, ela tamb\u00e9m \u00e9 adequada para pequenas propriedades rurais devido \u00e0 sua facilidade de opera\u00e7\u00e3o e custo-benef\u00edcio. A possibilidade de personalizar o tamanho dos fardos e o desempenho eficiente da m\u00e1quina a tornam uma \u00f3tima op\u00e7\u00e3o para agricultores de todos os portes.<\/p>\n<p data-start=\"5757\" data-end=\"6050\">editado por gzl<\/p>\n<p style=\"text-align: center;\" data-start=\"5757\" data-end=\"6050\">","protected":false},"excerpt":{"rendered":"<p>A enfardadeira de fardos redondos 9YG-1.0C \u00e9 uma m\u00e1quina de alta efici\u00eancia projetada para produzir fardos de silagem e feno. Perfeita para fazendas de todos os tamanhos, esta enfardadeira oferece tamanhos de fardos personaliz\u00e1veis, constru\u00e7\u00e3o dur\u00e1vel e opera\u00e7\u00e3o f\u00e1cil. Se voc\u00ea est\u00e1 procurando uma enfardadeira de silagem ou uma enfardadeira de feno, a 9YG-1.0C oferece excelente custo-benef\u00edcio, tornando-se a escolha ideal para qualquer opera\u00e7\u00e3o agr\u00edcola.<\/p>","protected":false},"featured_media":298,"template":"","meta":{"_et_pb_use_builder":"","_et_pb_old_content":"","_et_gb_content_width":""},"product_brand":[],"product_cat":[18],"product_tag":[],"class_list":{"0":"post-284","1":"product","2":"type-product","3":"status-publish","4":"has-post-thumbnail","6":"product_cat-round-baler","8":"first","9":"instock","10":"shipping-taxable","11":"product-type-simple"},"_links":{"self":[{"href":"https:\/\/silage-balers.com\/pt\/wp-json\/wp\/v2\/product\/284","targetHints":{"allow":["GET"]}}],"collection":[{"href":"https:\/\/silage-balers.com\/pt\/wp-json\/wp\/v2\/product"}],"about":[{"href":"https:\/\/silage-balers.com\/pt\/wp-json\/wp\/v2\/types\/product"}],"wp:featuredmedia":[{"embeddable":true,"href":"https:\/\/silage-balers.com\/pt\/wp-json\/wp\/v2\/media\/298"}],"wp:attachment":[{"href":"https:\/\/silage-balers.com\/pt\/wp-json\/wp\/v2\/media?parent=284"}],"wp:term":[{"taxonomy":"product_brand","embeddable":true,"href":"https:\/\/silage-balers.com\/pt\/wp-json\/wp\/v2\/product_brand?post=284"},{"taxonomy":"product_cat","embeddable":true,"href":"https:\/\/silage-balers.com\/pt\/wp-json\/wp\/v2\/product_cat?post=284"},{"taxonomy":"product_tag","embeddable":true,"href":"https:\/\/silage-balers.com\/pt\/wp-json\/wp\/v2\/product_tag?post=284"}],"curies":[{"name":"wp","href":"https:\/\/api.w.org\/{rel}","templated":true}]}}