{"id":380,"date":"2025-12-23T02:15:26","date_gmt":"2025-12-23T02:15:26","guid":{"rendered":"https:\/\/silage-balers.com\/?post_type=product&#038;p=380"},"modified":"2025-12-23T03:05:06","modified_gmt":"2025-12-23T03:05:06","slug":"9yg-1-0-enfardadeira-redonda","status":"publish","type":"product","link":"https:\/\/silage-balers.com\/pt\/produto\/9yg-1-0-enfardadeira-redonda\/","title":{"rendered":"Enfardadeira de fardos redondos 9YG-1.0 | Altamente eficiente"},"content":{"rendered":"<p>A enfardadeira de fardos redondos 9YG-1.0 \u00e9 uma m\u00e1quina avan\u00e7ada e altamente eficiente, projetada para tornar as opera\u00e7\u00f5es agr\u00edcolas mais \u00e1geis e produtivas. Ela auxilia os agricultores a aprimorarem seus processos de enfardamento de feno ou palha, resultando em melhor armazenamento, transporte e, consequentemente, maior produtividade agr\u00edcola. Com design inovador e recursos robustos, a enfardadeira de fardos redondos 9YG-1.0 se destaca como uma pe\u00e7a fundamental na agricultura moderna.<\/p>\n<h2>Especifica\u00e7\u00f5es t\u00e9cnicas<\/h2>\n<table style=\"border-color: #000000;\">\n<thead>\n<tr>\n<th>N\u00famero de s\u00e9rie<\/th>\n<th>Item<\/th>\n<th>Unidade<\/th>\n<th>Especifica\u00e7\u00e3o<\/th>\n<\/tr>\n<\/thead>\n<tbody>\n<tr>\n<td>1<\/td>\n<td>Nome do modelo<\/td>\n<td>\/<\/td>\n<td>Enfardadeira redonda 9YG-1.0<\/td>\n<\/tr>\n<tr>\n<td>2<\/td>\n<td>M\u00e9todo de engate<\/td>\n<td>\/<\/td>\n<td>Tipo rebocado<\/td>\n<\/tr>\n<tr>\n<td>3<\/td>\n<td>Largura de capta\u00e7\u00e3o<\/td>\n<td>mm<\/td>\n<td>1900<\/td>\n<\/tr>\n<tr>\n<td>4<\/td>\n<td>Tipo de estrutura de capta\u00e7\u00e3o<\/td>\n<td>\/<\/td>\n<td>Tipo de dente de mola<\/td>\n<\/tr>\n<tr>\n<td>5<\/td>\n<td>Tipo de estrutura do alimentador<\/td>\n<td>\/<\/td>\n<td>Tipo rolo dentado + cilindro<\/td>\n<\/tr>\n<tr>\n<td>6<\/td>\n<td>Tipo de estrutura de enfardamento com c\u00e2mara de compress\u00e3o<\/td>\n<td>\/<\/td>\n<td>Tipo Cilindro<\/td>\n<\/tr>\n<tr>\n<td>7<\/td>\n<td>Largura da c\u00e2mara de compress\u00e3o<\/td>\n<td>mm<\/td>\n<td>1000<\/td>\n<\/tr>\n<tr>\n<td>8<\/td>\n<td>Di\u00e2metro da c\u00e2mara de compress\u00e3o<\/td>\n<td>mm<\/td>\n<td>\u03a61000<\/td>\n<\/tr>\n<tr>\n<td>9<\/td>\n<td>N\u00famero de pe\u00e7as m\u00f3veis laminadas<\/td>\n<td>peda\u00e7o<\/td>\n<td>16 (Cilindros)<\/td>\n<\/tr>\n<tr>\n<td>10<\/td>\n<td>Di\u00e2metro do cilindro de lamina\u00e7\u00e3o<\/td>\n<td>mm<\/td>\n<td>\u03a6222<\/td>\n<\/tr>\n<tr>\n<td>11<\/td>\n<td>M\u00e9todo de enfardamento<\/td>\n<td>\/<\/td>\n<td>Envolt\u00f3rio de rede<\/td>\n<\/tr>\n<tr>\n<td>12<\/td>\n<td>Poder de correspond\u00eancia<\/td>\n<td>kW<\/td>\n<td>48~80<\/td>\n<\/tr>\n<tr>\n<td>13<\/td>\n<td>Peso estrutural<\/td>\n<td>kg<\/td>\n<td>2640<\/td>\n<\/tr>\n<tr>\n<td>14<\/td>\n<td>Velocidade da TDP<\/td>\n<td>r\/min<\/td>\n<td>720<\/td>\n<\/tr>\n<tr>\n<td>15<\/td>\n<td>Dimens\u00f5es totais (C\u00d7L\u00d7A)<\/td>\n<td>mm<\/td>\n<td>Estado de funcionamento: 3750\u00d72300\u00d72020<\/td>\n<\/tr>\n<tr>\n<td>16<\/td>\n<td>Controle da densidade dos fardos<\/td>\n<td>\/<\/td>\n<td>Controle de sensores<\/td>\n<\/tr>\n<tr>\n<td>17<\/td>\n<td>Dimens\u00f5es do fardo (di\u00e2metro \u00d7 largura)<\/td>\n<td>mm<\/td>\n<td>\u03a61100\u00d71000<\/td>\n<\/tr>\n<tr>\n<td>18<\/td>\n<td>Densidade do fardo<\/td>\n<td>Kg\/m\u00b3<\/td>\n<td>115~200<\/td>\n<\/tr>\n<tr>\n<td>19<\/td>\n<td>Produtividade<\/td>\n<td>fardos\/h<\/td>\n<td>40~100<\/td>\n<\/tr>\n<tr>\n<td>20<\/td>\n<td>Esteira da roda<\/td>\n<td>mm<\/td>\n<td>2045<\/td>\n<\/tr>\n<tr>\n<td>21<\/td>\n<td>Velocidade de opera\u00e7\u00e3o<\/td>\n<td>Km\/h<\/td>\n<td>5~20<\/td>\n<\/tr>\n<tr>\n<td>22<\/td>\n<td>Especifica\u00e7\u00f5es da rede de enfardamento (C\u00d7L)<\/td>\n<td>m<\/td>\n<td>2000\u00d71,0m\/fardo<\/td>\n<\/tr>\n<\/tbody>\n<\/table>\n<h2>Defini\u00e7\u00e3o do produto<\/h2>\n<p>A enfardadeira redonda 9YG-1.0 \u00e9 uma m\u00e1quina agr\u00edcola compacta e robusta, utilizada para comprimir e amarrar feno ou palha em fardos cil\u00edndricos firmes. Esses fardos s\u00e3o mais f\u00e1ceis de armazenar e manusear, proporcionando um m\u00e9todo eficiente para embalar produtos agr\u00edcolas. S\u00e3o particularmente adequados para agricultores que buscam melhorar a efici\u00eancia das opera\u00e7\u00f5es de colheita e embalagem.<\/p>\n<h2>Problemas que pode resolver<\/h2>\n<p>A enfardadeira redonda 9YG-1.0 resolve com efic\u00e1cia desafios comuns na agricultura, como o trabalho manual necess\u00e1rio para manusear grandes volumes de palha ou feno. Ela melhora a velocidade de enfardamento, reduz o esfor\u00e7o f\u00edsico e aumenta a qualidade dos fardos. Ao automatizar o processo de enfardamento, elimina inconsist\u00eancias no tamanho dos fardos e garante que fiquem bem compactados, reduzindo o desperd\u00edcio durante o transporte e o armazenamento.<\/p>\n<h2>Usos do produto<\/h2>\n<p>Projetada para atender a uma ampla gama de necessidades agr\u00edcolas, a enfardadeira redonda 9YG-1.0 \u00e9 ideal para agricultores que trabalham com grandes \u00e1reas de feno, palha ou mesmo certos tipos de culturas que exigem fardos compactos e f\u00e1ceis de manusear. Este tipo de enfardadeira \u00e9 particularmente importante na pecu\u00e1ria, j\u00e1 que o feno e a palha s\u00e3o fontes essenciais de alimento para o gado durante o inverno. Ela tamb\u00e9m auxilia no manejo das culturas, otimizando o espa\u00e7o e facilitando o armazenamento. Al\u00e9m disso, \u00e9 frequentemente utilizada em conjunto com colhedoras de feij\u00e3o ou leguminosas para o manuseio especializado de culturas.<\/p>\n<p style=\"text-align: center;\"><img loading=\"lazy\" decoding=\"async\" class=\"alignnone wp-image-384\" src=\"https:\/\/silage-balers.com\/wp-content\/uploads\/2025\/12\/ep-9YG-1.0-Round-Baler1-2-1.webp\" alt=\"Enfardadeira redonda\" width=\"412\" height=\"412\" srcset=\"https:\/\/silage-balers.com\/wp-content\/uploads\/2025\/12\/ep-9YG-1.0-Round-Baler1-2-1.webp 262w, https:\/\/silage-balers.com\/wp-content\/uploads\/2025\/12\/ep-9YG-1.0-Round-Baler1-2-1-150x150.webp 150w, https:\/\/silage-balers.com\/wp-content\/uploads\/2025\/12\/ep-9YG-1.0-Round-Baler1-2-1-12x12.webp 12w, https:\/\/silage-balers.com\/wp-content\/uploads\/2025\/12\/ep-9YG-1.0-Round-Baler1-2-1-100x100.webp 100w\" sizes=\"(max-width: 412px) 100vw, 412px\" \/><\/p>\n<h2>Vantagens da enfardadeira redonda 9YG-1.0<\/h2>\n<ul>\n<li><strong>Alta efici\u00eancia<\/strong> A enfardadeira redonda 9YG-1.0 opera em alta velocidade, permitindo que os agricultores concluam suas tarefas de enfardamento em um tempo significativamente menor em compara\u00e7\u00e3o com os m\u00e9todos tradicionais.<\/li>\n<li><strong>Durabilidade<\/strong> Constru\u00edda com materiais resistentes e projetada para um desempenho duradouro, esta enfardadeira suporta as condi\u00e7\u00f5es adversas da agricultura.<\/li>\n<li><strong>Facilidade de uso<\/strong> \u2013 Com controles f\u00e1ceis de usar e recursos intuitivos, o 9YG-1.0 garante que o treinamento necess\u00e1rio para os operadores seja m\u00ednimo.<\/li>\n<li><strong>Design compacto<\/strong> \u2013 A estrutura compacta da enfardadeira a torna ideal para pequenas e m\u00e9dias propriedades rurais, maximizando o uso do espa\u00e7o dispon\u00edvel.<\/li>\n<li><strong>Rela\u00e7\u00e3o custo-benef\u00edcio<\/strong> \u2013 Oferecendo um pre\u00e7o competitivo, a enfardadeira redonda 9YG-1.0 proporciona uma excelente rela\u00e7\u00e3o custo-benef\u00edcio para os agricultores que buscam aumentar a efici\u00eancia sem gastar muito.<\/li>\n<\/ul>\n<h2>Como funciona a enfardadeira de fardos redondos 9YG-1.0<\/h2>\n<p>A enfardadeira de fardos redondos 9YG-1.0 utiliza um sistema hidr\u00e1ulico avan\u00e7ado para recolher, comprimir e amarrar automaticamente materiais agr\u00edcolas, como feno e palha, em fardos redondos. O sistema de rotor da m\u00e1quina recolhe a colheita e um conjunto de rolos comprime os materiais, formando um fardo compacto. A c\u00e2mara de enfardamento est\u00e1 equipada com um sistema de amarra\u00e7\u00e3o com rede que fixa o fardo para facilitar o transporte e o armazenamento. Todo este processo \u00e9 controlado por uma interface simples, tornando mais f\u00e1cil para os agricultores operarem o equipamento de forma eficiente.<\/p>\n<h2>Principais cen\u00e1rios de aplica\u00e7\u00e3o<\/h2>\n<ul>\n<li><strong>Fazendas de cria\u00e7\u00e3o de gado<\/strong> \u2013 A enfardadeira \u00e9 perfeita para produzir fardos de feno e palha que podem ser usados \u200b\u200bcomo alimento para gado, ovelhas e outros animais.<\/li>\n<li><strong>Manejo de Culturas<\/strong> \u2013 Ideal para agricultores que precisam enfardar e armazenar com efici\u00eancia os res\u00edduos da colheita ap\u00f3s a colheita, ajudando a manter a fazenda limpa e organizada.<\/li>\n<li><strong>Produ\u00e7\u00e3o de forragem<\/strong> \u2013 A enfardadeira \u00e9 especialmente eficaz para enfardar alfafa, trevo e outras culturas forrageiras utilizadas na alimenta\u00e7\u00e3o animal.<\/li>\n<li><strong>Gest\u00e3o de pastagens<\/strong> \u2013 Pode ser utilizado em programas de conserva\u00e7\u00e3o de pastagens, onde os fardos s\u00e3o armazenados para uso fora de \u00e9poca.<\/li>\n<li><strong>Produ\u00e7\u00e3o de energia a partir de biomassa<\/strong> \u2013 A enfardadeira redonda 9YG-1.0 tamb\u00e9m \u00e9 utilizada para preparar res\u00edduos agr\u00edcolas para a produ\u00e7\u00e3o de energia de biomassa, promovendo pr\u00e1ticas agr\u00edcolas sustent\u00e1veis.<\/li>\n<li><strong>Agricultura em pequena escala<\/strong> \u2013 Ideal para pequenas fazendas que precisam de uma enfardadeira compacta e f\u00e1cil de operar para enfardar feno, palha ou at\u00e9 mesmo certos tipos de feij\u00e3o.<\/li>\n<\/ul>\n<h2>Como escolher a enfardadeira redonda 9YG-1.0 certa<\/h2>\n<p>Escolher a enfardadeira certa para as suas necessidades envolve considerar v\u00e1rios fatores que garantem que a m\u00e1quina seja adequada ao tamanho da sua propriedade, aos tipos de cultura e aos resultados desejados. Aqui est\u00e3o alguns pontos-chave para orientar a sua sele\u00e7\u00e3o:<\/p>\n<ul>\n<li><strong>Tamanho da fazenda<\/strong> \u2013 Se voc\u00ea tem uma fazenda menor, uma enfardadeira mais compacta como a 9YG-1.0 ser\u00e1 mais f\u00e1cil de manobrar e suficiente para suas necessidades.<\/li>\n<li><strong>Tipo de cultura<\/strong> \u2013 Certifique-se de que a enfardadeira seja compat\u00edvel com as culturas que voc\u00ea est\u00e1 trabalhando, como feno, palha ou at\u00e9 mesmo feij\u00e3o-carioca, caso esteja usando ferramentas especializadas, como a ferramenta para feij\u00e3o-carioca.<\/li>\n<li><strong>Or\u00e7amento<\/strong> A enfardadeira de fardos redondos 9YG-1.0 oferece uma excelente rela\u00e7\u00e3o custo-benef\u00edcio, portanto, avalie seu or\u00e7amento e a viabilidade de investir nesta enfardadeira.<\/li>\n<li><strong>Facilidade de manuten\u00e7\u00e3o<\/strong> \u2013 Escolha uma enfardadeira com pe\u00e7as de f\u00e1cil acesso e uma garantia robusta para garantir confiabilidade a longo prazo.<\/li>\n<li><strong>Facilidade de opera\u00e7\u00e3o<\/strong> \u2013 A interface intuitiva do 9YG-1.0 garante que at\u00e9 mesmo operadores iniciantes possam se adaptar rapidamente aos seus controles.<\/li>\n<li><strong>Durabilidade<\/strong> \u2013 Considere a qualidade da constru\u00e7\u00e3o e escolha um modelo que suporte as condi\u00e7\u00f5es clim\u00e1ticas e as exig\u00eancias operacionais da sua fazenda.<\/li>\n<\/ul>\n<h2>M\u00e9todos de manuten\u00e7\u00e3o para a enfardadeira de fardos redondos 9YG-1.0<\/h2>\n<p>A manuten\u00e7\u00e3o da sua enfardadeira de fardos redondos 9YG-1.0 garante o seu funcionamento eficiente e maior durabilidade. A manuten\u00e7\u00e3o regular deve incluir:<\/p>\n<ul>\n<li><strong>Limpeza<\/strong> \u2013 Ap\u00f3s cada utiliza\u00e7\u00e3o, limpe bem a enfardadeira para remover quaisquer res\u00edduos de colheita e evitar entupimentos.<\/li>\n<li><strong>Lubrifica\u00e7\u00e3o<\/strong> \u2013 Certifique-se de que todas as pe\u00e7as m\u00f3veis sejam lubrificadas regularmente para evitar desgaste.<\/li>\n<li><strong>Inspe\u00e7\u00e3o<\/strong> \u2013 Verifique periodicamente a m\u00e1quina quanto a sinais de desgaste, especialmente os rolos e o sistema de amarra\u00e7\u00e3o da rede.<\/li>\n<li><strong>Verifica\u00e7\u00e3o do sistema hidr\u00e1ulico<\/strong> \u2013 Verifique regularmente o sistema hidr\u00e1ulico para garantir que esteja funcionando corretamente e substitua quaisquer veda\u00e7\u00f5es ou mangueiras desgastadas.<\/li>\n<li><strong>Armazenar<\/strong> \u2013 Se a enfardadeira n\u00e3o for utilizada por um longo per\u00edodo, guarde-a em local seco e protegido para evitar ferrugem e danos causados \u200b\u200bpelas intemp\u00e9ries.<\/li>\n<\/ul>\n<h2>Avalia\u00e7\u00f5es de clientes<\/h2>\n<p>\u201cA enfardadeira redonda 9YG-1.0 reduziu significativamente o tempo gasto enfardando feno em nossa fazenda. \u00c9 incrivelmente eficiente e f\u00e1cil de usar, mesmo para quem n\u00e3o tem experi\u00eancia pr\u00e9via com enfardadeiras. Tamb\u00e9m notamos uma redu\u00e7\u00e3o no desperd\u00edcio durante o armazenamento, e os fardos ficam bem compactados. Recomendo muito este produto!\u201d<br \/>\n\u2013 John Smith, EUA<\/p>\n<p>\u201cAdquirimos a enfardadeira de fardos redondos 9YG-1.0 para nossa pequena fazenda na \u00c1frica do Sul. Ela superou nossas expectativas em termos de efici\u00eancia e durabilidade. O design \u00e9 compacto, por\u00e9m potente, e funciona muito bem em nossas planta\u00e7\u00f5es de alfafa. O fato de funcionar bem em diferentes condi\u00e7\u00f5es clim\u00e1ticas a torna a nossa melhor escolha.\u201d<br \/>\n\u2013 Lindiwe Ndlovu, \u00c1frica do Sul<\/p>\n<p>\u201cComo uma fazenda de grande escala no Brasil, precis\u00e1vamos de uma enfardadeira confi\u00e1vel que pudesse lidar com grandes quantidades de palha. A 9YG-1.0 tem sido uma excelente aquisi\u00e7\u00e3o para nossa opera\u00e7\u00e3o. \u00c9 r\u00e1pida, eficiente e reduziu significativamente nossos custos com m\u00e3o de obra. Al\u00e9m disso, \u00e9 muito f\u00e1cil de manter.\u201d<br \/>\n\u2013 Carlos Pinto, Brasil<\/p>\n<p>\u201cEstamos usando a enfardadeira redonda 9YG-1.0 h\u00e1 alguns meses em nossa fazenda de gado no Canad\u00e1, e ela facilitou muito o processo de enfardamento do feno. \u00c9 constru\u00edda para durar e funciona perfeitamente tanto com feno seco quanto \u00famido. O design compacto \u00e9 perfeito para o layout da nossa fazenda.\u201d<br \/>\n\u2013 Emily Thompson, Canad\u00e1<\/p>\n<p>\u201cTenho uma pequena fazenda no Reino Unido e a enfardadeira redonda 9YG-1.0 revolucionou o nosso trabalho. A m\u00e1quina \u00e9 leve, f\u00e1cil de operar e os resultados s\u00e3o sempre perfeitos. Agora conseguimos armazenar o feno de forma mais eficiente e reduzir o desperd\u00edcio.\u201d<br \/>\n\u2013 Ames Richards, Reino Unido<\/p>\n<h2>Por que escolher nossa enfardadeira redonda 9YG-1.0?<\/h2>\n<p>Nossa enfardadeira redonda 9YG-1.0 se destaca por seus servi\u00e7os de personaliza\u00e7\u00e3o \u00e1gil, oferecendo solu\u00e7\u00f5es sob medida para atender \u00e0s suas necessidades agr\u00edcolas espec\u00edficas. Oferecemos 3 anos de garantia para o nosso produto, assegurando um suporte p\u00f3s-venda excepcional. Com servi\u00e7os de entrega r\u00e1pida em todo o mundo, garantimos que seu pedido ser\u00e1 entregue no prazo, n\u00e3o importa onde voc\u00ea esteja. Nosso servi\u00e7o p\u00f3s-venda \u00e9 completo, oferecendo manuten\u00e7\u00e3o, suporte t\u00e9cnico e treinamento, garantindo que seu investimento permane\u00e7a rent\u00e1vel ao longo do tempo.<\/p>\n<h2>Explore o produto e entre em contato conosco hoje mesmo.<\/h2>\n<p>N\u00e3o perca a oportunidade de otimizar suas opera\u00e7\u00f5es agr\u00edcolas com a enfardadeira de fardos redondos 9YG-1.0. Nossa empresa \u00e9 reconhecida por sua forte capacidade de produ\u00e7\u00e3o, produtos de alta qualidade, pre\u00e7os competitivos e atendimento ao cliente incompar\u00e1vel. Al\u00e9m da 9YG-1.0 <a href=\"https:\/\/silage-balers.com\/pt\/produto\/9yg-1-25-round-baler\/\">Enfardadeira redonda<\/a>Al\u00e9m disso, oferecemos uma ampla gama de acess\u00f3rios e equipamentos relacionados para atender ainda melhor \u00e0s suas necessidades agr\u00edcolas. Explore nossos produtos e entre em contato conosco para solicitar um or\u00e7amento hoje mesmo!<\/p>\n<p style=\"text-align: center;\"><img loading=\"lazy\" decoding=\"async\" class=\"alignnone wp-image-382\" src=\"https:\/\/silage-balers.com\/wp-content\/uploads\/2025\/12\/ep-9YG-1.0-Round-Baler1-1-1-1.webp\" alt=\"Enfardadeira redonda\" width=\"442\" height=\"442\" srcset=\"https:\/\/silage-balers.com\/wp-content\/uploads\/2025\/12\/ep-9YG-1.0-Round-Baler1-1-1-1.webp 259w, https:\/\/silage-balers.com\/wp-content\/uploads\/2025\/12\/ep-9YG-1.0-Round-Baler1-1-1-1-150x150.webp 150w, https:\/\/silage-balers.com\/wp-content\/uploads\/2025\/12\/ep-9YG-1.0-Round-Baler1-1-1-1-12x12.webp 12w, https:\/\/silage-balers.com\/wp-content\/uploads\/2025\/12\/ep-9YG-1.0-Round-Baler1-1-1-1-100x100.webp 100w\" sizes=\"(max-width: 442px) 100vw, 442px\" \/><\/p>\n<h2>Perguntas frequentes<\/h2>\n<p><strong>1. Para que serve o 9YG-1.0?<\/strong><\/p>\n<p>A 9YG-1.0 \u00e9 utilizada principalmente para enfardar feno, palha e outros materiais agr\u00edcolas em fardos redondos e compactos. Ela torna o armazenamento e o transporte da colheita mais eficientes, reduzindo o desperd\u00edcio e aumentando a produtividade.<\/p>\n<p><strong>2. Como o 9YG-1.0 melhora a efici\u00eancia agr\u00edcola?<\/strong><\/p>\n<p>Esta enfardadeira automatiza o processo de enfardamento, economizando tempo e m\u00e3o de obra. Ela funciona mais r\u00e1pido do que os m\u00e9todos tradicionais e garante um produto mais consistente, o que reduz o desperd\u00edcio durante o armazenamento e o transporte.<\/p>\n<p><strong>3. O modelo 9YG-1.0 \u00e9 adequado para pequenas propriedades rurais?<\/strong><\/p>\n<p>Sim, o design compacto da 9YG-1.0 a torna ideal para pequenas propriedades rurais. Ela pode lidar com uma variedade de culturas, desde feno at\u00e9 certas leguminosas, e ajuda a otimizar o espa\u00e7o, ao mesmo tempo que melhora a efici\u00eancia operacional.<\/p>\n<p><strong>4. Com que frequ\u00eancia o 9YG-1.0 deve ser submetido a manuten\u00e7\u00e3o?<\/strong><\/p>\n<p>Recomenda-se a manuten\u00e7\u00e3o regular ap\u00f3s cada utiliza\u00e7\u00e3o. As principais tarefas de manuten\u00e7\u00e3o incluem limpeza, lubrifica\u00e7\u00e3o e inspe\u00e7\u00e3o do sistema hidr\u00e1ulico. A realiza\u00e7\u00e3o de verifica\u00e7\u00f5es de rotina garante o funcionamento eficiente da enfardadeira por muitos anos.<\/p>\n<p><strong>5. Qual \u00e9 o per\u00edodo de garantia do 9YG-1.0?<\/strong><\/p>\n<p>O modelo 9YG-1.0 possui garantia de 3 anos, que cobre defeitos de materiais e de fabrica\u00e7\u00e3o. Nossa equipe de p\u00f3s-venda est\u00e1 sempre dispon\u00edvel para auxiliar com qualquer manuten\u00e7\u00e3o ou problema t\u00e9cnico durante o per\u00edodo de garantia.<\/p>\n<p>editado por gzl<\/p>\n<p>&nbsp;<\/p>","protected":false},"excerpt":{"rendered":"<p>Descubra a potente enfardadeira de fardos redondos 9YG-1.0 para enfardamento eficiente de feno e palha. Constru\u00edda para durabilidade, esta enfardadeira oferece opera\u00e7\u00e3o suave, maior produtividade e solu\u00e7\u00f5es econ\u00f4micas. Perfeita para agricultores que buscam melhorar sua produ\u00e7\u00e3o com m\u00e1quinas de alto desempenho. Saiba mais sobre seus recursos e benef\u00edcios hoje mesmo \u2014 otimize sua experi\u00eancia agr\u00edcola com a enfardadeira de fardos redondos 9YG-1.0!<\/p>","protected":false},"featured_media":383,"template":"","meta":{"_et_pb_use_builder":"","_et_pb_old_content":"","_et_gb_content_width":""},"product_brand":[],"product_cat":[18],"product_tag":[],"class_list":{"0":"post-380","1":"product","2":"type-product","3":"status-publish","4":"has-post-thumbnail","6":"product_cat-round-baler","8":"first","9":"instock","10":"shipping-taxable","11":"product-type-simple"},"_links":{"self":[{"href":"https:\/\/silage-balers.com\/pt\/wp-json\/wp\/v2\/product\/380","targetHints":{"allow":["GET"]}}],"collection":[{"href":"https:\/\/silage-balers.com\/pt\/wp-json\/wp\/v2\/product"}],"about":[{"href":"https:\/\/silage-balers.com\/pt\/wp-json\/wp\/v2\/types\/product"}],"wp:featuredmedia":[{"embeddable":true,"href":"https:\/\/silage-balers.com\/pt\/wp-json\/wp\/v2\/media\/383"}],"wp:attachment":[{"href":"https:\/\/silage-balers.com\/pt\/wp-json\/wp\/v2\/media?parent=380"}],"wp:term":[{"taxonomy":"product_brand","embeddable":true,"href":"https:\/\/silage-balers.com\/pt\/wp-json\/wp\/v2\/product_brand?post=380"},{"taxonomy":"product_cat","embeddable":true,"href":"https:\/\/silage-balers.com\/pt\/wp-json\/wp\/v2\/product_cat?post=380"},{"taxonomy":"product_tag","embeddable":true,"href":"https:\/\/silage-balers.com\/pt\/wp-json\/wp\/v2\/product_tag?post=380"}],"curies":[{"name":"wp","href":"https:\/\/api.w.org\/{rel}","templated":true}]}}