{"id":385,"date":"2025-12-23T03:09:17","date_gmt":"2025-12-23T03:09:17","guid":{"rendered":"https:\/\/silage-balers.com\/?post_type=product&#038;p=385"},"modified":"2025-12-29T05:45:40","modified_gmt":"2025-12-29T05:45:40","slug":"9yg-1-25a-enfardadeira-redonda","status":"publish","type":"product","link":"https:\/\/silage-balers.com\/pt\/produto\/9yg-1-25a-enfardadeira-redonda\/","title":{"rendered":"Enfardadeira redonda 9YG-1.25A"},"content":{"rendered":"<p>A enfardadeira de fardos redondos 9YG-1.25A \u00e9 uma m\u00e1quina agr\u00edcola de alto desempenho projetada para compactar feno, palha e outras culturas em fardos redondos de forma eficiente, facilitando o transporte e o armazenamento. Esta m\u00e1quina desempenha um papel crucial na melhoria da produtividade agr\u00edcola, reduzindo os custos de m\u00e3o de obra e aumentando a efici\u00eancia. A 9YG-1.25A combina versatilidade e confiabilidade, tornando-se um equipamento essencial para a produ\u00e7\u00e3o agr\u00edcola moderna.<\/p>\n<h2>Especifica\u00e7\u00f5es t\u00e9cnicas<\/h2>\n<table style=\"border-color: #000000;\">\n<thead>\n<tr>\n<th>N\u00famero de s\u00e9rie<\/th>\n<th>Item<\/th>\n<th>Unidade<\/th>\n<th>Especifica\u00e7\u00e3o<\/th>\n<\/tr>\n<\/thead>\n<tbody>\n<tr>\n<td>1<\/td>\n<td>Nome do modelo<\/td>\n<td>\/<\/td>\n<td>Enfardadeira redonda 9YG-1.25A<\/td>\n<\/tr>\n<tr>\n<td>2<\/td>\n<td>M\u00e9todo de engate<\/td>\n<td>\/<\/td>\n<td>Tipo rebocado<\/td>\n<\/tr>\n<tr>\n<td>3<\/td>\n<td>Largura de capta\u00e7\u00e3o<\/td>\n<td>mm<\/td>\n<td>2150<\/td>\n<\/tr>\n<tr>\n<td>4<\/td>\n<td>Tipo de estrutura de capta\u00e7\u00e3o<\/td>\n<td>\/<\/td>\n<td>Tipo de dente de mola<\/td>\n<\/tr>\n<tr>\n<td>5<\/td>\n<td>Tipo de estrutura do alimentador<\/td>\n<td>\/<\/td>\n<td>Tipo rolo dentado + cilindro<\/td>\n<\/tr>\n<tr>\n<td>6<\/td>\n<td>Tipo de estrutura de enfardamento com c\u00e2mara de compress\u00e3o<\/td>\n<td>\/<\/td>\n<td>Tipo Cilindro<\/td>\n<\/tr>\n<tr>\n<td>7<\/td>\n<td>Largura da c\u00e2mara de compress\u00e3o<\/td>\n<td>mm<\/td>\n<td>1250<\/td>\n<\/tr>\n<tr>\n<td>8<\/td>\n<td>Di\u00e2metro da c\u00e2mara de compress\u00e3o<\/td>\n<td>mm<\/td>\n<td>\u03a61200<\/td>\n<\/tr>\n<tr>\n<td>9<\/td>\n<td>N\u00famero de pe\u00e7as m\u00f3veis laminadas<\/td>\n<td>peda\u00e7o<\/td>\n<td>18 (Cilindros)<\/td>\n<\/tr>\n<tr>\n<td>10<\/td>\n<td>Di\u00e2metro do cilindro de lamina\u00e7\u00e3o<\/td>\n<td>mm<\/td>\n<td>\u03a6222<\/td>\n<\/tr>\n<tr>\n<td>11<\/td>\n<td>M\u00e9todo de enfardamento<\/td>\n<td>\/<\/td>\n<td>Envolt\u00f3rio de rede<\/td>\n<\/tr>\n<tr>\n<td>12<\/td>\n<td>Poder de correspond\u00eancia<\/td>\n<td>kW<\/td>\n<td>\u226575<\/td>\n<\/tr>\n<tr>\n<td>13<\/td>\n<td>Peso estrutural<\/td>\n<td>kg<\/td>\n<td>4472<\/td>\n<\/tr>\n<tr>\n<td>14<\/td>\n<td>Velocidade da TDP<\/td>\n<td>r\/min<\/td>\n<td>540-1000<\/td>\n<\/tr>\n<tr>\n<td>15<\/td>\n<td>Dimens\u00f5es totais (C\u00d7L\u00d7A)<\/td>\n<td>mm<\/td>\n<td>4400\u00d72850\u00d72400 (Estado de funcionamento)<\/td>\n<\/tr>\n<tr>\n<td>16<\/td>\n<td>Controle da densidade dos fardos<\/td>\n<td>\/<\/td>\n<td>Controle de sensores<\/td>\n<\/tr>\n<tr>\n<td>17<\/td>\n<td>Dimens\u00f5es do fardo (di\u00e2metro \u00d7 largura)<\/td>\n<td>mm<\/td>\n<td>\u03a61300\u00d71250<\/td>\n<\/tr>\n<tr>\n<td>18<\/td>\n<td>Densidade do fardo<\/td>\n<td>Kg\/m\u00b3<\/td>\n<td>100-200<\/td>\n<\/tr>\n<tr>\n<td>19<\/td>\n<td>Produtividade<\/td>\n<td>fardos\/h<\/td>\n<td>40~100<\/td>\n<\/tr>\n<tr>\n<td>20<\/td>\n<td>Esteira da roda<\/td>\n<td>mm<\/td>\n<td>2450<\/td>\n<\/tr>\n<tr>\n<td>21<\/td>\n<td>Velocidade de opera\u00e7\u00e3o<\/td>\n<td>Km\/h<\/td>\n<td>5-35<\/td>\n<\/tr>\n<tr>\n<td>22<\/td>\n<td>Especifica\u00e7\u00f5es da rede de enfardamento (C\u00d7L)<\/td>\n<td>\/<\/td>\n<td>2000\u00d71,25m\/fardo<\/td>\n<\/tr>\n<\/tbody>\n<\/table>\n<h2>Defini\u00e7\u00e3o do produto<\/h2>\n<p>A enfardadeira redonda 9YG-1.25A \u00e9 uma m\u00e1quina que produz fardos de feno ou palha de alta qualidade e bem compactados. Ela foi projetada para lidar com diversas culturas e otimizar a forma\u00e7\u00e3o dos fardos, aumentando a efici\u00eancia operacional geral. Esta m\u00e1quina \u00e9 particularmente adequada para pequenas e m\u00e9dias propriedades rurais.<\/p>\n<h2>Problemas resolvidos pela enfardadeira redonda 9YG-1.25A<\/h2>\n<p>A enfardadeira de fardos redondos 9YG-1.25A resolve diversos problemas comuns enfrentados pelos agricultores, incluindo:<\/p>\n<ul>\n<li>Processos de enfardamento de feno que exigem muita m\u00e3o de obra.<\/li>\n<li>Tamanho e formato dos fardos inconsistentes.<\/li>\n<li>Dificuldade no manuseio e armazenamento eficiente do feno.<\/li>\n<li>Aumento do desperd\u00edcio devido a opera\u00e7\u00f5es de enfardamento ineficientes.<\/li>\n<li>Trabalho manual demorado para enfardar feno.<\/li>\n<\/ul>\n<p>Ao automatizar o processo de enfardamento e garantir uma qualidade consistente dos fardos, a 9YG-1.25A reduz drasticamente o trabalho manual e melhora a produtividade geral da fazenda.<\/p>\n<h2>Usos da enfardadeira redonda 9YG-1.25A<\/h2>\n<p>O 9YG-1.25A<a href=\"http:\/\/square-balers.com\" target=\"_blank\" rel=\"noopener\"> Enfardadeira redonda<\/a> \u00c9 utilizada em diversas aplica\u00e7\u00f5es agr\u00edcolas, principalmente para enfardar feno, palha e outras culturas. Esta m\u00e1quina \u00e9 ideal para agricultores que precisam processar grandes quantidades de feno para armazenamento, uso como ra\u00e7\u00e3o animal ou transporte. \u00c9 particularmente ben\u00e9fica para pequenas e m\u00e9dias propriedades rurais que buscam otimizar suas opera\u00e7\u00f5es.<\/p>\n<h2>Vantagens da enfardadeira redonda 9YG-1.25A<\/h2>\n<ul>\n<li><strong>Forma\u00e7\u00e3o eficiente de fardos:<\/strong> A 9YG-1.25A garante fardos bem compactados e uniformes, facilitando o armazenamento e o transporte.<\/li>\n<li><strong>Alta durabilidade:<\/strong> Constru\u00edda com materiais robustos, a m\u00e1quina foi projetada para suportar as exig\u00eancias do uso cont\u00ednuo em diversas condi\u00e7\u00f5es clim\u00e1ticas.<\/li>\n<li><strong>Baixa manuten\u00e7\u00e3o:<\/strong> A m\u00e1quina requer manuten\u00e7\u00e3o m\u00ednima, reduzindo o tempo de inatividade e garantindo um desempenho consistente ao longo da temporada.<\/li>\n<li><strong>Economia de tempo:<\/strong> Com seu funcionamento autom\u00e1tico, o 9YG-1.25A reduz drasticamente a necessidade de m\u00e3o de obra, economizando tempo e custos.<\/li>\n<li><strong>Custo-benef\u00edcio:<\/strong> O pre\u00e7o acess\u00edvel do 9YG-1.25A o torna um \u00f3timo investimento para pequenas e m\u00e9dias propriedades rurais, oferecendo excelente custo-benef\u00edcio.<\/li>\n<\/ul>\n<h2><a href=\"https:\/\/silage-balers.com\/pt\/produto\/9yg-1-0-enfardadeira-redonda\/\">Como funciona a enfardadeira de fardos redondos 9YG-1.25A<\/a><\/h2>\n<p>A enfardadeira de fardos redondos 9YG-1.25A opera utilizando uma combina\u00e7\u00e3o de componentes hidr\u00e1ulicos e mec\u00e2nicos. Ela coleta a colheita atrav\u00e9s de um dispositivo de alimenta\u00e7\u00e3o, comprime-a em fardos redondos e compactos e, em seguida, os envolve com corda ou rede. Esse processo garante que os fardos fiquem firmes e est\u00e1veis, facilitando o manuseio. O design avan\u00e7ado da m\u00e1quina ajuda a evitar o desperd\u00edcio de colheita e garante a produ\u00e7\u00e3o de fardos de alta qualidade em todas as ocasi\u00f5es.<\/p>\n<p style=\"text-align: center;\"><img loading=\"lazy\" decoding=\"async\" class=\"alignnone wp-image-387\" src=\"https:\/\/silage-balers.com\/wp-content\/uploads\/2025\/12\/EP-9YG-1.25A-Round-Baler-1-1-1-300x300.webp\" alt=\"Enfardadeira redonda\" width=\"357\" height=\"357\" \/><\/p>\n<h2>Principais cen\u00e1rios de aplica\u00e7\u00e3o para a enfardadeira redonda 9YG-1.25A<\/h2>\n<p>A enfardadeira de fardos redondos 9YG-1.25A \u00e9 adequada para uma variedade de aplica\u00e7\u00f5es agr\u00edcolas, incluindo:<\/p>\n<ul>\n<li><strong>Cultivo de feno:<\/strong> Ideal para enfardar feno para alimenta\u00e7\u00e3o animal, garantindo um fornecimento consistente e confi\u00e1vel de feno durante todo o ano.<\/li>\n<li><strong>Enfardamento de palha:<\/strong> Ideal para recolher e enfardar palha ap\u00f3s a colheita, melhorando a efici\u00eancia do armazenamento e do transporte.<\/li>\n<li><strong>Pequenas e m\u00e9dias propriedades rurais:<\/strong> A 9YG-1.25A foi projetada especificamente para pequenas e m\u00e9dias propriedades rurais que necessitam de uma solu\u00e7\u00e3o de enfardamento compacta, por\u00e9m potente.<\/li>\n<li><strong>Fazendas org\u00e2nicas:<\/strong> Seu sistema de enfardamento de precis\u00e3o \u00e9 perfeito para fazendas org\u00e2nicas que precisam manter alta integridade da colheita.<\/li>\n<li><strong>Produ\u00e7\u00e3o de ra\u00e7\u00e3o para animais:<\/strong> Garante fardos uniformes, f\u00e1ceis de manusear e armazenar para a produ\u00e7\u00e3o de ra\u00e7\u00e3o animal.<\/li>\n<li><strong>Colheita de forragem:<\/strong> A m\u00e1quina \u00e9 ideal para coletar e enfardar diversas culturas forrageiras, como alfafa, trevo e gram\u00edneas.<\/li>\n<\/ul>\n<h2>Como escolher a enfardadeira redonda 9YG-1.25A certa<\/h2>\n<p>Ao selecionar a enfardadeira de fardos redondos 9YG-1.25A adequada, considere os seguintes fatores:<\/p>\n<ul>\n<li><strong>Tamanho da fazenda:<\/strong> Certifique-se de que a enfardadeira seja adequada \u00e0 dimens\u00e3o da sua explora\u00e7\u00e3o agr\u00edcola. A 9YG-1.25A \u00e9 ideal para explora\u00e7\u00f5es de pequena a m\u00e9dia dimens\u00e3o.<\/li>\n<li><strong>Tipo de cultivo:<\/strong> Escolha uma enfardadeira que seja adequada para as culturas espec\u00edficas que voc\u00ea est\u00e1 colhendo, como feno, palha ou forragem.<\/li>\n<li><strong>Or\u00e7amento:<\/strong> Avalie o custo e certifique-se de que ele se encaixa no seu or\u00e7amento agr\u00edcola, ao mesmo tempo que proporciona um bom retorno do investimento.<\/li>\n<li><strong>Facilidade de opera\u00e7\u00e3o:<\/strong> Escolha uma m\u00e1quina com recursos f\u00e1ceis de usar para opera\u00e7\u00e3o r\u00e1pida e treinamento m\u00ednimo.<\/li>\n<li><strong>Requisitos de manuten\u00e7\u00e3o:<\/strong> Garanta que a enfardadeira tenha baixas necessidades de manuten\u00e7\u00e3o para reduzir o tempo de inatividade e os custos operacionais.<\/li>\n<li><strong>Durabilidade:<\/strong> Invista em uma m\u00e1quina dur\u00e1vel que suporte uso intenso e condi\u00e7\u00f5es clim\u00e1ticas adversas.<\/li>\n<\/ul>\n<h2>Manuten\u00e7\u00e3o da enfardadeira de fardos redondos 9YG-1.25A<\/h2>\n<p>Para garantir o desempenho ideal da enfardadeira de fardos redondos 9YG-1.25A, siga estas diretrizes de manuten\u00e7\u00e3o:<\/p>\n<ul>\n<li><strong>Inspe\u00e7\u00e3o regular:<\/strong> Realize verifica\u00e7\u00f5es regulares nos componentes hidr\u00e1ulicos e mec\u00e2nicos para garantir o bom funcionamento.<\/li>\n<li><strong>Limpeza:<\/strong> Mantenha a m\u00e1quina limpa, livre de detritos e res\u00edduos da colheita, para evitar entupimentos e garantir uma enfardagem eficiente.<\/li>\n<li><strong>Lubrifica\u00e7\u00e3o:<\/strong> Lubrifique regularmente as pe\u00e7as m\u00f3veis para reduzir o desgaste e prolongar a vida \u00fatil da m\u00e1quina.<\/li>\n<li><strong>Substitua as pe\u00e7as desgastadas:<\/strong> Substitua as pe\u00e7as desgastadas, como correias e cordas, para evitar avarias e garantir fardos de alta qualidade.<\/li>\n<li><strong>Armazenar:<\/strong> Guarde a enfardadeira em um ambiente seco e protegido para evitar ferrugem e corros\u00e3o durante os per\u00edodos de inatividade.<\/li>\n<\/ul>\n<h2>Avalia\u00e7\u00f5es de clientes<\/h2>\n<p>Aqui est\u00e3o alguns coment\u00e1rios de clientes de diversos pa\u00edses:<\/p>\n<p>\u201cCompramos a enfardadeira redonda 9YG-1.25A para nossa pequena fazenda e ela revolucionou o nosso trabalho. \u00c9 f\u00e1cil de operar e os fardos ficam uniformes e bem compactados. O tempo que economizamos no campo tem sido inestim\u00e1vel e conseguimos produzir mais feno em menos tempo. Altamente recomendada para pequenas fazendas!\u201d<br \/>\n\u2014 <strong>John Smith, EUA<\/strong><\/p>\n<p>\u201cA 9YG-1.25A superou nossas expectativas. Usamos para enfardar palha e ela tornou todo o processo mais r\u00e1pido e eficiente. A m\u00e1quina \u00e9 robusta e suporta todas as condi\u00e7\u00f5es clim\u00e1ticas. Nossa equipe adora!\u201d<br \/>\n\u2014 <strong>Maria Garcia, Espanha<\/strong><\/p>\n<p>\u201cUm investimento fant\u00e1stico para nossa fazenda de m\u00e9dio porte. A enfardadeira 9YG-1.25A \u00e9 dur\u00e1vel e a manuten\u00e7\u00e3o \u00e9 simples. Ela tem um pre\u00e7o acess\u00edvel e oferece excelente custo-benef\u00edcio. Notamos um aumento significativo na produtividade.\u201d<br \/>\n\u2014 <strong>James Lee, Austr\u00e1lia<\/strong><\/p>\n<p>\u201cComo iniciante na agricultura, eu estava preocupado com a curva de aprendizado. No entanto, a 9YG-1.25A \u00e9 incrivelmente f\u00e1cil de usar. Ela faz o trabalho rapidamente e os fardos saem perfeitos todas as vezes.\u201d<br \/>\n\u2014 <strong>Chen Wei, China<\/strong><\/p>\n<p>\u201cTemos usado a enfardadeira redonda 9YG-1.25A para enfardar feno em nossa fazenda org\u00e2nica. Ela nos ajudou a manter a integridade de nossas planta\u00e7\u00f5es e a produzir fardos limpos e compactos. Um investimento s\u00f3lido para qualquer agricultor s\u00e9rio.\u201d<br \/>\n\u2014 <strong>David Moyo, \u00c1frica do Sul<\/strong><\/p>\n<h2>Por que escolher nosso produto?<\/h2>\n<p>Oferecemos a enfardadeira de fardos redondos 9YG-1.25A com diversas vantagens exclusivas:<\/p>\n<ul>\n<li>Servi\u00e7os de personaliza\u00e7\u00e3o r\u00e1pidos para atender \u00e0s suas necessidades espec\u00edficas.<\/li>\n<li>Servi\u00e7o de atendimento ao cliente excepcional com forte suporte p\u00f3s-venda.<\/li>\n<li>Garantia de 3 anos e suporte p\u00f3s-venda sem complica\u00e7\u00f5es.<\/li>\n<li>Envio r\u00e1pido global para atender \u00e0s suas necessidades de entrega.<\/li>\n<li>Servi\u00e7o p\u00f3s-venda completo, garantindo tranquilidade aos clientes.<\/li>\n<\/ul>\n<h2>Promo\u00e7\u00e3o e os pontos fortes da nossa empresa<\/h2>\n<p>N\u00e3o perca a oportunidade de otimizar suas opera\u00e7\u00f5es agr\u00edcolas com a enfardadeira de fardos redondos 9YG-1.25A. Explore nossa ampla gama de produtos de alta qualidade, projetados para tornar sua agricultura mais eficiente. Temos orgulho de oferecer m\u00e1quinas agr\u00edcolas de ponta, incluindo uma ampla variedade de enfardadeiras e acess\u00f3rios relacionados. Nossos produtos t\u00eam pre\u00e7os altamente competitivos, qualidade superior e contam com um servi\u00e7o p\u00f3s-venda confi\u00e1vel. Entre em contato conosco hoje mesmo para adquirir nossos produtos e comece a otimizar sua produ\u00e7\u00e3o agr\u00edcola!<\/p>\n<h2>Perguntas frequentes (FAQ)<\/h2>\n<ol>\n<li><strong>O que \u00e9 uma enfardadeira de fardos redondos e como ela funciona?<\/strong><br \/>\nUma enfardadeira de fardos redondos \u00e9 uma m\u00e1quina projetada para coletar e compactar culturas como feno, palha ou silagem em fardos redondos. O modelo 9YG-1.25A utiliza sistemas hidr\u00e1ulicos e mec\u00e2nicos para formar fardos compactos, f\u00e1ceis de transportar e armazenar.<\/li>\n<li><strong>Qual o pre\u00e7o de uma enfardadeira redonda 9YG-1.25A?<\/strong><br \/>\nO pre\u00e7o da enfardadeira redonda 9YG-1.25A varia dependendo das op\u00e7\u00f5es de personaliza\u00e7\u00e3o e do local de entrega. Para obter o melhor pre\u00e7o, entre em contato conosco diretamente para solicitar um or\u00e7amento.<\/li>\n<li><strong>O modelo 9YG-1.25A \u00e9 adequado para pequenas propriedades rurais?<\/strong><br \/>\nSim, a 9YG-1.25A \u00e9 perfeita para pequenas e m\u00e9dias propriedades rurais. Seu tamanho compacto e opera\u00e7\u00e3o eficiente a tornam ideal para agricultores com espa\u00e7o ou recursos limitados.<\/li>\n<li><strong>Que culturas o 9YG-1.25A consegue cultivar?<\/strong><br \/>\nA 9YG-1.25A foi projetada para lidar com uma variedade de culturas, incluindo feno, palha e outros materiais forrageiros, como alfafa e trevo.<\/li>\n<li><strong>O modelo 9YG-1.25A requer muita manuten\u00e7\u00e3o?<\/strong><br \/>\nN\u00e3o, a 9YG-1.25A foi projetada para exigir manuten\u00e7\u00e3o m\u00ednima. Limpeza, lubrifica\u00e7\u00e3o e inspe\u00e7\u00e3o regulares s\u00e3o suficientes para manter a m\u00e1quina em \u00f3timas condi\u00e7\u00f5es.<\/li>\n<li><strong>Como posso adquirir a enfardadeira de fardos redondos 9YG-1.25A?<\/strong><br \/>\nVoc\u00ea pode comprar a enfardadeira redonda 9YG-1.25A online diretamente em nosso site. Basta entrar em contato conosco para fazer seu pedido e combinar o envio.<\/li>\n<li><strong>O modelo 9YG-1.25A possui garantia?<\/strong><br \/>\nSim, o modelo 9YG-1.25A vem com garantia de 3 anos, garantindo confiabilidade e tranquilidade aos clientes.<\/li>\n<li><strong>O modelo 9YG-1.25A pode ser usado em todas as condi\u00e7\u00f5es clim\u00e1ticas?<\/strong><br \/>\nSim, o 9YG-1.25A foi projetado para suportar diversas condi\u00e7\u00f5es clim\u00e1ticas, sendo adequado para uso durante todo o ano.<\/li>\n<li><strong>Qual o tamanho do fardo produzido pela 9YG-1.25A?<\/strong><br \/>\nA 9YG-1.25A produz fardos redondos de tamanho padr\u00e3o, o que os torna ideais para armazenamento e transporte.<\/li>\n<li><strong>O envio est\u00e1 dispon\u00edvel para todo o mundo?<\/strong><br \/>\nSim, oferecemos envio internacional para garantir que clientes em todo o mundo possam se beneficiar de nossas enfardadeiras de alta qualidade.<\/li>\n<\/ol>\n<p>editado por gzl<\/p>","protected":false},"excerpt":{"rendered":"<p>Descubra a enfardadeira de fardos redondos 9YG-1.25A \u2013 a solu\u00e7\u00e3o perfeita para enfardar feno e palha com efici\u00eancia. Constru\u00edda para durabilidade e alto desempenho, esta enfardadeira garante fardos redondos uniformes e r\u00e1pidos com o m\u00ednimo esfor\u00e7o. Ideal para agricultores e profissionais do setor agr\u00edcola. Explore seus recursos e vantagens hoje mesmo. N\u00e3o perca tempo, maximize sua produtividade com a enfardadeira de fardos redondos 9YG-1.25A. Saiba mais agora!<\/p>","protected":false},"featured_media":387,"template":"","meta":{"_et_pb_use_builder":"","_et_pb_old_content":"","_et_gb_content_width":""},"product_brand":[],"product_cat":[18],"product_tag":[],"class_list":{"0":"post-385","1":"product","2":"type-product","3":"status-publish","4":"has-post-thumbnail","6":"product_cat-round-baler","8":"first","9":"instock","10":"shipping-taxable","11":"product-type-simple"},"_links":{"self":[{"href":"https:\/\/silage-balers.com\/pt\/wp-json\/wp\/v2\/product\/385","targetHints":{"allow":["GET"]}}],"collection":[{"href":"https:\/\/silage-balers.com\/pt\/wp-json\/wp\/v2\/product"}],"about":[{"href":"https:\/\/silage-balers.com\/pt\/wp-json\/wp\/v2\/types\/product"}],"wp:featuredmedia":[{"embeddable":true,"href":"https:\/\/silage-balers.com\/pt\/wp-json\/wp\/v2\/media\/387"}],"wp:attachment":[{"href":"https:\/\/silage-balers.com\/pt\/wp-json\/wp\/v2\/media?parent=385"}],"wp:term":[{"taxonomy":"product_brand","embeddable":true,"href":"https:\/\/silage-balers.com\/pt\/wp-json\/wp\/v2\/product_brand?post=385"},{"taxonomy":"product_cat","embeddable":true,"href":"https:\/\/silage-balers.com\/pt\/wp-json\/wp\/v2\/product_cat?post=385"},{"taxonomy":"product_tag","embeddable":true,"href":"https:\/\/silage-balers.com\/pt\/wp-json\/wp\/v2\/product_tag?post=385"}],"curies":[{"name":"wp","href":"https:\/\/api.w.org\/{rel}","templated":true}]}}