{"id":401,"date":"2025-12-23T09:30:50","date_gmt":"2025-12-23T09:30:50","guid":{"rendered":"https:\/\/silage-balers.com\/?post_type=product&#038;p=401"},"modified":"2025-12-29T05:45:13","modified_gmt":"2025-12-29T05:45:13","slug":"enfardadeira-redonda-9yg-2-24d-s9000","status":"publish","type":"product","link":"https:\/\/silage-balers.com\/pt\/produto\/enfardadeira-redonda-9yg-2-24d-s9000\/","title":{"rendered":"Enfardadeira redonda 9YG-2.24D (S9000)"},"content":{"rendered":"<p>A enfardadeira redonda 9YG-2.24D (S9000 Classic) \u00e9 uma m\u00e1quina agr\u00edcola avan\u00e7ada e de alta efici\u00eancia, projetada para simplificar o processo de enfardamento de feno e palha em grandes propriedades rurais. Sua constru\u00e7\u00e3o robusta, facilidade de opera\u00e7\u00e3o e capacidade de lidar com fardos de diversos tamanhos a tornam uma ferramenta essencial para agricultores que buscam aumentar a produtividade, garantindo fardos de alta qualidade. Esta m\u00e1quina \u00e9 ideal para o manuseio de grandes volumes de forragem, permitindo que os usu\u00e1rios economizem tempo e m\u00e3o de obra no campo.<\/p>\n<h2>Especifica\u00e7\u00f5es t\u00e9cnicas<\/h2>\n<table style=\"border-color: #000000;\">\n<thead>\n<tr>\n<th>N\u00famero de s\u00e9rie<\/th>\n<th>Item<\/th>\n<th>Unidade<\/th>\n<th>Especifica\u00e7\u00e3o<\/th>\n<\/tr>\n<\/thead>\n<tbody>\n<tr>\n<td>1<\/td>\n<td>Nome do modelo<\/td>\n<td>\/<\/td>\n<td>Enfardadeira redonda 9YG-2.24D (S9000)<\/td>\n<\/tr>\n<tr>\n<td>2<\/td>\n<td>M\u00e9todo de engate<\/td>\n<td>\/<\/td>\n<td>Tipo rebocado<\/td>\n<\/tr>\n<tr>\n<td>3<\/td>\n<td>Largura de capta\u00e7\u00e3o<\/td>\n<td>mm<\/td>\n<td>2240<\/td>\n<\/tr>\n<tr>\n<td>4<\/td>\n<td>Tipo de estrutura de capta\u00e7\u00e3o<\/td>\n<td>\/<\/td>\n<td>Tipo de dente de mola<\/td>\n<\/tr>\n<tr>\n<td>5<\/td>\n<td>Tipo de estrutura do alimentador<\/td>\n<td>\/<\/td>\n<td>Tipo rolo dentado + cilindro<\/td>\n<\/tr>\n<tr>\n<td>6<\/td>\n<td>Tipo de estrutura de enfardamento com c\u00e2mara de compress\u00e3o<\/td>\n<td>\/<\/td>\n<td>Tipo Cilindro<\/td>\n<\/tr>\n<tr>\n<td>7<\/td>\n<td>Largura da c\u00e2mara de compress\u00e3o<\/td>\n<td>mm<\/td>\n<td>1400<\/td>\n<\/tr>\n<tr>\n<td>8<\/td>\n<td>Di\u00e2metro da c\u00e2mara de compress\u00e3o<\/td>\n<td>mm<\/td>\n<td>\u03a61200<\/td>\n<\/tr>\n<tr>\n<td>9<\/td>\n<td>N\u00famero de pe\u00e7as m\u00f3veis laminadas<\/td>\n<td>peda\u00e7o<\/td>\n<td>18 (Cilindros)<\/td>\n<\/tr>\n<tr>\n<td>10<\/td>\n<td>Di\u00e2metro do cilindro de lamina\u00e7\u00e3o<\/td>\n<td>mm<\/td>\n<td>\u03a6222<\/td>\n<\/tr>\n<tr>\n<td>11<\/td>\n<td>M\u00e9todo de enfardamento<\/td>\n<td>\/<\/td>\n<td>Envolt\u00f3rio de rede<\/td>\n<\/tr>\n<tr>\n<td>12<\/td>\n<td>Poder de correspond\u00eancia<\/td>\n<td>kW<\/td>\n<td>55-100<\/td>\n<\/tr>\n<tr>\n<td>13<\/td>\n<td>Peso estrutural<\/td>\n<td>kg<\/td>\n<td>4262<\/td>\n<\/tr>\n<tr>\n<td>14<\/td>\n<td>Velocidade da TDP<\/td>\n<td>r\/min<\/td>\n<td>720<\/td>\n<\/tr>\n<tr>\n<td>15<\/td>\n<td>Dimens\u00f5es totais (C\u00d7L\u00d7A)<\/td>\n<td>mm<\/td>\n<td>4240\u00d73010\u00d72450 (Estado de funcionamento)<\/td>\n<\/tr>\n<tr>\n<td>16<\/td>\n<td>Controle da densidade dos fardos<\/td>\n<td>\/<\/td>\n<td>Controle de sensores<\/td>\n<\/tr>\n<tr>\n<td>17<\/td>\n<td>Dimens\u00f5es do fardo (di\u00e2metro \u00d7 largura)<\/td>\n<td>mm<\/td>\n<td>\u03a61300\u00d71400<\/td>\n<\/tr>\n<tr>\n<td>18<\/td>\n<td>Densidade do fardo<\/td>\n<td>kg\/m\u00b3<\/td>\n<td>100-200<\/td>\n<\/tr>\n<tr>\n<td>19<\/td>\n<td>Produtividade<\/td>\n<td>fardos\/h<\/td>\n<td>40-100<\/td>\n<\/tr>\n<tr>\n<td>20<\/td>\n<td>Esteira da roda<\/td>\n<td>mm<\/td>\n<td>2600<\/td>\n<\/tr>\n<tr>\n<td>21<\/td>\n<td>Velocidade de opera\u00e7\u00e3o<\/td>\n<td>km\/h<\/td>\n<td>5-35<\/td>\n<\/tr>\n<tr>\n<td>22<\/td>\n<td>Especifica\u00e7\u00e3o da rede de enfardamento<\/td>\n<td>m<\/td>\n<td>2000\u00d71,4\/fardo<\/td>\n<\/tr>\n<\/tbody>\n<\/table>\n<h2>Defini\u00e7\u00e3o do produto<\/h2>\n<p>A enfardadeira de fardos redondos 9YG-2.24D (S9000 Classic) \u00e9 uma m\u00e1quina potente utilizada para recolher, compactar e embalar com efici\u00eancia materiais agr\u00edcolas como feno, palha e capim em fardos uniformes e compactos. Este modelo apresenta maior efici\u00eancia operacional e durabilidade, sendo ideal para grandes fazendas e opera\u00e7\u00f5es agr\u00edcolas comerciais.<\/p>\n<p style=\"text-align: center;\"><img loading=\"lazy\" decoding=\"async\" class=\"alignnone wp-image-404 aligncenter\" src=\"https:\/\/silage-balers.com\/wp-content\/uploads\/2025\/12\/ep-9YG-2.24D-Round-Baler-S9000-3-1.webp\" alt=\"Enfardadeira redonda\" width=\"380\" height=\"380\" srcset=\"https:\/\/silage-balers.com\/wp-content\/uploads\/2025\/12\/ep-9YG-2.24D-Round-Baler-S9000-3-1.webp 268w, https:\/\/silage-balers.com\/wp-content\/uploads\/2025\/12\/ep-9YG-2.24D-Round-Baler-S9000-3-1-150x150.webp 150w, https:\/\/silage-balers.com\/wp-content\/uploads\/2025\/12\/ep-9YG-2.24D-Round-Baler-S9000-3-1-12x12.webp 12w, https:\/\/silage-balers.com\/wp-content\/uploads\/2025\/12\/ep-9YG-2.24D-Round-Baler-S9000-3-1-100x100.webp 100w\" sizes=\"(max-width: 380px) 100vw, 380px\" \/><\/p>\n<h2>Resolu\u00e7\u00e3o de Problemas e Aplica\u00e7\u00f5es<\/h2>\n<p>A enfardadeira de fardos redondos 9YG-2.24D (S9000 Classic) resolve diversos desafios enfrentados pelos agricultores, incluindo:<\/p>\n<ul>\n<li>Altos custos de m\u00e3o de obra: Automatiza o processo de enfardamento, reduzindo a necessidade de m\u00e3o de obra manual.<\/li>\n<li>Restri\u00e7\u00f5es de tempo: Aumenta a efici\u00eancia processando maiores volumes de material em menos tempo.<\/li>\n<li>Tamanhos de fardos inconsistentes: Produz fardos uniformes e de alta qualidade para melhor armazenamento e transporte.<\/li>\n<li>Quest\u00f5es de durabilidade: Constru\u00eddo com componentes robustos para suportar ambientes e materiais agr\u00edcolas exigentes.<\/li>\n<li>Compatibilidade limitada com diversas culturas: Adequado para uma ampla variedade de culturas, como feno, palha e grama.<\/li>\n<\/ul>\n<h2>Vantagens do produto<\/h2>\n<h3>1. Enfardamento redondo de alta efici\u00eancia<\/h3>\n<p>A enfardadeira redonda 9YG-2.24D (S9000 Classic) foi projetada para m\u00e1xima produtividade. Seu design inovador garante a forma\u00e7\u00e3o r\u00e1pida dos fardos, reduzindo significativamente o tempo de opera\u00e7\u00e3o em compara\u00e7\u00e3o com as enfardadeiras tradicionais. Este sistema de alta efici\u00eancia permite que os agricultores processem maiores quantidades de material por dia, tornando-o ideal para opera\u00e7\u00f5es em larga escala.<\/p>\n<h3>2. Qualidade superior dos fardos<\/h3>\n<p>Com a 9YG-2.24D, voc\u00ea obt\u00e9m fardos uniformes e bem compactados. Isso resulta em melhor armazenamento, transporte e manuseio geral de suas colheitas. O tamanho consistente e a compacta\u00e7\u00e3o dos fardos ajudam a evitar desperd\u00edcios e garantem que os materiais sejam preservados em \u00f3timas condi\u00e7\u00f5es.<\/p>\n<h3>3. Constru\u00e7\u00e3o robusta e dur\u00e1vel<\/h3>\n<p>O modelo S9000 Classic apresenta uma constru\u00e7\u00e3o robusta, projetada para suportar as exig\u00eancias de ambientes agr\u00edcolas rigorosos. Os materiais de alta resist\u00eancia utilizados na constru\u00e7\u00e3o desta enfardadeira de fardos redondos garantem anos de servi\u00e7o confi\u00e1vel, mesmo em condi\u00e7\u00f5es de trabalho severas.<\/p>\n<h3>4. F\u00e1cil de operar<\/h3>\n<p>Apesar de suas fun\u00e7\u00f5es complexas, a enfardadeira redonda 9YG-2.24D \u00e9 notavelmente f\u00e1cil de operar. Seus controles intuitivos e design f\u00e1cil de usar permitem que os operadores aprendam e dominem a m\u00e1quina rapidamente. Essa facilidade de uso reduz a necessidade de treinamento especializado, economizando tempo e dinheiro.<\/p>\n<h3>5. Aplica\u00e7\u00f5es vers\u00e1teis<\/h3>\n<p>A enfardadeira redonda 9YG-2.24D \u00e9 extremamente vers\u00e1til e adequada para diversas tarefas agr\u00edcolas. Ela pode lidar com uma ampla variedade de culturas, desde feno seco at\u00e9 palha \u00famida, tornando-a perfeita para diversas opera\u00e7\u00f5es agr\u00edcolas. Seja para trabalhar com grama, alfafa ou outras forragens, esta enfardadeira d\u00e1 conta do recado.<\/p>\n<h2>Como funciona a enfardadeira de fardos redondos 9YG-2.24D (S9000 Classic)<\/h2>\n<p>A enfardadeira de fardos redondos 9YG-2.24D opera por meio de uma s\u00e9rie de componentes mec\u00e2nicos que trabalham em conjunto para reunir, comprimir e embalar os materiais em fardos. O processo come\u00e7a quando a colheita \u00e9 alimentada na enfardadeira atrav\u00e9s do cilindro de recolhimento. \u00c0 medida que os materiais s\u00e3o puxados para dentro da c\u00e2mara, o rotor e um conjunto de rolos condicionadores trabalham juntos para quebrar a colheita e prepar\u00e1-la para o enfardamento.<\/p>\n<p>Uma vez dentro da c\u00e2mara de enfardamento, a colheita \u00e9 comprimida em formato cil\u00edndrico por um conjunto de rolos refor\u00e7ados. Um sistema de cordas ou redes \u00e9 ent\u00e3o utilizado para fixar o fardo, garantindo que ele mantenha sua forma para facilitar o manuseio. Os fardos prontos s\u00e3o ejetados da m\u00e1quina, prontos para transporte ou armazenamento.<\/p>\n<p style=\"text-align: center;\"><img loading=\"lazy\" decoding=\"async\" class=\"alignnone wp-image-403\" src=\"https:\/\/silage-balers.com\/wp-content\/uploads\/2025\/12\/ep-9YG-2.24D-Round-Baler-S9000-2-1.webp\" alt=\"Enfardadeira redonda\" width=\"403\" height=\"403\" srcset=\"https:\/\/silage-balers.com\/wp-content\/uploads\/2025\/12\/ep-9YG-2.24D-Round-Baler-S9000-2-1.webp 271w, https:\/\/silage-balers.com\/wp-content\/uploads\/2025\/12\/ep-9YG-2.24D-Round-Baler-S9000-2-1-150x150.webp 150w, https:\/\/silage-balers.com\/wp-content\/uploads\/2025\/12\/ep-9YG-2.24D-Round-Baler-S9000-2-1-12x12.webp 12w, https:\/\/silage-balers.com\/wp-content\/uploads\/2025\/12\/ep-9YG-2.24D-Round-Baler-S9000-2-1-100x100.webp 100w\" sizes=\"(max-width: 403px) 100vw, 403px\" \/><\/p>\n<h2>Aplica\u00e7\u00f5es principais da enfardadeira de fardos redondos 9YG-2.24D (S9000 Classic)<\/h2>\n<ul>\n<li><strong>Produ\u00e7\u00e3o de feno em larga escala:<\/strong> Ideal para fazendas que produzem grandes quantidades de feno, a S9000 Classic garante o enfardamento eficiente e uniforme das colheitas de feno.<\/li>\n<li><strong>Enfardamento de palha:<\/strong> Ideal para recolher e enfardar a palha ap\u00f3s a colheita dos gr\u00e3os, garantindo que fique compactada para um transporte e armazenamento eficientes.<\/li>\n<li><strong>Colheita de forragem:<\/strong> A enfardadeira \u00e9 ideal para a coleta de diversas culturas forrageiras, tornando-se uma op\u00e7\u00e3o vers\u00e1til para opera\u00e7\u00f5es agr\u00edcolas diversificadas.<\/li>\n<li><strong>Ensilagem em fardos:<\/strong> Para fazendas que produzem silagem, a 9YG-2.24D pode enfardar forragens \u00famidas com facilidade, preservando seu valor nutricional para a alimenta\u00e7\u00e3o do gado.<\/li>\n<li><strong>Gest\u00e3o de Res\u00edduos:<\/strong> Pode ser utilizado para o manuseio de res\u00edduos org\u00e2nicos, compactando-os em fardos de menor porte para facilitar o descarte ou o uso em compostagem.<\/li>\n<li><strong>Transporte e armazenamento:<\/strong> Os fardos uniformes produzidos pela 9YG-2.24D s\u00e3o f\u00e1ceis de transportar e armazenar, reduzindo os custos de m\u00e3o de obra e manuseio de materiais.<\/li>\n<\/ul>\n<h2>Como selecionar a enfardadeira de fardos redondos 9YG-2.24D (S9000 Classic) adequada<\/h2>\n<p>Escolher a enfardadeira de fardos redondos certa envolve considerar v\u00e1rios fatores importantes:<\/p>\n<h3>1. Tamanho do fardo<\/h3>\n<p>Considere o tamanho do fardo mais adequado \u00e0 sua opera\u00e7\u00e3o. A S9000 Classic pode produzir fardos de diversos tamanhos, portanto, escolha aquele que melhor se adequa \u00e0s suas necessidades de armazenamento e transporte.<\/p>\n<h3>2. Tipo de cultivo<\/h3>\n<p>Certifique-se de que a enfardadeira escolhida seja compat\u00edvel com os tipos de culturas com os quais voc\u00ea trabalha principalmente, como feno, palha ou silagem.<\/p>\n<h3>3. Velocidade de trabalho<\/h3>\n<p>Se voc\u00ea possui uma opera\u00e7\u00e3o em grande escala, certifique-se de que a enfardadeira suporte altas velocidades e volumes sem comprometer a qualidade dos fardos.<\/p>\n<h3>4. Durabilidade<\/h3>\n<p>Procure uma m\u00e1quina constru\u00edda para suportar as condi\u00e7\u00f5es adversas da agricultura. O design robusto da S9000 Classic garante que ela possa lidar com ambientes dif\u00edceis e cargas de trabalho pesadas.<\/p>\n<h3>5. Facilidade de opera\u00e7\u00e3o<\/h3>\n<p>Certifique-se de que a enfardadeira seja f\u00e1cil de operar e n\u00e3o exija treinamento especializado. A S9000 Classic \u00e9 f\u00e1cil de usar, o que pode economizar tempo e reduzir erros no campo.<\/p>\n<h3>6. Suporte p\u00f3s-venda<\/h3>\n<p>Verifique se o fabricante oferece um bom suporte p\u00f3s-venda, incluindo servi\u00e7os de manuten\u00e7\u00e3o e disponibilidade de pe\u00e7as de reposi\u00e7\u00e3o, para garantir que sua enfardadeira permane\u00e7a em \u00f3timas condi\u00e7\u00f5es.<\/p>\n<h2>Dicas de manuten\u00e7\u00e3o para a enfardadeira de fardos redondos 9YG-2.24D (S9000 Classic)<\/h2>\n<p>Para manter o desempenho ideal da sua enfardadeira de fardos redondos 9YG-2.24D (S9000 Classic), siga estas pr\u00e1ticas de manuten\u00e7\u00e3o essenciais:<\/p>\n<ul>\n<li>Inspecione e limpe regularmente a c\u00e2mara de enfardamento para evitar o ac\u00famulo de detritos.<\/li>\n<li>Lubrifique as pe\u00e7as m\u00f3veis de acordo com as recomenda\u00e7\u00f5es do fabricante para reduzir o desgaste.<\/li>\n<li>Verifique regularmente o sistema de redes ou cordas para garantir o bom funcionamento e o correto enrolamento dos fardos.<\/li>\n<li>Monitore a press\u00e3o dos pneus e o alinhamento da esteira para garantir um transporte suave e reduzir o desgaste mec\u00e2nico.<\/li>\n<li>Agende manuten\u00e7\u00f5es profissionais peri\u00f3dicas para manter o desempenho ideal e evitar reparos dispendiosos.<\/li>\n<\/ul>\n<h2>Avalia\u00e7\u00f5es de clientes<\/h2>\n<h3>1. Estados Unidos \u2013 Ind\u00fastria Agr\u00edcola<\/h3>\n<p>A enfardadeira redonda 9YG-2.24D (S9000 Classic) tem sido uma adi\u00e7\u00e3o indispens\u00e1vel \u00e0 nossa fazenda. Usamos para enfardar feno e os resultados t\u00eam sido incr\u00edveis. A consist\u00eancia dos fardos \u00e9 perfeita e nos economiza muito tempo em compara\u00e7\u00e3o com a nossa enfardadeira anterior. Ela lida bem tanto com feno seco quanto \u00famido e notamos uma melhora significativa na velocidade das nossas opera\u00e7\u00f5es.<\/p>\n<p><strong>John Miller \u2013 Estados Unidos<\/strong><\/p>\n<h3>2. Canad\u00e1 \u2013 Fazenda de gado<\/h3>\n<p>Esta enfardadeira superou minhas expectativas! \u00c9 f\u00e1cil de operar, mesmo para os funcion\u00e1rios menos experientes. A m\u00e1quina \u00e9 dur\u00e1vel e lida com grandes volumes de palha sem problemas. Os fardos ficam bem compactados, o que facilita o armazenamento para alimenta\u00e7\u00e3o do gado no inverno. Economizamos muito tempo e, sem d\u00favida, nossa produtividade aumentou.<\/p>\n<p><strong>Sarah Thompson \u2013 Canad\u00e1<\/strong><\/p>\n<h3>3. Austr\u00e1lia \u2013 Agricultura Mista<\/h3>\n<p>J\u00e1 faz alguns meses que estamos usando a enfardadeira redonda 9YG-2.24D e ficamos realmente impressionados. Ela processa tanto feno quanto silagem, sendo ideal para nossa opera\u00e7\u00e3o agr\u00edcola diversificada. A m\u00e1quina \u00e9 robusta e tem um \u00f3timo desempenho mesmo no clima desafiador da Austr\u00e1lia. Recomendamos fortemente este produto a outros agricultores que buscam confiabilidade e efici\u00eancia.<\/p>\n<p><strong>Mark Davis \u2013 Austr\u00e1lia<\/strong><\/p>\n<h3>4. Reino Unido \u2013 Fazenda de feno em grande escala<\/h3>\n<p>Como grandes produtores de feno, precis\u00e1vamos de uma enfardadeira capaz de lidar com grandes volumes. A S9000 Classic atendeu exatamente a essa necessidade. Ela produz fardos uniformes e compactos, f\u00e1ceis de manusear e armazenar. Al\u00e9m disso, \u00e9 muito mais r\u00e1pida que o nosso modelo anterior, o que nos ajudou a atingir nossas metas de produ\u00e7\u00e3o para a temporada.<\/p>\n<p><strong>Oliver James \u2013 Reino Unido<\/strong><\/p>\n<h3>5. Nova Zel\u00e2ndia \u2013 Enfardamento de palha<\/h3>\n<p>O 9YG-2.24D <a href=\"https:\/\/silage-balers.com\/pt\/produto\/enfardadeira-redonda-9yg-2-24d\/\">Enfardadeira redonda<\/a> Tem sido um \u00f3timo investimento para nossa fazenda. \u00c9 particularmente eficaz na enfardagem de palha, fornecendo fardos perfeitamente formados e f\u00e1ceis de transportar. A facilidade de uso e a alta efici\u00eancia s\u00e3o seus principais diferenciais. Sem d\u00favida, ajudou a reduzir nossos custos com m\u00e3o de obra e a melhorar nossa opera\u00e7\u00e3o como um todo.<\/p>\n<p><strong>Emily Clark \u2013 Nova Zel\u00e2ndia<\/strong><\/p>\n<h2>Por que escolher nosso produto?<\/h2>\n<p>Escolher a enfardadeira redonda 9YG-2.24D (S9000 Classic) significa escolher um produto que oferece desempenho superior, durabilidade e facilidade de uso. Com nossas op\u00e7\u00f5es de personaliza\u00e7\u00e3o r\u00e1pidas, garantimos que suas necessidades sejam atendidas de forma \u00e1gil e eficiente. Oferecemos 3 anos de garantia, assegurando tranquilidade e opera\u00e7\u00e3o sem problemas. Nosso excelente servi\u00e7o p\u00f3s-venda garante que voc\u00ea sempre ter\u00e1 o suporte necess\u00e1rio, n\u00e3o importa onde esteja no mundo.<\/p>\n<p>Al\u00e9m disso, oferecemos envio r\u00e1pido internacional para atender \u00e0s suas necessidades de pedido, garantindo que voc\u00ea receba a m\u00e1quina de forma r\u00e1pida e eficiente. Nosso compromisso com a satisfa\u00e7\u00e3o do cliente, a qualidade do produto e os pre\u00e7os competitivos nos torna a melhor escolha para suas necessidades de enfardamento.<\/p>\n<h2>Explore nossa linha completa de produtos.<\/h2>\n<p>Al\u00e9m da enfardadeira redonda 9YG-2.24D (S9000 Classic), oferecemos uma variedade de outros equipamentos e acess\u00f3rios agr\u00edcolas. Nossos produtos s\u00e3o projetados para ajudar voc\u00ea a aumentar a produtividade, reduzir custos e otimizar suas opera\u00e7\u00f5es agr\u00edcolas. Entre em contato conosco hoje mesmo para explorar nossa linha completa e encontrar a solu\u00e7\u00e3o perfeita para suas necessidades. Nossa equipe experiente est\u00e1 \u00e0 disposi\u00e7\u00e3o para esclarecer quaisquer d\u00favidas.<img loading=\"lazy\" decoding=\"async\" class=\"wp-image-405 aligncenter\" src=\"https:\/\/silage-balers.com\/wp-content\/uploads\/2025\/12\/ep-9YG-2.24D-Round-Baler-S9000-4-1.webp\" alt=\"Enfardadeira redonda\" width=\"409\" height=\"409\" srcset=\"https:\/\/silage-balers.com\/wp-content\/uploads\/2025\/12\/ep-9YG-2.24D-Round-Baler-S9000-4-1.webp 258w, https:\/\/silage-balers.com\/wp-content\/uploads\/2025\/12\/ep-9YG-2.24D-Round-Baler-S9000-4-1-150x150.webp 150w, https:\/\/silage-balers.com\/wp-content\/uploads\/2025\/12\/ep-9YG-2.24D-Round-Baler-S9000-4-1-12x12.webp 12w, https:\/\/silage-balers.com\/wp-content\/uploads\/2025\/12\/ep-9YG-2.24D-Round-Baler-S9000-4-1-100x100.webp 100w\" sizes=\"(max-width: 409px) 100vw, 409px\" \/><\/p>\n<h2>Perguntas frequentes<\/h2>\n<p><strong>Qual \u00e9 o tamanho m\u00e1ximo de fardo que a enfardadeira redonda 9YG-2.24D (S9000 Classic) pode processar?<\/strong><\/p>\n<p>A 9YG-2.24D pode produzir fardos de at\u00e9 1,2 metros de di\u00e2metro, sendo adequada para opera\u00e7\u00f5es em larga escala que exigem enfardamento de alto volume.<\/p>\n<p><strong>A enfardadeira redonda 9YG-2.24D \u00e9 adequada para feno \u00famido?<\/strong><\/p>\n<p>Sim, a 9YG-2.24D foi projetada para lidar com feno seco e \u00famido, tornando-a vers\u00e1til para diferentes condi\u00e7\u00f5es clim\u00e1ticas e tipos de cultivo.<\/p>\n<p><strong>Com que frequ\u00eancia a enfardadeira de fardos redondos 9YG-2.24D deve ser submetida a manuten\u00e7\u00e3o?<\/strong><\/p>\n<p>Recomenda-se que a enfardadeira seja submetida a manuten\u00e7\u00e3o pelo menos uma vez por ano, ou com maior frequ\u00eancia se for utilizada intensamente. A manuten\u00e7\u00e3o regular garantir\u00e1 que ela opere com m\u00e1xima efici\u00eancia.<\/p>\n<p><strong>A enfardadeira redonda 9YG-2.24D pode ser usada para enfardar silagem?<\/strong><\/p>\n<p>Sim, este modelo \u00e9 excelente para ensilagem. Ele processa forragem \u00famida de forma eficiente, preservando seu valor nutricional.<\/p>\n<p><strong>Que tipo de corda ou rede utiliza a enfardadeira redonda 9YG-2.24D?<\/strong><\/p>\n<p>A enfardadeira pode usar tanto barbante quanto rede, oferecendo flexibilidade dependendo das suas necessidades de armazenamento e manuseio de fardos.<\/p>\n<p><strong>A enfardadeira de fardos redondos 9YG-2.24D (S9000 Classic) possui garantia?<\/strong><\/p>\n<p>Sim, oferecemos uma garantia de 3 anos para este modelo, garantindo total tranquilidade e suporte durante o per\u00edodo de garantia.<\/p>\n<p><strong>Qual a velocidade m\u00e1xima de opera\u00e7\u00e3o da enfardadeira de fardos redondos 9YG-2.24D?<\/strong><\/p>\n<p>A S9000 Classic opera a velocidades de at\u00e9 20-25 km\/h, permitindo que voc\u00ea conclua as tarefas de enfardamento de forma r\u00e1pida e eficiente.<\/p>\n<p><strong>Qual \u00e9 a faixa de pre\u00e7o da enfardadeira redonda 9YG-2.24D (S9000 Classic)?<\/strong><\/p>\n<p>O pre\u00e7o depende das op\u00e7\u00f5es de personaliza\u00e7\u00e3o e dos detalhes de envio. Entre em contato com nossa equipe de vendas para obter um or\u00e7amento personalizado.<\/p>\n<p><strong>A enfardadeira redonda 9YG-2.24D pode ser enviada internacionalmente?<\/strong><\/p>\n<p>Sim, oferecemos servi\u00e7os de envio internacional para garantir que voc\u00ea receba sua m\u00e1quina onde quer que esteja.<\/p>\n<p><strong>Quanto tempo leva para receber a enfardadeira redonda 9YG-2.24D ap\u00f3s o pedido?<\/strong><\/p>\n<p>Os prazos de entrega variam de acordo com a localiza\u00e7\u00e3o, mas nosso objetivo \u00e9 despachar os pedidos em at\u00e9 1 a 2 semanas para entregas internacionais.<\/p>\n<p><strong>Existe treinamento dispon\u00edvel para novos usu\u00e1rios da enfardadeira de fardos redondos 9YG-2.24D?<\/strong><\/p>\n<p>Sim, oferecemos sess\u00f5es de treinamento para garantir que sua equipe possa operar a enfardadeira com seguran\u00e7a e efici\u00eancia desde o primeiro dia.<\/p>\n<p><strong>Que tipo de culturas a enfardadeira redonda 9YG-2.24D pode processar?<\/strong><\/p>\n<p>Esta enfardadeira \u00e9 adequada para uma ampla variedade de culturas, incluindo feno, palha, silagem e diversos materiais forrageiros.<\/p>\n<p><strong>Quais s\u00e3o os custos de manuten\u00e7\u00e3o da enfardadeira de fardos redondos 9YG-2.24D?<\/strong><\/p>\n<p>Os custos de manuten\u00e7\u00e3o s\u00e3o relativamente baixos, sendo as verifica\u00e7\u00f5es de rotina e a lubrifica\u00e7\u00e3o as principais despesas. Tamb\u00e9m oferecemos pacotes de servi\u00e7os estendidos.<\/p>\n<p><strong>A enfardadeira de fardos redondos 9YG-2.24D pode ser usada em condi\u00e7\u00f5es clim\u00e1ticas extremas?<\/strong><\/p>\n<p>Sim, o S9000 Classic foi projetado para ter um bom desempenho mesmo em condi\u00e7\u00f5es clim\u00e1ticas adversas, como calor ou frio extremos.<\/p>\n<p><strong>Qual \u00e9 a vida \u00fatil esperada da enfardadeira redonda 9YG-2.24D (S9000 Classic)?<\/strong><\/p>\n<p>A expectativa de vida \u00fatil desta m\u00e1quina \u00e9 superior a 10 anos com manuten\u00e7\u00e3o e cuidados adequados, tornando-a um investimento de longo prazo para sua fazenda.<\/p>\n<p>editado por gzl<\/p>","protected":false},"excerpt":{"rendered":"<p>Aprimore suas opera\u00e7\u00f5es agr\u00edcolas com a enfardadeira de fardos redondos 9YG-2.24D (S9000). Projetada para enfardar feno, palha e outros materiais com alta efici\u00eancia, esta enfardadeira garante um desempenho suave e confi\u00e1vel. Com recursos avan\u00e7ados, como opera\u00e7\u00e3o f\u00e1cil e constru\u00e7\u00e3o dur\u00e1vel, a S9000 ajuda voc\u00ea a aumentar a produtividade e reduzir o tempo de inatividade. Seja em uma pequena ou grande propriedade rural, esta enfardadeira foi constru\u00edda para lidar com as tarefas mais dif\u00edceis. Maximize sua efici\u00eancia e fa\u00e7a o trabalho direito com a enfardadeira de fardos redondos 9YG-2.24D (S9000).<\/p>","protected":false},"featured_media":402,"template":"","meta":{"_et_pb_use_builder":"","_et_pb_old_content":"","_et_gb_content_width":""},"product_brand":[],"product_cat":[18],"product_tag":[],"class_list":{"0":"post-401","1":"product","2":"type-product","3":"status-publish","4":"has-post-thumbnail","6":"product_cat-round-baler","8":"first","9":"instock","10":"shipping-taxable","11":"product-type-simple"},"_links":{"self":[{"href":"https:\/\/silage-balers.com\/pt\/wp-json\/wp\/v2\/product\/401","targetHints":{"allow":["GET"]}}],"collection":[{"href":"https:\/\/silage-balers.com\/pt\/wp-json\/wp\/v2\/product"}],"about":[{"href":"https:\/\/silage-balers.com\/pt\/wp-json\/wp\/v2\/types\/product"}],"wp:featuredmedia":[{"embeddable":true,"href":"https:\/\/silage-balers.com\/pt\/wp-json\/wp\/v2\/media\/402"}],"wp:attachment":[{"href":"https:\/\/silage-balers.com\/pt\/wp-json\/wp\/v2\/media?parent=401"}],"wp:term":[{"taxonomy":"product_brand","embeddable":true,"href":"https:\/\/silage-balers.com\/pt\/wp-json\/wp\/v2\/product_brand?post=401"},{"taxonomy":"product_cat","embeddable":true,"href":"https:\/\/silage-balers.com\/pt\/wp-json\/wp\/v2\/product_cat?post=401"},{"taxonomy":"product_tag","embeddable":true,"href":"https:\/\/silage-balers.com\/pt\/wp-json\/wp\/v2\/product_tag?post=401"}],"curies":[{"name":"wp","href":"https:\/\/api.w.org\/{rel}","templated":true}]}}