{"id":413,"date":"2025-12-24T02:38:22","date_gmt":"2025-12-24T02:38:22","guid":{"rendered":"https:\/\/silage-balers.com\/?post_type=product&#038;p=413"},"modified":"2025-12-29T05:44:27","modified_gmt":"2025-12-29T05:44:27","slug":"4byh-2-6-puxador-de-feijao","status":"publish","type":"product","link":"https:\/\/silage-balers.com\/pt\/produto\/4byh-2-6-puxador-de-feijao\/","title":{"rendered":"4BYH-2.6 Descascador de Feij\u00e3o-carioca"},"content":{"rendered":"<h2>Especifica\u00e7\u00f5es t\u00e9cnicas<\/h2>\n<table style=\"border-color: #000000;\">\n<thead>\n<tr>\n<th>N\u00famero de s\u00e9rie<\/th>\n<th>Item<\/th>\n<th>Unidade<\/th>\n<th>Especifica\u00e7\u00e3o<\/th>\n<\/tr>\n<\/thead>\n<tbody>\n<tr>\n<td>1<\/td>\n<td>Nome do modelo<\/td>\n<td>\/<\/td>\n<td>4BYH-2.6 Descascador de Feij\u00e3o-carioca<\/td>\n<\/tr>\n<tr>\n<td>2<\/td>\n<td>M\u00e9todo de engate<\/td>\n<td>\/<\/td>\n<td>Tipo Montado<\/td>\n<\/tr>\n<tr>\n<td>3<\/td>\n<td>Tipo de selecionador<\/td>\n<td>\/<\/td>\n<td>Tipo de dente de mola<\/td>\n<\/tr>\n<tr>\n<td>4<\/td>\n<td>Largura de trabalho<\/td>\n<td>m<\/td>\n<td>2.6<\/td>\n<\/tr>\n<tr>\n<td>5<\/td>\n<td>Faixa de pot\u00eancia correspondente<\/td>\n<td>kW<\/td>\n<td>66-88<\/td>\n<\/tr>\n<tr>\n<td>6<\/td>\n<td>Faixa de velocidade operacional<\/td>\n<td>km\/h<\/td>\n<td>6~10<\/td>\n<\/tr>\n<tr>\n<td>7<\/td>\n<td>Dimens\u00f5es totais (Comprimento \u00d7 Largura \u00d7 Altura)<\/td>\n<td>mm<\/td>\n<td>2333\u00d72870\u00d71182<\/td>\n<\/tr>\n<tr>\n<td>8<\/td>\n<td>Velocidade da TDP<\/td>\n<td>r\/min<\/td>\n<td>540<\/td>\n<\/tr>\n<tr>\n<td>9<\/td>\n<td>Dist\u00e2ncia entre eixos<\/td>\n<td>mm<\/td>\n<td>2600<\/td>\n<\/tr>\n<tr>\n<td>10<\/td>\n<td>Produtividade<\/td>\n<td>hm\u00b2\/h<\/td>\n<td>1.56-2.6<\/td>\n<\/tr>\n<tr>\n<td>11<\/td>\n<td>N\u00famero de operadores<\/td>\n<td>pessoa<\/td>\n<td>1<\/td>\n<\/tr>\n<tr>\n<td>12<\/td>\n<td>Massa estrutural<\/td>\n<td>kg<\/td>\n<td>1100<\/td>\n<\/tr>\n<\/tbody>\n<\/table>\n<h2>Introdu\u00e7\u00e3o ao Extrator de Feij\u00e3o 4BYH-2.6<\/h2>\n<p>A colhedora de feij\u00e3o-carioca 4BYH-2.6 \u00e9 uma ferramenta agr\u00edcola revolucion\u00e1ria projetada para aumentar a efici\u00eancia na colheita de feij\u00e3o-carioca. Trata-se de uma m\u00e1quina altamente especializada que oferece solu\u00e7\u00f5es automatizadas para a tarefa trabalhosa de colher feij\u00e3o, tornando-se um equipamento essencial para grandes propriedades rurais. Com seus recursos avan\u00e7ados e desempenho robusto, a colhedora de feij\u00e3o-carioca 4BYH-2.6 oferece uma solu\u00e7\u00e3o pr\u00e1tica e econ\u00f4mica para as necessidades de colheita de feij\u00e3o.<\/p>\n<h2>O que \u00e9 o extrator de feij\u00e3o 4BYH-2.6?<\/h2>\n<p>A colhedora de feij\u00e3o-carioca 4BYH-2.6 \u00e9 uma m\u00e1quina agr\u00edcola avan\u00e7ada projetada para auxiliar os agricultores na colheita eficiente do feij\u00e3o-carioca. Ela foi desenvolvida para arrancar, separar e processar o feij\u00e3o-carioca do solo com efic\u00e1cia. Esta m\u00e1quina foi especialmente projetada para atender \u00e0s necessidades de opera\u00e7\u00f5es agr\u00edcolas em larga escala, oferecendo uma solu\u00e7\u00e3o que reduz os custos de m\u00e3o de obra, ao mesmo tempo que aumenta a produtividade e a velocidade de colheita.<\/p>\n<p style=\"text-align: center;\"><img loading=\"lazy\" decoding=\"async\" class=\"alignnone wp-image-414\" src=\"https:\/\/silage-balers.com\/wp-content\/uploads\/2025\/12\/ep-4BYH-2.6-Kidney-Bean-Puller-2-1.webp\" alt=\"Puxador de Feij\u00e3o-carioca\" width=\"445\" height=\"445\" srcset=\"https:\/\/silage-balers.com\/wp-content\/uploads\/2025\/12\/ep-4BYH-2.6-Kidney-Bean-Puller-2-1.webp 267w, https:\/\/silage-balers.com\/wp-content\/uploads\/2025\/12\/ep-4BYH-2.6-Kidney-Bean-Puller-2-1-150x150.webp 150w, https:\/\/silage-balers.com\/wp-content\/uploads\/2025\/12\/ep-4BYH-2.6-Kidney-Bean-Puller-2-1-12x12.webp 12w, https:\/\/silage-balers.com\/wp-content\/uploads\/2025\/12\/ep-4BYH-2.6-Kidney-Bean-Puller-2-1-100x100.webp 100w\" sizes=\"(max-width: 445px) 100vw, 445px\" \/><\/p>\n<h2>Problemas resolvidos pelo extrator de feij\u00e3o 4BYH-2.6<\/h2>\n<p>A colhedora de feij\u00e3o 4BYH-2.6 resolve diversos desafios comuns enfrentados pelos produtores de feij\u00e3o, incluindo:<\/p>\n<ul>\n<li><strong>Escassez de m\u00e3o de obra:<\/strong> Ao automatizar o processo de colheita dos gr\u00e3os, a m\u00e1quina reduz a necessidade de m\u00e3o de obra manual extensiva, que muitas vezes \u00e9 escassa, especialmente durante os per\u00edodos de pico da colheita.<\/li>\n<li><strong>Colheita inconsistente:<\/strong> A colheita manual pode ser inconsistente, resultando em gr\u00e3os perdidos ou danificados. A 4BYH-2.6 garante uma colheita completa e uniforme.<\/li>\n<li><strong>Baixa efici\u00eancia:<\/strong> Os m\u00e9todos tradicionais s\u00e3o demorados e podem ser menos eficientes. A m\u00e1quina aumenta significativamente a produtividade, economizando tempo e energia.<\/li>\n<li><strong>Danos ao solo:<\/strong> Outros m\u00e9todos de colheita podem danificar o solo, mas a colhedora de feij\u00e3o-carioca 4BYH-2.6 foi projetada para minimizar a perturba\u00e7\u00e3o da estrutura do solo, garantindo uma melhor sa\u00fade do solo a longo prazo.<\/li>\n<li><strong>Altos custos operacionais:<\/strong> Ao reduzir a depend\u00eancia do trabalho manual, essa m\u00e1quina ajuda a diminuir os custos operacionais no cultivo de feij\u00e3o, melhorando a rentabilidade geral das grandes fazendas.<\/li>\n<\/ul>\n<h2>Vantagens do produto<\/h2>\n<p>A colhedora de feij\u00e3o 4BYH-2.6 oferece in\u00fameras vantagens para os agricultores que buscam aprimorar seu processo de colheita de feij\u00e3o:<\/p>\n<h3>1. Alta Efici\u00eancia<\/h3>\n<p>A 4BYH-2.6 foi projetada para opera\u00e7\u00e3o em alta velocidade, capaz de colher uma grande quantidade de feij\u00e3o-carioca em um curto per\u00edodo. Seu motor potente e mecanismo de colheita otimizado permitem um processamento mais r\u00e1pido e eficiente do que os m\u00e9todos tradicionais.<\/p>\n<h3>2. Redu\u00e7\u00e3o dos custos de m\u00e3o de obra<\/h3>\n<p>Uma das principais vantagens da 4BYH-2.6 \u00e9 a sua capacidade de reduzir a necessidade de m\u00e3o de obra manual. Isso n\u00e3o s\u00f3 economiza custos, como tamb\u00e9m elimina os desafios de encontrar trabalhadores qualificados durante os per\u00edodos de pico da colheita.<\/p>\n<h3>3. Dur\u00e1vel e confi\u00e1vel<\/h3>\n<p>Constru\u00eddo com materiais de alta qualidade e tecnologia avan\u00e7ada, o 4BYH-2.6 foi projetado para uso prolongado. Sua estrutura robusta garante resist\u00eancia \u00e0s condi\u00e7\u00f5es adversas da agricultura, tornando-o um investimento confi\u00e1vel para grandes produtores rurais.<\/p>\n<h3>4. Preserva\u00e7\u00e3o do Solo<\/h3>\n<p>Diferentemente de outras m\u00e1quinas de colheita que podem causar perturba\u00e7\u00f5es significativas no solo, a colhedora de feij\u00e3o-carioca 4BYH-2.6 minimiza os danos ao solo, preservando sua sa\u00fade para futuros ciclos de plantio.<\/p>\n<h3>5. Manuten\u00e7\u00e3o f\u00e1cil<\/h3>\n<p>A 4BYH-2.6 foi projetada para facilitar a manuten\u00e7\u00e3o. Com procedimentos simples de limpeza e revis\u00e3o, os agricultores podem garantir o bom funcionamento da m\u00e1quina durante toda a temporada, sem incorrer em altos custos de reparo.<\/p>\n<h2>Como funciona o extrator de feij\u00e3o 4BYH-2.6<\/h2>\n<p>A colhedora de feij\u00e3o 4BYH-2.6 opera com um sistema automatizado que combina a colheita mec\u00e2nica, a separa\u00e7\u00e3o e a coleta do feij\u00e3o. A m\u00e1quina \u00e9 equipada com um mecanismo de colheita especializado que remove delicadamente os gr\u00e3os do solo sem danific\u00e1-los. Ap\u00f3s a colheita, os gr\u00e3os s\u00e3o separados de qualquer terra ou detrito por meio de peneiras mec\u00e2nicas. Os gr\u00e3os limpos s\u00e3o ent\u00e3o coletados em recipientes, prontos para processamento ou embalagem.<\/p>\n<h2>Principais cen\u00e1rios de aplica\u00e7\u00e3o para o debulhador de feij\u00e3o 4BYH-2.6<\/h2>\n<p>O arrancador de feij\u00e3o-carioca 4BYH-2.6 \u00e9 ideal para uso em uma variedade de cen\u00e1rios agr\u00edcolas, incluindo:<\/p>\n<ul>\n<li><strong>Fazendas de grande escala:<\/strong> Ideal para grandes opera\u00e7\u00f5es de cultivo de feij\u00e3o, onde a necessidade de efici\u00eancia e colheita em grande volume \u00e9 fundamental.<\/li>\n<li><strong>Produ\u00e7\u00e3o comercial de feij\u00e3o:<\/strong> Indicado para empresas que produzem feij\u00e3o em escala comercial e precisam de uma solu\u00e7\u00e3o confi\u00e1vel para a colheita.<\/li>\n<li><strong>Fazendas org\u00e2nicas:<\/strong> A m\u00e1quina \u00e9 suave com o solo, tornando-a uma excelente op\u00e7\u00e3o para fazendas org\u00e2nicas que priorizam a sa\u00fade do solo.<\/li>\n<li><strong>Cooperativas agr\u00edcolas:<\/strong> Ideal para cooperativas que administram grandes \u00e1reas de terra e necessitam de m\u00e1quinas capazes de lidar com colheitas de alto rendimento.<\/li>\n<li><strong>Fazendas voltadas para a exporta\u00e7\u00e3o:<\/strong> Para fazendas que fornecem feij\u00e3o para exporta\u00e7\u00e3o, a 4BYH-2.6 garante uma colheita r\u00e1pida e eficiente, reduzindo o tempo de chegada ao mercado.<\/li>\n<li><strong>Pesquisa e Desenvolvimento Agr\u00edcola:<\/strong> Centros de pesquisa agr\u00edcola e fazendas focadas em melhorar a produtividade das colheitas podem se beneficiar da precis\u00e3o e efici\u00eancia da m\u00e1quina na colheita de feij\u00e3o.<\/li>\n<\/ul>\n<h2>Como escolher o extrator de feij\u00e3o 4BYH-2.6 adequado<\/h2>\n<p>Ao selecionar um extrator de feij\u00e3o 4BYH-2.6, considere os seguintes fatores:<\/p>\n<ul>\n<li><strong>Tamanho da fazenda:<\/strong> Fazendas maiores se beneficiar\u00e3o da alta efici\u00eancia do 4BYH-2.6, enquanto fazendas menores podem precisar de um modelo menor.<\/li>\n<li><strong>Condi\u00e7\u00f5es do solo:<\/strong> Considere o tipo de solo e os n\u00edveis de umidade em sua propriedade. O modelo 4BYH-2.6 se adapta a diferentes tipos de solo, mas voc\u00ea deve garantir que ele seja adequado \u00e0s suas condi\u00e7\u00f5es espec\u00edficas.<\/li>\n<li><strong>Volume de colheita:<\/strong> Escolha uma m\u00e1quina que suporte o seu volume de colheita. A 4BYH-2.6 \u00e9 ideal para opera\u00e7\u00f5es de alto rendimento, por isso \u00e9 importante que as suas capacidades correspondam \u00e0s suas necessidades.<\/li>\n<li><strong>Suporte de manuten\u00e7\u00e3o:<\/strong> Assegure-se de que existe suporte adequado para a m\u00e1quina na sua regi\u00e3o, incluindo a disponibilidade de pe\u00e7as sobresselentes e servi\u00e7os de manuten\u00e7\u00e3o.<\/li>\n<li><strong>Or\u00e7amento:<\/strong> Embora o 4BYH-2.6 seja uma solu\u00e7\u00e3o com boa rela\u00e7\u00e3o custo-benef\u00edcio a longo prazo, leve em considera\u00e7\u00e3o seu or\u00e7amento inicial de investimento ao efetuar a compra.<\/li>\n<li><strong>Funcionalidades adicionais:<\/strong> Alguns modelos v\u00eam com recursos adicionais, como rastreamento por GPS, an\u00e1lise automatizada do solo e tecnologia de separa\u00e7\u00e3o aprimorada. Considere essas op\u00e7\u00f5es com base nas necessidades da sua fazenda.<\/li>\n<\/ul>\n<h2>Manuten\u00e7\u00e3o do Extrator de Feij\u00e3o 4BYH-2.6<\/h2>\n<p>Para garantir desempenho e longevidade ideais, o 4BYH-2.6<a href=\"https:\/\/silage-balers.com\/pt\/produto\/4byh-1-3-maquina-de-arrancar-feijao\/\"> Puxador de Feij\u00e3o-carioca<\/a> Deve ser realizada manuten\u00e7\u00e3o regular. As principais tarefas de manuten\u00e7\u00e3o incluem:<\/p>\n<ul>\n<li><strong>Limpeza regular:<\/strong> Ap\u00f3s cada utiliza\u00e7\u00e3o, limpe a m\u00e1quina para remover sujeira, detritos e quaisquer gr\u00e3os restantes, a fim de evitar entupimentos.<\/li>\n<li><strong>Lubrifica\u00e7\u00e3o:<\/strong> Lubrifique todas as partes m\u00f3veis, incluindo o mecanismo de tra\u00e7\u00e3o e as peneiras, para reduzir o atrito e evitar o desgaste.<\/li>\n<li><strong>Verificar o desempenho do motor:<\/strong> Monitore regularmente o desempenho do motor, garantindo que ele esteja funcionando com m\u00e1xima efici\u00eancia.<\/li>\n<li><strong>Inspecione quanto a danos:<\/strong> Inspecione periodicamente a m\u00e1quina para verificar se h\u00e1 sinais de desgaste ou danos, especialmente nos componentes de tra\u00e7\u00e3o e peneiramento.<\/li>\n<li><strong>Intervalos de manuten\u00e7\u00e3o:<\/strong> Siga os intervalos de manuten\u00e7\u00e3o recomendados pelo fabricante para substituir pe\u00e7as como filtros, correias e veda\u00e7\u00f5es, conforme necess\u00e1rio.<\/li>\n<\/ul>\n<h2>Avalia\u00e7\u00f5es de clientes<\/h2>\n<p>Aqui est\u00e3o algumas avalia\u00e7\u00f5es de clientes para o Descascador de Feij\u00e3o 4BYH-2.6:<\/p>\n<p><strong>\u201cJ\u00e1 faz duas safras que estou usando a 4BYH-2.6 e estou muito impressionado com a sua efici\u00eancia. Ela reduziu nossos custos de m\u00e3o de obra em mais de 30% e os gr\u00e3os ficam mais limpos do que nunca. \u00c9 um investimento s\u00f3lido para qualquer fazenda de grande porte.\u201d<\/strong><br \/>\n\u2014 John Smith, EUA<\/p>\n<p><strong>\u201cA 4BYH-2.6 revolucionou a minha fazenda. Conseguimos colher muito mais r\u00e1pido e a m\u00e1quina \u00e9 f\u00e1cil de operar. Recomendo fortemente para produtores comerciais de feij\u00e3o.\u201d<\/strong><br \/>\n\u2014 Ahmed Ali, Egito<\/p>\n<p><strong>\u201cComo uma fazenda org\u00e2nica, est\u00e1vamos preocupados com os danos ao solo, mas o 4BYH-2.6 funciona maravilhosamente bem. \u00c9 suave com a terra e ainda nos proporciona uma colheita de alta qualidade.\u201d<\/strong><br \/>\n\u2014 Maria Lopez, Espanha<\/p>\n<p><strong>\u201cEntrega r\u00e1pida e excelente servi\u00e7o p\u00f3s-venda. A 4BYH-2.6 tem sido uma m\u00e1quina confi\u00e1vel, da qual n\u00e3o podemos prescindir durante a colheita.\u201d<\/strong><br \/>\n\u2014 Michael Brown, Reino Unido<\/p>\n<p><strong>\u201cNossa fazenda opera em grande escala, e esta m\u00e1quina tem sido indispens\u00e1vel. Ela torna a colheita de feij\u00e3o muito mais r\u00e1pida e eficiente. Estamos muito satisfeitos com a compra.\u201d<\/strong><br \/>\n\u2014 Raj Patel, \u00cdndia<\/p>\n<h2>Por que escolher nosso produto?<\/h2>\n<p>Nosso extrator de feij\u00e3o 4BYH-2.6 oferece uma s\u00e9rie de benef\u00edcios que o tornam o melhor em produtos para o lar. <a href=\"http:\/\/square-balers.com\" target=\"_blank\" rel=\"noopener\">a melhor escolha para os agricultores<\/a> Em todo o mundo, oferecemos servi\u00e7os de personaliza\u00e7\u00e3o r\u00e1pidos, adaptados \u00e0s necessidades espec\u00edficas da sua fazenda, garantindo o melhor desempenho. Al\u00e9m disso, nosso produto vem com garantia de 3 anos, proporcionando tranquilidade. Oferecemos suporte p\u00f3s-venda completo e envio internacional r\u00e1pido para atender \u00e0s suas necessidades de pedido. Com nossa s\u00f3lida capacidade de atendimento e compromisso com a qualidade, estamos aqui para garantir que sua opera\u00e7\u00e3o agr\u00edcola funcione sem problemas.<\/p>\n<p>Descubra hoje mesmo a colhedora de feij\u00e3o 4BYH-2.6 e experimente um novo patamar de efici\u00eancia na colheita. Nossa capacidade de produ\u00e7\u00e3o garante qualidade superior e pre\u00e7os competitivos. Oferecemos tamb\u00e9m uma ampla gama de acess\u00f3rios e produtos relacionados para atender \u00e0s necessidades da sua fazenda. N\u00e3o espere mais \u2014 entre em contato conosco agora mesmo para obter mais informa\u00e7\u00f5es e fa\u00e7a a escolha inteligente para a sua propriedade!<\/p>\n<p><img loading=\"lazy\" decoding=\"async\" class=\"wp-image-415 aligncenter\" src=\"https:\/\/silage-balers.com\/wp-content\/uploads\/2025\/12\/ep-4BYH-2.6-Kidney-Bean-Puller-4-1.webp\" alt=\"Puxador de Feij\u00e3o-carioca\" width=\"460\" height=\"460\" srcset=\"https:\/\/silage-balers.com\/wp-content\/uploads\/2025\/12\/ep-4BYH-2.6-Kidney-Bean-Puller-4-1.webp 269w, https:\/\/silage-balers.com\/wp-content\/uploads\/2025\/12\/ep-4BYH-2.6-Kidney-Bean-Puller-4-1-150x150.webp 150w, https:\/\/silage-balers.com\/wp-content\/uploads\/2025\/12\/ep-4BYH-2.6-Kidney-Bean-Puller-4-1-12x12.webp 12w, https:\/\/silage-balers.com\/wp-content\/uploads\/2025\/12\/ep-4BYH-2.6-Kidney-Bean-Puller-4-1-100x100.webp 100w\" sizes=\"(max-width: 460px) 100vw, 460px\" \/><\/p>\n<h2>Perguntas frequentes<\/h2>\n<p><strong>O que \u00e9 o extrator de feij\u00e3o 4BYH-2.6?<\/strong><\/p>\n<p>A colhedora de feij\u00e3o-carioca 4BYH-2.6 \u00e9 uma m\u00e1quina agr\u00edcola de alta efici\u00eancia projetada para automatizar o processo de colheita do feij\u00e3o-carioca. Ela aumenta a produtividade e reduz os custos de m\u00e3o de obra.<\/p>\n<p><strong>Qual a velocidade de colheita de feij\u00f5es da colhedora de feij\u00e3o 4BYH-2.6?<\/strong><\/p>\n<p>A 4BYH-2.6 consegue colher feij\u00e3o-carioca em um ritmo muito mais r\u00e1pido do que o trabalho manual, dependendo do tamanho da fazenda e das condi\u00e7\u00f5es espec\u00edficas da colheita.<\/p>\n<p><strong>O modelo 4BYH-2.6 \u00e9 adequado para agricultura org\u00e2nica?<\/strong><\/p>\n<p>Sim, o extrator de feij\u00e3o-carioca 4BYH-2.6 foi projetado para minimizar a perturba\u00e7\u00e3o do solo, tornando-o adequado para fazendas org\u00e2nicas que priorizam a sa\u00fade do solo.<\/p>\n<p><strong>Com que frequ\u00eancia o 4BYH-2.6 deve ser submetido a manuten\u00e7\u00e3o?<\/strong><\/p>\n<p>A manuten\u00e7\u00e3o regular deve ser realizada ap\u00f3s cada colheita, incluindo limpeza, lubrifica\u00e7\u00e3o e inspe\u00e7\u00f5es para garantir o desempenho ideal.<\/p>\n<p><strong>Quais s\u00e3o os benef\u00edcios de usar uma colhedora autom\u00e1tica de feij\u00e3o?<\/strong><\/p>\n<p>Colheitadeiras autom\u00e1ticas de feij\u00e3o, como a 4BYH-2.6, reduzem significativamente os custos de m\u00e3o de obra, aumentam a efici\u00eancia da colheita e garantem qualidade consistente durante o processo.<\/p>\n<p>editado por gzl<\/p>\n<p><!-- Add more FAQs as necessary --><\/p>","protected":false},"excerpt":{"rendered":"<p>Colha feij\u00f5es-carioca de forma eficiente com a colhedora de feij\u00f5es-carioca 4BYH-2.6. Aumente a produtividade da sua lavoura hoje mesmo! Encomende j\u00e1 e obtenha resultados r\u00e1pidos e confi\u00e1veis.<\/p>","protected":false},"featured_media":416,"template":"","meta":{"_et_pb_use_builder":"","_et_pb_old_content":"","_et_gb_content_width":""},"product_brand":[],"product_cat":[22],"product_tag":[],"class_list":{"0":"post-413","1":"product","2":"type-product","3":"status-publish","4":"has-post-thumbnail","6":"product_cat-kidney-bean-puller","8":"first","9":"instock","10":"shipping-taxable","11":"product-type-simple"},"_links":{"self":[{"href":"https:\/\/silage-balers.com\/pt\/wp-json\/wp\/v2\/product\/413","targetHints":{"allow":["GET"]}}],"collection":[{"href":"https:\/\/silage-balers.com\/pt\/wp-json\/wp\/v2\/product"}],"about":[{"href":"https:\/\/silage-balers.com\/pt\/wp-json\/wp\/v2\/types\/product"}],"wp:featuredmedia":[{"embeddable":true,"href":"https:\/\/silage-balers.com\/pt\/wp-json\/wp\/v2\/media\/416"}],"wp:attachment":[{"href":"https:\/\/silage-balers.com\/pt\/wp-json\/wp\/v2\/media?parent=413"}],"wp:term":[{"taxonomy":"product_brand","embeddable":true,"href":"https:\/\/silage-balers.com\/pt\/wp-json\/wp\/v2\/product_brand?post=413"},{"taxonomy":"product_cat","embeddable":true,"href":"https:\/\/silage-balers.com\/pt\/wp-json\/wp\/v2\/product_cat?post=413"},{"taxonomy":"product_tag","embeddable":true,"href":"https:\/\/silage-balers.com\/pt\/wp-json\/wp\/v2\/product_tag?post=413"}],"curies":[{"name":"wp","href":"https:\/\/api.w.org\/{rel}","templated":true}]}}