{"id":503,"date":"2025-12-29T08:38:37","date_gmt":"2025-12-29T08:38:37","guid":{"rendered":"https:\/\/silage-balers.com\/?post_type=product&#038;p=503"},"modified":"2025-12-30T00:59:19","modified_gmt":"2025-12-30T00:59:19","slug":"maquina-de-cortar-e-nivelar-grama-9gqy-3-2","status":"publish","type":"product","link":"https:\/\/silage-balers.com\/pt\/produto\/maquina-de-cortar-e-nivelar-grama-9gqy-3-2\/","title":{"rendered":"M\u00e1quina de cortar e nivelar grama 9GQY-3.2"},"content":{"rendered":"<p>A m\u00e1quina de cortar e nivelar grama 9GQY-3.2 \u00e9 um equipamento inovador projetado para simplificar o cuidado com o gramado e melhorar a qualidade dos espa\u00e7os externos. Esta m\u00e1quina multifuncional combina as fun\u00e7\u00f5es de corte e nivelamento, oferecendo uma solu\u00e7\u00e3o completa para grandes gramados e propriedades rurais. \u00c9 uma ferramenta vers\u00e1til, confi\u00e1vel e eficiente que atende \u00e0s diversas necessidades tanto de profissionais quanto de usu\u00e1rios dom\u00e9sticos. Com sua tecnologia avan\u00e7ada e constru\u00e7\u00e3o dur\u00e1vel, a 9GQY-3.2 \u00e9 ideal para quem deseja manter um gramado perfeito com facilidade.<\/p>\n<h2>Especifica\u00e7\u00f5es t\u00e9cnicas<\/h2>\n<table style=\"height: 440px; border-color: #000000;\">\n<thead>\n<tr style=\"height: 47px;\">\n<th style=\"height: 47px; width: 92.0391px; text-align: center;\">N\u00famero de s\u00e9rie<\/th>\n<th style=\"height: 47px; width: 261.398px; text-align: center;\">Item<\/th>\n<th style=\"height: 47px; width: 42.8125px; text-align: center;\">Unidade<\/th>\n<th style=\"height: 47px; width: 252.75px; text-align: center;\">Especifica\u00e7\u00e3o<\/th>\n<\/tr>\n<\/thead>\n<tbody>\n<tr style=\"height: 47px;\">\n<td style=\"height: 47px; width: 92.0391px; text-align: center;\">1<\/td>\n<td style=\"height: 47px; width: 261.398px; text-align: center;\">Nome do modelo<\/td>\n<td style=\"height: 47px; width: 42.8125px; text-align: center;\">\/<\/td>\n<td style=\"height: 47px; width: 252.75px; text-align: center;\">M\u00e1quina de cortar e nivelar grama 9GQY-3.2<\/td>\n<\/tr>\n<tr style=\"height: 23px;\">\n<td style=\"height: 23px; width: 92.0391px; text-align: center;\">2<\/td>\n<td style=\"height: 23px; width: 261.398px; text-align: center;\">M\u00e9todo de tra\u00e7\u00e3o\/engate<\/td>\n<td style=\"height: 23px; width: 42.8125px; text-align: center;\">\/<\/td>\n<td style=\"height: 23px; width: 252.75px; text-align: center;\">Tipo de tra\u00e7\u00e3o lateral<\/td>\n<\/tr>\n<tr style=\"height: 23px;\">\n<td style=\"height: 23px; width: 92.0391px; text-align: center;\">3<\/td>\n<td style=\"height: 23px; width: 261.398px; text-align: center;\">Largura de corte<\/td>\n<td style=\"height: 23px; width: 42.8125px; text-align: center;\">m<\/td>\n<td style=\"height: 23px; width: 252.75px; text-align: center;\">3.2<\/td>\n<\/tr>\n<tr style=\"height: 23px;\">\n<td style=\"height: 23px; width: 92.0391px; text-align: center;\">4<\/td>\n<td style=\"height: 23px; width: 261.398px; text-align: center;\">Tipo de estrutura de corte<\/td>\n<td style=\"height: 23px; width: 42.8125px; text-align: center;\">\/<\/td>\n<td style=\"height: 23px; width: 252.75px; text-align: center;\">Tipo rotativo<\/td>\n<\/tr>\n<tr style=\"height: 23px;\">\n<td style=\"height: 23px; width: 92.0391px; text-align: center;\">5<\/td>\n<td style=\"height: 23px; width: 261.398px; text-align: center;\">N\u00famero de discos de corte<\/td>\n<td style=\"height: 23px; width: 42.8125px; text-align: center;\">pe\u00e7as<\/td>\n<td style=\"height: 23px; width: 252.75px; text-align: center;\">8<\/td>\n<\/tr>\n<tr style=\"height: 23px;\">\n<td style=\"height: 23px; width: 92.0391px; text-align: center;\">6<\/td>\n<td style=\"height: 23px; width: 261.398px; text-align: center;\">Tipo de achatamento<\/td>\n<td style=\"height: 23px; width: 42.8125px; text-align: center;\">\/<\/td>\n<td style=\"height: 23px; width: 252.75px; text-align: center;\">Aplanador de impacto<\/td>\n<\/tr>\n<tr style=\"height: 23px;\">\n<td style=\"height: 23px; width: 92.0391px; text-align: center;\">7<\/td>\n<td style=\"height: 23px; width: 261.398px; text-align: center;\">Amplia\u00e7\u00e3o de propaga\u00e7\u00e3o<\/td>\n<td style=\"height: 23px; width: 42.8125px; text-align: center;\">m<\/td>\n<td style=\"height: 23px; width: 252.75px; text-align: center;\">0.8-2.2<\/td>\n<\/tr>\n<tr style=\"height: 23px;\">\n<td style=\"height: 23px; width: 92.0391px; text-align: center;\">8<\/td>\n<td style=\"height: 23px; width: 261.398px; text-align: center;\">Faixa de pot\u00eancia correspondente<\/td>\n<td style=\"height: 23px; width: 42.8125px; text-align: center;\">kW\/cv<\/td>\n<td style=\"height: 23px; width: 252.75px; text-align: center;\">\u226580,88\/110<\/td>\n<\/tr>\n<tr style=\"height: 23px;\">\n<td style=\"height: 23px; width: 92.0391px; text-align: center;\">9<\/td>\n<td style=\"height: 23px; width: 261.398px; text-align: center;\">Faixa de velocidade operacional<\/td>\n<td style=\"height: 23px; width: 42.8125px; text-align: center;\">km\/h<\/td>\n<td style=\"height: 23px; width: 252.75px; text-align: center;\">6~15<\/td>\n<\/tr>\n<tr style=\"height: 23px;\">\n<td style=\"height: 23px; width: 92.0391px; text-align: center;\">10<\/td>\n<td style=\"height: 23px; width: 261.398px; text-align: center;\">Velocidade da TDP<\/td>\n<td style=\"height: 23px; width: 42.8125px; text-align: center;\">r\/min<\/td>\n<td style=\"height: 23px; width: 252.75px; text-align: center;\">540-1000<\/td>\n<\/tr>\n<tr style=\"height: 23px;\">\n<td style=\"height: 23px; width: 92.0391px; text-align: center;\">11<\/td>\n<td style=\"height: 23px; width: 261.398px; text-align: center;\">N\u00famero de l\u00e2minas m\u00f3veis<\/td>\n<td style=\"height: 23px; width: 42.8125px; text-align: center;\">pe\u00e7as<\/td>\n<td style=\"height: 23px; width: 252.75px; text-align: center;\">16<\/td>\n<\/tr>\n<tr style=\"height: 47px;\">\n<td style=\"height: 47px; width: 92.0391px; text-align: center;\">12<\/td>\n<td style=\"height: 47px; width: 261.398px; text-align: center;\">Dimens\u00f5es totais (Comprimento\u00d7Largura\u00d7Altura)<\/td>\n<td style=\"height: 47px; width: 42.8125px; text-align: center;\">mm<\/td>\n<td style=\"height: 47px; width: 252.75px; text-align: center;\">6750\u00d73500\u00d72000<\/td>\n<\/tr>\n<tr style=\"height: 23px;\">\n<td style=\"height: 23px; width: 92.0391px; text-align: center;\">13<\/td>\n<td style=\"height: 23px; width: 261.398px; text-align: center;\">Altura m\u00e9dia da barba por fazer<\/td>\n<td style=\"height: 23px; width: 42.8125px; text-align: center;\">mm<\/td>\n<td style=\"height: 23px; width: 252.75px; text-align: center;\">\u226550<\/td>\n<\/tr>\n<tr style=\"height: 23px;\">\n<td style=\"height: 23px; width: 92.0391px; text-align: center;\">14<\/td>\n<td style=\"height: 23px; width: 261.398px; text-align: center;\">N\u00famero de operadores<\/td>\n<td style=\"height: 23px; width: 42.8125px; text-align: center;\">pessoa<\/td>\n<td style=\"height: 23px; width: 252.75px; text-align: center;\">1<\/td>\n<\/tr>\n<tr style=\"height: 23px;\">\n<td style=\"height: 23px; width: 92.0391px; text-align: center;\">15<\/td>\n<td style=\"height: 23px; width: 261.398px; text-align: center;\">Massa estrutural<\/td>\n<td style=\"height: 23px; width: 42.8125px; text-align: center;\">kg<\/td>\n<td style=\"height: 23px; width: 252.75px; text-align: center;\">2185<\/td>\n<\/tr>\n<\/tbody>\n<\/table>\n<h2>Defini\u00e7\u00e3o do produto<\/h2>\n<p>A m\u00e1quina de cortar e nivelar grama 9GQY-3.2 \u00e9 uma ferramenta de alto desempenho para cuidados com o gramado, que combina as fun\u00e7\u00f5es de cortar e nivelar a grama em uma \u00fanica m\u00e1quina eficiente. Este equipamento foi projetado para aparar e nivelar gramados com precis\u00e3o, garantindo uma superf\u00edcie lisa e uniforme, ideal para diversas atividades ao ar livre.<\/p>\n<h2>Resolu\u00e7\u00e3o de Problemas e Aplica\u00e7\u00f5es<\/h2>\n<p>Esta m\u00e1quina pode resolver diversos problemas comuns na manuten\u00e7\u00e3o de gramados, como altura irregular da grama, textura ruim e trabalho manual demorado. Seja para lidar com terrenos irregulares ou simplesmente para ter uma ferramenta confi\u00e1vel para cuidar de um gramado grande, a 9GQY-3.2 resolve esses problemas com facilidade. \u00c9 ideal para:<\/p>\n<ul>\n<li>Paisagistas e profissionais de jardinagem.<\/li>\n<li>Agricultores que precisam de equipamentos eficientes para o manejo de pastagens.<\/li>\n<li>Propriet\u00e1rios de resid\u00eancias que desejam manter gramados impec\u00e1veis \u200b\u200bsem esfor\u00e7o.<\/li>\n<li>Manuten\u00e7\u00e3o de campos esportivos para garantir superf\u00edcies de grama uniformes e lisas.<\/li>\n<li>Parques e campos de golfe devem atingir um n\u00edvel profissional de cuidado com a grama.<\/li>\n<\/ul>\n<h2>Vantagens do produto<\/h2>\n<p>A m\u00e1quina de cortar e nivelar relva 9GQY-3.2 destaca-se por diversas vantagens not\u00e1veis:<\/p>\n<h3>1. Dupla Funcionalidade<\/h3>\n<p>Esta m\u00e1quina combina as fun\u00e7\u00f5es de um cortador de relva e de uma ferramenta de nivelamento, tornando-se uma solu\u00e7\u00e3o multifuncional altamente eficiente. Isto permite poupar tempo e reduzir a necessidade de v\u00e1rias m\u00e1quinas, melhorando a efici\u00eancia operacional.<\/p>\n<h3>2. Alta Efici\u00eancia<\/h3>\n<p>Projetada com tecnologia de ponta, a 9GQY-3.2 proporciona resultados r\u00e1pidos e uniformes. Ela garante um corte de grama suave e nivelado com o m\u00ednimo esfor\u00e7o, tornando-a a ferramenta ideal para projetos de manuten\u00e7\u00e3o de gramados em grande escala.<\/p>\n<h3>3. Constru\u00e7\u00e3o Dur\u00e1vel<\/h3>\n<p>O modelo 9GQY-3.2 foi projetado para suportar o uso rigoroso em diversos ambientes, desde grandes fazendas at\u00e9 gramados residenciais. Seus componentes dur\u00e1veis \u200b\u200bgarantem confiabilidade e desempenho a longo prazo, mesmo sob uso intenso.<\/p>\n<h3>4. F\u00e1cil de usar<\/h3>\n<p>O design intuitivo do 9GQY-3.2 torna-o acess\u00edvel tanto para profissionais quanto para iniciantes. Ele oferece controles intuitivos, permitindo que os operadores obtenham resultados \u00f3timos sem a necessidade de habilidades t\u00e9cnicas avan\u00e7adas.<\/p>\n<h3>5. Custo-benef\u00edcio<\/h3>\n<p>Gra\u00e7as ao seu design de dupla fun\u00e7\u00e3o e constru\u00e7\u00e3o robusta, o 9GQY-3.2 oferece uma rela\u00e7\u00e3o custo-benef\u00edcio excepcional. \u00c9 uma solu\u00e7\u00e3o econ\u00f4mica para quem busca manter grandes gramados ou campos sem gastar uma fortuna em v\u00e1rios equipamentos.<\/p>\n<h2>Como funciona a m\u00e1quina de cortar e nivelar grama 9GQY-3.2<\/h2>\n<p>A m\u00e1quina de cortar e nivelar relva 9GQY-3.2 funciona atrav\u00e9s de uma s\u00e9rie de mecanismos inovadores. Um motor potente aciona as l\u00e2minas de corte, garantindo um corte uniforme; o sistema de nivelamento utiliza l\u00e2minas e rolos ajust\u00e1veis \u200b\u200bpara criar uma superf\u00edcie de relva lisa e uniforme. Os utilizadores podem controlar a altura de corte e a profundidade de nivelamento, ajustando o desempenho da m\u00e1quina de acordo com as diferentes condi\u00e7\u00f5es do relvado. Isto garante um controlo preciso do comprimento da relva e da textura da superf\u00edcie, proporcionando resultados de corte de qualidade profissional em todas as utiliza\u00e7\u00f5es.<\/p>\n<p style=\"text-align: center;\"><img loading=\"lazy\" decoding=\"async\" class=\"alignnone wp-image-504\" src=\"https:\/\/silage-balers.com\/wp-content\/uploads\/2025\/12\/1-1-1-3-300x300.webp\" alt=\"M\u00e1quina de corte e aplainamento\" width=\"373\" height=\"373\" \/><\/p>\n<h2>Principais cen\u00e1rios de aplica\u00e7\u00e3o<\/h2>\n<p>O 9GQY-3.2 \u00e9 ideal para uma variedade de aplica\u00e7\u00f5es, incluindo:<\/p>\n<h3>1. Grandes gramados<\/h3>\n<p>Para propriet\u00e1rios de resid\u00eancias ou empresas com gramados extensos, o 9GQY-3.2 oferece uma solu\u00e7\u00e3o poderosa para manter um gramado uniforme e bem aparado.<\/p>\n<h3>2. Uso agr\u00edcola<\/h3>\n<p>Os agricultores podem usar o 9GQY-3.2 para nivelar e cortar a relva, garantindo uma melhor gest\u00e3o das pastagens e um crescimento mais uniforme da mesma.<\/p>\n<h3>3. Campos Esportivos<\/h3>\n<p>Os campos esportivos exigem grama perfeitamente uniforme para uma jogabilidade ideal. O modelo 9GQY-3.2 foi projetado para proporcionar esse n\u00edvel de precis\u00e3o.<\/p>\n<h3>4. Campos de golfe<\/h3>\n<p>Os campos de golfe exigem superf\u00edcies de grama lisas e bem cuidadas. O modelo 9GQY-3.2 proporciona um acabamento impec\u00e1vel, garantindo que o gramado atenda aos padr\u00f5es profissionais.<\/p>\n<h3>5. Parques e Espa\u00e7os P\u00fablicos<\/h3>\n<p>Parques municipais e espa\u00e7os verdes p\u00fablicos podem se beneficiar da efici\u00eancia do 9GQY-3.2, que oferece uma maneira econ\u00f4mica de manter essas \u00e1reas.<\/p>\n<h3>6. Projetos de paisagismo<\/h3>\n<p>Os paisagistas podem usar a 9GQY-3.2 para cortar e nivelar grandes \u00e1reas de terreno de forma r\u00e1pida e eficaz, economizando tempo e esfor\u00e7o no processo.<\/p>\n<h2>Como escolher a m\u00e1quina de cortar e nivelar relva 9GQY-3.2 certa<\/h2>\n<h3>1. Determine o tamanho do gramado<\/h3>\n<p>Certifique-se de que a m\u00e1quina seja adequada ao tamanho do seu gramado. O modelo 9GQY-3.2 \u00e9 ideal para \u00e1reas m\u00e9dias a grandes, sendo perfeito para gramados ou campos extensos.<\/p>\n<h3>2. Considere o tipo de grama<\/h3>\n<p>Diferentes tipos de grama podem exigir t\u00e9cnicas de corte diferentes. Escolha um modelo adequado ao seu tipo de grama para obter os melhores resultados.<\/p>\n<h3>3. Procure por Configura\u00e7\u00f5es Ajust\u00e1veis<\/h3>\n<p>O modelo 9GQY-3.2 oferece alturas de corte e profundidades de nivelamento ajust\u00e1veis, garantindo versatilidade para diversas condi\u00e7\u00f5es de gramado.<\/p>\n<h3>4. Avaliar a durabilidade<\/h3>\n<p>Verifique a qualidade de constru\u00e7\u00e3o e os materiais utilizados na fabrica\u00e7\u00e3o da m\u00e1quina. O modelo 9GQY-3.2 foi projetado para uso prolongado e ambientes severos.<\/p>\n<h3>5. Analisar o feedback do cliente<\/h3>\n<p>As avalia\u00e7\u00f5es dos clientes oferecem informa\u00e7\u00f5es valiosas sobre o desempenho da m\u00e1quina. Certifique-se de ler os coment\u00e1rios de quem j\u00e1 usou a 9GQY-3.2 em condi\u00e7\u00f5es semelhantes.<\/p>\n<h3>6. Garantia e Suporte<\/h3>\n<p>Certifique-se de que a m\u00e1quina venha com uma garantia robusta e suporte ao cliente confi\u00e1vel, pois a 9GQY-3.2 oferece 3 anos de garantia para sua tranquilidade.<\/p>\n<h2>Manuten\u00e7\u00e3o da m\u00e1quina de cortar e nivelar grama 9GQY-3.2<\/h2>\n<p>Para manter seu cortador de grama 9GQY-3.2 em \u00f3timas condi\u00e7\u00f5es, a manuten\u00e7\u00e3o regular \u00e9 essencial. Limpe as l\u00e2minas ap\u00f3s cada uso para evitar o ac\u00famulo de res\u00edduos de grama. Verifique o desgaste dos roletes niveladores e substitua as pe\u00e7as conforme necess\u00e1rio. Lubrifique as pe\u00e7as m\u00f3veis para evitar atrito e garantir um funcionamento suave. Inspecione o motor regularmente e troque os filtros e \u00f3leos de acordo com as instru\u00e7\u00f5es do fabricante. O armazenamento adequado em local seco e fresco tamb\u00e9m ajudar\u00e1 a prolongar a vida \u00fatil da m\u00e1quina.<\/p>\n<h2>Avalia\u00e7\u00f5es de clientes<\/h2>\n<p>\u201cEsta m\u00e1quina superou completamente as minhas expectativas. Usamo-la na nossa quinta para gerir grandes \u00e1reas de pastagem e o seu desempenho \u00e9 excelente. As fun\u00e7\u00f5es de corte e nivelamento s\u00e3o ambas eficientes, poupando-nos bastante tempo. Recomendo vivamente!\u201d<br \/>\n\u2014 <strong>John Smith, EUA<\/strong><\/p>\n<p>\u201cComo paisagista, j\u00e1 trabalhei com muitas ferramentas diferentes, mas a 9GQY-3.2 se destaca. Ela facilita muito o corte e o nivelamento da grama. A m\u00e1quina \u00e9 f\u00e1cil de operar e os resultados s\u00e3o sempre profissionais. Vale cada centavo.\u201d<br \/>\n\u2014 <strong>Emma Lee, Reino Unido<\/strong><\/p>\n<p>\u201cCompramos esta m\u00e1quina para o nosso campo de esportes local e a diferen\u00e7a foi not\u00e1vel. A grama est\u00e1 muito mais uniforme e o campo est\u00e1 \u00f3timo para os jogadores. Estamos muito satisfeitos com este produto.\u201d<br \/>\n\u2014 <strong>Maxim Ivanov, R\u00fassia<\/strong><\/p>\n<p>\u201cTenho usado esta m\u00e1quina na minha grande propriedade e ela funciona maravilhosamente bem. A combina\u00e7\u00e3o de corte e nivelamento \u00e9 perfeita, e a m\u00e1quina \u00e9 muito confi\u00e1vel. \u00c9 exatamente o que eu precisava para a manuten\u00e7\u00e3o do gramado.\u201d<br \/>\n\u2014 <strong>Cheng Wei, China<\/strong><\/p>\n<p>\u201cEu administro um campo de golfe e recentemente mudamos para o 9GQY-3.2. Ele melhorou a qualidade e a uniformidade da grama em todo o campo. \u00c9 f\u00e1cil de usar e reduz nosso tempo de manuten\u00e7\u00e3o.\u201d<br \/>\n\u2014 <strong>Sarah Jones, Austr\u00e1lia<\/strong><\/p>\n<h2>Por que escolher nosso produto?<\/h2>\n<p>Escolher a nossa m\u00e1quina de cortar e nivelar relva 9GQY-3.2 significa optar por alta qualidade, efici\u00eancia e um excelente servi\u00e7o ao cliente. Oferecemos servi\u00e7os de personaliza\u00e7\u00e3o r\u00e1pidos para atender \u00e0s suas necessidades espec\u00edficas. O nosso produto tem uma garantia de 3 anos, garantindo uma utiliza\u00e7\u00e3o sem preocupa\u00e7\u00f5es. Oferecemos envios internacionais para atender \u00e0 sua procura, com suporte p\u00f3s-venda dispon\u00edvel para garantir um funcionamento perfeito.<\/p>\n<h2>Promo\u00e7\u00e3o de Produtos e Vis\u00e3o Geral da Empresa<\/h2>\n<p>Apresentamos com orgulho a m\u00e1quina de cortar e nivelar grama 9GQY-3.2, uma solu\u00e7\u00e3o l\u00edder para a manuten\u00e7\u00e3o de gramados em grande escala. Nossa empresa \u00e9 reconhecida por sua avan\u00e7ada capacidade de fabrica\u00e7\u00e3o, produzindo equipamentos de alta qualidade a pre\u00e7os altamente competitivos. Al\u00e9m da 9GQY-3.2, tamb\u00e9m oferecemos uma ampla gama de ferramentas e acess\u00f3rios para cuidados com o gramado, atendendo a todas as suas necessidades. Navegue por nossos produtos e entre em contato conosco hoje mesmo para obter mais informa\u00e7\u00f5es.<\/p>\n<h2>Perguntas frequentes (FAQ)<\/h2>\n<h3>1. Qual \u00e9 a \u00e1rea m\u00e1xima de corte para o modelo 9GQY-3.2?<\/h3>\n<p>O 9GQY-3.2 foi projetado para aplica\u00e7\u00f5es em larga escala e pode cobrir com efici\u00eancia \u00e1reas extensas de at\u00e9 5 hectares, sendo ideal para fazendas e grandes gramados.<\/p>\n<h3>2. Como fa\u00e7o a manuten\u00e7\u00e3o da m\u00e1quina de cortar e nivelar grama 9GQY-3.2?<\/h3>\n<p>A limpeza, lubrifica\u00e7\u00e3o e inspe\u00e7\u00e3o regulares das pe\u00e7as s\u00e3o essenciais. Certifique-se de que as l\u00e2minas sejam limpas ap\u00f3s cada uso e verifique se h\u00e1 desgaste nos roletes niveladores e nos componentes do motor.<\/p>\n<h3>3. Esta m\u00e1quina consegue lidar com diferentes tipos de grama?<\/h3>\n<p>Sim, o 9GQY-3.2 \u00e9 capaz de lidar com diversos tipos de grama, desde as mais macias at\u00e9 as variedades mais resistentes e densas, tornando-o vers\u00e1til para diferentes condi\u00e7\u00f5es de gramado.<\/p>\n<h3>4. Qual \u00e9 a garantia do 9GQY-3.2?<\/h3>\n<p>A m\u00e1quina possui garantia de 3 anos, oferecendo suporte completo para quaisquer defeitos de fabrica\u00e7\u00e3o ou problemas de desempenho durante o per\u00edodo de garantia.<\/p>\n<h3>5. O modelo 9GQY-3.2 \u00e9 adequado para gramados residenciais?<\/h3>\n<p>Sim, embora seja projetado para \u00e1reas maiores, tamb\u00e9m pode ser usado em gramados residenciais, especialmente aqueles que exigem manuten\u00e7\u00e3o frequente ou que s\u00e3o particularmente grandes.<\/p>\n<h3>6. Como funciona a fun\u00e7\u00e3o de nivelamento?<\/h3>\n<p>A fun\u00e7\u00e3o de nivelamento utiliza rolos e l\u00e2minas ajust\u00e1veis \u200b\u200bpara suavizar terrenos irregulares, garantindo uma altura uniforme da grama para uma superf\u00edcie bem cuidada.<\/p>\n<h3>7. Que tipo de motor equipa o 9GQY-3.2?<\/h3>\n<p>A m\u00e1quina \u00e9 alimentada por um motor de alta efici\u00eancia projetado para durabilidade e desempenho ideal sob uso intenso.<\/p>\n<h3>8. Qu\u00e3o f\u00e1cil \u00e9 operar o 9GQY-3.2?<\/h3>\n<p>\u00c9 f\u00e1cil de usar, com controles intuitivos que permitem que tanto operadores novatos quanto experientes utilizem a m\u00e1quina de forma eficaz e sem dificuldades.<\/p>\n<h3>9. O 9GQY-3.2 pode ser usado para fins comerciais?<\/h3>\n<p>Sim, o 9GQY-3.2 \u00e9 perfeito para aplica\u00e7\u00f5es comerciais, incluindo paisagismo, manuten\u00e7\u00e3o de campos esportivos e conserva\u00e7\u00e3o de parques, devido \u00e0 sua efici\u00eancia e durabilidade.<\/p>\n<h3>10. Quanto tempo dura o 9GQY-3.2 antes de precisar de reparos significativos?<\/h3>\n<p>Com a manuten\u00e7\u00e3o adequada, a 9GQY-3.2 pode durar muitos anos sem grandes reparos. A manuten\u00e7\u00e3o regular garante a longevidade da m\u00e1quina.<\/p>\n<h3>11. Qual \u00e9 a largura de corte do 9GQY-3.2?<\/h3>\n<p>O modelo 9GQY-3.2 possui uma largura de corte de 3,2 metros, sendo ideal para grandes \u00e1reas de gramado e garantindo uma cobertura r\u00e1pida e eficiente.<\/p>\n<h3>12. O modelo 9GQY-3.2 requer alguma ferramenta especial para manuten\u00e7\u00e3o?<\/h3>\n<p>N\u00e3o, a m\u00e1quina foi projetada para ser mantida com ferramentas b\u00e1sicas. No entanto, certifique-se de seguir as orienta\u00e7\u00f5es do fabricante para uma manuten\u00e7\u00e3o ideal.<\/p>\n<h3>13. \u00c9 adequado para terrenos irregulares?<\/h3>\n<p>Sim, a fun\u00e7\u00e3o de nivelamento foi projetada para lidar com terrenos irregulares, proporcionando uma superf\u00edcie lisa e uniforme, independentemente da altura da grama ou das irregularidades do terreno.<\/p>\n<h3>14. O modelo 9GQY-3.2 pode ser armazenado ao ar livre?<\/h3>\n<p>Recomenda-se guardar a m\u00e1quina em local seco e abrigado para evitar danos causados \u200b\u200bpelas intemp\u00e9ries e prolongar sua vida \u00fatil.<\/p>\n<h3>15. A m\u00e1quina vem com um manual do usu\u00e1rio?<\/h3>\n<p>Sim, o modelo 9GQY-3.2 vem com um manual do usu\u00e1rio completo que inclui instru\u00e7\u00f5es de montagem, opera\u00e7\u00e3o e manuten\u00e7\u00e3o para garantir o uso e cuidado adequados.<\/p>\n<p>editado por gzl<\/p>\n<p>&nbsp;<\/p>","protected":false},"excerpt":{"rendered":"<p>Descubra a m\u00e1quina de cortar e nivelar relva 9GQY-3.2. Perfeita para um cuidado eficiente do gramado, f\u00e1cil de operar e com resultados de alto desempenho. Adquira a sua hoje mesmo!<\/p>","protected":false},"featured_media":504,"template":"","meta":{"_et_pb_use_builder":"","_et_pb_old_content":"","_et_gb_content_width":""},"product_brand":[],"product_cat":[20],"product_tag":[],"class_list":{"0":"post-503","1":"product","2":"type-product","3":"status-publish","4":"has-post-thumbnail","6":"product_cat-mower-tedder","8":"first","9":"instock","10":"shipping-taxable","11":"product-type-simple"},"_links":{"self":[{"href":"https:\/\/silage-balers.com\/pt\/wp-json\/wp\/v2\/product\/503","targetHints":{"allow":["GET"]}}],"collection":[{"href":"https:\/\/silage-balers.com\/pt\/wp-json\/wp\/v2\/product"}],"about":[{"href":"https:\/\/silage-balers.com\/pt\/wp-json\/wp\/v2\/types\/product"}],"wp:featuredmedia":[{"embeddable":true,"href":"https:\/\/silage-balers.com\/pt\/wp-json\/wp\/v2\/media\/504"}],"wp:attachment":[{"href":"https:\/\/silage-balers.com\/pt\/wp-json\/wp\/v2\/media?parent=503"}],"wp:term":[{"taxonomy":"product_brand","embeddable":true,"href":"https:\/\/silage-balers.com\/pt\/wp-json\/wp\/v2\/product_brand?post=503"},{"taxonomy":"product_cat","embeddable":true,"href":"https:\/\/silage-balers.com\/pt\/wp-json\/wp\/v2\/product_cat?post=503"},{"taxonomy":"product_tag","embeddable":true,"href":"https:\/\/silage-balers.com\/pt\/wp-json\/wp\/v2\/product_tag?post=503"}],"curies":[{"name":"wp","href":"https:\/\/api.w.org\/{rel}","templated":true}]}}