{"id":283,"date":"2025-11-26T08:34:22","date_gmt":"2025-11-26T08:34:22","guid":{"rendered":"https:\/\/silage-balers.com\/?post_type=product&#038;p=283"},"modified":"2025-12-29T05:46:47","modified_gmt":"2025-12-29T05:46:47","slug":"9gs-50-dragkraft-dubbelbladig-grasklippare","status":"publish","type":"product","link":"https:\/\/silage-balers.com\/sv\/produkt\/9gs-50-dragkraft-dubbelbladig-grasklippare\/","title":{"rendered":"9GS-5.0 Traction Dubbelknivsklippare"},"content":{"rendered":"<p data-start=\"62\" data-end=\"577\">9GS-5.0 Traction Double-Blade Mower \u00e4r en robust och h\u00f6gpresterande jordbruksmaskin utformad f\u00f6r att g\u00f6ra klipparbeten snabbare, effektivare och mindre arbetsintensiva. Perfekt f\u00f6r storskaliga g\u00e5rdar och kommersiellt bruk, \u00e4r denna gr\u00e4sklippare konstruerad f\u00f6r att enkelt hantera en m\u00e4ngd olika vegetationstyper, fr\u00e5n gr\u00e4s och h\u00f6 till h\u00f6gre gr\u00f6dor. Oavsett om du sk\u00f6ter betesmarker, r\u00f6jer \u00e5krar eller f\u00f6rbereder mark f\u00f6r plantering, erbjuder 9GS-5.0 Traction Double-Blade Mower exceptionell m\u00e5ngsidighet och tillf\u00f6rlitlighet.<\/p>\n<h4 data-start=\"579\" data-end=\"632\">Vad \u00e4r 9GS-5.0 Traction dubbelbladsklipparen?<\/h4>\n<p data-start=\"634\" data-end=\"1251\">En dubbelknivsklippare \u00e4r en avancerad typ av gr\u00e4sklippare som har tv\u00e5 sk\u00e4rblad som arbetar samtidigt f\u00f6r att ge effektiva och j\u00e4mna klippresultat. 9GS-5.0-modellen \u00e4r utrustad med h\u00f6gh\u00e5llfasta st\u00e5lblad och ett kraftfullt dragsystem som s\u00e4kerst\u00e4ller exakt klippprestanda \u00e4ven under kr\u00e4vande f\u00e4ltf\u00f6rh\u00e5llanden. Dubbelknivsdesignen \u00f6kar klippeffektiviteten avsev\u00e4rt genom att l\u00e5ta klipparen t\u00e4cka ett st\u00f6rre omr\u00e5de p\u00e5 kortare tid. Detta g\u00f6r 9GS-5.0 till ett utm\u00e4rkt verktyg f\u00f6r g\u00e5rdar, frukttr\u00e4dg\u00e5rdar och andra jordbruksverksamheter som kr\u00e4ver storskalig vegetationshantering.<\/p>\n<p data-start=\"1253\" data-end=\"1644\">9GS-5.0 Traction Dubbelbladsklipparen drivs av en drivning som f\u00f6rb\u00e4ttrar man\u00f6vrerbarheten och minimerar f\u00f6rartr\u00f6tthet. Oavsett om du arbetar p\u00e5 plan terr\u00e4ng eller navigerar p\u00e5 oj\u00e4mn mark, ger klipparen en smidig och j\u00e4mn drift. Maskinens robusta ram s\u00e4kerst\u00e4ller att den klarar tuffa klippjobb, vilket g\u00f6r den till en v\u00e4rdefull investering f\u00f6r storskaliga jordbrukare och kommersiella landskapsarkitekter.<\/p>\n<p style=\"text-align: center;\" data-start=\"1253\" data-end=\"1644\"><img loading=\"lazy\" decoding=\"async\" class=\"alignnone wp-image-302 size-full\" src=\"https:\/\/silage-balers.com\/wp-content\/uploads\/2025\/11\/4-1.webp\" alt=\"Dubbelbladsklippare\" width=\"265\" height=\"265\" srcset=\"https:\/\/silage-balers.com\/wp-content\/uploads\/2025\/11\/4-1.webp 265w, https:\/\/silage-balers.com\/wp-content\/uploads\/2025\/11\/4-1-150x150.webp 150w, https:\/\/silage-balers.com\/wp-content\/uploads\/2025\/11\/4-1-12x12.webp 12w, https:\/\/silage-balers.com\/wp-content\/uploads\/2025\/11\/4-1-100x100.webp 100w\" sizes=\"(max-width: 265px) 100vw, 265px\" \/><\/p>\n<h3>Tekniska specifikationer<\/h3>\n<table style=\"border-color: #000000;\">\n<thead>\n<tr>\n<th>Serienummer<\/th>\n<th>Punkt<\/th>\n<th>Enhet<\/th>\n<th>Specifikation<\/th>\n<\/tr>\n<\/thead>\n<tbody>\n<tr>\n<td>1<\/td>\n<td>Strukturell typ<\/td>\n<td>\/<\/td>\n<td>Fram- och \u00e5terg\u00e5ende typ<\/td>\n<\/tr>\n<tr>\n<td>2<\/td>\n<td>Hitching-metoden<\/td>\n<td>\/<\/td>\n<td>Dragtyp<\/td>\n<\/tr>\n<tr>\n<td>3<\/td>\n<td>Modellnummer<\/td>\n<td>\/<\/td>\n<td>9GS-5.0 Typ<\/td>\n<\/tr>\n<tr>\n<td>4<\/td>\n<td>Matchande kraft<\/td>\n<td>kW<\/td>\n<td>20-30<\/td>\n<\/tr>\n<tr>\n<td>5<\/td>\n<td>Sk\u00e4rbredd<\/td>\n<td>m<\/td>\n<td>5<\/td>\n<\/tr>\n<tr>\n<td>6<\/td>\n<td>Totalm\u00e5tt (l\u00e4ngd \u00d7 bredd \u00d7 h\u00f6jd)<\/td>\n<td>mm<\/td>\n<td>2800\u00d75630\u00d71500<\/td>\n<\/tr>\n<tr>\n<td>7<\/td>\n<td>Driftshastighet<\/td>\n<td>km\/h<\/td>\n<td>6~7<\/td>\n<\/tr>\n<tr>\n<td>8<\/td>\n<td>Kraftuttagsaxelns varvtal<\/td>\n<td>varv\/min<\/td>\n<td>540<\/td>\n<\/tr>\n<tr>\n<td>9<\/td>\n<td>Sidoutg\u00e5ngsaxelhastighet<\/td>\n<td>varv\/min<\/td>\n<td>1240<\/td>\n<\/tr>\n<tr>\n<td>10<\/td>\n<td>Genomsnittlig sk\u00e4rh\u00f6jd<\/td>\n<td>mm<\/td>\n<td>60-70<\/td>\n<\/tr>\n<tr>\n<td>11<\/td>\n<td>Produktivitet<\/td>\n<td>ha\/h<\/td>\n<td>2.4-2.8<\/td>\n<\/tr>\n<tr>\n<td>12<\/td>\n<td>Antal operat\u00f6rer<\/td>\n<td>person<\/td>\n<td>1<\/td>\n<\/tr>\n<tr>\n<td>13<\/td>\n<td>Strukturell massa<\/td>\n<td>kg<\/td>\n<td>750<\/td>\n<\/tr>\n<\/tbody>\n<\/table>\n<h4 data-start=\"1646\" data-end=\"1706\">Viktiga funktioner hos 9GS-5.0 Traction dubbelbladsklippare<\/h4>\n<ol>\n<li data-start=\"1711\" data-end=\"1941\">Dubbelknivsklippningssystem: Dubbelknivssystemet p\u00e5 9GS-5.0 m\u00f6jligg\u00f6r snabbare och effektivare klippning. Med tv\u00e5 knivar som arbetar tillsammans kan gr\u00e4sklipparen hantera t\u00e4t vegetation och uppn\u00e5 ett renare och j\u00e4mnare klipp.<\/li>\n<li data-start=\"1946\" data-end=\"2207\">H\u00f6gpresterande dragkraft: 9GS-5.0 drivs av ett p\u00e5litligt dragkraftssystem och ger exceptionell stabilitet och enkel man\u00f6vrering. Gr\u00e4sklipparen kan enkelt k\u00f6ras \u00f6ver olika typer av terr\u00e4ng, fr\u00e5n plana f\u00e4lt till kuperade eller oj\u00e4mna landskap.<\/li>\n<li data-start=\"2212\" data-end=\"2486\">H\u00e5llbara sk\u00e4rblad: Gr\u00e4sklipparens h\u00f6gh\u00e5llfasta st\u00e5lblad \u00e4r konstruerade f\u00f6r att klara l\u00e5ngvarig anv\u00e4ndning, \u00e4ven under kr\u00e4vande f\u00f6rh\u00e5llanden. Dessa h\u00e5llbara blad ger l\u00e5ngvarig prestanda och s\u00e4kerst\u00e4ller att gr\u00e4sklipparen f\u00f6rblir vass och effektiv under l\u00e4ngre perioder.<\/li>\n<li data-start=\"2491\" data-end=\"2774\">Justerbar klipph\u00f6jd: 9GS-5.0 har en justerbar klipph\u00f6jd, vilket g\u00f6r att f\u00f6raren kan anpassa gr\u00e4sklipparens prestanda beroende p\u00e5 vilken typ av vegetation som klipps. Oavsett om du beh\u00f6ver trimma kort gr\u00e4s eller ta itu med h\u00f6gre gr\u00f6dor, ger den h\u00e4r funktionen flexibilitet.<\/li>\n<li data-start=\"2779\" data-end=\"3075\">Anv\u00e4ndarv\u00e4nliga kontroller: Gr\u00e4sklipparen \u00e4r utformad med f\u00f6rarkomfort i \u00e5tanke. Med intuitiva kontroller och en ergonomisk layout kan \u00e4ven nyb\u00f6rjare snabbt l\u00e4ra sig att anv\u00e4nda 9GS-5.0. Den minskade vibrationen och den enkla styrningen minimerar ocks\u00e5 f\u00f6rartr\u00f6tthet under l\u00e5nga klipppass.<\/li>\n<li data-start=\"3080\" data-end=\"3309\">Effektiv klippprestanda: Med sin h\u00f6ga klipphastighet och stora arbetsbredd minskar 9GS-5.0 tiden som beh\u00f6vs f\u00f6r storskaliga klippuppgifter. Detta hj\u00e4lper lantbrukare och landskapsarkitekter att maximera produktivitet och effektivitet.<\/li>\n<li data-start=\"3314\" data-end=\"3558\">M\u00e5ngsidig anv\u00e4ndning: Gr\u00e4sklipparen kan anv\u00e4ndas f\u00f6r en m\u00e4ngd olika \u00e4ndam\u00e5l, fr\u00e5n att klippa h\u00f6f\u00e4lt till att underh\u00e5lla frukttr\u00e4dg\u00e5rdar och r\u00f6ja buskage. Dess anpassningsf\u00f6rm\u00e5ga g\u00f6r den l\u00e4mplig f\u00f6r ett brett spektrum av jordbruks-, landskapsarkitektur- och skogsbruksbehov.<\/li>\n<\/ol>\n<h3 style=\"text-align: center;\" data-start=\"5949\" data-end=\"6005\"><img loading=\"lazy\" decoding=\"async\" class=\"alignnone wp-image-301 size-full\" src=\"https:\/\/silage-balers.com\/wp-content\/uploads\/2025\/11\/3-1.webp\" alt=\"Dubbelbladsklippare\" width=\"266\" height=\"266\" srcset=\"https:\/\/silage-balers.com\/wp-content\/uploads\/2025\/11\/3-1.webp 266w, https:\/\/silage-balers.com\/wp-content\/uploads\/2025\/11\/3-1-150x150.webp 150w, https:\/\/silage-balers.com\/wp-content\/uploads\/2025\/11\/3-1-12x12.webp 12w, https:\/\/silage-balers.com\/wp-content\/uploads\/2025\/11\/3-1-100x100.webp 100w\" sizes=\"(max-width: 266px) 100vw, 266px\" \/><\/h3>\n<h3 data-start=\"5949\" data-end=\"6005\">Varf\u00f6r v\u00e4lja 9GS-5.0 Traction dubbelbladsklipparen?<\/h3>\n<p data-start=\"6007\" data-end=\"6722\">9GS-5.0 Traction Dubbelbladsklipparen \u00e4r ett exceptionellt val f\u00f6r alla som beh\u00f6ver en kraftfull, effektiv och h\u00e5llbar gr\u00e4sklippare. Med sitt dubbelbladsklippsystem, h\u00f6gpresterande drivning och justerbara klipph\u00f6jd s\u00e4kerst\u00e4ller den att klippningen g\u00e5r snabbare och effektivare \u00e4n n\u00e5gonsin tidigare. Oavsett om du vill underh\u00e5lla h\u00f6f\u00e4lt, r\u00f6ja buskage eller trimma h\u00f6ga gr\u00f6dor, erbjuder denna gr\u00e4sklippare den prestanda och m\u00e5ngsidighet som beh\u00f6vs f\u00f6r att f\u00e5 jobbet gjort. Dess anv\u00e4ndarv\u00e4nliga kontroller, p\u00e5litliga konstruktion och utm\u00e4rkta klippkapacitet g\u00f6r den till ett m\u00e5ste f\u00f6r b\u00e5de lantbrukare, landskapsarkitekter och lantbruksproffs. Investera i 9GS-5.0 Traction Dubbelbladsklipparen och upplev o\u00f6vertr\u00e4ffad klippeffektivitet.<\/p>\n<p style=\"text-align: center;\" data-start=\"6007\" data-end=\"6722\"><img loading=\"lazy\" decoding=\"async\" class=\"alignnone wp-image-303 size-full\" src=\"https:\/\/silage-balers.com\/wp-content\/uploads\/2025\/11\/5-1.webp\" alt=\"Dubbelbladsklippare\" width=\"261\" height=\"261\" srcset=\"https:\/\/silage-balers.com\/wp-content\/uploads\/2025\/11\/5-1.webp 261w, https:\/\/silage-balers.com\/wp-content\/uploads\/2025\/11\/5-1-150x150.webp 150w, https:\/\/silage-balers.com\/wp-content\/uploads\/2025\/11\/5-1-12x12.webp 12w, https:\/\/silage-balers.com\/wp-content\/uploads\/2025\/11\/5-1-100x100.webp 100w\" sizes=\"(max-width: 261px) 100vw, 261px\" \/><\/p>\n<h2 data-start=\"3560\" data-end=\"3569\">Vanliga fr\u00e5gor<\/h2>\n<p data-start=\"3571\" data-end=\"3616\">1. Vad \u00e4r en dubbelknivsklippare med dragkraft?<\/p>\n<p data-start=\"3618\" data-end=\"3941\">En dubbelknivsklippare med dragkraft \u00e4r en typ av gr\u00e4sklippare som anv\u00e4nder tv\u00e5 knivar som arbetar samtidigt f\u00f6r att ge ett mer effektivt och j\u00e4mnt klipp. Dragsystemet hj\u00e4lper gr\u00e4sklipparen att r\u00f6ra sig l\u00e4ttare \u00f6ver f\u00e4ltet, \u00e4ven i utmanande terr\u00e4ng, medan dubbelkniven \u00f6kar klippkapaciteten och minskar klipptiden.<\/p>\n<p data-start=\"3943\" data-end=\"3995\">2. Vilka typer av vegetation kan 9GS-5.0 klippa?<\/p>\n<p data-start=\"3997\" data-end=\"4303\">9GS-5.0 \u00e4r mycket m\u00e5ngsidig och kan hantera olika typer av vegetation, inklusive gr\u00e4s, h\u00f6, sly och till och med sm\u00e5 buskar. Den \u00e4r s\u00e4rskilt effektiv vid klippning av t\u00e4ta gr\u00e4smarker och h\u00f6ga gr\u00f6dor, vilket g\u00f6r den idealisk f\u00f6r storskaliga g\u00e5rdar och kommersiella landskapsarkitekturer.<\/p>\n<p data-start=\"4305\" data-end=\"4346\">3. Hur fungerar dragkraftssystemet?<\/p>\n<p data-start=\"4348\" data-end=\"4626\">Dragsystemet i 9GS-5.0 driver gr\u00e4sklipparen, vilket g\u00f6r att den kan r\u00f6ra sig smidigt \u00f6ver olika terr\u00e4nger. Systemet ger \u00f6kad stabilitet och man\u00f6vrerbarhet, vilket minskar f\u00f6rarens anstr\u00e4ngning och tr\u00f6tthet samtidigt som det s\u00e4kerst\u00e4ller att gr\u00e4sklipparen klipper j\u00e4mnt, \u00e4ven p\u00e5 oj\u00e4mn mark.<\/p>\n<p data-start=\"4628\" data-end=\"4667\">4. Kan jag justera klipph\u00f6jden?<\/p>\n<p data-start=\"4669\" data-end=\"4946\">Ja, 9GS-5.0 har en justerbar klipph\u00f6jd, vilket g\u00f6r att f\u00f6raren kan anpassa gr\u00e4sklipparens prestanda beroende p\u00e5 vilken typ av vegetation som klipps. Klipph\u00f6jden kan enkelt justeras f\u00f6r att passa olika behov, fr\u00e5n att klippa kort gr\u00e4s till att klippa h\u00f6gre gr\u00f6dor.<\/p>\n<p data-start=\"4948\" data-end=\"4991\">5. Hur underh\u00e5ller jag 9GS-5.0-gr\u00e4sklipparen?<\/p>\n<p data-start=\"4993\" data-end=\"5321\">Att underh\u00e5lla 9GS-5.0 \u00e4r enkelt. Regelbundet underh\u00e5ll inkluderar kontroll av sk\u00e4rbladen f\u00f6r slitage, sm\u00f6rjning av r\u00f6rliga delar och att s\u00e4kerst\u00e4lla att drivsystemet fungerar smidigt. Att h\u00e5lla gr\u00e4sklipparen ren efter varje anv\u00e4ndning och inspektera den f\u00f6r l\u00f6sa bultar eller delar s\u00e4kerst\u00e4ller l\u00e5ngsiktig prestanda.<\/p>\n<p data-start=\"5323\" data-end=\"5372\">6. \u00c4r 9GS-5.0 l\u00e4mplig f\u00f6r kuperad terr\u00e4ng?<\/p>\n<p data-start=\"5374\" data-end=\"5660\">Ja, det kraftfulla drivsystemet hos 9GS-5.0 g\u00f6r att den enkelt kan navigera i kuperad och oj\u00e4mn terr\u00e4ng. Maskinens robusta design och f\u00f6rb\u00e4ttrade man\u00f6vrerbarhet g\u00f6r den idealisk f\u00f6r att ta sig an tuffa landskap och ger utm\u00e4rkta klippprestanda \u00e4ven under utmanande f\u00f6rh\u00e5llanden.<\/p>\n<p data-start=\"5662\" data-end=\"5710\">7. Vilken \u00e4r arbetsbredden f\u00f6r 9GS-5.0?<\/p>\n<p data-start=\"5712\" data-end=\"5947\">9GS-5.0 erbjuder en bred arbetsbredd, <a href=\"https:\/\/silage-balers.com\/sv\/produkt\/9yg-1-0c-round-baler\/\">m\u00f6jligg\u00f6rande<\/a> den t\u00e4cker stora ytor p\u00e5 kortare tid. Detta \u00f6kar produktiviteten och effektiviteten, vilket g\u00f6r den perfekt f\u00f6r storskaliga gr\u00e4sklippningsuppgifter p\u00e5 g\u00e5rdar och andra jordbruksmilj\u00f6er.<\/p>\n<p data-start=\"5712\" data-end=\"5947\">redigerad av gzl<\/p>","protected":false},"excerpt":{"rendered":"<p>9GS-5.0 Traction Dubbelknivsklipparen \u00e4r en h\u00f6gpresterande jordbruksmaskin konstruerad f\u00f6r effektiv klippning av gr\u00e4s, h\u00f6 och buskar. Med sin kraftfulla drivning och dubbelknivsdrift s\u00e4kerst\u00e4ller den snabb och exakt klippning, \u00e4ven i utmanande terr\u00e4ng. Med justerbar klipph\u00f6jd och anv\u00e4ndarv\u00e4nliga kontroller \u00e4r 9GS-5.0 perfekt f\u00f6r storskaligt jordbruk och kommersiella landskapsarkitekturbehov. Dess h\u00e5llbara konstruktion och anv\u00e4ndarv\u00e4nlighet g\u00f6r den till ett v\u00e4rdefullt verktyg f\u00f6r att \u00f6ka produktiviteten vid alla klippningsarbeten.<\/p>","protected":false},"featured_media":304,"template":"","meta":{"_et_pb_use_builder":"","_et_pb_old_content":"","_et_gb_content_width":""},"product_brand":[],"product_cat":[20],"product_tag":[],"class_list":{"0":"post-283","1":"product","2":"type-product","3":"status-publish","4":"has-post-thumbnail","6":"product_cat-mower-tedder","8":"first","9":"instock","10":"shipping-taxable","11":"product-type-simple"},"_links":{"self":[{"href":"https:\/\/silage-balers.com\/sv\/wp-json\/wp\/v2\/product\/283","targetHints":{"allow":["GET"]}}],"collection":[{"href":"https:\/\/silage-balers.com\/sv\/wp-json\/wp\/v2\/product"}],"about":[{"href":"https:\/\/silage-balers.com\/sv\/wp-json\/wp\/v2\/types\/product"}],"wp:featuredmedia":[{"embeddable":true,"href":"https:\/\/silage-balers.com\/sv\/wp-json\/wp\/v2\/media\/304"}],"wp:attachment":[{"href":"https:\/\/silage-balers.com\/sv\/wp-json\/wp\/v2\/media?parent=283"}],"wp:term":[{"taxonomy":"product_brand","embeddable":true,"href":"https:\/\/silage-balers.com\/sv\/wp-json\/wp\/v2\/product_brand?post=283"},{"taxonomy":"product_cat","embeddable":true,"href":"https:\/\/silage-balers.com\/sv\/wp-json\/wp\/v2\/product_cat?post=283"},{"taxonomy":"product_tag","embeddable":true,"href":"https:\/\/silage-balers.com\/sv\/wp-json\/wp\/v2\/product_tag?post=283"}],"curies":[{"name":"wp","href":"https:\/\/api.w.org\/{rel}","templated":true}]}}