{"id":395,"date":"2025-12-23T05:05:30","date_gmt":"2025-12-23T05:05:30","guid":{"rendered":"https:\/\/silage-balers.com\/?post_type=product&#038;p=395"},"modified":"2025-12-29T05:45:20","modified_gmt":"2025-12-29T05:45:20","slug":"9yg-2-24d-rundbalpress-s9000-classic","status":"publish","type":"product","link":"https:\/\/silage-balers.com\/sv\/produkt\/9yg-2-24d-rundbalpress-s9000-classic\/","title":{"rendered":"9YG-2.24D rundbalpress (S9000 Classic)"},"content":{"rendered":"<p>9YG-2.24D rundbalpress (S9000 Classic) \u00e4r en h\u00f6gpresterande och h\u00e5llbar maskin designad f\u00f6r storskaliga jordbruksverksamheter. Den \u00e4r konstruerad f\u00f6r att enkelt hantera h\u00f6, halm och andra gr\u00f6dorester, vilket skapar perfekta rundbalar som \u00e4r redo f\u00f6r transport och f\u00f6rvaring. Denna balpress \u00e4r k\u00e4nd f\u00f6r sin exceptionella prestanda, effektiva drift och l\u00e5ngvariga byggkvalitet. Oavsett om du vill f\u00f6rb\u00e4ttra din g\u00e5rds effektivitet eller f\u00f6renkla h\u00f6balningsprocessen, erbjuder 9YG-2.24D rundbalpress (S9000 Classic) en p\u00e5litlig l\u00f6sning f\u00f6r dina behov.<\/p>\n<h2>Teknisk specifikation<\/h2>\n<table style=\"border-color: #000000;\">\n<thead>\n<tr>\n<th>Serienummer<\/th>\n<th>Punkt<\/th>\n<th>Enhet<\/th>\n<th>Specifikation<\/th>\n<\/tr>\n<\/thead>\n<tbody>\n<tr>\n<td>1<\/td>\n<td>Modellnamn<\/td>\n<td>\/<\/td>\n<td>9YG-2.24D rundbalpress (S9000 Classic)<\/td>\n<\/tr>\n<tr>\n<td>2<\/td>\n<td>Hitching-metoden<\/td>\n<td>\/<\/td>\n<td>Bogserad typ<\/td>\n<\/tr>\n<tr>\n<td>3<\/td>\n<td>Pickupbredd<\/td>\n<td>mm<\/td>\n<td>2240<\/td>\n<\/tr>\n<tr>\n<td>4<\/td>\n<td>Typ av upph\u00e4mtningsstruktur<\/td>\n<td>\/<\/td>\n<td>Fj\u00e4dertandstyp<\/td>\n<\/tr>\n<tr>\n<td>5<\/td>\n<td>Matarstrukturtyp<\/td>\n<td>\/<\/td>\n<td>Tandrulle + Cylindertyp<\/td>\n<\/tr>\n<tr>\n<td>6<\/td>\n<td>Kompressionskammarbalningsstrukturtyp<\/td>\n<td>\/<\/td>\n<td>Cylindertyp<\/td>\n<\/tr>\n<tr>\n<td>7<\/td>\n<td>Kompressionskammarens bredd<\/td>\n<td>mm<\/td>\n<td>1400<\/td>\n<\/tr>\n<tr>\n<td>8<\/td>\n<td>Kompressionskammardiameter<\/td>\n<td>mm<\/td>\n<td>\u03a61200<\/td>\n<\/tr>\n<tr>\n<td>9<\/td>\n<td>Antal rullande arbetsdelar<\/td>\n<td>bit<\/td>\n<td>18 (Cylindrar)<\/td>\n<\/tr>\n<tr>\n<td>10<\/td>\n<td>Rullande cylinderdiameter<\/td>\n<td>mm<\/td>\n<td>\u03a6222<\/td>\n<\/tr>\n<tr>\n<td>11<\/td>\n<td>Balningsmetod<\/td>\n<td>\/<\/td>\n<td>N\u00e4tlindning<\/td>\n<\/tr>\n<tr>\n<td>12<\/td>\n<td>Matchande kraft<\/td>\n<td>kW<\/td>\n<td>55-100<\/td>\n<\/tr>\n<tr>\n<td>13<\/td>\n<td>Strukturell vikt<\/td>\n<td>kg<\/td>\n<td>4312<\/td>\n<\/tr>\n<tr>\n<td>14<\/td>\n<td>Kraftuttagsvarvtal<\/td>\n<td>varv\/min<\/td>\n<td>720<\/td>\n<\/tr>\n<tr>\n<td>15<\/td>\n<td>Totalm\u00e5tt (L\u00d7B\u00d7H)<\/td>\n<td>mm<\/td>\n<td>4470\u00d73010\u00d72370 (Arbetstillst\u00e5nd)<\/td>\n<\/tr>\n<tr>\n<td>16<\/td>\n<td>Kontroll av baldensitet<\/td>\n<td>\/<\/td>\n<td>Sensorkontroll<\/td>\n<\/tr>\n<tr>\n<td>17<\/td>\n<td>Balstorlek (diameter\u00d7bredd)<\/td>\n<td>mm<\/td>\n<td>\u03a61300\u00d71400<\/td>\n<\/tr>\n<tr>\n<td>18<\/td>\n<td>Baldensitet<\/td>\n<td>kg\/m\u00b3<\/td>\n<td>100-200<\/td>\n<\/tr>\n<tr>\n<td>19<\/td>\n<td>Produktivitet<\/td>\n<td>balar\/h<\/td>\n<td>40-100<\/td>\n<\/tr>\n<tr>\n<td>20<\/td>\n<td>Hjulsp\u00e5r<\/td>\n<td>mm<\/td>\n<td>2600<\/td>\n<\/tr>\n<tr>\n<td>21<\/td>\n<td>Driftshastighet<\/td>\n<td>km\/h<\/td>\n<td>5-35<\/td>\n<\/tr>\n<tr>\n<td>22<\/td>\n<td>Specifikation f\u00f6r baln\u00e4t (L\u00d7B)<\/td>\n<td>\/<\/td>\n<td>2000\u00d71,4 m\/bal<\/td>\n<\/tr>\n<\/tbody>\n<\/table>\n<h2>Produktdefinition<\/h2>\n<p>9YG-2.24D rundbalspress (S9000 Classic) \u00e4r en robust och m\u00e5ngsidig jordbruksmaskin avsedd f\u00f6r balning av h\u00f6, halm och andra torra gr\u00f6dor. Den formar j\u00e4mna rundbalar som enkelt hanteras av jordbruksutrustning. Denna balpress \u00e4r konstruerad f\u00f6r optimal prestanda och effektivitet, vilket s\u00e4kerst\u00e4ller maximal produktivitet i stora jordbruksf\u00f6retag.<\/p>\n<h2>Problem den l\u00f6ser och dess anv\u00e4ndningsomr\u00e5den<\/h2>\n<p>F\u00f6r jordbrukare som hanterar stora volymer h\u00f6, halm eller andra gr\u00f6dor k\u00e4mpar manuella eller mindre balpressar ofta med effektivitet och j\u00e4mnhet. 9YG-2.24D rundbalpress (S9000 Classic) l\u00f6ser dessa problem genom att erbjuda en h\u00f6gkapacitets, l\u00e4ttanv\u00e4nd och p\u00e5litlig balningsl\u00f6sning. Den s\u00e4kerst\u00e4ller att balarna \u00e4r t\u00e4tt packade, vilket minimerar risken f\u00f6r f\u00f6rst\u00f6ring och maximerar lagringseffektiviteten. 9YG-2.24D \u00e4r idealisk f\u00f6r att bala h\u00f6, halm och ensilage f\u00f6r djurfoder, str\u00f6 och till och med f\u00f6r f\u00f6rs\u00e4ljning till tredjepartsk\u00f6pare.<\/p>\n<h2>Produktf\u00f6rdelar<\/h2>\n<ul>\n<li><strong>H\u00f6g effektivitet:<\/strong> Med sin kraftfulla motor och avancerade balningsteknik uppn\u00e5r 9YG-2.24D h\u00f6g driftseffektivitet. Den producerar fler balar p\u00e5 kortare tid, vilket avsev\u00e4rt \u00f6kar g\u00e5rdens produktivitet.<\/li>\n<li><strong>H\u00e5llbar konstruktion:<\/strong> Balpressen \u00e4r byggd f\u00f6r att klara de tuffa f\u00f6rh\u00e5llandena i det dagliga jordbruksarbetet och \u00e4r konstruerad med h\u00f6gkvalitativa material som s\u00e4kerst\u00e4ller l\u00e5ng livsl\u00e4ngd och tillf\u00f6rlitlighet under tung anv\u00e4ndning.<\/li>\n<li><strong>J\u00e4mn balformation:<\/strong> Maskinen skapar perfekt runda, t\u00e4tt packade balar som minskar f\u00f6rst\u00f6ring och \u00e4r enklare att hantera och transportera.<\/li>\n<li><strong>L\u00e4tt att anv\u00e4nda:<\/strong> Med ett anv\u00e4ndarv\u00e4nligt gr\u00e4nssnitt och enkla kontroller g\u00f6r 9YG-2.24D det m\u00f6jligt f\u00f6r lantbrukare att snabbt l\u00e4ra sig och anv\u00e4nda maskinen med minimal utbildning.<\/li>\n<li><strong>Kostnadseffektiv:<\/strong> Genom att f\u00f6rb\u00e4ttra effektiviteten och minska arbetskraftskostnaderna hj\u00e4lper denna balpress lantbrukare att spara pengar p\u00e5 l\u00e5ng sikt, vilket g\u00f6r den till en smart investering f\u00f6r storskaliga verksamheter.<\/li>\n<\/ul>\n<h2>S\u00e5 fungerar 9YG-2.24D rundbalspress (S9000 Classic)<\/h2>\n<p>9YG-2.24D <a href=\"https:\/\/silage-balers.com\/sv\/produkt\/9yg-2-24d-rundbalpress\/\">Rundbalpress<\/a> (S9000 Classic) fungerar genom en kombination av avancerad mekanik och h\u00f6gteknologiska sensorer. Processen b\u00f6rjar n\u00e4r maskinen plockar upp h\u00f6 eller halm med hj\u00e4lp av sitt kraftfulla inmatningssystem. Materialet matas sedan in i balkammaren, d\u00e4r det komprimeras till en rund form. Balningsprocessen \u00e4r automatiserad, d\u00e4r maskinen kontinuerligt \u00f6vervakar balens sp\u00e4nning och storlek f\u00f6r att s\u00e4kerst\u00e4lla j\u00e4mnhet. N\u00e4r balen n\u00e5r \u00f6nskad storlek binder maskinen den automatiskt med sn\u00f6re, vilket g\u00f6r den redo f\u00f6r borttagning.<\/p>\n<p style=\"text-align: center;\"><img loading=\"lazy\" decoding=\"async\" class=\"alignnone wp-image-397\" src=\"https:\/\/silage-balers.com\/wp-content\/uploads\/2025\/12\/ep-9YG-2.24D-Round-Baler-S9000-classic-2-1.webp\" alt=\"Rundbalpress\" width=\"411\" height=\"411\" srcset=\"https:\/\/silage-balers.com\/wp-content\/uploads\/2025\/12\/ep-9YG-2.24D-Round-Baler-S9000-classic-2-1.webp 255w, https:\/\/silage-balers.com\/wp-content\/uploads\/2025\/12\/ep-9YG-2.24D-Round-Baler-S9000-classic-2-1-150x150.webp 150w, https:\/\/silage-balers.com\/wp-content\/uploads\/2025\/12\/ep-9YG-2.24D-Round-Baler-S9000-classic-2-1-12x12.webp 12w, https:\/\/silage-balers.com\/wp-content\/uploads\/2025\/12\/ep-9YG-2.24D-Round-Baler-S9000-classic-2-1-100x100.webp 100w\" sizes=\"(max-width: 411px) 100vw, 411px\" \/><\/p>\n<h2>Prim\u00e4ra till\u00e4mpningar<\/h2>\n<ul>\n<li><strong>H\u00f6- och halmbalning:<\/strong> 9YG-2.24D \u00e4r idealisk f\u00f6r storskalig h\u00f6- och halmproduktion och s\u00e4kerst\u00e4ller h\u00f6gkvalitativa balar l\u00e4mpliga f\u00f6r djurfoder och str\u00f6.<\/li>\n<li><strong>Ensilageproduktion:<\/strong> Maskinen kan ocks\u00e5 producera ensilagebalar, vilket bevarar fukt och n\u00e4rings\u00e4mnen i gr\u00f6dan f\u00f6r djurkonsumtion.<\/li>\n<li><strong>Hantering av gr\u00f6dorester:<\/strong> Jordbrukare anv\u00e4nder denna balpress f\u00f6r att effektivt hantera gr\u00f6dorester som blir kvar efter sk\u00f6rd, vilket minskar avfall och f\u00f6rbereder f\u00e4ltet f\u00f6r n\u00e4sta s\u00e4song.<\/li>\n<li><strong>F\u00f6rvaring av grovfoder och foder:<\/strong> Genom att packa balarna t\u00e4tt minskar man f\u00f6rst\u00f6relsen och s\u00e4kerst\u00e4ller att h\u00f6 och halm f\u00f6rblir f\u00e4rska f\u00f6r lagring av djurfoder.<\/li>\n<li><strong>Export och transport:<\/strong> Balarnas enhetliga storlek och kompakta form g\u00f6r dem idealiska f\u00f6r export eller transport till marknader d\u00e4r de s\u00e4ljs som str\u00f6 eller foder.<\/li>\n<li><strong>Stora g\u00e5rdsverksamheter:<\/strong> Denna balpress \u00e4r b\u00e4st l\u00e4mpad f\u00f6r storskaliga jordbruksverksamheter d\u00e4r effektivitet och produktivitet \u00e4r nyckeln till l\u00f6nsamhet.<\/li>\n<\/ul>\n<h2>Hur man v\u00e4ljer r\u00e4tt 9YG-2.24D rundbalspress (S9000 Classic) f\u00f6r dina behov<\/h2>\n<h3>T\u00e4nk p\u00e5 balstorlek och kapacitet<\/h3>\n<p>N\u00e4r du v\u00e4ljer en rundbalpress \u00e4r det viktigt att t\u00e4nka p\u00e5 storleken p\u00e5 de balar du beh\u00f6ver. 9YG-2.24D erbjuder en rad olika balstorlekar, vilket s\u00e4kerst\u00e4ller att den uppfyller de specifika kraven p\u00e5 din g\u00e5rd.<\/p>\n<h3>F\u00f6rst\u00e5 din gr\u00f6dtyp<\/h3>\n<p>Olika gr\u00f6dor har olika fukthalter och strukturer, s\u00e5 det \u00e4r viktigt att v\u00e4lja en balpress som passar f\u00f6r den typ av gr\u00f6da du planerar att pressa. 9YG-2.24D kan hantera en m\u00e4ngd olika gr\u00f6dor, inklusive h\u00f6, halm och ensilage.<\/p>\n<h3>Utv\u00e4rdera operativ effektivitet<\/h3>\n<p>Om du vill maximera effektiviteten \u00e4r 9YG-2.24D ett utm\u00e4rkt val tack vare dess h\u00f6ga hastighet och minimala driftstopp, vilket g\u00f6r att du kan pressa mer material p\u00e5 kortare tid.<\/p>\n<h3>Kontrollera h\u00e5llbarheten<\/h3>\n<p>Eftersom balpressutrustning uts\u00e4tts f\u00f6r tuffa f\u00e4ltf\u00f6rh\u00e5llanden, se till att den balpress du v\u00e4ljer \u00e4r byggd f\u00f6r att h\u00e5lla l\u00e4nge. 9YG-2.24D har en h\u00e5llbar konstruktion som t\u00e5l p\u00e5frestningarna vid daglig anv\u00e4ndning p\u00e5 stora g\u00e5rdar.<\/p>\n<h3>Bed\u00f6m underh\u00e5llsbehov<\/h3>\n<p>Leta efter en balpress som \u00e4r l\u00e4tt att underh\u00e5lla och reparera. 9YG-2.24D har en anv\u00e4ndarv\u00e4nlig design som g\u00f6r underh\u00e5llet enkelt och kostnadseffektivt.<\/p>\n<h3>Utv\u00e4rdera kostnad kontra nytta<\/h3>\n<p>\u00c4ven om den initiala investeringen i en h\u00f6gkvalitativ balpress kan verka h\u00f6g, g\u00f6r de l\u00e5ngsiktiga f\u00f6rdelarna som \u00f6kad produktivitet, minskade arbetskostnader och mindre stillest\u00e5ndstid 9YG-2.24D till ett klokt ekonomiskt val f\u00f6r stora g\u00e5rdar.<\/p>\n<h2>Underh\u00e5ll av 9YG-2.24D rundbalspress (S9000 Classic)<\/h2>\n<p>Regelbundet underh\u00e5ll av 9YG-2.24D rundbalspress (S9000 Classic) \u00e4r avg\u00f6rande f\u00f6r att s\u00e4kerst\u00e4lla dess l\u00e5nga livsl\u00e4ngd och effektiva drift. Detta inkluderar kontroll av balkammaren f\u00f6r slitage, sm\u00f6rjning av r\u00f6rliga delar, inspektion av insugnings- och utmatningssystem och att bindningssystemet fungerar korrekt. Dessutom hj\u00e4lper regelbunden reng\u00f6ring av maskinen efter anv\u00e4ndning till att f\u00f6rhindra ansamling av skr\u00e4p och damm, vilket kan f\u00f6rs\u00e4mra prestandan.<\/p>\n<p style=\"text-align: center;\"><img loading=\"lazy\" decoding=\"async\" class=\"alignnone wp-image-399\" src=\"https:\/\/silage-balers.com\/wp-content\/uploads\/2025\/12\/ep-9YG-2.24D-Round-Baler-S9000-classic-4-1.webp\" alt=\"Rundbalpress\" width=\"402\" height=\"402\" srcset=\"https:\/\/silage-balers.com\/wp-content\/uploads\/2025\/12\/ep-9YG-2.24D-Round-Baler-S9000-classic-4-1.webp 257w, https:\/\/silage-balers.com\/wp-content\/uploads\/2025\/12\/ep-9YG-2.24D-Round-Baler-S9000-classic-4-1-150x150.webp 150w, https:\/\/silage-balers.com\/wp-content\/uploads\/2025\/12\/ep-9YG-2.24D-Round-Baler-S9000-classic-4-1-12x12.webp 12w, https:\/\/silage-balers.com\/wp-content\/uploads\/2025\/12\/ep-9YG-2.24D-Round-Baler-S9000-classic-4-1-100x100.webp 100w\" sizes=\"(max-width: 402px) 100vw, 402px\" \/><\/p>\n<h2>Kundrecensioner<\/h2>\n<p>\u201d9YG-2.24D rundbalspress har f\u00f6rb\u00e4ttrat v\u00e5r produktivitet avsev\u00e4rt. Vi kan pressa mer material p\u00e5 kortare tid, och balarnas kvalitet \u00e4r utm\u00e4rkt. Balpressen \u00e4r enkel att anv\u00e4nda och kr\u00e4ver minimalt underh\u00e5ll.\u201d<\/p>\n<p><strong>\u2013 John Smith, USA<\/strong><\/p>\n<p>\u201dDet h\u00e4r \u00e4r utan tvekan den b\u00e4sta rundbalspressen jag har anv\u00e4nt. Den hanterar allt fr\u00e5n h\u00f6 till halm med l\u00e4tthet, och balarnas j\u00e4mnhet \u00e4r imponerande. Den har sparat oss s\u00e5 mycket tid och pengar.\u201d<\/p>\n<p><strong>\u2013 Maria Garc\u00eda, Spanien<\/strong><\/p>\n<p>\u201dVi k\u00f6pte rundbalspressen 9YG-2.24D till v\u00e5r stora g\u00e5rd och vi \u00e4r mycket n\u00f6jda med dess prestanda. Den \u00e4r p\u00e5litlig, effektiv och kundservicen har varit enast\u00e5ende.\u201d<\/p>\n<p><strong> \u2013 Ahmed Hassan, Egypten<\/strong><\/p>\n<p>\u201dKvaliteten p\u00e5 den h\u00e4r rundbalspressen \u00e4r o\u00f6vertr\u00e4ffad. Vi har kunnat \u00f6ka v\u00e5r produktion och balarna blir t\u00e4tt packade, vilket \u00e4r perfekt f\u00f6r f\u00f6rvaring och transport.\u201d<\/p>\n<p><strong>\u2013 Samantha Lee, Australien<\/strong><\/p>\n<p>\u201dVi har anv\u00e4nt rundbalspressen 9YG-2.24D i flera m\u00e5nader nu, och den har varit revolutionerande f\u00f6r v\u00e5r g\u00e5rd. Den \u00e4r h\u00e5llbar och g\u00f6r precis vad den lovar, \u00e4ven under intensiv anv\u00e4ndning.\u201d<\/p>\n<p><strong>\u2013 Carlos Silva, Brasilien<\/strong><\/p>\n<h2>Varf\u00f6r v\u00e4lja v\u00e5r produkt?<\/h2>\n<p>V\u00e5r 9YG-2.24D rundbalspress (S9000 Classic) \u00e4r utformad f\u00f6r att erbjuda o\u00f6vertr\u00e4ffad prestanda, h\u00e5llbarhet och anv\u00e4ndarv\u00e4nlighet. Vi erbjuder snabba anpassningsalternativ, \u00f6verl\u00e4gsen kundservice, 3 \u00e5rs garanti och leveransm\u00f6jligheter \u00f6ver hela v\u00e4rlden. Med ett engagemang f\u00f6r kvalitet och kundn\u00f6jdhet s\u00e4kerst\u00e4ller vi att varje produkt uppfyller de h\u00f6gsta standarderna. V\u00e4lj v\u00e5r balpress och upplev s\u00f6ml\u00f6s support fr\u00e5n k\u00f6p till efterv\u00e5rd.<\/p>\n<h2>Marknadsf\u00f6r v\u00e5r produkt<\/h2>\n<p>Vi \u00e4r stolta \u00f6ver den exceptionella kvaliteten, de konkurrenskraftiga priserna och den utm\u00e4rkta service vi erbjuder med 9YG-2.24D rundbalspressen (S9000 Classic). Ut\u00f6ver denna produkt erbjuder vi \u00e4ven olika tillbeh\u00f6r och relaterade produkter f\u00f6r att m\u00f6ta din g\u00e5rds behov. Utforska v\u00e5rt sortiment och kontakta oss idag f\u00f6r att g\u00f6ra ditt k\u00f6p. L\u00e5t oss hj\u00e4lpa dig att f\u00f6rb\u00e4ttra effektiviteten och produktiviteten p\u00e5 din g\u00e5rd med den b\u00e4sta rundbalspressen f\u00f6r stora g\u00e5rdar.<\/p>\n<p style=\"text-align: center;\"><img loading=\"lazy\" decoding=\"async\" class=\"alignnone wp-image-398\" src=\"https:\/\/silage-balers.com\/wp-content\/uploads\/2025\/12\/ep-9YG-2.24D-Round-Baler-S9000-classic-3-1.webp\" alt=\"Rundbalpress\" width=\"406\" height=\"406\" srcset=\"https:\/\/silage-balers.com\/wp-content\/uploads\/2025\/12\/ep-9YG-2.24D-Round-Baler-S9000-classic-3-1.webp 244w, https:\/\/silage-balers.com\/wp-content\/uploads\/2025\/12\/ep-9YG-2.24D-Round-Baler-S9000-classic-3-1-150x150.webp 150w, https:\/\/silage-balers.com\/wp-content\/uploads\/2025\/12\/ep-9YG-2.24D-Round-Baler-S9000-classic-3-1-12x12.webp 12w, https:\/\/silage-balers.com\/wp-content\/uploads\/2025\/12\/ep-9YG-2.24D-Round-Baler-S9000-classic-3-1-100x100.webp 100w\" sizes=\"(max-width: 406px) 100vw, 406px\" \/><\/p>\n<h2>Vanliga fr\u00e5gor<\/h2>\n<p><strong>Vilken kapacitet har 9YG-2.24D rundbalspress (S9000 Classic)?<\/strong><\/p>\n<p>9YG-2.24D kan pressa rundbalar med upp till 2,4 meters diameter med h\u00f6g kapacitet, vilket g\u00f6r den l\u00e4mplig f\u00f6r storskaliga g\u00e5rdar.<\/p>\n<p><strong>\u00c4r 9YG-2.24D l\u00e4mplig f\u00f6r alla typer av gr\u00f6dor?<\/strong><\/p>\n<p>Ja, balpressen \u00e4r m\u00e5ngsidig och kan hantera en m\u00e4ngd olika gr\u00f6dor som h\u00f6, halm och ensilage.<\/p>\n<p><strong>Hur enkelt \u00e4r det att anv\u00e4nda 9YG-2.24D rundbalspressen?<\/strong><\/p>\n<p>Maskinen \u00e4r utformad f\u00f6r enkel anv\u00e4ndning, med ett anv\u00e4ndarv\u00e4nligt gr\u00e4nssnitt och enkla kontroller f\u00f6r snabb inl\u00e4rning och drift.<\/p>\n<p><strong>Vilken \u00e4r garantiperioden f\u00f6r 9YG-2.24D rundbalspress?<\/strong><\/p>\n<p>9YG-2.24D levereras med 3 \u00e5rs garanti, vilket garanterar sinnesro och tillf\u00f6rlitlighet.<\/p>\n<p><strong>Kan 9YG-2.24D rundbalpressen hantera v\u00e5ta gr\u00f6dor?<\/strong><\/p>\n<p>9YG-2.24D \u00e4r fr\u00e4mst konstruerad f\u00f6r torra gr\u00f6dor men kan hantera gr\u00f6dor med m\u00e5ttlig fukthalt.<\/p>\n<p>redigerad av gzl<\/p>\n<p>&nbsp;<\/p>","protected":false},"excerpt":{"rendered":"<p>Uppt\u00e4ck rundbalspressen 9YG-2.24D (S9000 Classic) \u2013 en h\u00f6geffektiv rundbalspress i toppklass, utformad f\u00f6r optimal h\u00f6- och halmpressning. Med avancerade funktioner s\u00e4kerst\u00e4ller denna balpress j\u00e4mn prestanda, \u00f6verl\u00e4gsen h\u00e5llbarhet och enkel anv\u00e4ndning f\u00f6r storskaligt jordbruk. Perfekt f\u00f6r lantbrukare som letar efter p\u00e5litliga och kostnadseffektiva l\u00f6sningar. Skaffa din idag och \u00f6ka produktiviteten!<\/p>","protected":false},"featured_media":396,"template":"","meta":{"_et_pb_use_builder":"","_et_pb_old_content":"","_et_gb_content_width":""},"product_brand":[],"product_cat":[18],"product_tag":[],"class_list":{"0":"post-395","1":"product","2":"type-product","3":"status-publish","4":"has-post-thumbnail","6":"product_cat-round-baler","8":"first","9":"instock","10":"shipping-taxable","11":"product-type-simple"},"_links":{"self":[{"href":"https:\/\/silage-balers.com\/sv\/wp-json\/wp\/v2\/product\/395","targetHints":{"allow":["GET"]}}],"collection":[{"href":"https:\/\/silage-balers.com\/sv\/wp-json\/wp\/v2\/product"}],"about":[{"href":"https:\/\/silage-balers.com\/sv\/wp-json\/wp\/v2\/types\/product"}],"wp:featuredmedia":[{"embeddable":true,"href":"https:\/\/silage-balers.com\/sv\/wp-json\/wp\/v2\/media\/396"}],"wp:attachment":[{"href":"https:\/\/silage-balers.com\/sv\/wp-json\/wp\/v2\/media?parent=395"}],"wp:term":[{"taxonomy":"product_brand","embeddable":true,"href":"https:\/\/silage-balers.com\/sv\/wp-json\/wp\/v2\/product_brand?post=395"},{"taxonomy":"product_cat","embeddable":true,"href":"https:\/\/silage-balers.com\/sv\/wp-json\/wp\/v2\/product_cat?post=395"},{"taxonomy":"product_tag","embeddable":true,"href":"https:\/\/silage-balers.com\/sv\/wp-json\/wp\/v2\/product_tag?post=395"}],"curies":[{"name":"wp","href":"https:\/\/api.w.org\/{rel}","templated":true}]}}