{"id":407,"date":"2025-12-23T09:47:14","date_gmt":"2025-12-23T09:47:14","guid":{"rendered":"https:\/\/silage-balers.com\/?post_type=product&#038;p=407"},"modified":"2025-12-29T05:45:07","modified_gmt":"2025-12-29T05:45:07","slug":"4byh-1-3-kidneybonsuppryckningsmaskin","status":"publish","type":"product","link":"https:\/\/silage-balers.com\/sv\/produkt\/4byh-1-3-kidneybonsuppryckningsmaskin\/","title":{"rendered":"4BYH-1.3 Kidneyb\u00f6nsuppryckningsmaskin"},"content":{"rendered":"<p>4BYH-1.3 kidneyb\u00f6nsuppryckningsmaskinen \u00e4r en sofistikerad jordbruksmaskin utformad f\u00f6r att f\u00f6rb\u00e4ttra effektiviteten vid sk\u00f6rd av kidneyb\u00f6nor. Maskinen s\u00e4kerst\u00e4ller optimala resultat med minimalt arbete, vilket g\u00f6r det m\u00f6jligt f\u00f6r jordbrukare att uppn\u00e5 h\u00f6ga produktivitetsniv\u00e5er p\u00e5 ett kostnadseffektivt s\u00e4tt.<\/p>\n<h2>Teknisk specifikation<\/h2>\n<table style=\"border-color: #000000;\">\n<thead>\n<tr>\n<th>Serienummer<\/th>\n<th>Punkt<\/th>\n<th>Enhet<\/th>\n<th>Specifikation<\/th>\n<\/tr>\n<\/thead>\n<tbody>\n<tr>\n<td>1<\/td>\n<td>Modellnamn<\/td>\n<td>\/<\/td>\n<td>4BYH-1.3 Kidneyb\u00f6nsavdragare av typ 4<\/td>\n<\/tr>\n<tr>\n<td>2<\/td>\n<td>Hitching-metoden<\/td>\n<td>\/<\/td>\n<td>Monterad typ<\/td>\n<\/tr>\n<tr>\n<td>3<\/td>\n<td>V\u00e4ljartyp<\/td>\n<td>\/<\/td>\n<td>Fj\u00e4dertandstyp<\/td>\n<\/tr>\n<tr>\n<td>4<\/td>\n<td>Arbetsbredd<\/td>\n<td>m<\/td>\n<td>1.3<\/td>\n<\/tr>\n<tr>\n<td>5<\/td>\n<td>Matchande effektomr\u00e5de<\/td>\n<td>kW<\/td>\n<td>\u226540<\/td>\n<\/tr>\n<tr>\n<td>6<\/td>\n<td>Driftshastighetsomr\u00e5de<\/td>\n<td>km\/h<\/td>\n<td>5\uff5e8<\/td>\n<\/tr>\n<tr>\n<td>7<\/td>\n<td>Totalm\u00e5tt (L\u00d7B\u00d7H)<\/td>\n<td>mm<\/td>\n<td>2500\u00d71800\u00d71250<\/td>\n<\/tr>\n<tr>\n<td>8<\/td>\n<td>Kraftuttagsvarvtal<\/td>\n<td>varv\/min<\/td>\n<td>540<\/td>\n<\/tr>\n<tr>\n<td>9<\/td>\n<td>Hjulsp\u00e5r<\/td>\n<td>mm<\/td>\n<td>1300<\/td>\n<\/tr>\n<tr>\n<td>10<\/td>\n<td>Produktivitet<\/td>\n<td>hm\u00b2\/h<\/td>\n<td>0.65-1.04<\/td>\n<\/tr>\n<tr>\n<td>11<\/td>\n<td>Antal operat\u00f6rer<\/td>\n<td>person<\/td>\n<td>1<\/td>\n<\/tr>\n<tr>\n<td>12<\/td>\n<td>Strukturell vikt<\/td>\n<td>kg<\/td>\n<td>600<\/td>\n<\/tr>\n<\/tbody>\n<\/table>\n<h2>Produktdefinition<\/h2>\n<p>4BYH-1.3 Kidneyb\u00f6nsuppryckningsmaskinen \u00e4r ett banbrytande jordbruksredskap som \u00e4r speciellt utformat f\u00f6r att upprycka kidneyb\u00f6nor med h\u00f6g effektivitet. Denna maskin eliminerar behovet av manuellt arbete, vilket f\u00f6rb\u00e4ttrar sk\u00f6rdehastigheten och minskar driftskostnaderna. Den \u00e4r perfekt f\u00f6r storskaliga jordbruksverksamheter som vill \u00f6ka produktiviteten och l\u00f6nsamheten.<\/p>\n<p style=\"text-align: center;\">\u00a0<img loading=\"lazy\" decoding=\"async\" class=\"alignnone wp-image-410\" src=\"https:\/\/silage-balers.com\/wp-content\/uploads\/2025\/12\/2-1.webp\" alt=\"B\u00f6nuppryckningsmaskin\" width=\"393\" height=\"393\" srcset=\"https:\/\/silage-balers.com\/wp-content\/uploads\/2025\/12\/2-1.webp 248w, https:\/\/silage-balers.com\/wp-content\/uploads\/2025\/12\/2-1-150x150.webp 150w, https:\/\/silage-balers.com\/wp-content\/uploads\/2025\/12\/2-1-12x12.webp 12w, https:\/\/silage-balers.com\/wp-content\/uploads\/2025\/12\/2-1-100x100.webp 100w\" sizes=\"(max-width: 393px) 100vw, 393px\" \/><\/p>\n<h2>Problem den l\u00f6ser och dess anv\u00e4ndningsomr\u00e5den<\/h2>\n<p>4BYH-1.3-maskinen f\u00f6r uppryckning av kidneyb\u00f6nor l\u00f6ser flera vanliga problem som kidneyb\u00f6nsodlare st\u00e5r inf\u00f6r, inklusive den arbetsintensiva karakt\u00e4ren hos traditionella sk\u00f6rdemetoder, risken f\u00f6r gr\u00f6dskador vid manuell uppryckning och den tidskr\u00e4vande process som hindrar storskalig produktion. Med sin kraftfulla design accelererar denna maskin inte bara uppryckningsprocessen utan s\u00e4kerst\u00e4ller ocks\u00e5 att b\u00f6norna sk\u00f6rdas med minimal skada.<\/p>\n<h2>Produktf\u00f6rdelar<\/h2>\n<ul>\n<li><strong>H\u00f6g effektivitet:<\/strong> Maskinen minskar avsev\u00e4rt den tid som kr\u00e4vs f\u00f6r sk\u00f6rd, vilket g\u00f6r den idealisk f\u00f6r storskaliga verksamheter.<\/li>\n<li><strong>Minimala gr\u00f6dskador:<\/strong> Den \u00e4r utformad f\u00f6r att rycka upp kidneyb\u00f6nor med r\u00f6tterna med st\u00f6rsta f\u00f6rsiktighet, vilket minimerar skador p\u00e5 gr\u00f6dan.<\/li>\n<li><strong>Arbetsbesparingar:<\/strong> Genom att automatisera uppryckningsprocessen minskar maskinen arbetskostnaderna och behovet av stora manuella arbetsstyrkor.<\/li>\n<li><strong>L\u00e4tt att anv\u00e4nda:<\/strong> Ett enkelt och anv\u00e4ndarv\u00e4nligt gr\u00e4nssnitt s\u00e4kerst\u00e4ller att f\u00f6rarna snabbt kan bem\u00e4stra maskinen, vilket \u00f6kar produktiviteten p\u00e5 g\u00e5rden.<\/li>\n<li><strong>Varaktighet:<\/strong> Maskinen \u00e4r byggd med h\u00f6gkvalitativa material och konstruerad f\u00f6r att klara tuffa jordbruksf\u00f6rh\u00e5llanden och ge l\u00e5ngvarig anv\u00e4ndning.<\/li>\n<\/ul>\n<h2>Hur 4BYH-1.3 kidneyb\u00f6nsuppryckningsmaskinen fungerar<\/h2>\n<p>4BYH-1.3 kidneyb\u00f6nsuppryckningsmaskinen fungerar med hj\u00e4lp av en upps\u00e4ttning mekaniska armar och roterande blad som f\u00f6rsiktigt upprycker kidneyb\u00f6norna ur jorden. Den gr\u00e4ver djupt ner i marken f\u00f6r att utvinna b\u00f6norna, samtidigt som den minimerar st\u00f6rningen av den omgivande jorden och andra gr\u00f6dor. B\u00f6norna transporteras sedan till ett uppsamlingssystem, d\u00e4r de sorteras och lagras f\u00f6r vidare bearbetning.<\/p>\n<h2>Huvudsakliga applikationsscenarier<\/h2>\n<ul>\n<li><strong>Storskaliga g\u00e5rdar:<\/strong> Perfekt f\u00f6r storskaliga b\u00f6nodlingar som kr\u00e4ver h\u00f6ghastighetssk\u00f6rd f\u00f6r att m\u00f6ta efterfr\u00e5gan.<\/li>\n<li><strong>Kommersiell b\u00f6nsk\u00f6rd:<\/strong> Idealisk f\u00f6r f\u00f6retag som \u00e4r involverade i storskalig b\u00f6nproduktion och f\u00f6rs\u00e4ljning.<\/li>\n<li><strong>Jordbruksforskningscentra:<\/strong> Anv\u00e4ndbar inom forskningsomr\u00e5den inriktade p\u00e5 att f\u00f6rb\u00e4ttra b\u00f6nodlingstekniker.<\/li>\n<li><strong>Mekaniserat jordbruk:<\/strong> Ett v\u00e4rdefullt verktyg f\u00f6r mekaniserade g\u00e5rdar som vill integrera automatisering i sin verksamhet.<\/li>\n<li><strong>Jordbrukare med begr\u00e4nsad arbetskraft:<\/strong> F\u00f6r g\u00e5rdar som har arbetskraftsbrist eller vill minska sitt beroende av manuellt arbete.<\/li>\n<li><strong>Milj\u00f6m\u00e4ssig h\u00e5llbarhet:<\/strong> Bidrar till att minska koldioxidavtrycket genom att minimera behovet av omfattande m\u00e4nsklig arbetskraft och br\u00e4nslef\u00f6rbrukning.<\/li>\n<\/ul>\n<h2>Hur man v\u00e4ljer r\u00e4tt 4BYH-1.3 kidneyb\u00f6nsuppryckningsmaskin<\/h2>\n<ul>\n<li><strong>G\u00e5rdens storlek:<\/strong> Se till att maskinen \u00e4r kompatibel med storleken p\u00e5 din g\u00e5rd f\u00f6r att optimera dess effektivitet.<\/li>\n<li><strong>Sk\u00f6rdebehov:<\/strong> T\u00e4nk p\u00e5 vilken typ av kidneyb\u00f6nor du odlar och se till att maskinen kan hantera dem effektivt.<\/li>\n<li><strong>Jordf\u00f6rh\u00e5llanden:<\/strong> Se till att maskinen \u00e4r l\u00e4mplig f\u00f6r jordtypen p\u00e5 din g\u00e5rd f\u00f6r att s\u00e4kerst\u00e4lla optimal prestanda.<\/li>\n<li><strong>Underh\u00e5ll och support:<\/strong> V\u00e4lj en maskin med tillg\u00e4ngliga servicecenter och reservdelar f\u00f6r enkelt underh\u00e5ll.<\/li>\n<li><strong>Budget:<\/strong> Balansera din budget med de funktioner som erbjuds f\u00f6r att f\u00e5 mest valuta f\u00f6r pengarna.<\/li>\n<li><strong>Operat\u00f6rserfarenhet:<\/strong> Om dina f\u00f6rare inte har anv\u00e4nt automatiserad avverkning tidigare, v\u00e4lj en modell med anv\u00e4ndarv\u00e4nliga kontroller och funktioner.<\/li>\n<\/ul>\n<h2>Underh\u00e5llsmetoder f\u00f6r 4BYH-1.3 kidneyb\u00f6nsuppryckningsmaskin<\/h2>\n<p>Regelbundet underh\u00e5ll \u00e4r viktigt f\u00f6r att s\u00e4kerst\u00e4lla att maskinen fungerar effektivt. Detta inkluderar kontroll och byte av delar som knivar och remmar, reng\u00f6ring av maskinen efter varje anv\u00e4ndning f\u00f6r att f\u00f6rhindra igens\u00e4ttning och sm\u00f6rjning av r\u00f6rliga delar f\u00f6r att minimera slitage. Dessutom b\u00f6r operat\u00f6rer utbildas f\u00f6r att identifiera och \u00e5tg\u00e4rda mindre problem innan de eskalerar till st\u00f6rre problem.<\/p>\n<p style=\"text-align: center;\"><img loading=\"lazy\" decoding=\"async\" class=\"alignnone wp-image-411\" src=\"https:\/\/silage-balers.com\/wp-content\/uploads\/2025\/12\/3-1.webp\" alt=\"B\u00f6nuppryckningsmaskin\" width=\"445\" height=\"445\" srcset=\"https:\/\/silage-balers.com\/wp-content\/uploads\/2025\/12\/3-1.webp 248w, https:\/\/silage-balers.com\/wp-content\/uploads\/2025\/12\/3-1-150x150.webp 150w, https:\/\/silage-balers.com\/wp-content\/uploads\/2025\/12\/3-1-12x12.webp 12w, https:\/\/silage-balers.com\/wp-content\/uploads\/2025\/12\/3-1-100x100.webp 100w\" sizes=\"(max-width: 445px) 100vw, 445px\" \/><\/p>\n<h2>Kundrecensioner<\/h2>\n<p>\u201d4BYH-1.3 kidneyb\u00f6nsuppryckningsmaskinen har drastiskt minskat v\u00e5r sk\u00f6rdetid. Vi har kunnat skala upp produktionen utan att l\u00e4gga till extra arbetskraft. Rekommenderas starkt!\u201d<\/p>\n<p><strong>\u2013 John Doe, USA<\/strong><\/p>\n<p>\u201dVi k\u00f6pte 4BYH-1.3 till v\u00e5r g\u00e5rd i Brasilien, och den har varit banbrytande. Maskinen \u00e4r p\u00e5litlig och g\u00f6r jobbet utan att skada gr\u00f6dorna.\u201d<\/p>\n<p><strong>\u2013 Maria Silva, Brasilien<\/strong><\/p>\n<p>\u201dEfter att ha provat olika b\u00f6nuppryckningsmaskiner \u00e4r 4BYH-1.3 den absolut mest effektiva och enkla att anv\u00e4nda. Den har sparat oss s\u00e5 mycket tid, och resultaten \u00e4r fantastiska!\u201d<\/p>\n<p><strong>\u2013 Ahmed Ali, Egypten<\/strong><\/p>\n<p>\u201dI Kina har v\u00e5r g\u00e5rd anv\u00e4nt den h\u00e4r maskinen i flera m\u00e5nader nu, och den har hj\u00e4lpt oss att effektivisera v\u00e5r sk\u00f6rdeprocess. Vi \u00e4r mycket imponerade av dess prestanda.\u201d<\/p>\n<p><strong>\u2013 Li Wei, Kina<\/strong><\/p>\n<p>\u201dVi \u00e4r mycket n\u00f6jda med 4BYH-1.3:ans effektivitet. Den \u00e4r h\u00e5llbar och v\u00e4lbyggd. Det \u00e4r en av de b\u00e4sta investeringarna vi har gjort f\u00f6r v\u00e5r g\u00e5rd p\u00e5 flera \u00e5r.\u201d<\/p>\n<p><strong>\u2013 Peter Johnson, Storbritannien<\/strong><\/p>\n<h2>Varf\u00f6r v\u00e4lja v\u00e5r produkt?<\/h2>\n<p>Vi erbjuder snabba anpassningstj\u00e4nster och stark kundsupport f\u00f6r att s\u00e4kerst\u00e4lla att dina behov uppfylls. V\u00e5ra produkter levereras med 3 \u00e5rs garanti, s\u00e5 att du kan vara s\u00e4ker p\u00e5 maskinens h\u00e5llbarhet och prestanda. Vi st\u00f6der global snabb leverans f\u00f6r att s\u00e4kerst\u00e4lla leverans i tid, och v\u00e5r eftermarknadsservice \u00e4r utformad f\u00f6r att h\u00e5lla din verksamhet ig\u00e5ng smidigt.<\/p>\n<h2>Utforska 4BYH-1.3 kidneyb\u00f6nsuppryckningsmaskinen idag<\/h2>\n<p>Om du letar efter en p\u00e5litlig, effektiv och kostnadseffektiv l\u00f6sning f\u00f6r att r\u00f6ja upp b\u00f6nor \u00e4r 4BYH-1.3 det perfekta valet f\u00f6r storskaliga jordbruksverksamheter. V\u00e5rt f\u00f6retag erbjuder inte bara denna produkt utan \u00e4ven ett brett utbud av jordbruksmaskiner och tillbeh\u00f6r. Med v\u00e5r robusta tillverkningskapacitet, h\u00f6gkvalitativa produktkvalitet, konkurrenskraftiga priser och utm\u00e4rkta kundservice finns vi h\u00e4r f\u00f6r att m\u00f6ta alla dina jordbruksbehov. Kontakta oss idag f\u00f6r att utforska mer och g\u00f6ra ditt k\u00f6p!<\/p>\n<p style=\"text-align: center;\"><img loading=\"lazy\" decoding=\"async\" class=\"alignnone wp-image-412\" src=\"https:\/\/silage-balers.com\/wp-content\/uploads\/2025\/12\/4-1.webp\" alt=\"B\u00f6nuppryckningsmaskin\" width=\"431\" height=\"431\" srcset=\"https:\/\/silage-balers.com\/wp-content\/uploads\/2025\/12\/4-1.webp 254w, https:\/\/silage-balers.com\/wp-content\/uploads\/2025\/12\/4-1-150x150.webp 150w, https:\/\/silage-balers.com\/wp-content\/uploads\/2025\/12\/4-1-12x12.webp 12w, https:\/\/silage-balers.com\/wp-content\/uploads\/2025\/12\/4-1-100x100.webp 100w\" sizes=\"(max-width: 431px) 100vw, 431px\" \/><\/p>\n<h2>Vanliga fr\u00e5gor (FAQ)<\/h2>\n<p><strong>Vad \u00e4r den maximala kapaciteten f\u00f6r 4BYH-1.3? <a href=\"https:\/\/silage-balers.com\/sv\/produkt\/9yg-2-24d-rundbalpress-s9000\/\">Kidneyb\u00f6nuppryckningsmaskin<\/a>?<\/strong><\/p>\n<p>4BYH-1.3 kan hantera storskaliga sk\u00f6rdar och effektivt upprycka b\u00f6nor \u00f6ver flera tunnland jordbruksmark.<\/p>\n<p><strong>Hur f\u00f6rb\u00e4ttrar 4BYH-1.3 b\u00f6nuppryckningsmaskinen effektiviteten vid sk\u00f6rd av kidneyb\u00f6nor?<\/strong><\/p>\n<p>Denna maskin automatiserar uppryckningsprocessen, vilket avsev\u00e4rt minskar arbetskostnader och sk\u00f6rdetid samtidigt som den s\u00e4kerst\u00e4ller minimala skador p\u00e5 gr\u00f6dan.<\/p>\n<p><strong>Kan 4BYH-1.3 b\u00f6nuppryckningsmaskinen anv\u00e4ndas f\u00f6r andra gr\u00f6dor f\u00f6rutom kidneyb\u00f6nor?<\/strong><\/p>\n<p>\u00c4ven om 4BYH-1.3 \u00e4r specifikt utformad f\u00f6r kidneyb\u00f6nor, kan den \u00e4ven anpassas f\u00f6r anv\u00e4ndning med andra b\u00f6nsorter beroende p\u00e5 jordm\u00e5n och v\u00e4xtf\u00f6rh\u00e5llanden.<\/p>\n<p><strong>Vilket underh\u00e5ll kr\u00e4vs f\u00f6r 4BYH-1.3?<\/strong><\/p>\n<p>Regelbundet underh\u00e5ll inkluderar reng\u00f6ring av maskinen efter varje anv\u00e4ndning, sm\u00f6rjning av r\u00f6rliga delar och byte av slitna komponenter som knivar och remmar.<\/p>\n<p><strong>\u00c4r 4BYH-1.3 b\u00f6nuppryckningsmaskinen l\u00e4mplig f\u00f6r ekologiska g\u00e5rdar?<\/strong><\/p>\n<p>Ja, 4BYH-1.3 \u00e4r utformad f\u00f6r att minimera markst\u00f6rningar, vilket g\u00f6r den till ett l\u00e4mpligt alternativ f\u00f6r ekologiska g\u00e5rdar d\u00e4r jordh\u00e4lsa \u00e4r en prioritet.<\/p>\n<p><strong>Vilka leveransalternativ finns f\u00f6r internationella kunder?<\/strong><\/p>\n<p>Vi erbjuder global frakt med snabba leveransalternativ f\u00f6r att m\u00f6ta kunders behov \u00f6ver hela v\u00e4rlden.<\/p>\n<p><strong>Kan maskinen anpassas f\u00f6r olika jordtyper?<\/strong><\/p>\n<p>Ja, vi erbjuder anpassningsalternativ f\u00f6r att anpassa maskinen f\u00f6r olika jordtyper och jordbruksf\u00f6rh\u00e5llanden.<\/p>\n<p><strong>Vilken \u00e4r garantiperioden f\u00f6r 4BYH-1.3 b\u00f6nuppryckningsmaskin?<\/strong><\/p>\n<p>4BYH-1.3 levereras med 3 \u00e5rs garanti, vilket garanterar sinnesro f\u00f6r l\u00e5ngvarig anv\u00e4ndning.<\/p>\n<p><strong>Hur best\u00e4ller jag 4BYH-1.3 kidneyb\u00f6nsuppryckningsmaskinen?<\/strong><\/p>\n<p>Du kan l\u00e4gga en best\u00e4llning direkt via v\u00e5r webbplats eller kontakta v\u00e5rt s\u00e4ljteam f\u00f6r hj\u00e4lp med specialbest\u00e4llningar.<\/p>\n<p><strong>Vilket \u00e4r prisintervallet f\u00f6r b\u00f6nuppryckningsmaskinen 4BYH-1.3?<\/strong><\/p>\n<p>Priset varierar beroende p\u00e5 specifikationer och anpassningsalternativ, men vi erbjuder konkurrenskraftiga priser baserat p\u00e5 maskinens v\u00e4rde och kvalitet.<\/p>\n<p><strong>\u00c4r 4BYH-1.3 b\u00f6nuppryckningsmaskinen l\u00e4tt att anv\u00e4nda f\u00f6r nya anv\u00e4ndare?<\/strong><\/p>\n<p>Ja, 4BYH-1.3 \u00e4r utformad med anv\u00e4ndarv\u00e4nliga kontroller, vilket g\u00f6r det enkelt f\u00f6r nya f\u00f6rare att l\u00e4ra sig och anv\u00e4nda maskinen.<\/p>\n<p><strong>Hur l\u00e5ng tid tar det att sk\u00f6rda b\u00f6nor med 4BYH-1.3 b\u00f6nupprullningsmaskin?<\/strong><\/p>\n<p>Tids\u00e5tg\u00e5ngen beror p\u00e5 storleken p\u00e5 din g\u00e5rd, men 4BYH-1.3 minskar sk\u00f6rdetiden avsev\u00e4rt j\u00e4mf\u00f6rt med manuella metoder.<\/p>\n<p><strong>Finns det kundsupport tillg\u00e4nglig f\u00f6r fels\u00f6kning?<\/strong><\/p>\n<p>Ja, vi erbjuder fullst\u00e4ndig kundsupport f\u00f6r fels\u00f6kning och teknisk assistans.<\/p>\n<p><strong>Kan maskinen anv\u00e4ndas i olika klimat?<\/strong><\/p>\n<p>4BYH-1.3 \u00e4r konstruerad f\u00f6r att fungera i en m\u00e4ngd olika klimat, vilket g\u00f6r den m\u00e5ngsidig f\u00f6r g\u00e5rdar runt om i v\u00e4rlden.<\/p>\n<p>redigerad av gzl<\/p>\n<p>&nbsp;<\/p>","protected":false},"excerpt":{"rendered":"<p>Uppt\u00e4ck 4BYH-1.3 kidneyb\u00f6nsuppryckningsmaskinen \u2013 effektiv, p\u00e5litlig och perfekt f\u00f6r storskalig b\u00f6nsk\u00f6rd. \u00d6ka din produktivitet idag! Handla nu!<\/p>","protected":false},"featured_media":409,"template":"","meta":{"_et_pb_use_builder":"","_et_pb_old_content":"","_et_gb_content_width":""},"product_brand":[],"product_cat":[22],"product_tag":[],"class_list":{"0":"post-407","1":"product","2":"type-product","3":"status-publish","4":"has-post-thumbnail","6":"product_cat-kidney-bean-puller","8":"first","9":"instock","10":"shipping-taxable","11":"product-type-simple"},"_links":{"self":[{"href":"https:\/\/silage-balers.com\/sv\/wp-json\/wp\/v2\/product\/407","targetHints":{"allow":["GET"]}}],"collection":[{"href":"https:\/\/silage-balers.com\/sv\/wp-json\/wp\/v2\/product"}],"about":[{"href":"https:\/\/silage-balers.com\/sv\/wp-json\/wp\/v2\/types\/product"}],"wp:featuredmedia":[{"embeddable":true,"href":"https:\/\/silage-balers.com\/sv\/wp-json\/wp\/v2\/media\/409"}],"wp:attachment":[{"href":"https:\/\/silage-balers.com\/sv\/wp-json\/wp\/v2\/media?parent=407"}],"wp:term":[{"taxonomy":"product_brand","embeddable":true,"href":"https:\/\/silage-balers.com\/sv\/wp-json\/wp\/v2\/product_brand?post=407"},{"taxonomy":"product_cat","embeddable":true,"href":"https:\/\/silage-balers.com\/sv\/wp-json\/wp\/v2\/product_cat?post=407"},{"taxonomy":"product_tag","embeddable":true,"href":"https:\/\/silage-balers.com\/sv\/wp-json\/wp\/v2\/product_tag?post=407"}],"curies":[{"name":"wp","href":"https:\/\/api.w.org\/{rel}","templated":true}]}}