{"id":413,"date":"2025-12-24T02:38:22","date_gmt":"2025-12-24T02:38:22","guid":{"rendered":"https:\/\/silage-balers.com\/?post_type=product&#038;p=413"},"modified":"2025-12-29T05:44:27","modified_gmt":"2025-12-29T05:44:27","slug":"4byh-2-6-kidneybonsavdragare","status":"publish","type":"product","link":"https:\/\/silage-balers.com\/sv\/produkt\/4byh-2-6-kidneybonsavdragare\/","title":{"rendered":"4BYH-2.6 Kidneyb\u00f6nsavdragare"},"content":{"rendered":"<h2>Teknisk specifikation<\/h2>\n<table style=\"border-color: #000000;\">\n<thead>\n<tr>\n<th>Serienummer<\/th>\n<th>Punkt<\/th>\n<th>Enhet<\/th>\n<th>Specifikation<\/th>\n<\/tr>\n<\/thead>\n<tbody>\n<tr>\n<td>1<\/td>\n<td>Modellnamn<\/td>\n<td>\/<\/td>\n<td>4BYH-2.6 Kidneyb\u00f6nsavdragare<\/td>\n<\/tr>\n<tr>\n<td>2<\/td>\n<td>Hitching-metoden<\/td>\n<td>\/<\/td>\n<td>Monterad typ<\/td>\n<\/tr>\n<tr>\n<td>3<\/td>\n<td>V\u00e4ljartyp<\/td>\n<td>\/<\/td>\n<td>Fj\u00e4dertandstyp<\/td>\n<\/tr>\n<tr>\n<td>4<\/td>\n<td>Arbetsbredd<\/td>\n<td>m<\/td>\n<td>2.6<\/td>\n<\/tr>\n<tr>\n<td>5<\/td>\n<td>Matchande effektomr\u00e5de<\/td>\n<td>kW<\/td>\n<td>66-88<\/td>\n<\/tr>\n<tr>\n<td>6<\/td>\n<td>Driftshastighetsomr\u00e5de<\/td>\n<td>km\/h<\/td>\n<td>6~10<\/td>\n<\/tr>\n<tr>\n<td>7<\/td>\n<td>Totala m\u00e5tt (l\u00e4ngd \u00d7 bredd \u00d7 h\u00f6jd)<\/td>\n<td>mm<\/td>\n<td>2333\u00d72870\u00d71182<\/td>\n<\/tr>\n<tr>\n<td>8<\/td>\n<td>Kraftuttagsvarvtal<\/td>\n<td>varv\/min<\/td>\n<td>540<\/td>\n<\/tr>\n<tr>\n<td>9<\/td>\n<td>Hjulbas<\/td>\n<td>mm<\/td>\n<td>2600<\/td>\n<\/tr>\n<tr>\n<td>10<\/td>\n<td>Produktivitet<\/td>\n<td>hm\u00b2\/h<\/td>\n<td>1.56-2.6<\/td>\n<\/tr>\n<tr>\n<td>11<\/td>\n<td>Antal operat\u00f6rer<\/td>\n<td>person<\/td>\n<td>1<\/td>\n<\/tr>\n<tr>\n<td>12<\/td>\n<td>Strukturell massa<\/td>\n<td>kg<\/td>\n<td>1100<\/td>\n<\/tr>\n<\/tbody>\n<\/table>\n<h2>Introduktion till 4BYH-2.6 kidneyb\u00f6nsavdragare<\/h2>\n<p>4BYH-2.6 kidneyb\u00f6nsuppsamlaren \u00e4r ett revolutionerande jordbruksredskap utformat f\u00f6r att f\u00f6rb\u00e4ttra effektiviteten vid sk\u00f6rd av kidneyb\u00f6nor. Det \u00e4r en h\u00f6gt specialiserad maskin som erbjuder automatiserade l\u00f6sningar f\u00f6r den arbetsintensiva uppgiften att plocka b\u00f6nor, vilket g\u00f6r den till en viktig utrustningsdel f\u00f6r storskaliga g\u00e5rdar. Med sina avancerade funktioner och robusta prestanda erbjuder 4BYH-2.6 kidneyb\u00f6nsuppsamlaren en praktisk och kostnadseffektiv l\u00f6sning f\u00f6r b\u00f6nsk\u00f6rdebehov.<\/p>\n<h2>Vad \u00e4r 4BYH-2.6 kidneyb\u00f6nsavdragaren?<\/h2>\n<p>4BYH-2.6 Kidneyb\u00f6nsuppsamlaren \u00e4r en avancerad jordbruksmaskin som \u00e4r utformad f\u00f6r att hj\u00e4lpa jordbrukare att effektivt sk\u00f6rda kidneyb\u00f6nor. Den \u00e4r konstruerad f\u00f6r att effektivt dra, separera och bearbeta kidneyb\u00f6nor fr\u00e5n jorden. Denna maskin \u00e4r speciellt anpassad f\u00f6r att m\u00f6ta behoven hos storskaliga jordbruksverksamheter och erbjuder en l\u00f6sning som minskar arbetskostnaderna samtidigt som produktiviteten och sk\u00f6rdehastigheten \u00f6kar.<\/p>\n<p style=\"text-align: center;\"><img loading=\"lazy\" decoding=\"async\" class=\"alignnone wp-image-414\" src=\"https:\/\/silage-balers.com\/wp-content\/uploads\/2025\/12\/ep-4BYH-2.6-Kidney-Bean-Puller-2-1.webp\" alt=\"Kidneyb\u00f6nsavdragare\" width=\"445\" height=\"445\" srcset=\"https:\/\/silage-balers.com\/wp-content\/uploads\/2025\/12\/ep-4BYH-2.6-Kidney-Bean-Puller-2-1.webp 267w, https:\/\/silage-balers.com\/wp-content\/uploads\/2025\/12\/ep-4BYH-2.6-Kidney-Bean-Puller-2-1-150x150.webp 150w, https:\/\/silage-balers.com\/wp-content\/uploads\/2025\/12\/ep-4BYH-2.6-Kidney-Bean-Puller-2-1-12x12.webp 12w, https:\/\/silage-balers.com\/wp-content\/uploads\/2025\/12\/ep-4BYH-2.6-Kidney-Bean-Puller-2-1-100x100.webp 100w\" sizes=\"(max-width: 445px) 100vw, 445px\" \/><\/p>\n<h2>Problem l\u00f6sta med 4BYH-2.6 kidneyb\u00f6nsavdragaren<\/h2>\n<p>4BYH-2.6 kidneyb\u00f6nsuppsamlaren l\u00f6ser flera vanliga utmaningar som b\u00f6nodlare st\u00e5r inf\u00f6r, inklusive:<\/p>\n<ul>\n<li><strong>Brist p\u00e5 arbetskraft:<\/strong> Genom att automatisera b\u00f6nplockningsprocessen minskar maskinen behovet av omfattande manuellt arbete, vilket ofta \u00e4r en bristvara, s\u00e4rskilt under h\u00f6gs\u00e4songer.<\/li>\n<li><strong>Inkonsekvent sk\u00f6rd:<\/strong> Manuell sk\u00f6rd kan vara inkonsekvent, vilket resulterar i missade eller skadade b\u00f6nor. 4BYH-2.6 s\u00e4kerst\u00e4ller en grundlig och j\u00e4mn sk\u00f6rd.<\/li>\n<li><strong>L\u00e5g effektivitet:<\/strong> Traditionella metoder \u00e4r tidskr\u00e4vande och kan vara mindre effektiva. Maskinen \u00f6kar produktiviteten avsev\u00e4rt och sparar b\u00e5de tid och energi.<\/li>\n<li><strong>Jordskador:<\/strong> Andra sk\u00f6rdemetoder kan skada jorden, men 4BYH-2.6 kidneyb\u00f6nsuppsamlaren \u00e4r utformad f\u00f6r att minimera st\u00f6rningar i jordstrukturen, vilket s\u00e4kerst\u00e4ller b\u00e4ttre l\u00e5ngsiktig jordh\u00e4lsa.<\/li>\n<li><strong>H\u00f6ga driftskostnader:<\/strong> Genom att minska beroendet av manuellt arbete hj\u00e4lper den h\u00e4r maskinen till att s\u00e4nka driftskostnaderna inom b\u00f6nodling, vilket f\u00f6rb\u00e4ttrar den totala l\u00f6nsamheten f\u00f6r stora g\u00e5rdar.<\/li>\n<\/ul>\n<h2>Produktf\u00f6rdelar<\/h2>\n<p>4BYH-2.6 kidneyb\u00f6nsuppsamlaren erbjuder m\u00e5nga f\u00f6rdelar f\u00f6r jordbrukare som vill f\u00f6rb\u00e4ttra sin b\u00f6nsk\u00f6rdeprocess:<\/p>\n<h3>1. H\u00f6g effektivitet<\/h3>\n<p>4BYH-2.6 \u00e4r konstruerad f\u00f6r h\u00f6ghastighetsdrift och kan sk\u00f6rda en stor m\u00e4ngd kidneyb\u00f6nor p\u00e5 kort tid. Dess kraftfulla motor och optimerade sk\u00f6rdemekanism m\u00f6jligg\u00f6r snabbare och effektivare bearbetning \u00e4n traditionella metoder.<\/p>\n<h3>2. Minskade arbetskraftskostnader<\/h3>\n<p>En av de viktigaste f\u00f6rdelarna med 4BYH-2.6 \u00e4r dess f\u00f6rm\u00e5ga att minska behovet av manuellt arbete. Detta sparar inte bara kostnader utan eliminerar ocks\u00e5 utmaningarna med att hitta kvalificerad arbetskraft under h\u00f6gs\u00e4songer.<\/p>\n<h3>3. H\u00e5llbar och p\u00e5litlig<\/h3>\n<p>4BYH-2.6 \u00e4r byggd med h\u00f6gkvalitativa material och avancerad teknik och \u00e4r konstruerad f\u00f6r l\u00e5ngvarig anv\u00e4ndning. Dess robusta konstruktion s\u00e4kerst\u00e4ller att den t\u00e5l tuffa jordbruksf\u00f6rh\u00e5llanden, vilket g\u00f6r den till en p\u00e5litlig investering f\u00f6r storskaliga jordbrukare.<\/p>\n<h3>4. Jordv\u00e5rd<\/h3>\n<p>Till skillnad fr\u00e5n andra sk\u00f6rdemaskiner som kan orsaka betydande jordst\u00f6rningar minimerar 4BYH-2.6 kidneyb\u00f6nsuppsamlaren jordskador och bevarar jordens h\u00e4lsa f\u00f6r framtida planteringscykler.<\/p>\n<h3>5. Enkelt underh\u00e5ll<\/h3>\n<p>4BYH-2.6 \u00e4r konstruerad f\u00f6r enkelt underh\u00e5ll. Med enkla procedurer f\u00f6r reng\u00f6ring och service kan lantbrukare s\u00e4kerst\u00e4lla att maskinen g\u00e5r smidigt under hela s\u00e4songen utan att det blir h\u00f6ga reparationskostnader.<\/p>\n<h2>S\u00e5 fungerar 4BYH-2.6 kidneyb\u00f6nsavdragaren<\/h2>\n<p>4BYH-2.6 kidneyb\u00f6nsuppsamlaren anv\u00e4nder ett automatiserat system som kombinerar mekanisk upptagning, separering och uppsamling av kidneyb\u00f6nor. Maskinen \u00e4r utrustad med en specialiserad upptagningsmekanism som f\u00f6rsiktigt avl\u00e4gsnar b\u00f6norna fr\u00e5n jorden utan att orsaka skador. N\u00e4r b\u00f6norna \u00e4r uppdragna separeras de fr\u00e5n jord eller skr\u00e4p med hj\u00e4lp av en upps\u00e4ttning mekaniska s\u00e5ll. De rena b\u00f6norna samlas sedan upp i beh\u00e5llare, redo f\u00f6r vidare bearbetning eller f\u00f6rpackning.<\/p>\n<h2>Huvudsakliga anv\u00e4ndningsscenarier f\u00f6r 4BYH-2.6 kidneyb\u00f6nsavdragare<\/h2>\n<p>4BYH-2.6 kidneyb\u00f6nsuppsamlaren \u00e4r idealisk f\u00f6r anv\u00e4ndning i en m\u00e4ngd olika jordbruksmilj\u00f6er, inklusive:<\/p>\n<ul>\n<li><strong>Storskaliga g\u00e5rdar:<\/strong> Perfekt f\u00f6r stora b\u00f6nodlingar, d\u00e4r behovet av effektivitet och sk\u00f6rd i h\u00f6g volym \u00e4r avg\u00f6rande.<\/li>\n<li><strong>Kommersiell b\u00f6nproduktion:<\/strong> L\u00e4mplig f\u00f6r f\u00f6retag som producerar kidneyb\u00f6nor i kommersiell skala och beh\u00f6ver en p\u00e5litlig l\u00f6sning f\u00f6r sk\u00f6rd.<\/li>\n<li><strong>Ekologiska g\u00e5rdar:<\/strong> Maskinen \u00e4r skonsam mot jorden, vilket g\u00f6r den till ett utm\u00e4rkt val f\u00f6r ekologiska g\u00e5rdar som prioriterar jordh\u00e4lsa.<\/li>\n<li><strong>Jordbrukskooperativ:<\/strong> Idealisk f\u00f6r kooperativ som f\u00f6rvaltar stora markomr\u00e5den och beh\u00f6ver maskiner som kan hantera h\u00f6gkapacitetsavverkning.<\/li>\n<li><strong>Exportorienterade g\u00e5rdar:<\/strong> F\u00f6r g\u00e5rdar som levererar b\u00f6nor f\u00f6r export s\u00e4kerst\u00e4ller 4BYH-2.6 snabb och effektiv sk\u00f6rd, vilket minskar tiden till marknaden.<\/li>\n<li><strong>Forskning och jordbruksutveckling:<\/strong> Jordbruksforskningscentra och g\u00e5rdar som fokuserar p\u00e5 att f\u00f6rb\u00e4ttra sk\u00f6rdarna kan dra nytta av maskinens precision och effektivitet vid b\u00f6nsk\u00f6rden.<\/li>\n<\/ul>\n<h2>Hur man v\u00e4ljer r\u00e4tt 4BYH-2.6 kidneyb\u00f6nsavdragare<\/h2>\n<p>N\u00e4r du v\u00e4ljer en 4BYH-2.6 kidneyb\u00f6nsavdragare, t\u00e4nk p\u00e5 f\u00f6ljande faktorer:<\/p>\n<ul>\n<li><strong>G\u00e5rdens storlek:<\/strong> St\u00f6rre g\u00e5rdar kommer att dra nytta av den h\u00f6ga effektiviteten hos 4BYH-2.6, medan mindre g\u00e5rdar kan beh\u00f6va en mindre modell.<\/li>\n<li><strong>Jordf\u00f6rh\u00e5llanden:<\/strong> T\u00e4nk p\u00e5 jordtypen och fuktighetsniv\u00e5erna p\u00e5 din g\u00e5rd. 4BYH-2.6 kan anpassas till olika jordtyper, men du b\u00f6r se till att den \u00e4r l\u00e4mpad f\u00f6r dina specifika f\u00f6rh\u00e5llanden.<\/li>\n<li><strong>Sk\u00f6rdevolym:<\/strong> V\u00e4lj en maskin som klarar av din sk\u00f6rdevolym. 4BYH-2.6 \u00e4r idealisk f\u00f6r h\u00f6gpresterande arbeten, s\u00e5 det \u00e4r viktigt att matcha dess kapacitet med dina behov.<\/li>\n<li><strong>Underh\u00e5llsst\u00f6d:<\/strong> Se till att det finns tillr\u00e4ckligt med support f\u00f6r maskinen i din region, inklusive tillg\u00e5ng till reservdelar och underh\u00e5llstj\u00e4nster.<\/li>\n<li><strong>Budget:<\/strong> \u00c4ven om 4BYH-2.6 \u00e4r en kostnadseffektiv l\u00f6sning p\u00e5 l\u00e5ng sikt, b\u00f6r du ta h\u00e4nsyn till din initiala investeringsbudget n\u00e4r du g\u00f6r ett k\u00f6p.<\/li>\n<li><strong>Ytterligare funktioner:<\/strong> Vissa modeller har extra funktioner som GPS-sp\u00e5rning, automatiserad jordanalys och f\u00f6rb\u00e4ttrad separationsteknik. \u00d6verv\u00e4g dessa alternativ baserat p\u00e5 din g\u00e5rds behov.<\/li>\n<\/ul>\n<h2>Underh\u00e5ll av 4BYH-2.6 kidneyb\u00f6nsavdragare<\/h2>\n<p>F\u00f6r att s\u00e4kerst\u00e4lla optimal prestanda och livsl\u00e4ngd \u00e4r 4BYH-2.6<a href=\"https:\/\/silage-balers.com\/sv\/produkt\/4byh-1-3-kidneybonsuppryckningsmaskin\/\"> Kidneyb\u00f6nsavdragare<\/a> b\u00f6r regelbundet underh\u00e5llas. Viktiga underh\u00e5llsuppgifter inkluderar:<\/p>\n<ul>\n<li><strong>Regelbunden reng\u00f6ring:<\/strong> Reng\u00f6r maskinen efter varje anv\u00e4ndning f\u00f6r att avl\u00e4gsna smuts, skr\u00e4p och eventuella kvarvarande b\u00f6nor f\u00f6r att f\u00f6rhindra igens\u00e4ttning.<\/li>\n<li><strong>Sm\u00f6rjning:<\/strong> Sm\u00f6rj alla r\u00f6rliga delar, inklusive dragmekanismen och silarna, f\u00f6r att minska friktion och f\u00f6rhindra slitage.<\/li>\n<li><strong>Kontrollera motorns prestanda:<\/strong> \u00d6vervaka motorns prestanda regelbundet och se till att den g\u00e5r med maximal effektivitet.<\/li>\n<li><strong>Kontrollera om det finns skador:<\/strong> Kontrollera regelbundet maskinen f\u00f6r tecken p\u00e5 slitage eller skador, s\u00e4rskilt drag- och siktkomponenterna.<\/li>\n<li><strong>Serviceintervaller:<\/strong> F\u00f6lj tillverkarens rekommenderade serviceintervall f\u00f6r att byta ut delar som filter, remmar och t\u00e4tningar efter behov.<\/li>\n<\/ul>\n<h2>Kundrecensioner<\/h2>\n<p>H\u00e4r \u00e4r n\u00e5gra kundrecensioner f\u00f6r 4BYH-2.6 kidneyb\u00f6nsavdragaren:<\/p>\n<p><strong>\u201dJag har anv\u00e4nt 4BYH-2.6 i tv\u00e5 sk\u00f6rdes\u00e4songer nu, och jag \u00e4r mycket imponerad av dess effektivitet. Den har minskat v\u00e5ra arbetskostnader med \u00f6ver 30%, och b\u00f6norna blir renare \u00e4n n\u00e5gonsin. Det \u00e4r en solid investering f\u00f6r alla stora g\u00e5rdar.\u201d<\/strong><br \/>\n\u2014 John Smith, USA<\/p>\n<p><strong>\u201d4BYH-2.6 \u00e4r revolutionerande f\u00f6r min g\u00e5rd. Vi kan sk\u00f6rda mycket snabbare och maskinen \u00e4r l\u00e4tt att anv\u00e4nda. Rekommenderas starkt f\u00f6r kommersiella b\u00f6nproducenter.\u201d<\/strong><br \/>\n\u2014 Ahmed Ali, Egypten<\/p>\n<p><strong>\u201dSom en ekologisk g\u00e5rd var vi oroliga f\u00f6r markskador, men 4BYH-2.6 fungerar utm\u00e4rkt. Den \u00e4r skonsam mot marken samtidigt som den ger oss en h\u00f6gkvalitativ sk\u00f6rd.\u201d<\/strong><br \/>\n\u2014 Maria L\u00f3pez, Spanien<\/p>\n<p><strong>\u201dSnabb leverans och utm\u00e4rkt kundservice. 4BYH-2.6 har varit en p\u00e5litlig maskin som vi inte kan klara oss utan under sk\u00f6rden.\u201d<\/strong><br \/>\n\u2014 Michael Brown, Storbritannien<\/p>\n<p><strong>\u201dV\u00e5r g\u00e5rd \u00e4r storskalig, och den h\u00e4r maskinen har varit oumb\u00e4rlig. Den g\u00f6r sk\u00f6rden av kidneyb\u00f6nor s\u00e5 mycket snabbare och effektivare. Vi \u00e4r verkligen n\u00f6jda med k\u00f6pet.\u201d<\/strong><br \/>\n\u2014 Raj Patel, Indien<\/p>\n<h2>Varf\u00f6r v\u00e4lja v\u00e5r produkt?<\/h2>\n<p>V\u00e5r 4BYH-2.6 kidneyb\u00f6nsavdragare erbjuder en rad f\u00f6rdelar som g\u00f6r den till den <a href=\"http:\/\/square-balers.com\" target=\"_blank\" rel=\"noopener\">b\u00e4sta valet f\u00f6r lantbrukare<\/a> \u00f6ver hela v\u00e4rlden. Vi erbjuder snabba anpassningstj\u00e4nster skr\u00e4ddarsydda efter dina specifika g\u00e5rdsbehov, vilket s\u00e4kerst\u00e4ller optimal prestanda. Dessutom levereras v\u00e5r produkt med 3 \u00e5rs garanti, vilket ger dig sinnesro. Vi erbjuder omfattande eftermarknadssupport och snabb global leverans f\u00f6r att m\u00f6ta dina best\u00e4llningskrav. Med v\u00e5r starka servicekapacitet och v\u00e5rt engagemang f\u00f6r kvalitet finns vi h\u00e4r f\u00f6r att s\u00e4kerst\u00e4lla att ditt jordbruk l\u00f6per smidigt.<\/p>\n<p>Utforska 4BYH-2.6 kidneyb\u00f6nsuppsamlaren idag och upplev n\u00e4sta niv\u00e5 av effektivitet i b\u00f6nsk\u00f6rden. V\u00e5r tillverkningskapacitet garanterar h\u00f6gsta kvalitet och konkurrenskraftiga priser. Vi erbjuder \u00e4ven ett brett utbud av tillbeh\u00f6r och relaterade produkter f\u00f6r att st\u00f6dja din g\u00e5rds behov. V\u00e4nta inte \u2013 kontakta oss nu f\u00f6r mer information och g\u00f6r det smarta valet f\u00f6r din g\u00e5rd!<\/p>\n<p><img loading=\"lazy\" decoding=\"async\" class=\"wp-image-415 aligncenter\" src=\"https:\/\/silage-balers.com\/wp-content\/uploads\/2025\/12\/ep-4BYH-2.6-Kidney-Bean-Puller-4-1.webp\" alt=\"Kidneyb\u00f6nsavdragare\" width=\"460\" height=\"460\" srcset=\"https:\/\/silage-balers.com\/wp-content\/uploads\/2025\/12\/ep-4BYH-2.6-Kidney-Bean-Puller-4-1.webp 269w, https:\/\/silage-balers.com\/wp-content\/uploads\/2025\/12\/ep-4BYH-2.6-Kidney-Bean-Puller-4-1-150x150.webp 150w, https:\/\/silage-balers.com\/wp-content\/uploads\/2025\/12\/ep-4BYH-2.6-Kidney-Bean-Puller-4-1-12x12.webp 12w, https:\/\/silage-balers.com\/wp-content\/uploads\/2025\/12\/ep-4BYH-2.6-Kidney-Bean-Puller-4-1-100x100.webp 100w\" sizes=\"(max-width: 460px) 100vw, 460px\" \/><\/p>\n<h2>Vanliga fr\u00e5gor<\/h2>\n<p><strong>Vad \u00e4r 4BYH-2.6 kidneyb\u00f6nsavdragaren?<\/strong><\/p>\n<p>4BYH-2.6 kidneyb\u00f6nsuppsamlaren \u00e4r en h\u00f6geffektiv jordbruksmaskin utformad f\u00f6r att automatisera processen att plocka och sk\u00f6rda kidneyb\u00f6nor. Den \u00f6kar produktiviteten samtidigt som den minskar arbetskostnaderna.<\/p>\n<p><strong>Hur snabbt kan 4BYH-2.6 kidneyb\u00f6nsuppsamlaren sk\u00f6rda b\u00f6nor?<\/strong><\/p>\n<p>4BYH-2.6 kan sk\u00f6rda kidneyb\u00f6nor mycket snabbare \u00e4n manuellt arbete, beroende p\u00e5 g\u00e5rdens storlek och de specifika sk\u00f6rdef\u00f6rh\u00e5llandena.<\/p>\n<p><strong>\u00c4r 4BYH-2.6 l\u00e4mplig f\u00f6r ekologiskt jordbruk?<\/strong><\/p>\n<p>Ja, 4BYH-2.6 kidneyb\u00f6nsuppsamlaren \u00e4r utformad f\u00f6r att minimera jordst\u00f6rningar, vilket g\u00f6r den l\u00e4mplig f\u00f6r ekologiska g\u00e5rdar som prioriterar jordh\u00e4lsa.<\/p>\n<p><strong>Hur ofta b\u00f6r 4BYH-2.6 underh\u00e5llas?<\/strong><\/p>\n<p>Regelbundet underh\u00e5ll b\u00f6r utf\u00f6ras efter varje sk\u00f6rd, inklusive reng\u00f6ring, sm\u00f6rjning och inspektioner f\u00f6r att s\u00e4kerst\u00e4lla optimal prestanda.<\/p>\n<p><strong>Vilka \u00e4r f\u00f6rdelarna med att anv\u00e4nda en automatisk b\u00f6nuppsamlare?<\/strong><\/p>\n<p>Automatiska b\u00f6nupptagare som 4BYH-2.6 minskar arbetskostnaderna avsev\u00e4rt, \u00f6kar sk\u00f6rdeeffektiviteten och s\u00e4kerst\u00e4ller j\u00e4mn kvalitet under sk\u00f6rdeprocessen.<\/p>\n<p>redigerad av gzl<\/p>\n<p><!-- Add more FAQs as necessary --><\/p>","protected":false},"excerpt":{"rendered":"<p>Sk\u00f6rda kidneyb\u00f6nor effektivt med 4BYH-2.6 kidneyb\u00f6nsuppsamlaren. \u00d6ka din jordbruksproduktivitet idag! Best\u00e4ll nu f\u00f6r snabba och p\u00e5litliga resultat.<\/p>","protected":false},"featured_media":416,"template":"","meta":{"_et_pb_use_builder":"","_et_pb_old_content":"","_et_gb_content_width":""},"product_brand":[],"product_cat":[22],"product_tag":[],"class_list":{"0":"post-413","1":"product","2":"type-product","3":"status-publish","4":"has-post-thumbnail","6":"product_cat-kidney-bean-puller","8":"first","9":"instock","10":"shipping-taxable","11":"product-type-simple"},"_links":{"self":[{"href":"https:\/\/silage-balers.com\/sv\/wp-json\/wp\/v2\/product\/413","targetHints":{"allow":["GET"]}}],"collection":[{"href":"https:\/\/silage-balers.com\/sv\/wp-json\/wp\/v2\/product"}],"about":[{"href":"https:\/\/silage-balers.com\/sv\/wp-json\/wp\/v2\/types\/product"}],"wp:featuredmedia":[{"embeddable":true,"href":"https:\/\/silage-balers.com\/sv\/wp-json\/wp\/v2\/media\/416"}],"wp:attachment":[{"href":"https:\/\/silage-balers.com\/sv\/wp-json\/wp\/v2\/media?parent=413"}],"wp:term":[{"taxonomy":"product_brand","embeddable":true,"href":"https:\/\/silage-balers.com\/sv\/wp-json\/wp\/v2\/product_brand?post=413"},{"taxonomy":"product_cat","embeddable":true,"href":"https:\/\/silage-balers.com\/sv\/wp-json\/wp\/v2\/product_cat?post=413"},{"taxonomy":"product_tag","embeddable":true,"href":"https:\/\/silage-balers.com\/sv\/wp-json\/wp\/v2\/product_tag?post=413"}],"curies":[{"name":"wp","href":"https:\/\/api.w.org\/{rel}","templated":true}]}}