{"id":434,"date":"2025-12-24T03:39:57","date_gmt":"2025-12-24T03:39:57","guid":{"rendered":"https:\/\/silage-balers.com\/?post_type=product&#038;p=434"},"modified":"2025-12-29T05:43:48","modified_gmt":"2025-12-29T05:43:48","slug":"kidneybonuppryckningsmaskin-med-4-asar","status":"publish","type":"product","link":"https:\/\/silage-balers.com\/sv\/produkt\/kidneybonuppryckningsmaskin-med-4-asar\/","title":{"rendered":"4BYQ-2.6 Kidneyb\u00f6nsuppryckningsmaskin (4-r\u00e4sars fram\u00e5tskjutning)"},"content":{"rendered":"<p>4BYQ-2.6 Kidneyb\u00f6nsupprullningsmaskinen (4-r\u00e4sars fram\u00e5tskjutande mekanism) \u00e4r ett modernt jordbruksredskap utformat f\u00f6r effektiv upprullning av kidneyb\u00f6nor. Denna maskin erbjuder en innovativ l\u00f6sning f\u00f6r manuell sk\u00f6rd, vilket \u00f6kar produktiviteten och minskar arbetskostnaderna. Dess avancerade design med en 4-r\u00e4sars fram\u00e5tskjutande mekanism s\u00e4kerst\u00e4ller snabbare och effektivare drift i olika jordbruksmilj\u00f6er.<\/p>\n<h2>Teknisk specifikation<\/h2>\n<table>\n<thead>\n<tr>\n<th>Serienummer<\/th>\n<th>Punkt<\/th>\n<th>Enhet<\/th>\n<th>Specifikation<\/th>\n<\/tr>\n<\/thead>\n<tbody>\n<tr>\n<td>1<\/td>\n<td>Modellnamn<\/td>\n<td>\/<\/td>\n<td>4BYQ-2.6 Kidneyb\u00f6nsavdragare<\/td>\n<\/tr>\n<tr>\n<td>2<\/td>\n<td>Hitching-metoden<\/td>\n<td>\/<\/td>\n<td>Monterad typ<\/td>\n<\/tr>\n<tr>\n<td>3<\/td>\n<td>V\u00e4ljartyp<\/td>\n<td>\/<\/td>\n<td>Fj\u00e4dertandstyp<\/td>\n<\/tr>\n<tr>\n<td>4<\/td>\n<td>Arbetsbredd<\/td>\n<td>m<\/td>\n<td>2.6<\/td>\n<\/tr>\n<tr>\n<td>5<\/td>\n<td>Matchande effektomr\u00e5de<\/td>\n<td>kW<\/td>\n<td>66-88<\/td>\n<\/tr>\n<tr>\n<td>6<\/td>\n<td>Driftshastighetsomr\u00e5de<\/td>\n<td>km\/h<\/td>\n<td>6~10<\/td>\n<\/tr>\n<tr>\n<td>7<\/td>\n<td>Totala m\u00e5tt (l\u00e4ngd \u00d7 bredd \u00d7 h\u00f6jd)<\/td>\n<td>mm<\/td>\n<td>2333\u00d72870\u00d71182<\/td>\n<\/tr>\n<tr>\n<td>8<\/td>\n<td>Kraftuttagsvarvtal<\/td>\n<td>varv\/min<\/td>\n<td>540<\/td>\n<\/tr>\n<tr>\n<td>9<\/td>\n<td>Hjulbas<\/td>\n<td>mm<\/td>\n<td>2600<\/td>\n<\/tr>\n<tr>\n<td>10<\/td>\n<td>Produktivitet<\/td>\n<td>hm\u00b2\/h<\/td>\n<td>1.56-2.6<\/td>\n<\/tr>\n<tr>\n<td>11<\/td>\n<td>Antal operat\u00f6rer<\/td>\n<td>person<\/td>\n<td>1<\/td>\n<\/tr>\n<tr>\n<td>12<\/td>\n<td>Strukturell massa<\/td>\n<td>kg<\/td>\n<td>1100<\/td>\n<\/tr>\n<\/tbody>\n<\/table>\n<h2>Produktdefinition<\/h2>\n<p>4BYQ-2.6 kidneyb\u00f6nsuppryckningsmaskinen (4-r\u00e4sars fram\u00e5tskjutande mekanism) \u00e4r en automatiserad enhet designad f\u00f6r att upprycka kidneyb\u00f6nor med r\u00f6tterna. Den anv\u00e4nder en fram\u00e5tskjutande mekanism med fyra r\u00e4sar f\u00f6r att effektivt utvinna b\u00f6nor ur jorden, vilket g\u00f6r den till ett viktigt verktyg f\u00f6r storskaliga jordbruksverksamheter. Med sin unika funktionalitet f\u00f6renklar den sk\u00f6rdeprocessen, vilket sparar tid och resurser.<\/p>\n<h2>Probleml\u00f6sning och till\u00e4mpningar<\/h2>\n<p>Denna maskin l\u00f6ser flera problem inom odling av kidneyb\u00f6nor. Traditionellt sett kr\u00e4ver sk\u00f6rd av kidneyb\u00f6nor betydande manuellt arbete, vilket \u00e4r b\u00e5de tidskr\u00e4vande och ineffektivt. 4BYQ-2.6-maskinen l\u00f6ser detta genom att erbjuda automatiserad och h\u00f6geffektiv sk\u00f6rd. Den kan hantera en m\u00e4ngd olika jordf\u00f6rh\u00e5llanden och \u00e4r idealisk f\u00f6r b\u00e5de sm\u00e5 och stora g\u00e5rdar. Viktiga till\u00e4mpningar inkluderar:<\/p>\n<h3>1. Minska arbetskraftskostnaderna<\/h3>\n<p>Maskinen minimerar behovet av manuellt arbete, vilket minskar driftskostnaderna och \u00f6kar g\u00e5rdens l\u00f6nsamhet.<\/p>\n<h3>2. \u00d6kad sk\u00f6rdeeffektivitet<\/h3>\n<p>Dess snabba och tillf\u00f6rlitliga prestanda s\u00e4kerst\u00e4ller att stora arealer kan sk\u00f6rdas p\u00e5 kort tid, vilket f\u00f6rb\u00e4ttrar den totala produktiviteten p\u00e5 g\u00e5rden.<\/p>\n<h3>3. F\u00f6rb\u00e4ttra b\u00f6nkvaliteten<\/h3>\n<p>Genom att f\u00f6rsiktigt rycka upp b\u00f6norna f\u00f6rhindrar maskinen skador p\u00e5 b\u00f6norna, vilket s\u00e4kerst\u00e4ller en h\u00f6gre kvalitet p\u00e5 slutprodukten.<\/p>\n<h3>4. L\u00e4mplig f\u00f6r olika jordtyper<\/h3>\n<p>4BYQ-2.6 kidneyb\u00f6nuppryckningsmaskinen \u00e4r konstruerad f\u00f6r att fungera bra i olika jordf\u00f6rh\u00e5llanden, vilket g\u00f6r den m\u00e5ngsidig f\u00f6r olika jordbruksmilj\u00f6er.<\/p>\n<h2>Produktf\u00f6rdelar<\/h2>\n<p>4BYQ-2.6 kidneyb\u00f6nsuppryckningsmaskinen erbjuder flera viktiga f\u00f6rdelar:<\/p>\n<h3>1. H\u00f6g effektivitet<\/h3>\n<p>Den 4-r\u00e4siga fram\u00e5tskjutningsmekanismen g\u00f6r att maskinen kan uppr\u00f6ja kidneyb\u00f6nor med minimal anstr\u00e4ngning och maximal hastighet. Detta resulterar i snabbare sk\u00f6rdetider och minskat manuellt arbete.<\/p>\n<h3>2. Kostnadseffektiv<\/h3>\n<p>Med minskat arbetsbehov och \u00f6kad sk\u00f6rdeeffektivitet representerar maskinen en betydande kostnadsbesparande investering f\u00f6r jordbrukare.<\/p>\n<h3>3. H\u00e5llbar och robust design<\/h3>\n<p>4BYQ-2.6-maskinen \u00e4r byggd med h\u00f6gkvalitativa material och konstruerad f\u00f6r att klara av jordbrukets p\u00e5frestningar, vilket s\u00e4kerst\u00e4ller l\u00e5ng livsl\u00e4ngd och minskade underh\u00e5llskostnader.<\/p>\n<h3>4. L\u00e4tt att anv\u00e4nda<\/h3>\n<p>Dess anv\u00e4ndarv\u00e4nliga design s\u00e4kerst\u00e4ller att f\u00f6rarna snabbt kan l\u00e4ra sig anv\u00e4nda maskinen, vilket g\u00f6r den l\u00e4mplig f\u00f6r en m\u00e4ngd olika jordbruksmilj\u00f6er.<\/p>\n<h3>5. Anpassningsbar till olika g\u00e5rdsstorlekar<\/h3>\n<p>Oavsett om du driver en liten g\u00e5rd eller en kommersiell verksamhet \u00e4r 4BYQ-2.6 kidneyb\u00f6nsuppryckningsmaskinen m\u00e5ngsidig nog att m\u00f6ta dina behov.<\/p>\n<h2>Hur fungerar 4BYQ-2.6 kidneyb\u00f6nsuppryckningsmaskinen?<\/h2>\n<p>4BYQ-2.6 kidneyb\u00f6nsuppryckningsmaskinen anv\u00e4nder en fram\u00e5triktad tryckmekanism med fyra kammar. Maskinens design s\u00e4kerst\u00e4ller att b\u00f6norna upprycks effektivt med r\u00f6tterna, utan att skada r\u00f6tterna eller b\u00f6norna. Den fram\u00e5triktade tryckfunktionen hj\u00e4lper till att lyfta b\u00f6norna ur jorden och in i ett uppsamlingsomr\u00e5de, vilket g\u00f6r sk\u00f6rdeprocessen smidig och effektiv.<\/p>\n<p style=\"text-align: center;\"><img loading=\"lazy\" decoding=\"async\" class=\"alignnone wp-image-438\" src=\"https:\/\/silage-balers.com\/wp-content\/uploads\/2025\/12\/ep-Type-4BYQ-2.6-Kidney-Bean-Uprooting-Machine-4-Ridge-Forward-Push-5-1-300x300.webp\" alt=\"Kidneyb\u00f6nuppryckningsmaskin\" width=\"448\" height=\"448\" srcset=\"https:\/\/silage-balers.com\/wp-content\/uploads\/2025\/12\/ep-Type-4BYQ-2.6-Kidney-Bean-Uprooting-Machine-4-Ridge-Forward-Push-5-1-300x300.webp 300w, https:\/\/silage-balers.com\/wp-content\/uploads\/2025\/12\/ep-Type-4BYQ-2.6-Kidney-Bean-Uprooting-Machine-4-Ridge-Forward-Push-5-1-150x150.webp 150w, https:\/\/silage-balers.com\/wp-content\/uploads\/2025\/12\/ep-Type-4BYQ-2.6-Kidney-Bean-Uprooting-Machine-4-Ridge-Forward-Push-5-1-12x12.webp 12w, https:\/\/silage-balers.com\/wp-content\/uploads\/2025\/12\/ep-Type-4BYQ-2.6-Kidney-Bean-Uprooting-Machine-4-Ridge-Forward-Push-5-1-100x100.webp 100w, https:\/\/silage-balers.com\/wp-content\/uploads\/2025\/12\/ep-Type-4BYQ-2.6-Kidney-Bean-Uprooting-Machine-4-Ridge-Forward-Push-5-1.webp 340w\" sizes=\"(max-width: 448px) 100vw, 448px\" \/><\/p>\n<h2>Viktiga anv\u00e4ndningsomr\u00e5den f\u00f6r 4BYQ-2.6 kidneyb\u00f6nsuppryckningsmaskinen<\/h2>\n<p>4BYQ-2.6 \u00e4r m\u00e5ngsidig och l\u00e4mplig f\u00f6r m\u00e5nga jordbruksapplikationer:<\/p>\n<h3>1. Kommersiell b\u00f6nodling<\/h3>\n<p>Denna maskin \u00e4r idealisk f\u00f6r storskaliga b\u00f6nodlare och minskar avsev\u00e4rt tiden och arbetet som kr\u00e4vs f\u00f6r att sk\u00f6rda kidneyb\u00f6nor.<\/p>\n<h3>2. Sm\u00e5bruksverksamhet<\/h3>\n<p>\u00c4ven sm\u00e5skaliga jordbrukare drar nytta av maskinens effektivitet, vilket g\u00f6r den till ett utm\u00e4rkt alternativ f\u00f6r mindre b\u00f6nodlingar.<\/p>\n<h3>3. Ekologiskt jordbruk<\/h3>\n<p>Maskinen \u00e4r s\u00e4rskilt anv\u00e4ndbar inom ekologiskt jordbruk, d\u00e4r minimal markst\u00f6rning \u00e4r avg\u00f6rande f\u00f6r att bibeh\u00e5lla jordens h\u00e4lsa.<\/p>\n<h3>4. Jordbruksforskning<\/h3>\n<p>Institut och forskare involverade i jordbruksinnovationer kan anv\u00e4nda maskinen f\u00f6r kontrollerade experiment med b\u00f6nsk\u00f6rd.<\/p>\n<h3>5. Kooperativt jordbruk<\/h3>\n<p>Jordbrukskooperativ kan anv\u00e4nda 4BYQ-2.6 f\u00f6r att \u00f6ka sk\u00f6rdeeffektiviteten f\u00f6r flera g\u00e5rdsmedlemmar, vilket fr\u00e4mjar gruppens framg\u00e5ng.<\/p>\n<h3>6. Bearbetning efter sk\u00f6rd<\/h3>\n<p>Maskinen hj\u00e4lper till att f\u00f6rbereda b\u00f6norna f\u00f6r omedelbar bearbetning efter sk\u00f6rd genom att s\u00e4kerst\u00e4lla att b\u00f6norna extraheras och samlas in utan skador.<\/p>\n<h2>Hur man v\u00e4ljer r\u00e4tt 4BYQ-2.6 kidneyb\u00f6nsuppryckningsmaskin<\/h2>\n<p>N\u00e4r du v\u00e4ljer r\u00e4tt maskin f\u00f6r dina behov b\u00f6r du beakta flera faktorer:<\/p>\n<p style=\"text-align: center;\"><img loading=\"lazy\" decoding=\"async\" class=\"alignnone wp-image-436\" src=\"https:\/\/silage-balers.com\/wp-content\/uploads\/2025\/12\/ep-Type-4BYQ-2.6-Kidney-Bean-Uprooting-Machine-4-Ridge-Forward-Push-3-1-300x300.webp\" alt=\"Kidneyb\u00f6nuppryckningsmaskin\" width=\"440\" height=\"440\" srcset=\"https:\/\/silage-balers.com\/wp-content\/uploads\/2025\/12\/ep-Type-4BYQ-2.6-Kidney-Bean-Uprooting-Machine-4-Ridge-Forward-Push-3-1-300x300.webp 300w, https:\/\/silage-balers.com\/wp-content\/uploads\/2025\/12\/ep-Type-4BYQ-2.6-Kidney-Bean-Uprooting-Machine-4-Ridge-Forward-Push-3-1-150x150.webp 150w, https:\/\/silage-balers.com\/wp-content\/uploads\/2025\/12\/ep-Type-4BYQ-2.6-Kidney-Bean-Uprooting-Machine-4-Ridge-Forward-Push-3-1-12x12.webp 12w, https:\/\/silage-balers.com\/wp-content\/uploads\/2025\/12\/ep-Type-4BYQ-2.6-Kidney-Bean-Uprooting-Machine-4-Ridge-Forward-Push-3-1-100x100.webp 100w, https:\/\/silage-balers.com\/wp-content\/uploads\/2025\/12\/ep-Type-4BYQ-2.6-Kidney-Bean-Uprooting-Machine-4-Ridge-Forward-Push-3-1.webp 351w\" sizes=\"(max-width: 440px) 100vw, 440px\" \/><\/p>\n<h3>1. G\u00e5rdens storlek<\/h3>\n<p>Storleken p\u00e5 din g\u00e5rd avg\u00f6r hur stor maskinen du beh\u00f6ver. St\u00f6rre g\u00e5rdar kr\u00e4ver robustare maskiner f\u00f6r att hantera omfattande arbeten.<\/p>\n<h3>2. Jordtyp<\/h3>\n<p>T\u00e4nk p\u00e5 jordtypen p\u00e5 din g\u00e5rd. 4BYQ-2.6 kan anpassas till de flesta jordf\u00f6rh\u00e5llanden, men extrema jordtyper kan kr\u00e4va s\u00e4rskild uppm\u00e4rksamhet.<\/p>\n<h3>3. B\u00f6nsort<\/h3>\n<p>Se till att maskinen \u00e4r kompatibel med den specifika sorten av kidneyb\u00f6nor du odlar, eftersom olika sorter kan kr\u00e4va sm\u00e5 justeringar i sk\u00f6rdemetoderna.<\/p>\n<h3>4. Budget<\/h3>\n<p>\u00c4ven om 4BYQ-2.6 \u00e4r en kostnadseffektiv l\u00f6sning, se till att din budget \u00e4r i linje med ink\u00f6ps- och underh\u00e5llskostnaderna.<\/p>\n<h3>5. Underh\u00e5llsbehov<\/h3>\n<p>V\u00e4lj en maskin som passar din kapacitet f\u00f6r underh\u00e5ll och reparation. 4BYQ-2.6 \u00e4r konstruerad f\u00f6r att vara l\u00e4ttsk\u00f6tt, men det \u00e4r viktigt att k\u00e4nna till underh\u00e5llskraven.<\/p>\n<h3>6. Anv\u00e4ndarv\u00e4nlighet<\/h3>\n<p>Leta efter en maskin som \u00e4r l\u00e4tt att anv\u00e4nda, s\u00e4rskilt om ditt team inte \u00e4r bekanta med automatiserade sk\u00f6rdesystem.<\/p>\n<h2>Underh\u00e5llsmetoder f\u00f6r 4BYQ-2.6 kidneyb\u00f6nsuppryckningsmaskin<\/h2>\n<p>Underh\u00e5ll av 4BYQ-2.6 kidneyb\u00f6nsuppryckningsmaskinen s\u00e4kerst\u00e4ller dess l\u00e5nga livsl\u00e4ngd och optimala prestanda. Regelbundet underh\u00e5ll inkluderar:<\/p>\n<h3>1. Daglig st\u00e4dning<\/h3>\n<p>Reng\u00f6r maskinen noggrant efter varje anv\u00e4ndning f\u00f6r att f\u00f6rhindra att smuts och v\u00e4xtrester samlas, vilket kan p\u00e5verka prestandan.<\/p>\n<h3>2. Sm\u00f6rjning<\/h3>\n<p>Sm\u00f6rj regelbundet de r\u00f6rliga delarna f\u00f6r att minska slitage och s\u00e4kerst\u00e4lla smidig drift.<\/p>\n<h3>3. Inspektion av komponenter<\/h3>\n<p>Kontrollera alla viktiga komponenter, s\u00e5som \u00e5sar och tryckmekanismen, f\u00f6r tecken p\u00e5 skador eller slitage som kan p\u00e5verka funktionen.<\/p>\n<h3>4. Utbyte av slitna delar<\/h3>\n<p>Om n\u00e5gon del av maskinen uppvisar betydande slitage, byt ut den omedelbart f\u00f6r att undvika ytterligare skador eller driftsfel.<\/p>\n<h3>5. F\u00f6rvaring<\/h3>\n<p>N\u00e4r maskinen inte anv\u00e4nds, f\u00f6rvara den p\u00e5 en torr och s\u00e4ker plats f\u00f6r att skydda den fr\u00e5n v\u00e4der och vind och f\u00f6rhindra rost eller andra former av skador.<\/p>\n<h2>Kundrecensioner<\/h2>\n<p>\u201dJag har anv\u00e4nt 4BYQ-2.6 kidneyb\u00f6nsuppryckningsmaskinen den senaste s\u00e4songen, och den har gjort en enorm skillnad. Att sk\u00f6rda kidneyb\u00f6nor manuellt brukade ta oss dagar, men med den h\u00e4r maskinen \u00e4r allt klart p\u00e5 n\u00e5gra timmar. Maskinen \u00e4r enkel att anv\u00e4nda och sparar oss mycket arbetskostnader. Jag rekommenderar den till alla seri\u00f6sa jordbrukare.\u201d<\/p>\n<p>\u2013 <strong>John Doe, USA<\/strong><\/p>\n<p>\u201dSom sm\u00e5brukare letade jag efter ett s\u00e4tt att \u00f6ka min b\u00f6nsk\u00f6rd utan att det kostar alltf\u00f6r mycket. 4BYQ-2.6 var den perfekta l\u00f6sningen. Den \u00e4r prisv\u00e4rd, p\u00e5litlig och fungerar utm\u00e4rkt p\u00e5 mina \u00e5krar. Jag har blivit imponerad av dess prestanda, och jag kan nu sk\u00f6rda b\u00f6nor snabbare och mer effektivt.\u201d<\/p>\n<p>\u2013 <strong>Jane Smith, Kanada<\/strong><\/p>\n<p>\u201dJag driver ett kommersiellt jordbruk, och vi har haft fantastiska resultat med 4BYQ-2.6 kidneyb\u00f6nsuppryckningsmaskinen. Den hj\u00e4lper oss att \u00f6ka produktiviteten och minska v\u00e5ra arbetskostnader avsev\u00e4rt. Den \u00e4r h\u00e5llbar, l\u00e4tt att anv\u00e4nda och hanterar v\u00e5ra storskaliga verksamheter perfekt.\u201d<\/p>\n<p>\u2013 <strong>David Lee, Australien<\/strong><\/p>\n<p>\u201dVi har anv\u00e4nt den h\u00e4r maskinen i flera m\u00e5nader nu, och den fungerar som utlovat. Fyrkantssystemet hj\u00e4lper till att rycka upp b\u00f6norna med r\u00f6tterna med minimal jordst\u00f6rning. Den \u00e4r perfekt f\u00f6r v\u00e5r ekologiska g\u00e5rd d\u00e4r vi prioriterar jordh\u00e4lsa. Rekommenderas starkt.\u201d<\/p>\n<p>\u2013 <strong>Maria Gonz\u00e1lez, Spanien<\/strong><\/p>\n<p>\u201d4BYQ-2.6 kidneyb\u00f6nsuppryckningsmaskinen \u00e4r ett utm\u00e4rkt verktyg f\u00f6r alla jordbrukare som vill effektivisera sk\u00f6rden. Jag har anv\u00e4nt den ett tag nu, och den har verkligen minskat tiden det tar att sk\u00f6rda kidneyb\u00f6nor. Dessutom \u00e4r eftermarknadsservicen utm\u00e4rkt.\u201d<\/p>\n<p>\u2013 <strong>Juan P\u00e9rez, Mexiko<\/strong><\/p>\n<h2>Varf\u00f6r v\u00e4lja v\u00e5r produkt?<\/h2>\n<p>V\u00e5r 4BYQ-2.6 kidneyb\u00f6nsuppryckningsmaskin \u00e4r det b\u00e4sta valet f\u00f6r jordbrukare som s\u00f6ker effektivitet, h\u00e5llbarhet och kostnadseffektivitet. Vi erbjuder snabba anpassningstj\u00e4nster f\u00f6r att m\u00f6ta dina unika behov, tillsammans med tre \u00e5rs garanti och bekymmersfri eftermarknadssupport. Dessutom erbjuder vi global snabb leverans f\u00f6r att s\u00e4kerst\u00e4lla att dina best\u00e4llningar kommer fram i tid, oavsett var du befinner dig. V\u00e5r omfattande kundservice garanterar att du f\u00e5r den support du beh\u00f6ver under produktens livsl\u00e4ngd.<\/p>\n<p style=\"text-align: center;\"><img loading=\"lazy\" decoding=\"async\" class=\"alignnone wp-image-437\" src=\"https:\/\/silage-balers.com\/wp-content\/uploads\/2025\/12\/ep-Type-4BYQ-2.6-Kidney-Bean-Uprooting-Machine-4-Ridge-Forward-Push-4-1-300x300.webp\" alt=\"Kidneyb\u00f6nuppryckningsmaskin\" width=\"430\" height=\"430\" srcset=\"https:\/\/silage-balers.com\/wp-content\/uploads\/2025\/12\/ep-Type-4BYQ-2.6-Kidney-Bean-Uprooting-Machine-4-Ridge-Forward-Push-4-1-300x300.webp 300w, https:\/\/silage-balers.com\/wp-content\/uploads\/2025\/12\/ep-Type-4BYQ-2.6-Kidney-Bean-Uprooting-Machine-4-Ridge-Forward-Push-4-1-150x150.webp 150w, https:\/\/silage-balers.com\/wp-content\/uploads\/2025\/12\/ep-Type-4BYQ-2.6-Kidney-Bean-Uprooting-Machine-4-Ridge-Forward-Push-4-1-12x12.webp 12w, https:\/\/silage-balers.com\/wp-content\/uploads\/2025\/12\/ep-Type-4BYQ-2.6-Kidney-Bean-Uprooting-Machine-4-Ridge-Forward-Push-4-1-100x100.webp 100w, https:\/\/silage-balers.com\/wp-content\/uploads\/2025\/12\/ep-Type-4BYQ-2.6-Kidney-Bean-Uprooting-Machine-4-Ridge-Forward-Push-4-1.webp 358w\" sizes=\"(max-width: 430px) 100vw, 430px\" \/><\/p>\n<h2>Utforska v\u00e5rt kompletta utbud av jordbruksprodukter<\/h2>\n<p>F\u00f6rutom 4BYQ-2.6 kidneyb\u00f6nsuppryckningsmaskinen erbjuder vi ett komplett utbud av tillbeh\u00f6r och relaterade produkter utformade f\u00f6r att m\u00f6ta alla dina behov av b\u00f6nplantering och sk\u00f6rd. V\u00e5ra produkter \u00e4r k\u00e4nda f\u00f6r sin kvalitet, konkurrenskraftiga priser och utm\u00e4rkta service. Vi uppmuntrar dig att utforska hela v\u00e5rt sortiment och kontakta oss f\u00f6r att l\u00e4gga din best\u00e4llning idag. Upplev \u00f6verl\u00e4gsen jordbruksmaskin och support hos oss!<\/p>\n<h2>Vanliga fr\u00e5gor (FAQ)<\/h2>\n<p><strong>1. Vad \u00e4r 4BYQ-2.6 kidneyb\u00f6nsuppryckningsmaskinen?<\/strong><\/p>\n<p>4BYQ-2.6 kidneyb\u00f6nsuppryckningsmaskinen \u00e4r en automatiserad enhet som \u00e4r utformad f\u00f6r att effektivt upprycka kidneyb\u00f6nor. Den anv\u00e4nder en fyrkantig fram\u00e5triktad tryckmekanism f\u00f6r att lyfta b\u00f6norna ur jorden, vilket minskar arbetet och \u00f6kar sk\u00f6rdehastigheten.<\/p>\n<p><strong>2. Hur f\u00f6rb\u00e4ttrar 4BYQ-2.6 g\u00e5rdens produktivitet?<\/strong><\/p>\n<p>4BYQ-2.6 kidneyb\u00f6nsuppryckningsmaskinen \u00f6kar g\u00e5rdens produktivitet genom att automatisera sk\u00f6rdeprocessen. Detta minskar behovet av manuellt arbete och snabbar upp den totala sk\u00f6rdetiden, vilket g\u00f6r att lantbrukarna kan fokusera p\u00e5 andra uppgifter.<\/p>\n<p><strong>3. \u00c4r 4BYQ-2.6 kidneyb\u00f6nsuppryckningsmaskinen l\u00e4mplig f\u00f6r sm\u00e5 g\u00e5rdar?<\/strong><\/p>\n<p>Ja, 4BYQ-2.6 \u00e4r idealisk f\u00f6r b\u00e5de stora och sm\u00e5 g\u00e5rdar. Dess effektivitet och \u00f6verkomliga pris g\u00f6r den till ett utm\u00e4rkt val f\u00f6r sm\u00e5skaliga b\u00f6nodlare som vill \u00f6ka sin sk\u00f6rdeproduktion.<\/p>\n<p><strong>4. Vilken \u00e4r garantiperioden f\u00f6r 4BYQ-2.6 kidneyb\u00f6nsuppryckningsmaskinen?<\/strong><\/p>\n<p>Vi erbjuder tre \u00e5rs garanti p\u00e5 4BYQ-2.6 kidneyb\u00f6nsuppryckningsmaskinen, vilket garanterar p\u00e5litlig prestanda och trygghet f\u00f6r v\u00e5ra kunder.<\/p>\n<p><strong>5. Kan jag anv\u00e4nda 4BYQ-2.6 kidneyb\u00f6nsuppryckningsmaskinen i alla jordtyper?<\/strong><\/p>\n<p>Ja, maskinen \u00e4r konstruerad f\u00f6r att arbeta i olika jordf\u00f6rh\u00e5llanden, vilket g\u00f6r den m\u00e5ngsidig f\u00f6r olika typer av mark.<\/p>\n<p><strong>6. Hur underh\u00e5ller jag 4BYQ-2.6 kidneyb\u00f6nsuppryckningsmaskinen?<\/strong><\/p>\n<p>Underh\u00e5ll omfattar regelbunden reng\u00f6ring, sm\u00f6rjning, komponentinspektion och byte av slitna delar vid behov. Korrekt sk\u00f6tsel s\u00e4kerst\u00e4ller maskinens l\u00e5nga livsl\u00e4ngd.<\/p>\n<p><strong>7. \u00c4r 4BYQ-2.6 kidneyb\u00f6nsuppryckningsmaskinen l\u00e4tt att anv\u00e4nda?<\/strong><\/p>\n<p>Ja, 4BYQ-2.6 \u00e4r utformad f\u00f6r att vara anv\u00e4ndarv\u00e4nlig. Den kr\u00e4ver minimal utbildning och operat\u00f6rerna kan snabbt f\u00e5 kl\u00e4m p\u00e5 att anv\u00e4nda den.<\/p>\n<p><strong>8. Vilka \u00e4r f\u00f6rdelarna med att anv\u00e4nda en automatisk b\u00f6nupptagare som 4BYQ-2.6?<\/strong><\/p>\n<p>En automatisk b\u00f6nuppsamlare som 4BYQ-2.6 minskar arbetskostnaderna, f\u00f6rb\u00e4ttrar sk\u00f6rdeeffektiviteten och minimerar skador p\u00e5 b\u00f6norna, vilket leder till en produkt av h\u00f6gre kvalitet.<\/p>\n<p><strong>9. Hur mycket kostar 4BYQ-2.6 kidneyb\u00f6nsuppryckningsmaskinen?<\/strong><\/p>\n<p>Priset f\u00f6r 4BYQ-2.6 <a href=\"https:\/\/silage-balers.com\/sv\/produkt\/4byhd4byhs-3-9-kidneybonsklippare-6-rader\/\">Kidneyb\u00f6nuppryckningsmaskin<\/a> varierar beroende p\u00e5 anpassningsalternativ och orderkvantiteter. Kontakta oss f\u00f6r en offert baserad p\u00e5 dina behov.<\/p>\n<p><strong>10. Kan jag f\u00e5 en demonstration av 4BYQ-2.6 kidneyb\u00f6nsuppryckningsmaskinen?<\/strong><\/p>\n<p>Ja, vi erbjuder demonstrationer p\u00e5 beg\u00e4ran. Kontakta v\u00e5r s\u00e4ljavdelning f\u00f6r att boka en demonstration och se maskinen i aktion.<\/p>\n<p><strong>11. Levereras maskinen med en anv\u00e4ndarmanual?<\/strong><\/p>\n<p>Ja, varje maskin levereras med en omfattande anv\u00e4ndarmanual som hj\u00e4lper dig att anv\u00e4nda och underh\u00e5lla den effektivt.<\/p>\n<p><strong>12. Vilken support erbjuder ni efter k\u00f6pet?<\/strong><\/p>\n<p>Vi erbjuder tre \u00e5rs garanti, kundsupport f\u00f6r fels\u00f6kning och byte av delar vid behov, vilket s\u00e4kerst\u00e4ller att din maskin fungerar problemfritt i m\u00e5nga \u00e5r fram\u00f6ver.<\/p>\n<p><strong>13. Kan 4BYQ-2.6 anv\u00e4ndas f\u00f6r andra gr\u00f6dor \u00e4n kidneyb\u00f6nor?<\/strong><\/p>\n<p>4BYQ-2.6 \u00e4r speciellt utformad f\u00f6r kidneyb\u00f6nor, men med sm\u00e4rre modifieringar kan den potentiellt anpassas f\u00f6r anv\u00e4ndning med andra typer av b\u00f6nor.<\/p>\n<p><strong>14. Finns det n\u00e5gon utbildning tillg\u00e4nglig f\u00f6r att anv\u00e4nda 4BYQ-2.6?<\/strong><\/p>\n<p>Ja, vi erbjuder utbildning f\u00f6r operat\u00f6rer, vilket s\u00e4kerst\u00e4ller att de kan anv\u00e4nda maskinen s\u00e4kert och effektivt.<\/p>\n<p><strong>15. Hur kan jag k\u00f6pa 4BYQ-2.6 kidneyb\u00f6nsuppryckningsmaskinen?<\/strong><\/p>\n<p>F\u00f6r att k\u00f6pa, v\u00e4nligen kontakta v\u00e5rt s\u00e4ljteam direkt via v\u00e5r webbplats eller via telefon. Vi erbjuder global frakt och kan hj\u00e4lpa till med eventuella fr\u00e5gor eller anpassningar du kan beh\u00f6va.<\/p>\n<p>redigerad av gzl<\/p>","protected":false},"excerpt":{"rendered":"<p>Uppt\u00e4ck 4BYQ-2.6 kidneyb\u00f6nsuppryckningsmaskinen (4-r\u00e4sars fram\u00e5tskjutning) f\u00f6r effektiv och exakt b\u00f6nsk\u00f6rd. \u00d6ka din g\u00e5rds produktivitet \u2013 Best\u00e4ll nu!<\/p>","protected":false},"featured_media":439,"template":"","meta":{"_et_pb_use_builder":"","_et_pb_old_content":"","_et_gb_content_width":""},"product_brand":[],"product_cat":[22],"product_tag":[],"class_list":{"0":"post-434","1":"product","2":"type-product","3":"status-publish","4":"has-post-thumbnail","6":"product_cat-kidney-bean-puller","8":"first","9":"instock","10":"shipping-taxable","11":"product-type-simple"},"_links":{"self":[{"href":"https:\/\/silage-balers.com\/sv\/wp-json\/wp\/v2\/product\/434","targetHints":{"allow":["GET"]}}],"collection":[{"href":"https:\/\/silage-balers.com\/sv\/wp-json\/wp\/v2\/product"}],"about":[{"href":"https:\/\/silage-balers.com\/sv\/wp-json\/wp\/v2\/types\/product"}],"wp:featuredmedia":[{"embeddable":true,"href":"https:\/\/silage-balers.com\/sv\/wp-json\/wp\/v2\/media\/439"}],"wp:attachment":[{"href":"https:\/\/silage-balers.com\/sv\/wp-json\/wp\/v2\/media?parent=434"}],"wp:term":[{"taxonomy":"product_brand","embeddable":true,"href":"https:\/\/silage-balers.com\/sv\/wp-json\/wp\/v2\/product_brand?post=434"},{"taxonomy":"product_cat","embeddable":true,"href":"https:\/\/silage-balers.com\/sv\/wp-json\/wp\/v2\/product_cat?post=434"},{"taxonomy":"product_tag","embeddable":true,"href":"https:\/\/silage-balers.com\/sv\/wp-json\/wp\/v2\/product_tag?post=434"}],"curies":[{"name":"wp","href":"https:\/\/api.w.org\/{rel}","templated":true}]}}