{"id":458,"date":"2025-12-26T05:10:50","date_gmt":"2025-12-26T05:10:50","guid":{"rendered":"https:\/\/silage-balers.com\/?post_type=product&#038;p=458"},"modified":"2025-12-29T05:42:29","modified_gmt":"2025-12-29T05:42:29","slug":"9ycm-850-integrerad-maskin","status":"publish","type":"product","link":"https:\/\/silage-balers.com\/sv\/produkt\/9ycm-850-integrerad-maskin\/","title":{"rendered":"9YCM-850 integrerad balnings- och inplastningsmaskin"},"content":{"rendered":"<p>Den integrerade balnings- och inplastningsmaskinen 9YCM-850 \u00e4r en m\u00e5ngsidig och effektiv jordbruksutrustning utformad f\u00f6r att effektivisera processen f\u00f6r balning och inplastning av jordbruksprodukter som h\u00f6, halm och ensilage. Denna maskin integrerar tv\u00e5 nyckelfunktioner \u2013 packning och inplastning \u2013 i en enhet, vilket f\u00f6rb\u00e4ttrar produktionseffektiviteten och minskar arbetskostnaderna. Den \u00e4r speciellt utformad f\u00f6r effektiv drift i jordbruksmilj\u00f6er.<\/p>\n<h2>Teknisk specifikation<\/h2>\n<table style=\"border-color: #000000; width: 530px;\">\n<thead>\n<tr>\n<th style=\"width: 52.9766px;\">Serienummer<\/th>\n<th style=\"width: 151.609px;\">Punkt<\/th>\n<th style=\"width: 65.3828px; text-align: center;\">Enhet<\/th>\n<th style=\"width: 232.031px;\">Specifikation<\/th>\n<\/tr>\n<\/thead>\n<tbody>\n<tr>\n<td style=\"text-align: center; width: 52.9766px;\">1<\/td>\n<td style=\"width: 151.609px;\">Produktnamn<\/td>\n<td style=\"width: 65.3828px; text-align: center;\">\/<\/td>\n<td style=\"width: 232.031px;\">9YCM-850 Balpress och inplastare integrerad maskin<\/td>\n<\/tr>\n<tr>\n<td style=\"text-align: center; width: 52.9766px;\">2<\/td>\n<td style=\"width: 151.609px;\">Balm\u00e5tt (diameter\u00d7l\u00e4ngd)<\/td>\n<td style=\"width: 65.3828px; text-align: center;\">cm<\/td>\n<td style=\"width: 232.031px;\">\u03c685\u201390\u00d785<\/td>\n<\/tr>\n<tr>\n<td style=\"text-align: center; width: 52.9766px;\">3<\/td>\n<td style=\"width: 151.609px;\">Balvolym<\/td>\n<td style=\"width: 65.3828px; text-align: center;\">M\u00b3<\/td>\n<td style=\"width: 232.031px;\">0.48-0.54<\/td>\n<\/tr>\n<tr>\n<td style=\"text-align: center; width: 52.9766px;\">4<\/td>\n<td style=\"width: 151.609px;\">Trattens volym<\/td>\n<td style=\"width: 65.3828px; text-align: center;\">M\u00b3<\/td>\n<td style=\"width: 232.031px;\">2.5<\/td>\n<\/tr>\n<tr>\n<td style=\"text-align: center; width: 52.9766px;\">5<\/td>\n<td style=\"width: 151.609px;\">Matchande kraft<\/td>\n<td style=\"width: 65.3828px; text-align: center;\">\/<\/td>\n<td style=\"width: 232.031px;\">\u2265120 hk<\/td>\n<\/tr>\n<tr>\n<td style=\"text-align: center; width: 52.9766px;\">6<\/td>\n<td style=\"width: 151.609px;\">Totala m\u00e5tt (l\u00e4ngd \u00d7 bredd \u00d7 h\u00f6jd)<\/td>\n<td style=\"width: 65.3828px; text-align: center;\">m<\/td>\n<td style=\"width: 232.031px;\">7,00\u00d72,19\u00d73,03<\/td>\n<\/tr>\n<tr>\n<td style=\"text-align: center; width: 52.9766px;\">7<\/td>\n<td style=\"width: 151.609px;\">D\u00e4ckspecifikation<\/td>\n<td style=\"width: 65.3828px; text-align: center;\">\/<\/td>\n<td style=\"width: 232.031px;\">295\/60-15<\/td>\n<\/tr>\n<tr>\n<td style=\"text-align: center; width: 52.9766px;\">8<\/td>\n<td style=\"width: 151.609px;\">Kraftuttagsutg\u00e5ng<\/td>\n<td style=\"width: 65.3828px; text-align: center;\">varvtal<\/td>\n<td style=\"width: 232.031px;\">540<\/td>\n<\/tr>\n<tr>\n<td style=\"text-align: center; width: 52.9766px;\">9<\/td>\n<td style=\"width: 151.609px;\">Hydrauliska krav<\/td>\n<td style=\"width: 65.3828px; text-align: center;\">\/<\/td>\n<td style=\"width: 232.031px;\">1\u00d71\/2 tum 1\u00d73\/4 tum<\/td>\n<\/tr>\n<tr>\n<td style=\"text-align: center; width: 52.9766px;\">10<\/td>\n<td style=\"width: 151.609px;\">Elektriska krav<\/td>\n<td style=\"width: 65.3828px; text-align: center;\">\/<\/td>\n<td style=\"width: 232.031px;\">12V likstr\u00f6m<\/td>\n<\/tr>\n<tr>\n<td style=\"text-align: center; width: 52.9766px;\">11<\/td>\n<td style=\"width: 151.609px;\">Kontrollsystem<\/td>\n<td style=\"width: 65.3828px; text-align: center;\">\/<\/td>\n<td style=\"width: 232.031px;\">Elektroniskt styrsystem<\/td>\n<\/tr>\n<tr>\n<td style=\"text-align: center; width: 52.9766px;\">12<\/td>\n<td style=\"width: 151.609px;\">Produktivitet<\/td>\n<td style=\"width: 65.3828px; text-align: center;\">balar\/timme<\/td>\n<td style=\"width: 232.031px;\">30-40<\/td>\n<\/tr>\n<\/tbody>\n<\/table>\n<h2>Produktdefinition<\/h2>\n<p>Den integrerade balnings- och inplastningsmaskinen 9YCM-850 \u00e4r en avancerad jordbruksmaskin som kombinerar processerna f\u00f6r balning och inplastning i en s\u00f6ml\u00f6s operation. Den anv\u00e4nds fr\u00e4mst f\u00f6r att paketera h\u00f6, halm och andra jordbruksprodukter, vilket s\u00e4kerst\u00e4ller maximal konservering och enkel transport.<\/p>\n<h2>Utmaningar l\u00f6sta av den integrerade balnings- och inplastningsmaskinen 9YCM-850<\/h2>\n<p>Den integrerade balnings- och inplastningsmaskinen 9YCM-850 tar itu med flera vanliga utmaningar som jordbrukare inom jordbrukssektorn st\u00e5r inf\u00f6r. Dessa inkluderar:<\/p>\n<ul>\n<li>Tidskr\u00e4vande och arbetsintensiv manuell inplastning av balar.<\/li>\n<li>Inkonsekvent f\u00f6rpackning, vilket leder till att lagrade produkter f\u00f6rst\u00f6rs.<\/li>\n<li>Bristande effektivitet vid hantering av stora volymer h\u00f6 eller halm.<\/li>\n<li>Utmaningar med att s\u00e4kerst\u00e4lla enhetlig och tillf\u00f6rlitlig produktf\u00f6rpackning f\u00f6r konservering.<\/li>\n<li>Behovet av h\u00f6gkapacitetsmaskiner som kan hantera st\u00f6rre jordbruksverksamheter.<\/li>\n<\/ul>\n<h2>Anv\u00e4ndningsomr\u00e5den f\u00f6r den integrerade balnings- och inplastningsmaskinen 9YCM-850<\/h2>\n<p>Denna maskin \u00e4r ov\u00e4rderlig i olika jordbruksprocesser och erbjuder robusta l\u00f6sningar f\u00f6r:<\/p>\n<ul>\n<li>Effektiv balning och inplastning av h\u00f6 och halm f\u00f6r djurfoder.<\/li>\n<li>F\u00f6rpackning av ensilage f\u00f6r vinterutfodring eller l\u00e5ngtidslagring.<\/li>\n<li>Bevarar kvaliteten och n\u00e4ringsv\u00e4rdet hos jordbruksprodukter genom luftt\u00e4t f\u00f6rpackning.<\/li>\n<li>\u00d6kar balarnas h\u00e5llbarhet och minimerar f\u00f6rst\u00f6ring under transport och lagring.<\/li>\n<li>Effektivisera verksamheten f\u00f6r st\u00f6rre g\u00e5rdar genom att minska arbetskraften och \u00f6ka genomstr\u00f6mningen.<\/li>\n<\/ul>\n<p style=\"text-align: center;\"><img loading=\"lazy\" decoding=\"async\" class=\"alignnone wp-image-460\" src=\"https:\/\/silage-balers.com\/wp-content\/uploads\/2025\/12\/1-1-1-2-300x300.webp\" alt=\"Integrerad maskin\" width=\"365\" height=\"365\" \/><\/p>\n<h2>Produktf\u00f6rdelar<\/h2>\n<p>Den integrerade balnings- och inplastningsmaskinen 9YCM-850 erbjuder flera tydliga f\u00f6rdelar som skiljer den fr\u00e5n konventionell jordbruksutrustning:<\/p>\n<ul>\n<li><strong>H\u00f6g effektivitet:<\/strong> Den integrerade designen m\u00f6jligg\u00f6r samtidig balning och inplastning, vilket avsev\u00e4rt f\u00f6rb\u00e4ttrar driftseffektiviteten och minskar tiden som l\u00e4ggs p\u00e5 varje uppgift.<\/li>\n<li><strong>Kostnadsbesparingar:<\/strong> Genom att kombinera tv\u00e5 funktioner i en maskin kan lantbrukare minska arbetskostnaderna och f\u00f6rb\u00e4ttra sin totala l\u00f6nsamhet.<\/li>\n<li><strong>\u00d6verl\u00e4gsen kvalitetsinpackning:<\/strong> Maskinen s\u00e4kerst\u00e4ller att varje bal \u00e4r t\u00e4tt f\u00f6rpackad med en luftt\u00e4t f\u00f6rsegling, vilket bevarar inneh\u00e5llets kvalitet under l\u00e4ngre perioder.<\/li>\n<li><strong>Varaktighet:<\/strong> 9YCM-850 \u00e4r byggd med h\u00f6gkvalitativa material och konstruerad f\u00f6r att motst\u00e5 de tuffa f\u00f6rh\u00e5llandena i jordbruksmilj\u00f6er, vilket s\u00e4kerst\u00e4ller l\u00e5ngvarig prestanda.<\/li>\n<li><strong>M\u00e5ngsidighet:<\/strong> Denna maskin \u00e4r l\u00e4mplig f\u00f6r anv\u00e4ndning med en m\u00e4ngd olika jordbruksprodukter, inklusive h\u00f6, halm, ensilage och andra foderr\u00e5varor, vilket g\u00f6r den till ett m\u00e5ngsidigt verktyg f\u00f6r moderna jordbruksverksamheter.<\/li>\n<\/ul>\n<h2>S\u00e5 fungerar den integrerade balnings- och inplastningsmaskinen 9YCM-850<\/h2>\n<p>9YCM-850 anv\u00e4nder en serie mekaniska system f\u00f6r att samtidigt komprimera och linda in jordbruksprodukter. Processen b\u00f6rjar med att maskinen samlar in det sk\u00f6rdade materialet (s\u00e5som h\u00f6 eller halm) i balar. N\u00e4r balarna \u00e4r buntade lindar f\u00f6rpackningsenheten dem omedelbart in i plast eller andra l\u00e4mpliga material f\u00f6r att skydda dem fr\u00e5n yttre faktorer som fukt, damm och luft. Denna dubbla verkan hj\u00e4lper till att s\u00e4kerst\u00e4lla att balarna f\u00f6rblir intakta och i gott skick under lagring eller transport.<\/p>\n<h2>Huvudsakliga anv\u00e4ndningsomr\u00e5den f\u00f6r den integrerade balnings- och inplastningsmaskinen 9YCM-850<\/h2>\n<p>9YCM-850 \u00e4r idealisk f\u00f6r anv\u00e4ndning inom olika jordbruksmilj\u00f6er. H\u00e4r \u00e4r n\u00e5gra av dess huvudsakliga anv\u00e4ndningsomr\u00e5den:<\/p>\n<ul>\n<li><strong>H\u00f6produktion:<\/strong> Maskinen anv\u00e4nds flitigt f\u00f6r balning och inplastning av h\u00f6 till djurfoder, vilket s\u00e4kerst\u00e4ller optimal konservering och kvalitet.<\/li>\n<li><strong>Sugr\u00f6rsf\u00f6rpackning:<\/strong> Halm, som ofta anv\u00e4nds till str\u00f6 p\u00e5 boskapsg\u00e5rdar, kan balas och f\u00f6rpackas f\u00f6r enkel f\u00f6rvaring och transport.<\/li>\n<li><strong>Ensilagef\u00f6rpackning:<\/strong> Maskinen inlindar effektivt ensilage f\u00f6r att bibeh\u00e5lla dess n\u00e4ringsv\u00e4rde f\u00f6r utfodring av boskapen under l\u00e5gs\u00e4song.<\/li>\n<li><strong>Storskaligt jordbruk:<\/strong> Idealisk f\u00f6r stora g\u00e5rdar eller verksamheter som beh\u00f6ver bearbeta betydande m\u00e4ngder material snabbt.<\/li>\n<li><strong>Foderlagring:<\/strong> F\u00f6r g\u00e5rdar som vill hamstra foder under l\u00e4ngre perioder erbjuder 9YCM-850 luftt\u00e4t f\u00f6rpackning f\u00f6r att skydda materialets n\u00e4ringsinneh\u00e5ll.<\/li>\n<li><strong>Transport:<\/strong> Balade och inslagna produkter \u00e4r mer hanterbara och h\u00e5llbara, vilket g\u00f6r dem enklare att transportera till olika platser.<\/li>\n<\/ul>\n<h2>Att v\u00e4lja r\u00e4tt integrerad 9YCM-850 balnings- och inplastningsmaskin<\/h2>\n<p>N\u00e4r du v\u00e4ljer den perfekta integrerade balnings- och inplastningsmaskinen 9YCM-850, t\u00e4nk p\u00e5 f\u00f6ljande faktorer f\u00f6r att s\u00e4kerst\u00e4lla att den uppfyller dina specifika behov:<\/p>\n<ul>\n<li><strong>Produktionskapacitet:<\/strong> V\u00e4lj en maskin som kan hantera den volym av produkter du avser att bearbeta, vilket s\u00e4kerst\u00e4ller effektivitet och minimerar stillest\u00e5ndstiden.<\/li>\n<li><strong>Materialkompatibilitet:<\/strong> Se till att maskinen \u00e4r kompatibel med den typ av jordbruksprodukter du arbetar med, s\u00e5som h\u00f6, halm eller ensilage.<\/li>\n<li><strong>Varaktighet:<\/strong> Leta efter maskiner tillverkade av h\u00f6gkvalitativa material som t\u00e5l kontinuerlig anv\u00e4ndning under tuffa jordbruksf\u00f6rh\u00e5llanden.<\/li>\n<li><strong>Enkelt underh\u00e5ll:<\/strong> V\u00e4lj en maskin med enkel \u00e5tkomst till komponenter f\u00f6r reparationer och regelbundet underh\u00e5ll f\u00f6r att undvika kostsamma driftstopp.<\/li>\n<li><strong>Kostnadseffektivitet:<\/strong> T\u00e4nk p\u00e5 maskinens l\u00e5ngsiktiga investeringsv\u00e4rde, inklusive potentialen f\u00f6r arbetsbesparingar och \u00f6kad effektivitet.<\/li>\n<\/ul>\n<h2>Underh\u00e5ll av den integrerade balnings- och inplastningsmaskinen 9YCM-850<\/h2>\n<p>F\u00f6r att den integrerade balnings- och inplastningsmaskinen 9YCM-850 ska fungera optimalt \u00e4r regelbundet underh\u00e5ll avg\u00f6rande. H\u00e4r \u00e4r n\u00e5gra underh\u00e5llstips:<\/p>\n<ul>\n<li><strong>Regelbunden reng\u00f6ring:<\/strong> Reng\u00f6r maskinen efter varje anv\u00e4ndning f\u00f6r att f\u00f6rhindra ansamling av damm och skr\u00e4p som kan p\u00e5verka dess prestanda.<\/li>\n<li><strong>Sm\u00f6rjning:<\/strong> Sm\u00f6rj r\u00f6rliga delar regelbundet med sm\u00f6rjmedel f\u00f6r att f\u00f6rhindra slitage.<\/li>\n<li><strong>Kontrollera slitage:<\/strong> Kontrollera inplastnings- och balningsmekanismerna f\u00f6r tecken p\u00e5 slitage och byt ut alla delar som uppvisar betydande skador.<\/li>\n<li><strong>Elektriska inspektioner:<\/strong> S\u00e4kerst\u00e4ll att alla elektriska komponenter fungerar korrekt och kontrollera om det finns n\u00e5gra fel som kan st\u00f6ra driften.<\/li>\n<li><strong>Lagring:<\/strong> N\u00e4r maskinen inte anv\u00e4nds, f\u00f6rvara den p\u00e5 en torr plats f\u00f6r att f\u00f6rhindra korrosion och rost p\u00e5 metalldelar.<\/li>\n<\/ul>\n<h2>Kundrecensioner<\/h2>\n<p>\u201d9YCM-850 har revolutionerat hur vi hanterar v\u00e5r h\u00f6produktion. Vi har minskat arbetskostnaderna avsev\u00e4rt och \u00f6kat produktionen. Kvaliteten p\u00e5 inplastningen \u00e4r fantastisk och v\u00e5ra h\u00f6balar \u00e4r b\u00e4ttre bevarade \u00e4n n\u00e5gonsin tidigare. Rekommenderas starkt!\u201d<\/p>\n<p><strong>John Doe \u2013 USA<\/strong><\/p>\n<p>\u201dVi har anv\u00e4nt 9YCM-850 i \u00f6ver ett \u00e5r nu och det har varit en utm\u00e4rkt investering. Den \u00e4r l\u00e4tt att anv\u00e4nda, mycket effektiv och levererar inplastade balar av h\u00f6gsta kvalitet. Den har hj\u00e4lpt oss att f\u00f6rb\u00e4ttra b\u00e5de lagring och transport av v\u00e5rt ensilage.\u201d<\/p>\n<p><strong>Max M\u00fcller \u2013 Tyskland<\/strong><\/p>\n<p>\u201dDen h\u00e4r maskinen har varit revolutionerande f\u00f6r v\u00e5r g\u00e5rd. Integreringen av balnings- och inplastningsfunktioner har sparat oss mycket tid och anstr\u00e4ngning. Byggkvaliteten \u00e4r f\u00f6rstklassig och vi har inte st\u00f6tt p\u00e5 n\u00e5gra underh\u00e5llsproblem hittills. Skulle k\u00f6pa den igen!\u201d<\/p>\n<p><strong>Emily Johnson \u2013 Australien<\/strong><\/p>\n<p>\u201dF\u00f6r v\u00e5r g\u00e5rds storskaliga verksamhet \u00e4r 9YCM-850 precis vad vi beh\u00f6vde. Vi har kunnat bearbeta stora m\u00e4ngder h\u00f6 med l\u00e4tthet, och inplastningen s\u00e4kerst\u00e4ller att fodret r\u00e4cker hela vintern. En p\u00e5litlig, h\u00e5llbar och effektiv maskin.\u201d<\/p>\n<p><strong>Rajesh Kumar \u2013 Indien<\/strong><\/p>\n<p>\u201dJag \u00e4r mycket n\u00f6jd med den h\u00e4r maskinens prestanda. Den har minskat tiden som g\u00e5r \u00e5t till att bearbeta h\u00f6 och \u00f6kat v\u00e5r g\u00e5rds produktivitet avsev\u00e4rt. Inplastningskvaliteten \u00e4r utm\u00e4rkt och maskinen \u00e4r mycket l\u00e4tt att underh\u00e5lla.\u201d<\/p>\n<p><strong>Lucas Pereira \u2013 Brasilien<\/strong><\/p>\n<h2>Varf\u00f6r v\u00e4lja v\u00e5r produkt?<\/h2>\n<p>Vi erbjuder snabba anpassningstj\u00e4nster, vilket s\u00e4kerst\u00e4ller att 9YCM-850 <a href=\"http:\/\/square-balers.com\" target=\"_blank\" rel=\"noopener\">Integrerad maskin f\u00f6r balning och inplastning<\/a> uppfyller dina specifika g\u00e5rdskrav. V\u00e5ra produkter levereras med tre \u00e5rs garanti, vilket ger dig sinnesro och garanterar l\u00e5ngsiktig tillf\u00f6rlitlighet. Med snabb global leverans och utm\u00e4rkt eftermarknadssupport str\u00e4var vi efter att ge v\u00e5ra kunder den b\u00e4sta upplevelsen.<\/p>\n<h2>Utforska den integrerade balnings- och inplastningsmaskinen 9YCM-850<\/h2>\n<p>Om du letar efter en effektiv, p\u00e5litlig och h\u00e5llbar l\u00f6sning f\u00f6r dina balnings- och inplastningsbehov, beh\u00f6ver du inte leta l\u00e4ngre \u00e4n till den integrerade balnings- och inplastningsmaskinen 9YCM-850.<\/p>\n<p>Med sina kraftfulla funktioner, enkla underh\u00e5ll och betydande kostnadsbesparingar \u00e4r den det perfekta valet f\u00f6r moderna jordbruksverksamheter. F\u00f6rutom 9YCM-850 erbjuder vi \u00e4ven ett brett utbud av jordbrukstillbeh\u00f6r och relaterade produkter f\u00f6r att m\u00f6ta dina olika jordbruksbehov. Kontakta oss idag f\u00f6r att l\u00e4ra dig mer om v\u00e5ra produkter, priser och hur vi kan hj\u00e4lpa dig att optimera din jordbruksverksamhet.<\/p>\n<h2>Vanliga fr\u00e5gor (FAQ)<\/h2>\n<p><strong>Vilken \u00e4r kapaciteten hos 9YCM-850 balnings- och inplastningsmaskinen? <a href=\"https:\/\/silage-balers.com\/sv\/produkt\/balpress-plocknings-och-transportmaskin\/\">Integrerad maskin<\/a>?<\/strong><\/p>\n<p>9YCM-850 \u00e4r konstruerad f\u00f6r att hantera stora volymer h\u00f6, halm och andra jordbruksprodukter effektivt. Den kan bearbeta upp till 850 kg per bal, vilket g\u00f6r den idealisk f\u00f6r storskaliga jordbruksverksamheter.<\/p>\n<p><strong>\u00c4r 9YCM-850 l\u00e4mplig f\u00f6r ensilage?<\/strong><\/p>\n<p>Ja, 9YCM-850 \u00e4r perfekt f\u00f6r att inpacka ensilage. Den luftt\u00e4ta f\u00f6rpackningen hj\u00e4lper till att bevara ensilagets n\u00e4ringsv\u00e4rde under l\u00e4ngre perioder, vilket s\u00e4kerst\u00e4ller att det f\u00f6rblir f\u00e4rskt som djurfoder.<\/p>\n<p><strong>Kan 9YCM-850 anv\u00e4ndas i tuffa v\u00e4derf\u00f6rh\u00e5llanden?<\/strong><\/p>\n<p>Ja, 9YCM-850 \u00e4r konstruerad f\u00f6r att klara kr\u00e4vande jordbruksmilj\u00f6er, inklusive h\u00f6ga temperaturer och v\u00e5ta f\u00f6rh\u00e5llanden. Den \u00e4r byggd med slitstarka material som t\u00e5l tuffa v\u00e4derf\u00f6rh\u00e5llanden.<\/p>\n<p><strong>Hur l\u00e4nge h\u00e5ller inplastningsmaterialet p\u00e5 balarna?<\/strong><\/p>\n<p>Inslagningsmaterialet som anv\u00e4nds av 9YCM-850 \u00e4r konstruerat f\u00f6r att h\u00e5lla l\u00e4nge, vilket s\u00e4kerst\u00e4ller att balarna skyddas fr\u00e5n milj\u00f6faktorer som fukt och luft. Inslagningens livsl\u00e4ngd beror till stor del p\u00e5 yttre f\u00f6rh\u00e5llanden, men den varar i allm\u00e4nhet i flera m\u00e5nader.<\/p>\n<p><strong>Hur l\u00e4tt \u00e4r det att underh\u00e5lla 9YCM-850?<\/strong><\/p>\n<p>9YCM-850 \u00e4r konstruerad f\u00f6r enkelt underh\u00e5ll. Regelbunden reng\u00f6ring, sm\u00f6rjning och inspektion av viktiga komponenter h\u00e5ller maskinen ig\u00e5ng smidigt, vilket minimerar driftstopp och f\u00f6rl\u00e4nger dess livsl\u00e4ngd.<\/p>\n<p>redigerad av gzl<\/p>\n<p>&nbsp;<\/p>","protected":false},"excerpt":{"rendered":"<p>Uppt\u00e4ck den integrerade balnings- och inplastningsmaskinen 9YCM-850. Effektiv, p\u00e5litlig och konstruerad f\u00f6r h\u00f6g prestanda. Uppgradera din verksamhet idag! Skaffa din nu.<\/p>","protected":false},"featured_media":460,"template":"","meta":{"_et_pb_use_builder":"","_et_pb_old_content":"","_et_gb_content_width":""},"product_brand":[],"product_cat":[21],"product_tag":[],"class_list":{"0":"post-458","1":"product","2":"type-product","3":"status-publish","4":"has-post-thumbnail","6":"product_cat-other-series-products","8":"first","9":"instock","10":"shipping-taxable","11":"product-type-simple"},"_links":{"self":[{"href":"https:\/\/silage-balers.com\/sv\/wp-json\/wp\/v2\/product\/458","targetHints":{"allow":["GET"]}}],"collection":[{"href":"https:\/\/silage-balers.com\/sv\/wp-json\/wp\/v2\/product"}],"about":[{"href":"https:\/\/silage-balers.com\/sv\/wp-json\/wp\/v2\/types\/product"}],"wp:featuredmedia":[{"embeddable":true,"href":"https:\/\/silage-balers.com\/sv\/wp-json\/wp\/v2\/media\/460"}],"wp:attachment":[{"href":"https:\/\/silage-balers.com\/sv\/wp-json\/wp\/v2\/media?parent=458"}],"wp:term":[{"taxonomy":"product_brand","embeddable":true,"href":"https:\/\/silage-balers.com\/sv\/wp-json\/wp\/v2\/product_brand?post=458"},{"taxonomy":"product_cat","embeddable":true,"href":"https:\/\/silage-balers.com\/sv\/wp-json\/wp\/v2\/product_cat?post=458"},{"taxonomy":"product_tag","embeddable":true,"href":"https:\/\/silage-balers.com\/sv\/wp-json\/wp\/v2\/product_tag?post=458"}],"curies":[{"name":"wp","href":"https:\/\/api.w.org\/{rel}","templated":true}]}}