{"id":493,"date":"2025-12-29T06:10:15","date_gmt":"2025-12-29T06:10:15","guid":{"rendered":"https:\/\/silage-balers.com\/?post_type=product&#038;p=493"},"modified":"2025-12-29T06:21:28","modified_gmt":"2025-12-29T06:21:28","slug":"9lzy-9-0-fingerhjulskratta","status":"publish","type":"product","link":"https:\/\/silage-balers.com\/sv\/produkt\/9lzy-9-0-fingerhjulskratta\/","title":{"rendered":"9LZY-9.0 Fingerhjulskratta"},"content":{"rendered":"<p>9LZY-9.0 fingerhjulskrattan \u00e4r ett mycket effektivt jordbruksredskap utformat f\u00f6r att kratta h\u00f6 och andra gr\u00f6dor. Den \u00e4r konstruerad f\u00f6r att hantera en m\u00e4ngd olika uppgifter inom jordbruket, vilket s\u00e4kerst\u00e4ller optimal produktivitet. Den h\u00e4r artikeln kommer att g\u00e5 in p\u00e5 detaljerna om dess anv\u00e4ndning, f\u00f6rdelar, arbetsprincip och mycket mer.<\/p>\n<h2>Teknisk specifikation<\/h2>\n<table style=\"border-color: #000000; height: 463px;\">\n<thead>\n<tr style=\"height: 47px;\">\n<th style=\"text-align: center; width: 74px; height: 47px;\">Serienummer<\/th>\n<th style=\"text-align: center; width: 324px; height: 47px;\">Punkt<\/th>\n<th style=\"text-align: center; width: 46px; height: 47px;\">Enhet<\/th>\n<th style=\"text-align: center; width: 203px; height: 47px;\">Specifikation<\/th>\n<\/tr>\n<\/thead>\n<tbody>\n<tr style=\"height: 47px;\">\n<td style=\"text-align: center; width: 74px; height: 47px;\">1<\/td>\n<td style=\"width: 324px; text-align: center; height: 47px;\">Modellnamn<\/td>\n<td style=\"width: 46px; height: 47px;\">\/<\/td>\n<td style=\"width: 203px; text-align: center; height: 47px;\">9LZY-9.0 Fingerhjulskratningsmaskin<\/td>\n<\/tr>\n<tr style=\"height: 23px;\">\n<td style=\"text-align: center; width: 74px; height: 23px;\">2<\/td>\n<td style=\"width: 324px; text-align: center; height: 23px;\">Strukturform<\/td>\n<td style=\"width: 46px; height: 23px;\">\/<\/td>\n<td style=\"width: 203px; text-align: center; height: 23px;\">Fingerhjulstyp<\/td>\n<\/tr>\n<tr style=\"height: 23px;\">\n<td style=\"text-align: center; width: 74px; height: 23px;\">3<\/td>\n<td style=\"width: 324px; text-align: center; height: 23px;\">Hitching-metoden<\/td>\n<td style=\"width: 46px; height: 23px;\">\/<\/td>\n<td style=\"width: 203px; text-align: center; height: 23px;\">Dragtyp<\/td>\n<\/tr>\n<tr style=\"height: 23px;\">\n<td style=\"text-align: center; width: 74px; height: 23px;\">4<\/td>\n<td style=\"width: 324px; text-align: center; height: 23px;\">Specifikation Modell<\/td>\n<td style=\"width: 46px; height: 23px;\">\/<\/td>\n<td style=\"width: 203px; text-align: center; height: 23px;\">9LZY-9.0<\/td>\n<\/tr>\n<tr style=\"height: 23px;\">\n<td style=\"text-align: center; width: 74px; height: 23px;\">5<\/td>\n<td style=\"width: 324px; text-align: center; height: 23px;\">Matchande kraft<\/td>\n<td style=\"width: 46px; height: 23px;\">Kw<\/td>\n<td style=\"width: 203px; text-align: center; height: 23px;\">50-55<\/td>\n<\/tr>\n<tr style=\"height: 47px;\">\n<td style=\"text-align: center; width: 74px; height: 47px;\">6<\/td>\n<td style=\"width: 324px; text-align: center; height: 47px;\">Totala m\u00e5tt i driftl\u00e4ge (l\u00e4ngd \u00d7 bredd \u00d7 h\u00f6jd)<\/td>\n<td style=\"width: 46px; height: 47px;\">m<\/td>\n<td style=\"width: 203px; text-align: center; height: 47px;\">8,4\u00d711\u00d71,75<\/td>\n<\/tr>\n<tr style=\"height: 23px;\">\n<td style=\"text-align: center; width: 74px; height: 23px;\">7<\/td>\n<td style=\"width: 324px; text-align: center; height: 23px;\">Maskinvikt<\/td>\n<td style=\"width: 46px; height: 23px;\">kg<\/td>\n<td style=\"width: 203px; text-align: center; height: 23px;\">1100<\/td>\n<\/tr>\n<tr style=\"height: 23px;\">\n<td style=\"text-align: center; width: 74px; height: 23px;\">8<\/td>\n<td style=\"width: 324px; text-align: center; height: 23px;\">Arbetsbredd<\/td>\n<td style=\"width: 46px; height: 23px;\">m<\/td>\n<td style=\"width: 203px; text-align: center; height: 23px;\">9<\/td>\n<\/tr>\n<tr style=\"height: 23px;\">\n<td style=\"text-align: center; width: 74px; height: 23px;\">9<\/td>\n<td style=\"width: 324px; text-align: center; height: 23px;\">Arbetshastighet<\/td>\n<td style=\"width: 46px; height: 23px;\">km\/h<\/td>\n<td style=\"width: 203px; text-align: center; height: 23px;\">8~10<\/td>\n<\/tr>\n<tr style=\"height: 23px;\">\n<td style=\"text-align: center; width: 74px; height: 23px;\">10<\/td>\n<td style=\"width: 324px; text-align: center; height: 23px;\">Transporthastighet<\/td>\n<td style=\"width: 46px; height: 23px;\">km\/h<\/td>\n<td style=\"width: 203px; text-align: center; height: 23px;\">12<\/td>\n<\/tr>\n<tr style=\"height: 23px;\">\n<td style=\"text-align: center; width: 74px; height: 23px;\">11<\/td>\n<td style=\"width: 324px; text-align: center; height: 23px;\">Antal fingerskivor<\/td>\n<td style=\"width: 46px; height: 23px;\">st<\/td>\n<td style=\"width: 203px; text-align: center; height: 23px;\">15<\/td>\n<\/tr>\n<tr style=\"height: 23px;\">\n<td style=\"text-align: center; width: 74px; height: 23px;\">12<\/td>\n<td style=\"width: 324px; text-align: center; height: 23px;\">Antal fj\u00e4dert\u00e4nder<\/td>\n<td style=\"width: 46px; height: 23px;\">st<\/td>\n<td style=\"width: 203px; text-align: center; height: 23px;\">900 (15 skivor \u00d7 60 t\u00e4nder\/skiva)<\/td>\n<\/tr>\n<tr style=\"height: 23px;\">\n<td style=\"text-align: center; width: 74px; height: 23px;\">13<\/td>\n<td style=\"width: 324px; text-align: center; height: 23px;\">Antal operat\u00f6rer<\/td>\n<td style=\"width: 46px; height: 23px;\">person<\/td>\n<td style=\"width: 203px; text-align: center; height: 23px;\">1<\/td>\n<\/tr>\n<tr style=\"height: 23px;\">\n<td style=\"text-align: center; width: 74px; height: 23px;\">14<\/td>\n<td style=\"width: 324px; text-align: center; height: 23px;\">Str\u00e4ngbredd<\/td>\n<td style=\"width: 46px; height: 23px;\">m<\/td>\n<td style=\"width: 203px; text-align: center; height: 23px;\">0.8-1.2<\/td>\n<\/tr>\n<tr style=\"height: 23px;\">\n<td style=\"text-align: center; width: 74px; height: 23px;\">15<\/td>\n<td style=\"width: 324px; text-align: center; height: 23px;\">Miss Racking Rate<\/td>\n<td style=\"width: 46px; height: 23px;\">\/<\/td>\n<td style=\"width: 203px; text-align: center; height: 23px;\">\u22642%<\/td>\n<\/tr>\n<tr style=\"height: 23px;\">\n<td style=\"text-align: center; width: 74px; height: 23px;\">16<\/td>\n<td style=\"width: 324px; text-align: center; height: 23px;\">Produktivitet<\/td>\n<td style=\"width: 46px; height: 23px;\">hm\u00b2\/h<\/td>\n<td style=\"width: 203px; text-align: center; height: 23px;\">7.2-9<\/td>\n<\/tr>\n<\/tbody>\n<\/table>\n<h2>Produktdefinition<\/h2>\n<p>9LZY-9.0 fingerhjulsstr\u00e4ngl\u00e4ggaren \u00e4r en jordbruksutrustning som fr\u00e4mst anv\u00e4nds f\u00f6r att kratta h\u00f6 och andra gr\u00f6dor i prydliga str\u00e4ngar. Den har en upps\u00e4ttning roterande fingerhjul som sopar bort gr\u00f6dorna fr\u00e5n f\u00e4ltet, vilket g\u00f6r sk\u00f6rdeprocessen mer effektiv. Detta m\u00e5ngsidiga verktyg \u00e4r idealiskt f\u00f6r sm\u00e5 och medelstora g\u00e5rdar.<\/p>\n<h2>Problem den l\u00f6ser och anv\u00e4nder<\/h2>\n<p>9LZY-9.0 fingerhjulsstr\u00e4ngl\u00e4ggaren \u00e5tg\u00e4rdar vanliga problem vid h\u00f6- och gr\u00f6dsk\u00f6rd. Den s\u00e4kerst\u00e4ller att h\u00f6et str\u00e4ngl\u00e4ggs j\u00e4mnt och f\u00f6rdelas j\u00e4mnt, vilket minskar skador och f\u00f6rluster p\u00e5 gr\u00f6dan. Den minskar ocks\u00e5 avsev\u00e4rt tiden som l\u00e4ggs p\u00e5 manuellt arbete. Str\u00e4ngl\u00e4ggaren kan anv\u00e4ndas f\u00f6r olika till\u00e4mpningar, inklusive:<\/p>\n<ul>\n<li>Krattar h\u00f6 f\u00f6r snabbare torkning.<\/li>\n<li>Samla halm efter tr\u00f6skning.<\/li>\n<li>Beredning av sk\u00f6rderester f\u00f6r b\u00e4ttre markberedning.<\/li>\n<li>Krattar gr\u00e4s och andra l\u00e4tta gr\u00f6dor f\u00f6r uppsamling.<\/li>\n<li>Samla l\u00f6v och skr\u00e4p i sm\u00e5skaliga jordbruksmilj\u00f6er.<\/li>\n<\/ul>\n<p style=\"text-align: center;\"><img loading=\"lazy\" decoding=\"async\" class=\"alignnone wp-image-498\" src=\"https:\/\/silage-balers.com\/wp-content\/uploads\/2025\/12\/ep-9LZY-9.0-Finger-Wheel-Rake-3-1.webp\" alt=\"Fingerhjulskratta\" width=\"427\" height=\"427\" srcset=\"https:\/\/silage-balers.com\/wp-content\/uploads\/2025\/12\/ep-9LZY-9.0-Finger-Wheel-Rake-3-1.webp 278w, https:\/\/silage-balers.com\/wp-content\/uploads\/2025\/12\/ep-9LZY-9.0-Finger-Wheel-Rake-3-1-150x150.webp 150w, https:\/\/silage-balers.com\/wp-content\/uploads\/2025\/12\/ep-9LZY-9.0-Finger-Wheel-Rake-3-1-12x12.webp 12w, https:\/\/silage-balers.com\/wp-content\/uploads\/2025\/12\/ep-9LZY-9.0-Finger-Wheel-Rake-3-1-100x100.webp 100w\" sizes=\"(max-width: 427px) 100vw, 427px\" \/><\/p>\n<h2>Produktf\u00f6rdelar<\/h2>\n<h3>1. \u00d6kad effektivitet<\/h3>\n<p>9LZY-9.0 fingerhjulsstr\u00e4ngl\u00e4ggaren arbetar effektivt och \u00f6kar produktiviteten avsev\u00e4rt. Den s\u00e4kerst\u00e4ller att h\u00f6 och andra gr\u00f6dor str\u00e4ngl\u00e4ggs j\u00e4mnt, vilket g\u00f6r hela sk\u00f6rdeprocessen smidigare och snabbare.<\/p>\n<h3>2. L\u00e5gt underh\u00e5ll<\/h3>\n<p>Denna kratta \u00e4r konstruerad med minimala underh\u00e5llskrav. Med h\u00e5llbar konstruktion och h\u00f6gkvalitativa material t\u00e5l den regelbunden anv\u00e4ndning utan frekventa reparationer eller service.<\/p>\n<h3>3. Anpassningsbar till olika g\u00e5rdsstorlekar<\/h3>\n<p>Str\u00e4ngl\u00e4ggaren \u00e4r perfekt f\u00f6r sm\u00e5 och medelstora g\u00e5rdar. Dess justerbara design g\u00f6r den enkel att anpassa till de specifika behoven hos olika jordbruksverksamheter, vilket g\u00f6r den till ett m\u00e5ngsidigt verktyg f\u00f6r en m\u00e4ngd olika till\u00e4mpningar.<\/p>\n<h3>4. Kostnadseffektiv<\/h3>\n<p>J\u00e4mf\u00f6rt med manuellt arbete eller mer komplexa maskiner erbjuder 9LZY-9.0 fingerhjulskrattan en kostnadseffektiv l\u00f6sning f\u00f6r jordbrukare. Den hj\u00e4lper till att minska arbetskostnaderna samtidigt som den \u00f6kar produktiviteten och s\u00e4kerst\u00e4ller h\u00f6gre sk\u00f6rdskvalitet.<\/p>\n<h3>5. Utm\u00e4rkt h\u00e5llbarhet<\/h3>\n<p>Denna str\u00e4ngl\u00e4ggare \u00e4r tillverkad av h\u00f6gh\u00e5llfasta material och \u00e4r byggd f\u00f6r att h\u00e5lla l\u00e4nge. Den t\u00e5l tuffa f\u00f6rh\u00e5llanden utan att kompromissa med prestandan, vilket s\u00e4kerst\u00e4ller att den f\u00f6rblir en viktig del av din lantbruksutrustning i m\u00e5nga \u00e5r fram\u00f6ver.<\/p>\n<h2>Arbetsprincip f\u00f6r 9LZY-9.0 fingerhjulskratta<\/h2>\n<p>9LZY-9.0 fingerhjulsstr\u00e4ngl\u00e4ggaren anv\u00e4nder roterande fingerhjul som effektivt sveper h\u00f6, gr\u00e4s och andra gr\u00f6dor ner i prydliga str\u00e4ngar. Str\u00e4ngl\u00e4ggningsprocessen underl\u00e4ttas av hjulets h\u00f6ga rotationshastighet, vilket g\u00f6r att verktyget snabbt kan t\u00e4cka ett brett omr\u00e5de. Denna mekanism s\u00e4kerst\u00e4ller j\u00e4mn str\u00e4ngl\u00e4ggning, vilket f\u00f6rhindrar skador p\u00e5 gr\u00f6dan samtidigt som effektiviteten maximeras. Str\u00e4ngl\u00e4ggarens unika design g\u00f6r den l\u00e4mplig f\u00f6r en m\u00e4ngd olika terr\u00e4nger, inklusive oj\u00e4mn mark.<\/p>\n<p style=\"text-align: center;\"><img loading=\"lazy\" decoding=\"async\" class=\"alignnone wp-image-497\" src=\"https:\/\/silage-balers.com\/wp-content\/uploads\/2025\/12\/ep-9LZY-9.0-Finger-Wheel-Rake-2-1.webp\" alt=\"Fingerhjulskratta\" width=\"419\" height=\"419\" srcset=\"https:\/\/silage-balers.com\/wp-content\/uploads\/2025\/12\/ep-9LZY-9.0-Finger-Wheel-Rake-2-1.webp 276w, https:\/\/silage-balers.com\/wp-content\/uploads\/2025\/12\/ep-9LZY-9.0-Finger-Wheel-Rake-2-1-150x150.webp 150w, https:\/\/silage-balers.com\/wp-content\/uploads\/2025\/12\/ep-9LZY-9.0-Finger-Wheel-Rake-2-1-12x12.webp 12w, https:\/\/silage-balers.com\/wp-content\/uploads\/2025\/12\/ep-9LZY-9.0-Finger-Wheel-Rake-2-1-100x100.webp 100w\" sizes=\"(max-width: 419px) 100vw, 419px\" \/><\/p>\n<h2>Huvudsakliga till\u00e4mpningar<\/h2>\n<p>9LZY-9.0 fingerhjulsstr\u00e4ngl\u00e4ggaren kan anv\u00e4ndas i olika jordbruksscenarier:<\/p>\n<ul>\n<li><strong>H\u00f6sk\u00f6rd:<\/strong> Perfekt f\u00f6r att kratta h\u00f6 och l\u00e5ta det torka j\u00e4mnt, vilket s\u00e4kerst\u00e4ller en h\u00f6gkvalitativ sk\u00f6rd.<\/li>\n<li><strong>Sugr\u00f6rsamling:<\/strong> Samlar effektivt upp halm, vilket g\u00f6r det enklare att hantera efter tr\u00f6skning.<\/li>\n<li><strong>Hantering av gr\u00f6dorester:<\/strong> Det hj\u00e4lper till att hantera gr\u00f6dorester genom att kratta dem i str\u00e4ngar, vilket underl\u00e4ttar hantering och slutligen nedbrytning.<\/li>\n<li><strong>Gr\u00e4sklippning:<\/strong> Perfekt f\u00f6r sm\u00e5skalig gr\u00e4sklippning, vilket s\u00e4kerst\u00e4ller j\u00e4mna str\u00e4ngar som \u00e4r l\u00e4tta att samla upp.<\/li>\n<li><strong>F\u00e4ltf\u00f6rberedelse:<\/strong> Anv\u00e4nds f\u00f6r att samla upp sk\u00f6rderester fr\u00e5n jorden och f\u00f6rbereda den f\u00f6r n\u00e4sta planteringss\u00e4song.<\/li>\n<li><strong>Reng\u00f6ringsf\u00e4lt:<\/strong> Den kan ocks\u00e5 anv\u00e4ndas f\u00f6r att ta bort skr\u00e4p och l\u00f6v, vilket h\u00e5ller f\u00e4ltet snyggt och i optimalt skick.<\/li>\n<\/ul>\n<h2>Hur man v\u00e4ljer r\u00e4tt 9LZY-9.0 fingerhjulskratta<\/h2>\n<h3>1. T\u00e4nk p\u00e5 g\u00e5rdens storlek<\/h3>\n<p>Att v\u00e4lja r\u00e4tt str\u00e4ngl\u00e4ggare beror till stor del p\u00e5 storleken p\u00e5 din g\u00e5rd. F\u00f6r sm\u00e5 och medelstora g\u00e5rdar erbjuder 9LZY-9.0 fingerhjulsstr\u00e4ngl\u00e4ggare en perfekt balans mellan kraft och effektivitet, vilket g\u00f6r att du kan arbeta i en hanterbar skala.<\/p>\n<h3>2. Utv\u00e4rdera terr\u00e4ngtyp<\/h3>\n<p>Terr\u00e4ngen du planerar att anv\u00e4nda str\u00e4ngl\u00e4ggaren i \u00e4r en annan avg\u00f6rande faktor. 9LZY-9.0 fingerhjulsstr\u00e4ngl\u00e4ggaren \u00e4r konstruerad f\u00f6r att hantera oj\u00e4mn mark, vilket g\u00f6r den l\u00e4mplig f\u00f6r olika f\u00e4ltf\u00f6rh\u00e5llanden.<\/p>\n<h3>3. Leta efter h\u00e5llbarhet<\/h3>\n<p>Se till att str\u00e4ngl\u00e4ggaren \u00e4r tillverkad av h\u00f6gkvalitativa material f\u00f6r att garantera h\u00e5llbarhet. 9LZY-9.0 fingerhjulsstr\u00e4ngl\u00e4ggaren \u00e4r tillverkad f\u00f6r att t\u00e5la regelbunden anv\u00e4ndning i tuffa jordbruksmilj\u00f6er, vilket s\u00e4kerst\u00e4ller l\u00e5ng livsl\u00e4ngd.<\/p>\n<h3>4. Kontrollera anv\u00e4ndarv\u00e4nligheten<\/h3>\n<p>V\u00e4lj en str\u00e4ngl\u00e4ggare som \u00e4r l\u00e4tt att anv\u00e4nda och underh\u00e5lla. 9LZY-9.0 fingerhjulsstr\u00e4ngl\u00e4ggarens anv\u00e4ndarv\u00e4nliga design g\u00f6r den till ett utm\u00e4rkt val f\u00f6r b\u00e5de erfarna lantbrukare och de som \u00e4r nya inom jordbruksutrustning.<\/p>\n<h3>5. Budget\u00f6verv\u00e4ganden<\/h3>\n<p>\u00c4ven om 9LZY-9.0 fingerhjulskrattan \u00e4r kostnadseffektiv \u00e4r det viktigt att ta h\u00e4nsyn till din budget. Den erbjuder utm\u00e4rkt v\u00e4rde f\u00f6r investeringen och balanserar \u00f6verkomliga priser med h\u00f6g prestanda.<\/p>\n<h3>6. Tillg\u00e4nglighet av delar och support<\/h3>\n<p>Se till att reservdelar och kundsupport finns l\u00e4ttillg\u00e4ngliga. V\u00e5rt f\u00f6retag erbjuder utm\u00e4rkt eftermarknadsservice och snabb tillg\u00e5ng till reservdelar till 9LZY-9.0 Fingerhjulskrattan.<\/p>\n<h2>Underh\u00e5ll av 9LZY-9.0 fingerhjulskrattan<\/h2>\n<p>Att underh\u00e5lla 9LZY-9.0 fingerhjulskrattan \u00e4r viktigt f\u00f6r att s\u00e4kerst\u00e4lla optimal prestanda och livsl\u00e4ngd. Kontrollera regelbundet fingerhjulen och hela ramen f\u00f6r slitage. Sm\u00f6rj de r\u00f6rliga delarna regelbundet f\u00f6r att f\u00f6rhindra rost och s\u00e4kerst\u00e4lla smidig drift. Inspektera \u00e4ven kratan f\u00f6r l\u00f6sa bultar eller skruvar och dra \u00e5t dem vid behov f\u00f6r att f\u00f6rhindra funktionsfel.<\/p>\n<h2>Kundrecensioner<\/h2>\n<p>H\u00e4r \u00e4r n\u00e5gra kundrecensioner fr\u00e5n olika l\u00e4nder som har anv\u00e4nt 9LZY-9.0 Finger Wheel Rake:<\/p>\n<p>Str\u00e4ngl\u00e4ggaren har f\u00f6rb\u00e4ttrat effektiviteten p\u00e5 v\u00e5r g\u00e5rd avsev\u00e4rt. Vi anv\u00e4nder den dagligen f\u00f6r att kratta h\u00f6, och den g\u00f6r hela processen snabbare och mer organiserad. Rekommenderas starkt f\u00f6r sm\u00e5 g\u00e5rdar som v\u00e5r!<br \/>\n\u2013 John, USA<\/p>\n<p>Jag har anv\u00e4nt den h\u00e4r str\u00e4ngl\u00e4ggaren i n\u00e5gra m\u00e5nader nu, och den fungerar fortfarande perfekt. Den sparar s\u00e5 mycket tid och anstr\u00e4ngning, och h\u00f6kvaliteten \u00e4r mycket b\u00e4ttre. Definitivt v\u00e4rd investeringen.<br \/>\n\u2013 Sarah, Kanada<\/p>\n<p>Det h\u00e4r \u00e4r den b\u00e4sta str\u00e4ngl\u00e4ggaren jag n\u00e5gonsin anv\u00e4nt! Den \u00e4r robust, l\u00e4tt att anv\u00e4nda och har gjort min h\u00f6-str\u00e4ngl\u00e4ggning mycket effektivare. Mycket n\u00f6jd med prestandan!<br \/>\n\u2013 Michael, Australien<\/p>\n<h2>Varf\u00f6r v\u00e4lja v\u00e5r produkt<\/h2>\n<p>Vi erbjuder snabba anpassningstj\u00e4nster och stark kundsupport f\u00f6r att m\u00f6ta dina specifika behov. Med 3 \u00e5rs garanti och omfattande kundservice kan du lita p\u00e5 oss f\u00f6r l\u00e5ngsiktig support. Dessutom erbjuder vi snabb global leverans f\u00f6r att effektivt hantera dina best\u00e4llningar. V\u00e5ra produkter \u00e4r utformade f\u00f6r h\u00e5llbarhet, kostnadseffektivitet och h\u00f6g prestanda, vilket s\u00e4kerst\u00e4ller att du f\u00e5r b\u00e4sta m\u00f6jliga v\u00e4rde f\u00f6r din investering.<\/p>\n<h2>Utforska hela v\u00e5rt produktsortiment<\/h2>\n<p>F\u00f6rutom 9LZY-9.0 fingerhjulskrattan erbjuder vi ett brett utbud av jordbruksutrustning och tillbeh\u00f6r f\u00f6r att m\u00f6ta alla dina jordbruksbehov. V\u00e5ra produkter \u00e4r utformade med precision, vilket garanterar \u00f6verl\u00e4gsen kvalitet och \u00f6verkomliga priser. Utforska v\u00e5rt sortiment idag och kontakta oss f\u00f6r att l\u00e4gga en best\u00e4llning.<\/p>\n<p>F\u00f6r mer information, bes\u00f6k v\u00e5r webbplats eller kontakta oss direkt f\u00f6r att k\u00f6pa 9LZY-9.0 fingerhjulskrattan idag.<\/p>\n<p style=\"text-align: center;\"><img loading=\"lazy\" decoding=\"async\" class=\"alignnone wp-image-495\" src=\"https:\/\/silage-balers.com\/wp-content\/uploads\/2025\/12\/ep-9LZY-9.0-Finger-Wheel-Rake-4-1.webp\" alt=\"Fingerhjulskratta\" width=\"422\" height=\"422\" srcset=\"https:\/\/silage-balers.com\/wp-content\/uploads\/2025\/12\/ep-9LZY-9.0-Finger-Wheel-Rake-4-1.webp 270w, https:\/\/silage-balers.com\/wp-content\/uploads\/2025\/12\/ep-9LZY-9.0-Finger-Wheel-Rake-4-1-150x150.webp 150w, https:\/\/silage-balers.com\/wp-content\/uploads\/2025\/12\/ep-9LZY-9.0-Finger-Wheel-Rake-4-1-12x12.webp 12w, https:\/\/silage-balers.com\/wp-content\/uploads\/2025\/12\/ep-9LZY-9.0-Finger-Wheel-Rake-4-1-100x100.webp 100w\" sizes=\"(max-width: 422px) 100vw, 422px\" \/><\/p>\n<h2>Vanliga fr\u00e5gor<\/h2>\n<ol>\n<li><strong>Vad \u00e4r en fingerhjulskratta?<\/strong><br \/>\nEn fingerhjulskratta \u00e4r en jordbruksmaskin som \u00e4r utformad f\u00f6r att kratta h\u00f6, gr\u00e4s eller gr\u00f6dorester i str\u00e4ngar. Dess roterande fingerhjul samlar in och samlar in gr\u00f6dorna effektivt, vilket g\u00f6r det enklare att hantera sk\u00f6rdarna.<\/li>\n<li><strong>Hur fungerar 9LZY-9.0 fingerhjulskrattan?<\/strong><br \/>\n9LZY-9.0 fingerhjulsstr\u00e4ngl\u00e4ggaren anv\u00e4nder roterande fingerhjul f\u00f6r att sopa h\u00f6 och andra gr\u00f6dor till prydliga str\u00e4ngar. Hjulen roterar snabbt, t\u00e4cker ett brett omr\u00e5de och s\u00e4kerst\u00e4ller j\u00e4mn str\u00e4ngl\u00e4ggning.<\/li>\n<li><strong>Kan 9LZY-9.0 fingerhjulskrattan anv\u00e4ndas f\u00f6r sm\u00e5 g\u00e5rdar?<\/strong><br \/>\nJa, 9LZY-9.0 fingerhjulsstr\u00e4ngl\u00e4ggaren \u00e4r idealisk f\u00f6r sm\u00e5 och medelstora g\u00e5rdar. Den erbjuder effektiv prestanda samtidigt som den \u00e4r enkel att anv\u00e4nda och underh\u00e5lla, vilket g\u00f6r den till ett perfekt val f\u00f6r mindre jordbruksf\u00f6retag.<\/li>\n<li><strong>Hur underh\u00e5ller jag 9LZY-9.0 fingerhjulskrattan?<\/strong><br \/>\nRegelbundet underh\u00e5ll inkluderar sm\u00f6rjning av r\u00f6rliga delar, kontroll av slitage och \u00e5tdragning av l\u00f6sa komponenter. Se till att str\u00e4ngl\u00e4ggaren reng\u00f6rs och f\u00f6rvaras korrekt f\u00f6r att f\u00f6rl\u00e4nga dess livsl\u00e4ngd.<\/li>\n<li><strong>Var kan jag k\u00f6pa en 9LZY-9.0 fingerhjulskratta?<\/strong><br \/>\n9LZY-9.0 fingerhjulskrattan kan k\u00f6pas online via v\u00e5r webbplats. Vi erbjuder global frakt och utm\u00e4rkt kundservice f\u00f6r att s\u00e4kerst\u00e4lla en smidig k\u00f6pupplevelse.<\/li>\n<li><strong>\u00c4r 9LZY-9.0 fingerhjulskrattan l\u00e4mplig f\u00f6r h\u00f6?<\/strong><br \/>\nJa, 9LZY-9.0 fingerhjulskrattan \u00e4r speciellt utformad f\u00f6r h\u00f6krattning. Den s\u00e4kerst\u00e4ller att h\u00f6et kratas j\u00e4mnt, vilket bidrar till snabbare torkning och b\u00e4ttre kvalitet.<\/li>\n<li><strong>Vilka \u00e4r f\u00f6rdelarna med att anv\u00e4nda en fingerhjulskratta?<\/strong><br \/>\nF\u00f6rdelarna inkluderar \u00f6kad effektivitet, kostnadsbesparingar, anv\u00e4ndarv\u00e4nlighet och f\u00f6rm\u00e5gan att hantera olika terr\u00e4nger. Det \u00e4r ett mycket h\u00e5llbart verktyg som t\u00e5l regelbunden anv\u00e4ndning i kr\u00e4vande milj\u00f6er.<\/li>\n<li><strong>Hur snabbt kan jag kratta med 9LZY-9.0 fingerhjulskratta?<\/strong><br \/>\nKrattningshastigheten beror p\u00e5 terr\u00e4ng och gr\u00f6dtyp, men generellt sett erbjuder 9LZY-9.0 fingerhjulskrattningen snabb och effektiv t\u00e4ckning, vilket avsev\u00e4rt minskar tiden som beh\u00f6vs f\u00f6r h\u00f6krattning.<\/li>\n<li><strong>Kr\u00e4ver kratta mycket underh\u00e5ll?<\/strong><br \/>\nNej, 9LZY-9.0 fingerhjulskrattan \u00e4r konstruerad f\u00f6r minimalt underh\u00e5ll. Rutinkontroller och sm\u00f6rjning \u00e4r tillr\u00e4ckliga f\u00f6r att den ska fungera smidigt.<\/li>\n<li><strong>Kan jag justera str\u00e4ngl\u00e4ggaren f\u00f6r olika gr\u00f6dor?<\/strong><br \/>\nJa, 9LZY-9.0 fingerhjulsstr\u00e4ngl\u00e4ggare \u00e4r justerbar och kan finjusteras f\u00f6r att passa olika gr\u00f6dor och f\u00e4ltf\u00f6rh\u00e5llanden, vilket ger m\u00e5ngsidighet f\u00f6r olika jordbruksbehov.<\/li>\n<li><strong>Finns det garanti f\u00f6r 9LZY-9.0 fingerhjulskrattan?<\/strong><br \/>\nJa, 9LZY-9.0 <a href=\"https:\/\/silage-balers.com\/sv\/produkt\/9v-12-sidledes-lutning\/\">Fingerhjulskratta<\/a> levereras med 3 \u00e5rs garanti. Vi erbjuder \u00e4ven utm\u00e4rkt kundservice och support.<\/li>\n<li><strong>Kan kratta anv\u00e4ndas i oj\u00e4mn terr\u00e4ng?<\/strong><br \/>\nJa, 9LZY-9.0 fingerhjulsstr\u00e4ngl\u00e4ggaren \u00e4r konstruerad f\u00f6r att hantera oj\u00e4mn och grov terr\u00e4ng, vilket g\u00f6r den m\u00e5ngsidig f\u00f6r olika jordbruksmilj\u00f6er.<\/li>\n<li><strong>Vilka material \u00e4r 9LZY-9.0 fingerhjulskrattan tillverkad av?<\/strong><br \/>\nStr\u00e4ngl\u00e4ggaren \u00e4r konstruerad av slitstarka och h\u00f6gh\u00e5llfasta material f\u00f6r att s\u00e4kerst\u00e4lla l\u00e5ng livsl\u00e4ngd och motst\u00e5ndskraft mot slitage under kr\u00e4vande jordbruksf\u00f6rh\u00e5llanden.<\/li>\n<li><strong>Hur enkelt \u00e4r det att anv\u00e4nda 9LZY-9.0 fingerhjulskrattan?<\/strong><br \/>\n9LZY-9.0 fingerhjulsstr\u00e4ngl\u00e4ggare \u00e4r enkel att anv\u00e4nda, med intuitiva kontroller och en anv\u00e4ndarv\u00e4nlig design som g\u00f6r den tillg\u00e4nglig f\u00f6r b\u00e5de erfarna och nyb\u00f6rjare.<\/li>\n<\/ol>\n<p>redigerad av gzl<\/p>\n<p>&nbsp;<\/p>","protected":false},"excerpt":{"rendered":"<p>Uppt\u00e4ck 9LZY-9.0 fingerhjulskrattan \u2013 ett h\u00e5llbart och effektivt jordbruksredskap utformat f\u00f6r optimal hantering av gr\u00f6dor. \u00d6ka produktiviteten idag! Handla nu!<\/p>","protected":false},"featured_media":496,"template":"","meta":{"_et_pb_use_builder":"","_et_pb_old_content":"","_et_gb_content_width":""},"product_brand":[],"product_cat":[20],"product_tag":[],"class_list":{"0":"post-493","1":"product","2":"type-product","3":"status-publish","4":"has-post-thumbnail","6":"product_cat-mower-tedder","8":"first","9":"instock","10":"shipping-taxable","11":"product-type-simple"},"_links":{"self":[{"href":"https:\/\/silage-balers.com\/sv\/wp-json\/wp\/v2\/product\/493","targetHints":{"allow":["GET"]}}],"collection":[{"href":"https:\/\/silage-balers.com\/sv\/wp-json\/wp\/v2\/product"}],"about":[{"href":"https:\/\/silage-balers.com\/sv\/wp-json\/wp\/v2\/types\/product"}],"wp:featuredmedia":[{"embeddable":true,"href":"https:\/\/silage-balers.com\/sv\/wp-json\/wp\/v2\/media\/496"}],"wp:attachment":[{"href":"https:\/\/silage-balers.com\/sv\/wp-json\/wp\/v2\/media?parent=493"}],"wp:term":[{"taxonomy":"product_brand","embeddable":true,"href":"https:\/\/silage-balers.com\/sv\/wp-json\/wp\/v2\/product_brand?post=493"},{"taxonomy":"product_cat","embeddable":true,"href":"https:\/\/silage-balers.com\/sv\/wp-json\/wp\/v2\/product_cat?post=493"},{"taxonomy":"product_tag","embeddable":true,"href":"https:\/\/silage-balers.com\/sv\/wp-json\/wp\/v2\/product_tag?post=493"}],"curies":[{"name":"wp","href":"https:\/\/api.w.org\/{rel}","templated":true}]}}