{"id":499,"date":"2025-12-29T08:24:00","date_gmt":"2025-12-29T08:24:00","guid":{"rendered":"https:\/\/silage-balers.com\/?post_type=product&#038;p=499"},"modified":"2025-12-29T08:35:48","modified_gmt":"2025-12-29T08:35:48","slug":"9gd-2-5-enkelbladsklippare","status":"publish","type":"product","link":"https:\/\/silage-balers.com\/sv\/produkt\/9gd-2-5-enkelbladsklippare\/","title":{"rendered":"Excellent 9GD-2.5 Traction Enkelbladsklippare (Uppgraderad version)"},"content":{"rendered":"<p>9GD-2.5 Traction Single-Blade Mower (uppgraderad version) \u00e4r en banbrytande gr\u00e4sklippare designad f\u00f6r b\u00e5de bostads- och kommersiellt bruk. Med sina f\u00f6rb\u00e4ttrade funktioner och prestanda tillgodoser den de st\u00e4ndigt v\u00e4xande behoven hos gr\u00e4sklipparentusiaster. Denna gr\u00e4sklippare utm\u00e4rker sig tack vare sitt enkelbladiga klippsystem, vilket ger effektiv och exakt gr\u00e4sklippning, vilket g\u00f6r den till en idealisk l\u00f6sning f\u00f6r sm\u00e5 till medelstora gr\u00e4smattor.<\/p>\n<h2>Teknisk specifikation<\/h2>\n<table style=\"border-color: #000000;\">\n<thead>\n<tr>\n<th style=\"width: 64px;\">Serienummer<\/th>\n<th style=\"width: 308px;\">Punkt<\/th>\n<th style=\"width: 46px;\">Enhet<\/th>\n<th style=\"width: 228px;\">Specifikation<\/th>\n<\/tr>\n<\/thead>\n<tbody>\n<tr>\n<td style=\"width: 64px; text-align: center;\">1<\/td>\n<td style=\"width: 308px; text-align: center;\">Modellnamn<\/td>\n<td style=\"width: 46px; text-align: center;\">\/<\/td>\n<td style=\"width: 228px; text-align: center;\">9GD-2.5 Traktionsklippare med en kniv<\/td>\n<\/tr>\n<tr>\n<td style=\"width: 64px; text-align: center;\">2<\/td>\n<td style=\"width: 308px; text-align: center;\">Hitching-metoden<\/td>\n<td style=\"width: 46px; text-align: center;\">\/<\/td>\n<td style=\"width: 228px; text-align: center;\">Dragtyp<\/td>\n<\/tr>\n<tr>\n<td style=\"width: 64px; text-align: center;\">3<\/td>\n<td style=\"width: 308px; text-align: center;\">Typ av sk\u00e4rstruktur<\/td>\n<td style=\"width: 46px; text-align: center;\">\/<\/td>\n<td style=\"width: 228px; text-align: center;\">Fram- och \u00e5terg\u00e5ende typ<\/td>\n<\/tr>\n<tr>\n<td style=\"width: 64px; text-align: center;\">4<\/td>\n<td style=\"width: 308px; text-align: center;\">Sk\u00e4rbredd<\/td>\n<td style=\"width: 46px; text-align: center;\">m<\/td>\n<td style=\"width: 228px; text-align: center;\">2.5<\/td>\n<\/tr>\n<tr>\n<td style=\"width: 64px; text-align: center;\">5<\/td>\n<td style=\"width: 308px; text-align: center;\">Matchande effektomr\u00e5de<\/td>\n<td style=\"width: 46px; text-align: center;\">kW<\/td>\n<td style=\"width: 228px; text-align: center;\">15-35<\/td>\n<\/tr>\n<tr>\n<td style=\"width: 64px; text-align: center;\">6<\/td>\n<td style=\"width: 308px; text-align: center;\">Driftshastighetsomr\u00e5de<\/td>\n<td style=\"width: 46px; text-align: center;\">km\/h<\/td>\n<td style=\"width: 228px; text-align: center;\">6~10<\/td>\n<\/tr>\n<tr>\n<td style=\"width: 64px; text-align: center;\">7<\/td>\n<td style=\"width: 308px; text-align: center;\">Antal r\u00f6rliga blad<\/td>\n<td style=\"width: 46px; text-align: center;\">st<\/td>\n<td style=\"width: 228px; text-align: center;\">34<\/td>\n<\/tr>\n<tr>\n<td style=\"width: 64px; text-align: center;\">8<\/td>\n<td style=\"width: 308px; text-align: center;\">Totala m\u00e5tt (l\u00e4ngd \u00d7 bredd \u00d7 h\u00f6jd)<\/td>\n<td style=\"width: 46px; text-align: center;\">mm<\/td>\n<td style=\"width: 228px; text-align: center;\">2000\u00d74300\u00d7950<\/td>\n<\/tr>\n<tr>\n<td style=\"width: 64px; text-align: center;\">10<\/td>\n<td style=\"width: 308px; text-align: center;\">Kraftuttagsvarvtal<\/td>\n<td style=\"width: 46px; text-align: center;\">varv\/min<\/td>\n<td style=\"width: 228px; text-align: center;\">540<\/td>\n<\/tr>\n<tr>\n<td style=\"width: 64px; text-align: center;\">11<\/td>\n<td style=\"width: 308px; text-align: center;\">Genomsnittlig stubbh\u00f6jd<\/td>\n<td style=\"width: 46px; text-align: center;\">mm<\/td>\n<td style=\"width: 228px; text-align: center;\">50-70<\/td>\n<\/tr>\n<tr>\n<td style=\"width: 64px; text-align: center;\">12<\/td>\n<td style=\"width: 308px; text-align: center;\">Produktivitet<\/td>\n<td style=\"width: 46px; text-align: center;\">hm\u00b2\/h<\/td>\n<td style=\"width: 228px; text-align: center;\">2.0-3.0<\/td>\n<\/tr>\n<tr>\n<td style=\"width: 64px; text-align: center;\">13<\/td>\n<td style=\"width: 308px; text-align: center;\">Antal operat\u00f6rer<\/td>\n<td style=\"width: 46px; text-align: center;\">person<\/td>\n<td style=\"width: 228px; text-align: center;\">1<\/td>\n<\/tr>\n<tr>\n<td style=\"width: 64px; text-align: center;\">14<\/td>\n<td style=\"width: 308px; text-align: center;\">Strukturell massa<\/td>\n<td style=\"width: 46px; text-align: center;\">kg<\/td>\n<td style=\"width: 228px; text-align: center;\">490<\/td>\n<\/tr>\n<\/tbody>\n<\/table>\n<h2>Produktdefinition<\/h2>\n<p>9GD-2.5 Traction Single-Blade Mower (uppgraderad version) \u00e4r en h\u00f6gpresterande gr\u00e4sklippare designad med avancerade funktioner f\u00f6r att s\u00e4kerst\u00e4lla \u00f6verl\u00e4gsen gr\u00e4smattev\u00e5rd. Den levereras med ett klippsystem med ett enda blad f\u00f6r en j\u00e4mnare och mer exakt klippning. Drivs av en dragmotor \u00e4r denna modell perfekt f\u00f6r att enkelt hantera b\u00e5de plan och l\u00e4tt sluttande terr\u00e4ng. Den \u00e4r sladdl\u00f6s och utrustad med ett h\u00e5llbart batteri, vilket g\u00f6r den till ett effektivt verktyg f\u00f6r tr\u00e4dg\u00e5rdsm\u00e4stare som s\u00f6ker mobilitet och bekv\u00e4mlighet.<\/p>\n<h2>Problem som behandlats och anv\u00e4ndningsomr\u00e5den<\/h2>\n<p>9GD-2.5 Traction Single-Blade Mower (uppgraderad version) l\u00f6ser effektivt vanliga gr\u00e4smattesk\u00f6tselproblem. Den \u00e4r s\u00e4rskilt anv\u00e4ndbar f\u00f6r hus\u00e4gare eller professionella tr\u00e4dg\u00e5rdsm\u00e4stare som k\u00e4mpar med oj\u00e4mn gr\u00e4sv\u00e4xt, oj\u00e4mn terr\u00e4ng eller l\u00e5gpresterande gr\u00e4sklippare. Med sitt f\u00f6rb\u00e4ttrade grepp och sin enkelbladsklippmekanism kan denna gr\u00e4sklippare enkelt navigera genom olika gr\u00e4styper och terr\u00e4nger, vilket s\u00e4kerst\u00e4ller en konsekvent prydlig gr\u00e4smatta. Den \u00e4r ocks\u00e5 idealisk f\u00f6r hus\u00e4gare med sm\u00e5 till medelstora gr\u00e4smattor som beh\u00f6ver en p\u00e5litlig och l\u00e4ttsk\u00f6tt gr\u00e4smattesk\u00f6tsell\u00f6sning. Gr\u00e4sklipparen kan anv\u00e4ndas i olika milj\u00f6er som bostadsgr\u00e4smattor, tr\u00e4dg\u00e5rdsland, parker och sm\u00e5 kommersiella fastigheter.<\/p>\n<h2>Produktf\u00f6rdelar<\/h2>\n<h3>1. Effektiv sk\u00e4rprestanda<\/h3>\n<p>Enkelbladsdesignen p\u00e5 9GD-2.5-gr\u00e4sklipparen s\u00e4kerst\u00e4ller ett rent och exakt klipp med minimal anstr\u00e4ngning. Detta ger en j\u00e4mnare gr\u00e4smatta, vilket minskar behovet av underh\u00e5ll och f\u00f6rb\u00e4ttrar gr\u00e4smattans allm\u00e4nna h\u00e4lsa.<\/p>\n<h3>2. F\u00f6rb\u00e4ttrat grepp<\/h3>\n<p>Dess avancerade dragmotor m\u00f6jligg\u00f6r smidigare drift \u00f6ver l\u00e4tt sluttande och oj\u00e4mn terr\u00e4ng. Denna funktion g\u00f6r den till ett f\u00f6redraget val f\u00f6r anv\u00e4ndare med varierande gr\u00e4smattor eller omr\u00e5den med l\u00e4tta lutningar.<\/p>\n<h3>3. Sladdl\u00f6s drift<\/h3>\n<p>9GD-2.5 drivs av ett uppladdningsbart batteri, vilket m\u00f6jligg\u00f6r sladdl\u00f6s anv\u00e4ndning. Detta eliminerar behovet av eluttag eller f\u00f6rl\u00e4ngningssladdar, vilket m\u00f6jligg\u00f6r st\u00f6rre r\u00f6rlighet och flexibilitet vid gr\u00e4sklippning.<\/p>\n<h3>4. Tyst och milj\u00f6v\u00e4nlig<\/h3>\n<p>Till skillnad fr\u00e5n traditionella bensindrivna gr\u00e4sklippare \u00e4r 9GD-2.5 elektrisk, vilket inneb\u00e4r att den arbetar tyst och producerar noll utsl\u00e4pp. Detta g\u00f6r den till ett mer milj\u00f6v\u00e4nligt alternativ f\u00f6r gr\u00e4smattev\u00e5rd i bost\u00e4der och kommersiella fastigheter.<\/p>\n<h3>5. L\u00e5gt underh\u00e5ll<\/h3>\n<p>Enkelbladssystemet och den h\u00e5llbara motorn minskar behovet av frekventa reparationer eller byten av delar, vilket g\u00f6r 9GD-2.5 till en l\u00f6sning med l\u00e5gt underh\u00e5ll f\u00f6r gr\u00e4sklipparentusiaster.<\/p>\n<h2>S\u00e5 fungerar 9GD-2.5 Traction Single-Blade-gr\u00e4sklipparen (uppgraderad version)<\/h2>\n<p>9GD-2.5 Traction Single-Blade Mower drivs med en elmotor som driver sk\u00e4rbladet och dragsystemet. Dragmotorn ansvarar f\u00f6r att ge klipparen stabilitet, vilket g\u00f6r att den kan arbeta effektivt p\u00e5 n\u00e5got oj\u00e4mn terr\u00e4ng. Enkelbladssystemet ger en j\u00e4mn och exakt klippning, medan batteriet m\u00f6jligg\u00f6r sladdl\u00f6s drift. Genom att kombinera dessa funktioner kan denna klippare effektivt hantera b\u00e5de plana och sluttande omr\u00e5den samtidigt som den ger ett rent och j\u00e4mnt utseende p\u00e5 gr\u00e4smattan.<\/p>\n<p style=\"text-align: center;\"><img loading=\"lazy\" decoding=\"async\" class=\"alignnone wp-image-502\" src=\"https:\/\/silage-balers.com\/wp-content\/uploads\/2025\/12\/ep9GD-2.5-Traction-Single-Blade-Mower9-2-1-300x195.webp\" alt=\"Enkelbladsklippare\" width=\"417\" height=\"271\" srcset=\"https:\/\/silage-balers.com\/wp-content\/uploads\/2025\/12\/ep9GD-2.5-Traction-Single-Blade-Mower9-2-1-300x195.webp 300w, https:\/\/silage-balers.com\/wp-content\/uploads\/2025\/12\/ep9GD-2.5-Traction-Single-Blade-Mower9-2-1-18x12.webp 18w, https:\/\/silage-balers.com\/wp-content\/uploads\/2025\/12\/ep9GD-2.5-Traction-Single-Blade-Mower9-2-1.webp 406w\" sizes=\"(max-width: 417px) 100vw, 417px\" \/><\/p>\n<h2>Prim\u00e4ra till\u00e4mpningar<\/h2>\n<p>9GD-2.5 Traction Single-Blade gr\u00e4sklipparen \u00e4r m\u00e5ngsidig och kan anv\u00e4ndas i en m\u00e4ngd olika milj\u00f6er:<\/p>\n<h3>1. Gr\u00e4smattor f\u00f6r bost\u00e4der<\/h3>\n<p>Denna gr\u00e4sklippare \u00e4r idealisk f\u00f6r hus\u00e4gare som letar efter en p\u00e5litlig och l\u00e4ttanv\u00e4nd l\u00f6sning f\u00f6r att underh\u00e5lla sina gr\u00e4smattor. Dess sladdl\u00f6sa design garanterar bekv\u00e4mlighet och mobilitet \u00f6ver sm\u00e5 till medelstora gr\u00e4smattor.<\/p>\n<h3>2. Professionella tr\u00e4dg\u00e5rdsm\u00e4stare<\/h3>\n<p>Tr\u00e4dg\u00e5rdsm\u00e4stare som arbetar p\u00e5 olika fastigheter eller mindre kommersiella gr\u00e4smattor kommer att tycka att 9GD-2.5 \u00e4r mycket f\u00f6rdelaktig f\u00f6r sin precisa klippning och l\u00e4tta design, vilket g\u00f6r den till ett utm\u00e4rkt verktyg f\u00f6r professionell gr\u00e4smattesk\u00f6tsel.<\/p>\n<h3>3. Sm\u00e5 parker och tr\u00e4dg\u00e5rdar<\/h3>\n<p>Gr\u00e4sklipparens kompakta storlek och enkla man\u00f6vrerbarhet g\u00f6r den l\u00e4mplig f\u00f6r underh\u00e5ll av sm\u00e5 offentliga parker eller privata tr\u00e4dg\u00e5rdsland d\u00e4r precision och milj\u00f6h\u00e4nsyn \u00e4r viktiga.<\/p>\n<h3>4. Bakg\u00e5rdstr\u00e4dg\u00e5rdar<\/h3>\n<p>F\u00f6r hus\u00e4gare med gr\u00f6nsaks- eller blomstertr\u00e4dg\u00e5rdar i bakg\u00e5rden s\u00e4kerst\u00e4ller denna gr\u00e4sklippare exakt gr\u00e4strimning utan att st\u00f6ra jorden eller v\u00e4xterna.<\/p>\n<h3>5. Golfbanor (sm\u00e5 omr\u00e5den)<\/h3>\n<p>\u00c4ven om gr\u00e4sklipparen inte \u00e4r avsedd f\u00f6r storskaliga golfbanor, kan den effektivt anv\u00e4ndas p\u00e5 mindre banomr\u00e5den som kr\u00e4ver noggrann gr\u00e4shantering och precisionsklippning.<\/p>\n<h3>6. Kommersiella fastigheter<\/h3>\n<p>Sm\u00e5 kommersiella fastigheter, s\u00e5som kontorskomplex eller butiker med begr\u00e4nsade gr\u00e4sytor, kan dra nytta av 9GD-2.5 Traction. <a href=\"http:\/\/square-balers.com\" target=\"_blank\" rel=\"noopener\">Enkelbladsklippare<\/a> (Uppgraderad version) effektivitet och l\u00e5ga ljudniv\u00e5er under drift.<\/p>\n<h2>Hur man v\u00e4ljer r\u00e4tt 9GD-2.5 Traction enkelbladsklippare<\/h2>\n<p>N\u00e4r du v\u00e4ljer r\u00e4tt gr\u00e4sklippare f\u00f6r dina behov, t\u00e4nk p\u00e5 f\u00f6ljande faktorer:<\/p>\n<h3>1. Gr\u00e4smattastorlek<\/h3>\n<p>9GD-2.5 Traction Single-Blade Mower (uppgraderad version) \u00e4r perfekt f\u00f6r sm\u00e5 till medelstora gr\u00e4smattor. Om du har en st\u00f6rre gr\u00e4smatta, \u00f6verv\u00e4g en gr\u00e4sklippare med st\u00f6rre klippbredd.<\/p>\n<h3>2. Terr\u00e4ngtyp<\/h3>\n<p>V\u00e4lj den h\u00e4r gr\u00e4sklipparen om din gr\u00e4smatta \u00e4r n\u00e5got oj\u00e4mn eller har sm\u00e5 lutningar. F\u00f6r plattare, vidstr\u00e4ckta gr\u00e4smattor kan andra modeller vara mer l\u00e4mpliga.<\/p>\n<h3>3. Batteritid<\/h3>\n<p>Se till att batteriets livsl\u00e4ngd \u00e4r tillr\u00e4cklig f\u00f6r din gr\u00e4smattas storlek. 9GD-2.5 erbjuder ett batteri med l\u00e5ng livsl\u00e4ngd, men st\u00f6rre gr\u00e4smattor kan kr\u00e4va t\u00e4tare laddningar.<\/p>\n<h3>4. Anv\u00e4ndarv\u00e4nlighet<\/h3>\n<p>9GD-2.5 Traction Single-Blade Mower (uppgraderad version) \u00e4r l\u00e4tt och enkel att man\u00f6vrera, vilket g\u00f6r den l\u00e4mplig f\u00f6r personer i alla \u00e5ldrar och med alla f\u00f6rm\u00e5gor.<\/p>\n<h3>5. Underh\u00e5llskrav<\/h3>\n<p>Med sin l\u00e4ttsk\u00f6tta design \u00e4r 9GD-2.5 Traction Single-Blade Mower (uppgraderad version) perfekt f\u00f6r dig som f\u00f6redrar minimalt underh\u00e5ll samtidigt som du uppn\u00e5r fantastiska resultat.<\/p>\n<h3>6. Milj\u00f6p\u00e5verkan<\/h3>\n<p>Som elektrisk gr\u00e4sklippare producerar 9GD-2.5 Traction Single-Blade Mower (uppgraderad version) inga utsl\u00e4pp, vilket g\u00f6r den till ett milj\u00f6v\u00e4nligt val f\u00f6r medvetna konsumenter.<\/p>\n<h2>Underh\u00e5ll av 9GD-2.5 Traction Single-Blade gr\u00e4sklippare (uppgraderad version)<\/h2>\n<p>F\u00f6r att s\u00e4kerst\u00e4lla din 9GD-2.5 Tractions l\u00e5nga livsl\u00e4ngd och prestanda <a href=\"https:\/\/silage-balers.com\/sv\/produkt\/9lzy-9-0-fingerhjulskratta\/\">Enkelbladsklippare<\/a> (Uppgraderad version), regelbundet underh\u00e5ll \u00e4r n\u00f6dv\u00e4ndigt. S\u00e5 h\u00e4r underh\u00e5ller du din gr\u00e4sklippare:<\/p>\n<h3>1. Reng\u00f6r bladet<\/h3>\n<p>Efter varje anv\u00e4ndning, se till att bladet \u00e4r fritt fr\u00e5n gr\u00e4sklipp och skr\u00e4p. Detta s\u00e4kerst\u00e4ller smidig drift och f\u00f6rhindrar igens\u00e4ttning.<\/p>\n<h3>2. Kontrollera batteriniv\u00e5n<\/h3>\n<p>Se till att batteriet \u00e4r fulladdat f\u00f6re anv\u00e4ndning. Om gr\u00e4sklipparen inte anv\u00e4nds regelbundet, h\u00e5ll batteriet laddat f\u00f6r att f\u00f6rhindra f\u00f6rs\u00e4mring.<\/p>\n<h3>3. Inspektera drivmotorn<\/h3>\n<p>Kontrollera regelbundet dragmotorn f\u00f6r slitage eller skador. Reng\u00f6r och sm\u00f6rj motorn vid behov f\u00f6r att bibeh\u00e5lla optimal funktion.<\/p>\n<h3>4. F\u00f6rvara korrekt<\/h3>\n<p>F\u00f6rvara gr\u00e4sklipparen p\u00e5 en torr och sval plats n\u00e4r den inte anv\u00e4nds. Detta f\u00f6rhindrar skador p\u00e5 motor och batteri och s\u00e4kerst\u00e4ller l\u00e5ng livsl\u00e4ngd.<\/p>\n<h2>Kundrecensioner<\/h2>\n<p><strong>\u201dJag har anv\u00e4nt 9GD-2.5 i n\u00e5gra m\u00e5nader nu, och jag \u00e4r imponerad av hur bra den hanterar min oj\u00e4mna gr\u00e4smatta. Dragkraftssystemet \u00e4r utm\u00e4rkt, och klippningen med ett enda blad \u00e4r otroligt smidig. Jag \u00e4lskar hur tyst den \u00e4r j\u00e4mf\u00f6rt med min gamla bensindrivna gr\u00e4sklippare. Den \u00e4r perfekt f\u00f6r min lilla tr\u00e4dg\u00e5rd, och jag rekommenderar den starkt.\u201d<\/strong><br \/>\n\u2013 Li Wei, Kina<\/p>\n<p><strong>\u201dDen h\u00e4r gr\u00e4sklipparen har f\u00f6r\u00e4ndrat hur jag sk\u00f6ter min gr\u00e4smatta. Den \u00e4r l\u00e4tt och enkel att anv\u00e4nda, \u00e4ven f\u00f6r en f\u00f6rstag\u00e5ngsanv\u00e4ndare som jag. Batteriet r\u00e4cker tillr\u00e4ckligt l\u00e4nge f\u00f6r att klara hela min tr\u00e4dg\u00e5rd, och den milj\u00f6v\u00e4nliga designen \u00e4r ett stort plus. Jag \u00e4r n\u00f6jd med mitt k\u00f6p.\u201d<\/strong><br \/>\n\u2013 John Smith, USA<\/p>\n<p><strong>\u201dJag driver ett professionellt tr\u00e4dg\u00e5rdsf\u00f6retag, och den h\u00e4r gr\u00e4sklipparen har varit ett ov\u00e4rderligt verktyg. Den \u00e4r perfekt f\u00f6r mindre kunders gr\u00e4smattor och ger ett snyggt och rent klipp varje g\u00e5ng. Dragmotorn g\u00f6r det enkelt att hantera sluttande omr\u00e5den, och den sladdl\u00f6sa funktionen \u00e4r otroligt bekv\u00e4m. Fantastisk produkt!\u201d<\/strong><br \/>\n\u2013 Maria Gonzalez, Spanien<\/p>\n<p><strong>\u201dJag k\u00f6pte den h\u00e4r gr\u00e4sklipparen till mitt parkunderh\u00e5llsf\u00f6retag. Den \u00e4r l\u00e4tt att man\u00f6vrera och fungerar bra p\u00e5 lite oj\u00e4mn mark. Jag uppskattar ocks\u00e5 att den inte l\u00e5ter s\u00e5 mycket, vilket \u00e4r viktigt n\u00e4r man arbetar i offentliga utrymmen.\u201d<\/strong><br \/>\n\u2013 Ahmed Al-Farsi, F\u00f6renade Arabemiraten<\/p>\n<p><strong>\u201dJag letade efter en prisv\u00e4rd l\u00f6sning f\u00f6r att sk\u00f6ta min tr\u00e4dg\u00e5rd, och den h\u00e4r gr\u00e4sklipparen har levererat. Den klipper gr\u00e4set j\u00e4mnt och utan kr\u00e5ngel, och jag beh\u00f6ver inte oroa mig f\u00f6r att blanda olja eller bensin. Batteriet \u00e4r p\u00e5litligt och jag beh\u00f6ver inte ladda det under arbetets g\u00e5ng.\u201d<\/strong><br \/>\n\u2013 Sarah Lee, Australien<\/p>\n<h2>Varf\u00f6r v\u00e4lja v\u00e5r produkt<\/h2>\n<p>Att v\u00e4lja 9GD-2.5 Traction Single-Blade Mower inneb\u00e4r att du v\u00e4ljer h\u00f6gkvalitativ prestanda, p\u00e5litlig service och en produkt som \u00e4r byggd f\u00f6r att h\u00e5lla. V\u00e5rt f\u00f6retag erbjuder snabba anpassningstj\u00e4nster och ett robust eftermarknadssupportsystem. Njut av 3 \u00e5rs garanti p\u00e5 v\u00e5ra produkter och var s\u00e4ker p\u00e5 att ditt k\u00f6p \u00e4r skyddat. Vi erbjuder \u00e4ven snabb global leverans f\u00f6r att m\u00f6ta dina best\u00e4llningar omg\u00e5ende. Med v\u00e5r starka eftermarknadssupport kommer du aldrig att bli utan hj\u00e4lp.<\/p>\n<p>V\u00e4nta inte l\u00e4ngre! Utforska 9GD-2.5 Traction Single-Blade Mower idag och njut av bekv\u00e4mligheten med enkel gr\u00e4smattev\u00e5rd. V\u00e5r produktionskapacitet s\u00e4kerst\u00e4ller att du f\u00e5r h\u00f6gsta kvalitet och konkurrenskraftiga priser. Ut\u00f6ver 9GD-2.5 erbjuder vi olika tillbeh\u00f6r och relaterade produkter skr\u00e4ddarsydda f\u00f6r att m\u00f6ta alla dina gr\u00e4smattev\u00e5rdsbehov. Kontakta oss nu f\u00f6r att l\u00e4ra dig mer eller g\u00f6ra ett k\u00f6p!<\/p>\n<h2>Vanliga fr\u00e5gor<\/h2>\n<p><strong>1. Vilken \u00e4r den b\u00e4sta 9GD-2.5 Traction Single-Blade-gr\u00e4sklipparen f\u00f6r sm\u00e5 gr\u00e4smattor?<\/strong><br \/>\n9GD-2.5 \u00e4r ett idealiskt val f\u00f6r sm\u00e5 gr\u00e4smattor. Den \u00e4r l\u00e4tt, enkel att man\u00f6vrera och ger en j\u00e4mn och ren klippning. Dess drivmotor s\u00e4kerst\u00e4ller stabilitet p\u00e5 oj\u00e4mn mark och batteritiden \u00e4r tillr\u00e4cklig f\u00f6r sm\u00e5 ytor, vilket g\u00f6r den perfekt f\u00f6r gr\u00e4smattor i bost\u00e4der.<\/p>\n<p><strong>2. Hur skiljer sig den uppgraderade versionen av enbladsklipparen fr\u00e5n standardmodellen?<\/strong><br \/>\nDen uppgraderade versionen av 9GD-2.5 har en kraftfullare dragmotor f\u00f6r f\u00f6rb\u00e4ttrad prestanda, f\u00f6rb\u00e4ttrad batteritid och ett mer h\u00e5llbart klippsystem med ett enda blad. Den \u00e4r ocks\u00e5 tystare och mer milj\u00f6v\u00e4nlig j\u00e4mf\u00f6rt med den tidigare versionen.<\/p>\n<p><strong>3. Kan jag anv\u00e4nda den h\u00e4r gr\u00e4sklipparen f\u00f6r professionell gr\u00e4smattev\u00e5rd?<\/strong><br \/>\nJa, 9GD-2.5 \u00e4r utformad f\u00f6r b\u00e5de bostads- och professionellt bruk. Dess precisa klippsystem, enkla hantering och h\u00e5llbarhet g\u00f6r den l\u00e4mplig f\u00f6r professionella tr\u00e4dg\u00e5rdsm\u00e4stare som sk\u00f6ter sm\u00e5 till medelstora gr\u00e4smattor.<\/p>\n<p><strong>4. Hur laddar jag 9GD-2.5-gr\u00e4sklipparen?<\/strong><br \/>\nF\u00f6r att ladda gr\u00e4sklipparen ansluter du helt enkelt laddaren till batteriet och ansluter den till ett vanligt uttag. Det tar n\u00e5gra timmar f\u00f6r batteriet att laddas helt. Se till att endast anv\u00e4nda laddaren som medf\u00f6ljer gr\u00e4sklipparen f\u00f6r b\u00e4sta resultat.<\/p>\n<p><strong>5. \u00c4r den h\u00e4r gr\u00e4sklipparen l\u00e4mplig f\u00f6r st\u00f6rre gr\u00e4smattor?<\/strong><br \/>\n9GD-2.5 passar b\u00e4st f\u00f6r sm\u00e5 till medelstora gr\u00e4smattor. F\u00f6r st\u00f6rre gr\u00e4smattor kan du beh\u00f6va en gr\u00e4sklippare med st\u00f6rre klippbredd och l\u00e4ngre batteritid. Den \u00e4r dock utm\u00e4rkt f\u00f6r gr\u00e4smattor i bost\u00e4der och mindre kommersiella fastigheter.<\/p>\n<p><strong>6. Kan jag anv\u00e4nda den h\u00e4r gr\u00e4sklipparen i backar eller sluttningar?<\/strong><br \/>\nJa, den uppgraderade dragmotorn g\u00f6r att 9GD-2.5 kan arbeta smidigt p\u00e5 l\u00e4tt sluttande eller oj\u00e4mn terr\u00e4ng. Det \u00e4r ett utm\u00e4rkt val f\u00f6r gr\u00e4smattor som inte \u00e4r helt plana.<\/p>\n<p><strong>7. Hur mycket underh\u00e5ll kr\u00e4ver gr\u00e4sklipparen?<\/strong><br \/>\n9GD-2.5 kr\u00e4ver minimalt underh\u00e5ll. Regelbunden reng\u00f6ring av bladet, kontroll av batteriet och att s\u00e4kerst\u00e4lla att dragmotorn \u00e4r fri fr\u00e5n skr\u00e4p \u00e4r de viktigaste uppgifterna f\u00f6r att h\u00e5lla den i gott skick.<\/p>\n<p><strong>8. \u00c4r gr\u00e4sklipparen bullrig under drift?<\/strong><br \/>\n9GD-2.5 \u00e4r betydligt tystare \u00e4n traditionella bensindrivna gr\u00e4sklippare. Den arbetar smidigt, vilket g\u00f6r den l\u00e4mplig f\u00f6r omr\u00e5den d\u00e4r bullerreducering \u00e4r viktig.<\/p>\n<p><strong>9. Hur l\u00e4nge r\u00e4cker batteriet p\u00e5 en enda laddning?<\/strong><br \/>\nBatteriet p\u00e5 9GD-2.5 r\u00e4cker tillr\u00e4ckligt l\u00e4nge f\u00f6r de flesta sm\u00e5 till medelstora gr\u00e4smattor. I genomsnitt ger det tillr\u00e4ckligt med kraft f\u00f6r att klippa upp till 0,6 hektar p\u00e5 en full laddning, beroende p\u00e5 gr\u00e4sdensitet och terr\u00e4ng.<\/p>\n<p><strong>10. Kan jag k\u00f6pa reservdelar till 9GD-2.5?<\/strong><br \/>\nJa, vi erbjuder ett utbud av reservdelar och tillbeh\u00f6r till 9GD-2.5, inklusive reservblad, batterier och motorer. Kontakta v\u00e5r kundsupport f\u00f6r information om best\u00e4llning av delar.<\/p>\n<p><strong>11. Kr\u00e4ver denna gr\u00e4sklippare olja eller br\u00e4nsle?<\/strong><br \/>\n9GD-2.5 \u00e4r helt elektrisk, vilket inneb\u00e4r att den inte kr\u00e4ver n\u00e5gon olja eller br\u00e4nsle. Ladda bara batteriet s\u00e5 \u00e4r du redo att k\u00f6ra!<\/p>\n<p><strong>12. Kan jag anv\u00e4nda gr\u00e4sklipparen p\u00e5 v\u00e5tt gr\u00e4s?<\/strong><br \/>\n\u00c4ven om gr\u00e4sklipparen \u00e4r konstruerad f\u00f6r att hantera gr\u00e4s under olika f\u00f6rh\u00e5llanden, \u00e4r det b\u00e4st att klippa n\u00e4r gr\u00e4set \u00e4r torrt. Att klippa v\u00e5tt gr\u00e4s kan leda till klumpar och kan p\u00e5verka klippeffektiviteten.<\/p>\n<p><strong>13. Vilken typ av garanti erbjuds med 9GD-2.5-gr\u00e4sklipparen?<\/strong><br \/>\n9GD-2.5 levereras med 3 \u00e5rs garanti som t\u00e4cker eventuella tillverkningsfel och ger dig trygghet vid ditt k\u00f6p.<\/p>\n<p><strong>14. Hur f\u00f6rvarar jag gr\u00e4sklipparen?<\/strong><br \/>\nF\u00f6rvara gr\u00e4sklipparen p\u00e5 en torr, sval plats, skyddad fr\u00e5n direkt solljus. Se till att batteriet \u00e4r borttaget om du planerar att f\u00f6rvara den under en l\u00e4ngre tid.<\/p>\n<p><strong>15. \u00c4r 9GD-2.5 l\u00e4mplig f\u00f6r professionella tr\u00e4dg\u00e5rdsm\u00e4stare?<\/strong><br \/>\nAbsolut! 9GD-2.5 \u00e4r utformad f\u00f6r b\u00e5de bostads- och professionellt bruk. Dess precisionsklippning, enkla man\u00f6vrerbarhet och p\u00e5litliga prestanda g\u00f6r den till ett utm\u00e4rkt verktyg f\u00f6r professionella tr\u00e4dg\u00e5rdsm\u00e4stare.<\/p>\n<p>redigerad av gzl<\/p>\n<p>&nbsp;<\/p>","protected":false},"excerpt":{"rendered":"<p>Uppgradera din gr\u00e4smattev\u00e5rd med 9GD-2.5 Traction Single-Blade Mower. Effektiv, h\u00e5llbar och enkel att anv\u00e4nda. Perfekt f\u00f6r hus\u00e4gare som s\u00f6ker precision och prestanda. K\u00f6p nu!<\/p>","protected":false},"featured_media":501,"template":"","meta":{"_et_pb_use_builder":"","_et_pb_old_content":"","_et_gb_content_width":""},"product_brand":[],"product_cat":[20],"product_tag":[],"class_list":{"0":"post-499","1":"product","2":"type-product","3":"status-publish","4":"has-post-thumbnail","6":"product_cat-mower-tedder","8":"first","9":"instock","10":"shipping-taxable","11":"product-type-simple"},"_links":{"self":[{"href":"https:\/\/silage-balers.com\/sv\/wp-json\/wp\/v2\/product\/499","targetHints":{"allow":["GET"]}}],"collection":[{"href":"https:\/\/silage-balers.com\/sv\/wp-json\/wp\/v2\/product"}],"about":[{"href":"https:\/\/silage-balers.com\/sv\/wp-json\/wp\/v2\/types\/product"}],"wp:featuredmedia":[{"embeddable":true,"href":"https:\/\/silage-balers.com\/sv\/wp-json\/wp\/v2\/media\/501"}],"wp:attachment":[{"href":"https:\/\/silage-balers.com\/sv\/wp-json\/wp\/v2\/media?parent=499"}],"wp:term":[{"taxonomy":"product_brand","embeddable":true,"href":"https:\/\/silage-balers.com\/sv\/wp-json\/wp\/v2\/product_brand?post=499"},{"taxonomy":"product_cat","embeddable":true,"href":"https:\/\/silage-balers.com\/sv\/wp-json\/wp\/v2\/product_cat?post=499"},{"taxonomy":"product_tag","embeddable":true,"href":"https:\/\/silage-balers.com\/sv\/wp-json\/wp\/v2\/product_tag?post=499"}],"curies":[{"name":"wp","href":"https:\/\/api.w.org\/{rel}","templated":true}]}}