{"id":284,"date":"2025-11-26T09:21:14","date_gmt":"2025-11-26T09:21:14","guid":{"rendered":"https:\/\/silage-balers.com\/?post_type=product&#038;p=284"},"modified":"2025-12-29T05:46:38","modified_gmt":"2025-12-29T05:46:38","slug":"may-ep-kien-tron-9yg-1-0c","status":"publish","type":"product","link":"https:\/\/silage-balers.com\/vi\/san-pham\/may-ep-kien-tron-9yg-1-0c\/","title":{"rendered":"M\u00e1y \u0111\u00f3ng ki\u1ec7n tr\u00f2n 9YG-1.0C \u2013 M\u00e1y \u0111\u00f3ng ki\u1ec7n th\u1ee9c \u0103n gia s\u00fac"},"content":{"rendered":"<p data-start=\"47\" data-end=\"565\">M\u00e1y \u00e9p ki\u1ec7n tr\u00f2n 9YG-1.0C l\u00e0 m\u1ed9t thi\u1ebft b\u1ecb n\u00f4ng nghi\u1ec7p hi\u1ec7n \u0111\u1ea1i, hi\u1ec7u su\u1ea5t cao, \u0111\u01b0\u1ee3c thi\u1ebft k\u1ebf \u0111\u1ec3 t\u1ea1o ra c\u00e1c ki\u1ec7n tr\u00f2n t\u1eeb c\u1ecf kh\u00f4, r\u01a1m v\u00e0 th\u1ee9c \u0103n \u1ee7 chua m\u1ed9t c\u00e1ch hi\u1ec7u qu\u1ea3. M\u00e1y \u00e9p th\u1ee9c \u0103n \u1ee7 chua n\u00e0y \u0111\u01b0\u1ee3c thi\u1ebft k\u1ebf \u0111\u1eb7c bi\u1ec7t \u0111\u1ec3 \u0111\u00e1p \u1ee9ng nhu c\u1ea7u c\u1ee7a n\u1ec1n n\u00f4ng nghi\u1ec7p hi\u1ec7n \u0111\u1ea1i, cung c\u1ea5p m\u1ed9t gi\u1ea3i ph\u00e1p m\u1ea1nh m\u1ebd, \u0111\u00e1ng tin c\u1eady v\u00e0 th\u00e2n thi\u1ec7n v\u1edbi ng\u01b0\u1eddi d\u00f9ng \u0111\u1ec3 \u00e9p ki\u1ec7n kh\u1ed1i l\u01b0\u1ee3ng l\u1edbn c\u00e2y tr\u1ed3ng. Cho d\u00f9 b\u1ea1n \u0111ang mu\u1ed1n t\u1ea1o c\u00e1c ki\u1ec7n th\u1ee9c \u0103n \u1ee7 chua \u0111\u1ec3 l\u01b0u tr\u1eef l\u00e2u d\u00e0i hay chu\u1ea9n b\u1ecb c\u00e1c ki\u1ec7n c\u1ecf kh\u00f4 tr\u00f2n \u0111\u1ec3 d\u1ec5 d\u00e0ng v\u1eadn chuy\u1ec3n, 9YG-1.0C l\u00e0 c\u00f4ng c\u1ee5 l\u00fd t\u01b0\u1edfng d\u00e0nh cho b\u1ea1n.<\/p>\n<h2 data-start=\"567\" data-end=\"605\">M\u00e1y \u00e9p ki\u1ec7n tr\u00f2n 9YG-1.0C l\u00e0 g\u00ec?<\/h2>\n<p data-start=\"607\" data-end=\"1086\">M\u00e1y \u0111\u00f3ng ki\u1ec7n tr\u00f2n l\u00e0 m\u1ed9t lo\u1ea1i m\u00e1y \u0111\u01b0\u1ee3c s\u1eed d\u1ee5ng trong n\u00f4ng nghi\u1ec7p \u0111\u1ec3 thu gom, n\u00e9n v\u00e0 b\u00f3 c\u00e1c lo\u1ea1i c\u00e2y tr\u1ed3ng r\u1eddi nh\u01b0 c\u1ecf kh\u00f4, r\u01a1m v\u00e0 th\u1ee9c \u0103n \u1ee7 chua th\u00e0nh c\u00e1c h\u00ecnh tr\u1ee5 nh\u1ecf g\u1ecdn g\u1ecdi l\u00e0 ki\u1ec7n tr\u00f2n. M\u1eabu 9YG-1.0C l\u00e0 m\u1ed9t lo\u1ea1i m\u00e1y \u0111\u00f3ng ki\u1ec7n th\u1ee9c \u0103n \u1ee7 chua, \u0111\u01b0\u1ee3c thi\u1ebft k\u1ebf \u0111\u1eb7c bi\u1ec7t \u0111\u1ec3 x\u1eed l\u00fd th\u1ee9c \u0103n \u1ee7 chua \u2013 m\u1ed9t lo\u1ea1i c\u00e2y tr\u1ed3ng \u1ea9m, l\u00ean men \u0111\u01b0\u1ee3c d\u00f9ng \u0111\u1ec3 nu\u00f4i gia s\u00fac. M\u00e1y 9YG-1.0C \u0111\u1ea3m b\u1ea3o th\u1ee9c \u0103n \u1ee7 chua \u0111\u01b0\u1ee3c \u0111\u00f3ng ch\u1eb7t th\u00e0nh ki\u1ec7n, gi\u1ea3m ti\u1ebfp x\u00fac v\u1edbi kh\u00f4ng kh\u00ed v\u00e0 gi\u1eef \u0111\u01b0\u1ee3c \u0111\u1ed9 \u1ea9m c\u1ea7n thi\u1ebft cho qu\u00e1 tr\u00ecnh l\u00ean men t\u1ed1i \u01b0u.<\/p>\n<p data-start=\"1088\" data-end=\"1432\">M\u00e1y \u0111\u00f3ng ki\u1ec7n th\u1ee9c \u0103n gia s\u00fac n\u00e0y \u0111\u01b0\u1ee3c trang b\u1ecb c\u00e1c t\u00ednh n\u0103ng ti\u00ean ti\u1ebfn gi\u00fap t\u0103ng c\u1ea3 n\u0103ng su\u1ea5t v\u00e0 \u0111\u1ed9 b\u1ec1n. M\u00e1y ho\u1ea1t \u0111\u1ed9ng hi\u1ec7u qu\u1ea3 trong nhi\u1ec1u \u0111i\u1ec1u ki\u1ec7n \u0111\u1ed3ng ru\u1ed9ng, t\u1eeb c\u1ecf kh\u00f4 \u0111\u1ebfn \u0111i\u1ec1u ki\u1ec7n \u1ea9m \u01b0\u1edbt th\u01b0\u1eddng th\u1ea5y khi l\u00e0m th\u1ee9c \u0103n gia s\u00fac \u1ee7 chua. Ngo\u00e0i ra, model 9YG-1.0C cho ph\u00e9p t\u00f9y ch\u1ec9nh k\u00edch th\u01b0\u1edbc ki\u1ec7n, ph\u00f9 h\u1ee3p v\u1edbi nhi\u1ec1u nhu c\u1ea7u l\u01b0u tr\u1eef v\u00e0 v\u1eadn chuy\u1ec3n kh\u00e1c nhau.<\/p>\n<p style=\"text-align: center;\" data-start=\"1088\" data-end=\"1432\"><img loading=\"lazy\" decoding=\"async\" class=\"alignnone wp-image-297 size-medium\" src=\"https:\/\/silage-balers.com\/wp-content\/uploads\/2025\/11\/ep-9YG-1.0C-Round-Baler-2-1-300x300.webp\" alt=\"M\u00e1y \u0111\u00f3ng ki\u1ec7n th\u1ee9c \u0103n gia s\u00fac\" width=\"300\" height=\"300\" \/><\/p>\n<h3>Th\u00f4ng s\u1ed1 k\u1ef9 thu\u1eadt<\/h3>\n<table style=\"border-color: #000000; width: 429px;\" width=\"429\">\n<thead>\n<tr>\n<th>M\u1ee5c<\/th>\n<th>\u0110\u01a1n v\u1ecb<\/th>\n<th>Th\u00f4ng s\u1ed1 k\u1ef9 thu\u1eadt<\/th>\n<\/tr>\n<\/thead>\n<tbody>\n<tr>\n<td>T\u00ean m\u1eabu<\/td>\n<td>\u2013<\/td>\n<td>M\u00e1y \u00e9p ki\u1ec7n tr\u00f2n 9YG-1.0C<\/td>\n<\/tr>\n<tr>\n<td>Ph\u01b0\u01a1ng th\u1ee9c k\u1ebft n\u1ed1i<\/td>\n<td>\u2013<\/td>\n<td>Lo\u1ea1i k\u00e9o<\/td>\n<\/tr>\n<tr>\n<td>Chi\u1ec1u r\u1ed9ng xe b\u00e1n t\u1ea3i<\/td>\n<td>mm<\/td>\n<td>2400<\/td>\n<\/tr>\n<tr>\n<td>C\u01a1 ch\u1ebf l\u1ea5y h\u00e0ng<\/td>\n<td>\u2013<\/td>\n<td>Lo\u1ea1i chu\u1ed7i<\/td>\n<\/tr>\n<tr>\n<td>C\u01a1 ch\u1ebf cho \u0103n<\/td>\n<td>\u2013<\/td>\n<td>Con l\u0103n th\u1ee7y l\u1ef1c + c\u00f3 r\u0103ng<\/td>\n<\/tr>\n<tr>\n<td>Chi\u1ec1u r\u1ed9ng bu\u1ed3ng n\u00e9n<\/td>\n<td>mm<\/td>\n<td>1250<\/td>\n<\/tr>\n<tr>\n<td>Chi\u1ec1u d\u00e0i bu\u1ed3ng n\u00e9n<\/td>\n<td>mm<\/td>\n<td>1000<\/td>\n<\/tr>\n<tr>\n<td>S\u1ed1 l\u01b0\u1ee3ng con l\u0103n<\/td>\n<td>m\u1ea3nh<\/td>\n<td>16 (Con l\u0103n)<\/td>\n<\/tr>\n<tr>\n<td>\u0110\u01b0\u1eddng k\u00ednh con l\u0103n<\/td>\n<td>mm<\/td>\n<td>\u03c6222<\/td>\n<\/tr>\n<tr>\n<td>Ph\u01b0\u01a1ng ph\u00e1p bu\u1ed9c<\/td>\n<td>\u2013<\/td>\n<td>T\u1ef1 \u0111\u1ed9ng bu\u1ed9c l\u01b0\u1edbi<\/td>\n<\/tr>\n<tr>\n<td>Ngu\u1ed3n \u0111i\u1ec7n<\/td>\n<td>Kw\/hp<\/td>\n<td>\u226569,8 \/ 95<\/td>\n<\/tr>\n<tr>\n<td>C\u00e2n n\u1eb7ng<\/td>\n<td>kg<\/td>\n<td>3198<\/td>\n<\/tr>\n<tr>\n<td>T\u1ed1c \u0111\u1ed9 \u0111\u1ea7u ra<\/td>\n<td>r\/ph\u00fat<\/td>\n<td>540<\/td>\n<\/tr>\n<tr>\n<td>K\u00edch th\u01b0\u1edbc t\u1ed5ng th\u1ec3<\/td>\n<td>mm<\/td>\n<td>3800\u00d72850\u00d72200<\/td>\n<\/tr>\n<tr>\n<td>\u0110i\u1ec1u ki\u1ec7n l\u00e0m vi\u1ec7c<\/td>\n<td>\u2013<\/td>\n<td>\u0110i\u1ec1u khi\u1ec3n b\u1eb1ng c\u1ea3m bi\u1ebfn<\/td>\n<\/tr>\n<tr>\n<td>K\u00edch th\u01b0\u1edbc ki\u1ec7n h\u00e0ng (\u0110\u01b0\u1eddng k\u00ednh x Chi\u1ec1u d\u00e0i)<\/td>\n<td>mm<\/td>\n<td>\u03c61000\u00d71250<\/td>\n<\/tr>\n<tr>\n<td>M\u1eadt \u0111\u1ed9 ki\u1ec7n<\/td>\n<td>Kg\/m\u00b3<\/td>\n<td>115-200<\/td>\n<\/tr>\n<tr>\n<td>N\u0103ng l\u1ef1c s\u1ea3n xu\u1ea5t<\/td>\n<td>ki\u1ec7n\/gi\u1edd<\/td>\n<td>40-80<\/td>\n<\/tr>\n<tr>\n<td>Kho\u1ea3ng c\u00e1ch b\u00e1nh xe<\/td>\n<td>mm<\/td>\n<td>2100<\/td>\n<\/tr>\n<tr>\n<td>T\u1ed1c \u0111\u1ed9 l\u00e0m vi\u1ec7c<\/td>\n<td>Km\/h<\/td>\n<td>5-20<\/td>\n<\/tr>\n<tr>\n<td>T\u1ed1c \u0111\u1ed9 ho\u1ea1t \u0111\u1ed9ng<\/td>\n<td>Km\/h<\/td>\n<td>5-20<\/td>\n<\/tr>\n<tr>\n<td>Th\u00f4ng s\u1ed1 k\u1ef9 thu\u1eadt ki\u1ec7n<\/td>\n<td>\u2013<\/td>\n<td>2000 x 1,25 m\/ki\u1ec7n<\/td>\n<\/tr>\n<tr>\n<td>S\u1ed1 l\u01b0\u1ee3ng r\u0103ng c\u00e0o<\/td>\n<td>\u2013<\/td>\n<td>20<\/td>\n<\/tr>\n<\/tbody>\n<\/table>\n<h3 data-start=\"1434\" data-end=\"1479\">C\u00e1c t\u00ednh n\u0103ng ch\u00ednh c\u1ee7a m\u00e1y \u00e9p ki\u1ec7n tr\u00f2n 9YG-1.0C<\/h3>\n<ol>\n<li data-start=\"1484\" data-end=\"1802\">T\u00ednh linh ho\u1ea1t cho nhi\u1ec1u lo\u1ea1i c\u00e2y tr\u1ed3ng: M\u00e1y 9YG-1.0C kh\u00f4ng ch\u1ec9 gi\u1edbi h\u1ea1n \u1edf vi\u1ec7c \u0111\u00f3ng ki\u1ec7n c\u1ecf kh\u00f4 \u1ee7 chua; n\u00f3 c\u0169ng c\u00f3 th\u1ec3 x\u1eed l\u00fd c\u00e1c ki\u1ec7n c\u1ecf kh\u00f4 tr\u00f2n, bi\u1ebfn n\u00f3 th\u00e0nh m\u1ed9t thi\u1ebft b\u1ecb \u0111a n\u0103ng cho n\u00f4ng d\u00e2n. Cho d\u00f9 b\u1ea1n \u0111ang \u0111\u00f3ng ki\u1ec7n c\u00e2y tr\u1ed3ng kh\u00f4 hay c\u1ecf kh\u00f4 \u1ee7 chua \u1ea9m, 9YG-1.0C \u0111\u1ec1u th\u00edch \u1ee9ng v\u1edbi nhi\u1ec1u lo\u1ea1i c\u00e2y tr\u1ed3ng kh\u00e1c nhau, \u0111\u1ea3m b\u1ea3o ch\u1ea5t l\u01b0\u1ee3ng ki\u1ec7n cao m\u1ed7i l\u1ea7n.<\/li>\n<li data-start=\"1807\" data-end=\"2121\">X\u1eed l\u00fd th\u1ee9c \u0103n \u1ee7 chua hi\u1ec7u qu\u1ea3: L\u00e0 m\u1ed9t m\u00e1y \u0111\u00f3ng ki\u1ec7n th\u1ee9c \u0103n \u1ee7 chua, m\u00e1y 9YG-1.0C \u0111\u01b0\u1ee3c trang b\u1ecb c\u00e1c t\u00ednh n\u0103ng gi\u00fap gi\u1eef \u1ea9m hi\u1ec7u qu\u1ea3 cho c\u00e1c ki\u1ec7n th\u1ee9c \u0103n \u1ee7 chua. Vi\u1ec7c n\u00e9n ch\u1eb7t v\u00e0 li\u00ean k\u1ebft nhanh c\u00e1c ki\u1ec7n th\u1ee9c \u0103n \u1ee7 chua gi\u00fap b\u1ea3o to\u00e0n ch\u1ea5t dinh d\u01b0\u1ee1ng v\u00e0 \u0111\u1ed9 \u1ea9m, \u0111\u1ea3m b\u1ea3o th\u1ee9c \u0103n \u1ee7 chua s\u1eb5n s\u00e0ng cho qu\u00e1 tr\u00ecnh l\u00ean men v\u00e0 b\u1ea3o qu\u1ea3n.<\/li>\n<li data-start=\"2126\" data-end=\"2427\">\u0110\u1ed9 b\u1ec1n v\u00e0 c\u1ea5u t\u1ea1o: \u0110\u01b0\u1ee3c thi\u1ebft k\u1ebf \u0111\u1ec3 ch\u1ecbu \u0111\u01b0\u1ee3c s\u1ef1 kh\u1eafc nghi\u1ec7t c\u1ee7a vi\u1ec7c s\u1eed d\u1ee5ng h\u00e0ng ng\u00e0y trong m\u00f4i tr\u01b0\u1eddng \u0111\u00f2i h\u1ecfi cao, 9YG-1.0C \u0111\u01b0\u1ee3c ch\u1ebf t\u1ea1o b\u1eb1ng v\u1eadt li\u1ec7u c\u00f3 \u0111\u1ed9 b\u1ec1n cao v\u00e0 c\u00f3 khung ch\u1eafc ch\u1eafn c\u00f3 th\u1ec3 ch\u1ecbu \u0111\u01b0\u1ee3c s\u1ef1 hao m\u00f2n. C\u1ea5u tr\u00fac m\u1ea1nh m\u1ebd c\u1ee7a n\u00f3 \u0111\u1ea3m b\u1ea3o ho\u1ea1t \u0111\u1ed9ng tr\u01a1n tru ngay c\u1ea3 trong \u0111i\u1ec1u ki\u1ec7n kh\u1eafc nghi\u1ec7t ngo\u00e0i tr\u1eddi.<\/li>\n<li data-start=\"2432\" data-end=\"2748\">K\u00edch th\u01b0\u1edbc ki\u1ec7n c\u00f3 th\u1ec3 \u0111i\u1ec1u ch\u1ec9nh: M\u1ed9t trong nh\u1eefng t\u00ednh n\u0103ng n\u1ed5i b\u1eadt c\u1ee7a m\u00e1y 9YG-1.0C l\u00e0 kh\u1ea3 n\u0103ng t\u1ea1o ra c\u00e1c ki\u1ec7n c\u00f3 k\u00edch th\u01b0\u1edbc kh\u00e1c nhau. K\u00edch th\u01b0\u1edbc ki\u1ec7n c\u00f3 th\u1ec3 t\u00f9y ch\u1ec9nh \u0111\u1ea3m b\u1ea3o t\u00ednh linh ho\u1ea1t cho c\u00e1c ho\u1ea1t \u0111\u1ed9ng canh t\u00e1c kh\u00e1c nhau, cho d\u00f9 b\u1ea1n \u0111ang l\u01b0u tr\u1eef c\u00e1c ki\u1ec7n c\u1ecf \u1ee7 chua trong c\u00e1c h\u1ed1 \u1ee7 chua l\u1edbn hay v\u1eadn chuy\u1ec3n c\u00e1c ki\u1ec7n c\u1ecf kh\u00f4 tr\u00f2n ra th\u1ecb tr\u01b0\u1eddng.<\/li>\n<li data-start=\"2753\" data-end=\"3027\">V\u1eadn h\u00e0nh th\u00e2n thi\u1ec7n v\u1edbi ng\u01b0\u1eddi d\u00f9ng: M\u00e1y 9YG-1.0C \u0111\u01b0\u1ee3c thi\u1ebft k\u1ebf tr\u1ef1c quan v\u00e0 d\u1ec5 v\u1eadn h\u00e0nh. V\u1edbi c\u00e1c n\u00fat \u0111i\u1ec1u khi\u1ec3n \u0111\u01a1n gi\u1ea3n v\u00e0 giao di\u1ec7n th\u00e2n thi\u1ec7n v\u1edbi ng\u01b0\u1eddi d\u00f9ng, ngay c\u1ea3 nh\u1eefng ng\u01b0\u1eddi c\u00f3 \u00edt kinh nghi\u1ec7m c\u0169ng c\u00f3 th\u1ec3 v\u1eadn h\u00e0nh m\u00e1y m\u1ed9t c\u00e1ch hi\u1ec7u qu\u1ea3, l\u00fd t\u01b0\u1edfng cho c\u1ea3 ng\u01b0\u1eddi n\u00f4ng d\u00e2n m\u1edbi b\u1eaft \u0111\u1ea7u v\u00e0 ng\u01b0\u1eddi n\u00f4ng d\u00e2n d\u00e0y d\u1ea1n kinh nghi\u1ec7m.<\/li>\n<li data-start=\"3032\" data-end=\"3350\">Gi\u1ea3i ph\u00e1p ti\u1ebft ki\u1ec7m chi ph\u00ed: Khi c\u00e2n nh\u1eafc mua m\u00e1y \u0111\u00f3ng ki\u1ec7n c\u1ecf kh\u00f4, model 9YG-1.0C mang \u0111\u1ebfn m\u1ed9t gi\u1ea3i ph\u00e1p ti\u1ebft ki\u1ec7m chi ph\u00ed hi\u1ec7u qu\u1ea3. M\u00e1y mang l\u1ea1i gi\u00e1 tr\u1ecb tuy\u1ec7t v\u1eddi so v\u1edbi gi\u00e1 th\u00e0nh, cung c\u1ea5p hi\u1ec7u su\u1ea5t \u0111\u00e1ng tin c\u1eady m\u00e0 kh\u00f4ng t\u1ed1n qu\u00e1 nhi\u1ec1u chi ph\u00ed. \u0110\u00e2y l\u00e0 m\u1ed9t kho\u1ea3n \u0111\u1ea7u t\u01b0 tuy\u1ec7t v\u1eddi cho nh\u1eefng n\u00f4ng d\u00e2n \u0111ang t\u00ecm ki\u1ebfm s\u1ef1 ti\u1ebft ki\u1ec7m v\u00e0 n\u0103ng su\u1ea5t l\u00e2u d\u00e0i.<\/li>\n<li data-start=\"3355\" data-end=\"3628\">H\u1ec7 th\u1ed1ng \u0111\u00f3ng g\u00f3i hi\u1ec7u su\u1ea5t cao: M\u00e1y 9YG-1.0C \u0111\u01b0\u1ee3c trang b\u1ecb h\u1ec7 th\u1ed1ng \u0111\u00f3ng g\u00f3i ti\u00ean ti\u1ebfn, c\u00f3 kh\u1ea3 n\u0103ng bu\u1ed9c ch\u1eb7t c\u00e1c ki\u1ec7n h\u00e0ng b\u1eb1ng l\u01b0\u1edbi ho\u1eb7c d\u00e2y th\u1eebng. \u0110i\u1ec1u n\u00e0y \u0111\u1ea3m b\u1ea3o c\u00e1c ki\u1ec7n h\u00e0ng \u0111\u01b0\u1ee3c gi\u1eef nguy\u00ean v\u1eb9n trong qu\u00e1 tr\u00ecnh v\u1eadn chuy\u1ec3n v\u00e0 l\u01b0u tr\u1eef, b\u1ea3o qu\u1ea3n ch\u1ea5t l\u01b0\u1ee3ng v\u00e0 gi\u1ea3m thi\u1ec3u nguy c\u01a1 h\u01b0 h\u1ecfng.<\/li>\n<\/ol>\n<h3 style=\"text-align: center;\" data-start=\"6052\" data-end=\"6093\"><img loading=\"lazy\" decoding=\"async\" class=\"alignnone wp-image-295 size-medium\" src=\"https:\/\/silage-balers.com\/wp-content\/uploads\/2025\/11\/ep-9YG-1.0c-Round-Baler-41-1-300x300.webp\" alt=\"M\u00e1y \u0111\u00f3ng ki\u1ec7n th\u1ee9c \u0103n gia s\u00fac\" width=\"300\" height=\"300\" srcset=\"https:\/\/silage-balers.com\/wp-content\/uploads\/2025\/11\/ep-9YG-1.0c-Round-Baler-41-1-300x300.webp 300w, https:\/\/silage-balers.com\/wp-content\/uploads\/2025\/11\/ep-9YG-1.0c-Round-Baler-41-1-150x150.webp 150w, https:\/\/silage-balers.com\/wp-content\/uploads\/2025\/11\/ep-9YG-1.0c-Round-Baler-41-1-12x12.webp 12w, https:\/\/silage-balers.com\/wp-content\/uploads\/2025\/11\/ep-9YG-1.0c-Round-Baler-41-1-100x100.webp 100w, https:\/\/silage-balers.com\/wp-content\/uploads\/2025\/11\/ep-9YG-1.0c-Round-Baler-41-1.webp 364w\" sizes=\"(max-width: 300px) 100vw, 300px\" \/><\/h3>\n<h3 data-start=\"6052\" data-end=\"6093\">T\u1ea1i sao n\u00ean ch\u1ecdn m\u00e1y \u00e9p ki\u1ec7n tr\u00f2n 9YG-1.0C?<\/h3>\n<p data-start=\"6095\" data-end=\"6720\">\u0110\u1ed1i v\u1edbi nh\u1eefng n\u00f4ng d\u00e2n \u0111ang t\u00ecm mua m\u00e1y \u0111\u00f3ng ki\u1ec7n th\u1ee9c \u0103n \u1ee7 chua ho\u1eb7c m\u00e1y \u0111\u00f3ng ki\u1ec7n c\u1ecf kh\u00f4 tr\u00f2n, m\u00e1y 9YG-1.0C l\u00e0 s\u1ef1 k\u1ebft h\u1ee3p ho\u00e0n h\u1ea3o gi\u1eefa \u0111\u1ed9 tin c\u1eady, hi\u1ec7u qu\u1ea3 v\u00e0 gi\u00e1 c\u1ea3 ph\u1ea3i ch\u0103ng. C\u1ea5u tr\u00fac ch\u1eafc ch\u1eafn, thi\u1ebft k\u1ebf th\u00e2n thi\u1ec7n v\u1edbi ng\u01b0\u1eddi d\u00f9ng v\u00e0 kh\u1ea3 n\u0103ng x\u1eed l\u00fd c\u1ea3 th\u1ee9c \u0103n \u1ee7 chua v\u00e0 c\u1ecf kh\u00f4 khi\u1ebfn n\u00f3 tr\u1edf th\u00e0nh thi\u1ebft b\u1ecb kh\u00f4ng th\u1ec3 thi\u1ebfu cho b\u1ea5t k\u1ef3 ho\u1ea1t \u0111\u1ed9ng n\u00f4ng nghi\u1ec7p n\u00e0o. Cho d\u00f9 b\u1ea1n \u0111ang chu\u1ea9n b\u1ecb c\u00e1c ki\u1ec7n th\u1ee9c \u0103n \u1ee7 chua \u0111\u1ec3 l\u01b0u tr\u1eef l\u00e2u d\u00e0i hay c\u00e1c ki\u1ec7n c\u1ecf kh\u00f4 tr\u00f2n \u0111\u1ec3 s\u1eed d\u1ee5ng ngay l\u1eadp t\u1ee9c, m\u00e1y 9YG-1.0C \u0111\u1ea3m b\u1ea3o \u0111\u00e1p \u1ee9ng nhu c\u1ea7u \u0111\u00f3ng ki\u1ec7n c\u1ee7a b\u1ea1n m\u1ed9t c\u00e1ch ch\u00ednh x\u00e1c v\u00e0 d\u1ec5 d\u00e0ng. V\u1edbi c\u00e1c t\u00ednh n\u0103ng hi\u1ec7u su\u1ea5t cao v\u00e0 gi\u00e1 c\u1ea3 c\u1ea1nh tranh, \u0111\u00e2y l\u00e0 m\u1ed9t kho\u1ea3n \u0111\u1ea7u t\u01b0 tuy\u1ec7t v\u1eddi cho b\u1ea5t k\u1ef3 ai trong ng\u00e0nh n\u00f4ng nghi\u1ec7p.<\/p>\n<p style=\"text-align: center;\" data-start=\"6095\" data-end=\"6720\"><img loading=\"lazy\" decoding=\"async\" class=\"alignnone wp-image-294 size-medium\" src=\"https:\/\/silage-balers.com\/wp-content\/uploads\/2025\/11\/ep-9YG-1.0c-Round-Baler-31-1-300x300.webp\" alt=\"M\u00e1y \u0111\u00f3ng ki\u1ec7n th\u1ee9c \u0103n gia s\u00fac\" width=\"300\" height=\"300\" srcset=\"https:\/\/silage-balers.com\/wp-content\/uploads\/2025\/11\/ep-9YG-1.0c-Round-Baler-31-1-300x300.webp 300w, https:\/\/silage-balers.com\/wp-content\/uploads\/2025\/11\/ep-9YG-1.0c-Round-Baler-31-1-150x150.webp 150w, https:\/\/silage-balers.com\/wp-content\/uploads\/2025\/11\/ep-9YG-1.0c-Round-Baler-31-1-12x12.webp 12w, https:\/\/silage-balers.com\/wp-content\/uploads\/2025\/11\/ep-9YG-1.0c-Round-Baler-31-1-100x100.webp 100w, https:\/\/silage-balers.com\/wp-content\/uploads\/2025\/11\/ep-9YG-1.0c-Round-Baler-31-1.webp 380w\" sizes=\"(max-width: 300px) 100vw, 300px\" \/><\/p>\n<h2 data-start=\"3630\" data-end=\"3639\">C\u00e2u h\u1ecfi th\u01b0\u1eddng g\u1eb7p<\/h2>\n<p data-start=\"3641\" data-end=\"3671\">1. M\u00e1y \u0111\u00f3ng ki\u1ec7n th\u1ee9c \u0103n gia s\u00fac \u1ee7 chua l\u00e0 g\u00ec?<\/p>\n<p data-start=\"3673\" data-end=\"3976\">M\u00e1y \u00e9p ki\u1ec7n th\u1ee9c \u0103n \u1ee7 chua l\u00e0 m\u1ed9t lo\u1ea1i m\u00e1y \u00e9p ki\u1ec7n tr\u00f2n chuy\u00ean d\u1ee5ng \u0111\u01b0\u1ee3c thi\u1ebft k\u1ebf \u0111\u1ec3 x\u1eed l\u00fd th\u1ee9c \u0103n \u1ee7 chua \u2013 c\u00e1c lo\u1ea1i c\u00e2y tr\u1ed3ng \u1ea9m, \u0111\u00e3 l\u00ean men \u0111\u01b0\u1ee3c s\u1eed d\u1ee5ng l\u00e0m th\u1ee9c \u0103n cho \u0111\u1ed9ng v\u1eadt. M\u00e1y \u00e9p ki\u1ec7n th\u1ee9c \u0103n \u1ee7 chua n\u00e9n v\u1eadt li\u1ec7u th\u00e0nh c\u00e1c ki\u1ec7n nh\u1ecf g\u1ecdn, \u0111\u1ea3m b\u1ea3o gi\u1eef \u0111\u01b0\u1ee3c \u0111\u1ed9 \u1ea9m th\u00edch h\u1ee3p v\u00e0 gi\u1ea3m thi\u1ec3u ti\u1ebfp x\u00fac v\u1edbi kh\u00f4ng kh\u00ed \u0111\u1ec3 b\u1ea3o qu\u1ea3n c\u00e1c ch\u1ea5t dinh d\u01b0\u1ee1ng trong th\u1ee9c \u0103n \u1ee7 chua.<\/p>\n<p data-start=\"3978\" data-end=\"4006\">2. Ki\u1ec7n h\u00e0ng tr\u00f2n l\u00e0 g\u00ec?<\/p>\n<p data-start=\"4008\" data-end=\"4279\">Ki\u1ec7n tr\u00f2n l\u00e0 lo\u1ea1i ki\u1ec7n h\u00ecnh tr\u1ee5 \u0111\u01b0\u1ee3c s\u1ea3n xu\u1ea5t b\u1eb1ng m\u00e1y \u00e9p ki\u1ec7n tr\u00f2n. Lo\u1ea1i ki\u1ec7n n\u00e0y r\u1ea5t hi\u1ec7u qu\u1ea3 trong vi\u1ec7c l\u01b0u tr\u1eef v\u00e0 v\u1eadn chuy\u1ec3n nh\u1edd h\u00ecnh d\u1ea1ng nh\u1ecf g\u1ecdn. Ch\u00fang th\u01b0\u1eddng \u0111\u01b0\u1ee3c s\u1eed d\u1ee5ng \u0111\u1ec3 \u0111\u1ef1ng c\u1ecf kh\u00f4, r\u01a1m v\u00e0 th\u1ee9c \u0103n \u1ee7 chua, v\u1edbi thi\u1ebft k\u1ebf h\u00ecnh tr\u00f2n gi\u00fap d\u1ec5 d\u00e0ng x\u1ebfp ch\u1ed3ng v\u00e0 x\u1eed l\u00fd.<\/p>\n<p data-start=\"4281\" data-end=\"4328\">3. M\u00e1y 9YG-1.0C c\u00f3 th\u1ec3 t\u1ea1o ra c\u00e1c ki\u1ec7n th\u1ee9c \u0103n \u1ee7 chua kh\u00f4ng?<\/p>\n<p data-start=\"4330\" data-end=\"4582\">\u0110\u00fang v\u1eady, m\u00e1y \u00e9p 9YG-1.0C \u0111\u01b0\u1ee3c thi\u1ebft k\u1ebf \u0111\u1eb7c bi\u1ec7t \u0111\u1ec3 \u00e9p ki\u1ec7n th\u1ee9c \u0103n \u1ee7 chua, c\u00f3 kh\u1ea3 n\u0103ng t\u1ea1o ra c\u00e1c ki\u1ec7n th\u1ee9c \u0103n \u1ee7 chua ch\u1ea5t l\u01b0\u1ee3ng cao. M\u00e1y \u00e9p s\u1ebd n\u00e9n ch\u1eb7t th\u1ee9c \u0103n \u1ee7 chua, \u0111\u1ea3m b\u1ea3o gi\u1eef \u0111\u01b0\u1ee3c \u0111\u1ed9 \u1ea9m \u0111\u1ec3 t\u1ea1o \u0111i\u1ec1u ki\u1ec7n l\u00ean men v\u00e0 cho \u0103n t\u1ed1i \u01b0u.<\/p>\n<p data-start=\"4584\" data-end=\"4630\">4. M\u00e1y \u0111\u00f3ng ki\u1ec7n r\u01a1m tr\u00f2n gi\u00e1 bao nhi\u00eau?<\/p>\n<p data-start=\"4632\" data-end=\"4995\">Gi\u00e1 b\u00e1n c\u1ee7a m\u00e1y \u00e9p ki\u1ec7n c\u1ecf kh\u00f4 tr\u00f2n c\u00f3 th\u1ec3 thay \u0111\u1ed5i \u0111\u00e1ng k\u1ec3 t\u00f9y thu\u1ed9c v\u00e0o th\u01b0\u01a1ng hi\u1ec7u, t\u00ednh n\u0103ng v\u00e0 m\u1eabu m\u00e3. M\u00e1y 9YG-1.0C l\u00e0 m\u1ed9t l\u1ef1a ch\u1ecdn ti\u1ebft ki\u1ec7m chi ph\u00ed so v\u1edbi c\u00e1c m\u1eabu cao c\u1ea5p kh\u00e1c, \u0111\u1ed3ng th\u1eddi v\u1eabn \u0111\u1ea3m b\u1ea3o hi\u1ec7u su\u1ea5t v\u00e0 \u0111\u1ed9 b\u1ec1n tuy\u1ec7t v\u1eddi. Trung b\u00ecnh, gi\u00e1 dao \u0111\u1ed9ng t\u1eeb 10.000 \u0111\u1ebfn 20.000 b\u1ea3ng Anh, nh\u01b0ng c\u00f3 th\u1ec3 thay \u0111\u1ed5i t\u00f9y thu\u1ed9c v\u00e0o c\u00e1c t\u00ednh n\u0103ng c\u1ee5 th\u1ec3 v\u00e0 \u0111\u1ecba \u0111i\u1ec3m.<\/p>\n<p data-start=\"4997\" data-end=\"5038\">5. T\u00f4i c\u1ea7n b\u1ea3o d\u01b0\u1ee1ng m\u00e1y \u0111\u00f3ng ki\u1ec7n th\u1ee9c \u0103n gia s\u00fac nh\u01b0 th\u1ebf n\u00e0o?<\/p>\n<p data-start=\"5040\" data-end=\"5389\">Vi\u1ec7c b\u1ea3o tr\u00ec m\u00e1y 9YG-1.0C t\u01b0\u01a1ng \u0111\u1ed1i \u0111\u01a1n gi\u1ea3n nh\u1edd c\u1ea5u tr\u00fac b\u1ec1n ch\u1eafc v\u00e0 thi\u1ebft k\u1ebf d\u1ec5 s\u1eed d\u1ee5ng. B\u1ea3o tr\u00ec \u0111\u1ecbnh k\u1ef3 bao g\u1ed3m ki\u1ec3m tra h\u1ec7 th\u1ed1ng \u0111\u00f3ng g\u00f3i, b\u00f4i tr\u01a1n c\u00e1c b\u1ed9 ph\u1eadn chuy\u1ec3n \u0111\u1ed9ng v\u00e0 ki\u1ec3m tra h\u1ec7 th\u1ed1ng l\u01b0\u1edbi ho\u1eb7c d\u00e2y bu\u1ed9c. Ngo\u00e0i ra, vi\u1ec7c v\u1ec7 sinh m\u00e1y sau m\u1ed7i l\u1ea7n s\u1eed d\u1ee5ng l\u00e0 r\u1ea5t c\u1ea7n thi\u1ebft \u0111\u1ec3 ng\u0103n ng\u1eeba s\u1ef1 t\u00edch t\u1ee5 c\u1eb7n b\u1ea9n v\u00e0 \u0111\u1ea3m b\u1ea3o hi\u1ec7u su\u1ea5t t\u1ed1i \u01b0u.<\/p>\n<p data-start=\"5391\" data-end=\"5433\">6. T\u00f4i c\u00f3 th\u1ec3 d\u00f9ng m\u00e1y 9YG-1.0C cho c\u1ecf kh\u00f4 kh\u00f4ng?<\/p>\n<p data-start=\"5435\" data-end=\"5696\">\u0110\u00fang v\u1eady, m\u00e1y 9YG-1.0C \u0111\u1ee7 linh ho\u1ea1t \u0111\u1ec3 x\u1eed l\u00fd c\u1ea3 th\u1ee9c \u0103n \u1ee7 chua \u01b0\u1edbt v\u00e0 c\u1ecf kh\u00f4. Cho d\u00f9 b\u1ea1n \u0111ang s\u1ea3n xu\u1ea5t c\u1ecf kh\u00f4 d\u1ea1ng cu\u1ed9n tr\u00f2n hay... <a href=\"https:\/\/silage-balers.com\/vi\/san-pham\/may-ep-kien-tron-9yg-1-25\/\">ki\u1ec7n th\u1ee9c \u0103n \u1ee7 chua<\/a>M\u00e1y \u00e9p ki\u1ec7n n\u00e0y \u0111\u01b0\u1ee3c thi\u1ebft k\u1ebf \u0111\u1ec3 x\u1eed l\u00fd hi\u1ec7u qu\u1ea3 nhi\u1ec1u lo\u1ea1i c\u00e2y tr\u1ed3ng kh\u00e1c nhau, tr\u1edf th\u00e0nh m\u1ed9t gi\u1ea3i ph\u00e1p \u00e9p ki\u1ec7n \u0111a n\u0103ng tuy\u1ec7t v\u1eddi.<\/p>\n<p data-start=\"5698\" data-end=\"5755\">7. Li\u1ec7u 9YG-1.0C c\u00f3 ph\u1ea3i l\u00e0 m\u1ed9t kho\u1ea3n \u0111\u1ea7u t\u01b0 t\u1ed1t cho c\u00e1c trang tr\u1ea1i nh\u1ecf?<\/p>\n<p data-start=\"5757\" data-end=\"6050\">Ch\u1eafc ch\u1eafn r\u1ed3i. M\u1eb7c d\u00f9 m\u00e1y 9YG-1.0C c\u00f3 kh\u1ea3 n\u0103ng x\u1eed l\u00fd kh\u1ed1i l\u01b0\u1ee3ng l\u1edbn c\u00e2y tr\u1ed3ng, nh\u01b0ng n\u00f3 c\u0169ng ph\u00f9 h\u1ee3p v\u1edbi c\u00e1c trang tr\u1ea1i nh\u1ecf h\u01a1n nh\u1edd t\u00ednh d\u1ec5 v\u1eadn h\u00e0nh v\u00e0 hi\u1ec7u qu\u1ea3 v\u1ec1 chi ph\u00ed. Kh\u1ea3 n\u0103ng t\u00f9y ch\u1ec9nh k\u00edch th\u01b0\u1edbc ki\u1ec7n v\u00e0 hi\u1ec7u su\u1ea5t ho\u1ea1t \u0111\u1ed9ng hi\u1ec7u qu\u1ea3 c\u1ee7a m\u00e1y khi\u1ebfn n\u00f3 tr\u1edf th\u00e0nh l\u1ef1a ch\u1ecdn tuy\u1ec7t v\u1eddi cho n\u00f4ng d\u00e2n \u1edf m\u1ecdi quy m\u00f4.<\/p>\n<p data-start=\"5757\" data-end=\"6050\">ch\u1ec9nh s\u1eeda b\u1edfi gzl<\/p>\n<p style=\"text-align: center;\" data-start=\"5757\" data-end=\"6050\">","protected":false},"excerpt":{"rendered":"<p>M\u00e1y \u00e9p ki\u1ec7n tr\u00f2n 9YG-1.0C l\u00e0 m\u1ed9t thi\u1ebft b\u1ecb hi\u1ec7u su\u1ea5t cao \u0111\u01b0\u1ee3c thi\u1ebft k\u1ebf \u0111\u1ec3 s\u1ea3n xu\u1ea5t ki\u1ec7n th\u1ee9c \u0103n \u1ee7 chua v\u00e0 ki\u1ec7n c\u1ecf kh\u00f4 tr\u00f2n. Ho\u00e0n h\u1ea3o cho c\u1ea3 trang tr\u1ea1i l\u1edbn v\u00e0 nh\u1ecf, m\u00e1y \u00e9p ki\u1ec7n th\u1ee9c \u0103n \u1ee7 chua n\u00e0y cung c\u1ea5p k\u00edch th\u01b0\u1edbc ki\u1ec7n c\u00f3 th\u1ec3 t\u00f9y ch\u1ec9nh, k\u1ebft c\u1ea5u b\u1ec1n ch\u1eafc v\u00e0 v\u1eadn h\u00e0nh d\u1ec5 d\u00e0ng. Cho d\u00f9 b\u1ea1n \u0111ang t\u00ecm mua m\u00e1y \u00e9p ki\u1ec7n th\u1ee9c \u0103n \u1ee7 chua hay m\u00e1y \u00e9p ki\u1ec7n c\u1ecf kh\u00f4 tr\u00f2n, 9YG-1.0C \u0111\u1ec1u mang l\u1ea1i gi\u00e1 tr\u1ecb tuy\u1ec7t v\u1eddi, tr\u1edf th\u00e0nh l\u1ef1a ch\u1ecdn l\u00fd t\u01b0\u1edfng cho m\u1ecdi ho\u1ea1t \u0111\u1ed9ng n\u00f4ng nghi\u1ec7p.<\/p>","protected":false},"featured_media":298,"template":"","meta":{"_et_pb_use_builder":"","_et_pb_old_content":"","_et_gb_content_width":""},"product_brand":[],"product_cat":[18],"product_tag":[],"class_list":{"0":"post-284","1":"product","2":"type-product","3":"status-publish","4":"has-post-thumbnail","6":"product_cat-round-baler","8":"first","9":"instock","10":"shipping-taxable","11":"product-type-simple"},"_links":{"self":[{"href":"https:\/\/silage-balers.com\/vi\/wp-json\/wp\/v2\/product\/284","targetHints":{"allow":["GET"]}}],"collection":[{"href":"https:\/\/silage-balers.com\/vi\/wp-json\/wp\/v2\/product"}],"about":[{"href":"https:\/\/silage-balers.com\/vi\/wp-json\/wp\/v2\/types\/product"}],"wp:featuredmedia":[{"embeddable":true,"href":"https:\/\/silage-balers.com\/vi\/wp-json\/wp\/v2\/media\/298"}],"wp:attachment":[{"href":"https:\/\/silage-balers.com\/vi\/wp-json\/wp\/v2\/media?parent=284"}],"wp:term":[{"taxonomy":"product_brand","embeddable":true,"href":"https:\/\/silage-balers.com\/vi\/wp-json\/wp\/v2\/product_brand?post=284"},{"taxonomy":"product_cat","embeddable":true,"href":"https:\/\/silage-balers.com\/vi\/wp-json\/wp\/v2\/product_cat?post=284"},{"taxonomy":"product_tag","embeddable":true,"href":"https:\/\/silage-balers.com\/vi\/wp-json\/wp\/v2\/product_tag?post=284"}],"curies":[{"name":"wp","href":"https:\/\/api.w.org\/{rel}","templated":true}]}}