{"id":285,"date":"2025-11-26T09:21:29","date_gmt":"2025-11-26T09:21:29","guid":{"rendered":"https:\/\/silage-balers.com\/?post_type=product&#038;p=285"},"modified":"2025-12-29T05:46:18","modified_gmt":"2025-12-29T05:46:18","slug":"may-ep-kien-tron-9yg-1-25","status":"publish","type":"product","link":"https:\/\/silage-balers.com\/vi\/san-pham\/may-ep-kien-tron-9yg-1-25\/","title":{"rendered":"M\u00e1y \u00e9p ki\u1ec7n tr\u00f2n 9YG-1.25"},"content":{"rendered":"<p data-start=\"47\" data-end=\"524\">M\u00e1y \u00e9p ki\u1ec7n tr\u00f2n 9YG-1.25 l\u00e0 m\u1ed9t thi\u1ebft b\u1ecb ti\u00ean ti\u1ebfn, hi\u1ec7u qu\u1ea3 cao \u0111\u01b0\u1ee3c thi\u1ebft k\u1ebf \u0111\u1ec3 t\u1ed1i \u01b0u h\u00f3a quy tr\u00ecnh \u00e9p ki\u1ec7n c\u1ecf kh\u00f4, r\u01a1m v\u00e0 c\u00e1c lo\u1ea1i c\u00e2y tr\u1ed3ng kh\u00e1c. M\u00e1y \u00e9p ki\u1ec7n tr\u00f2n n\u00e0y \u0111\u01b0\u1ee3c ch\u1ebf t\u1ea1o d\u00e0nh cho c\u1ea3 n\u00f4ng d\u00e2n chuy\u00ean nghi\u1ec7p v\u00e0 c\u00e1c ho\u1ea1t \u0111\u1ed9ng s\u1ea3n xu\u1ea5t nh\u1ecf, mang l\u1ea1i hi\u1ec7u su\u1ea5t v\u01b0\u1ee3t tr\u1ed9i trong nhi\u1ec1u \u1ee9ng d\u1ee5ng n\u00f4ng nghi\u1ec7p. Cho d\u00f9 b\u1ea1n \u0111ang x\u1eed l\u00fd c\u00e1c ki\u1ec7n c\u1ecf kh\u00f4 tr\u00f2n hay chu\u1ea9n b\u1ecb c\u00e1c ki\u1ec7n th\u1ee9c \u0103n \u1ee7 chua \u0111\u1ec3 l\u01b0u tr\u1eef, 9YG-1.25 \u0111\u1ec1u l\u00e0 l\u1ef1a ch\u1ecdn ho\u00e0n h\u1ea3o, mang l\u1ea1i ch\u1ee9c n\u0103ng \u0111\u00e1ng tin c\u1eady v\u00e0 d\u1ec5 s\u1eed d\u1ee5ng.<\/p>\n<h2 data-start=\"526\" data-end=\"562\">M\u00e1y \u00e9p ki\u1ec7n tr\u00f2n 9YG-1.25 l\u00e0 g\u00ec?<\/h2>\n<p data-start=\"564\" data-end=\"1158\">M\u00e1y \u00e9p ki\u1ec7n tr\u00f2n l\u00e0 m\u1ed9t lo\u1ea1i m\u00e1y n\u00f4ng nghi\u1ec7p \u0111\u01b0\u1ee3c s\u1eed d\u1ee5ng \u0111\u1ec3 thu gom, n\u00e9n v\u00e0 b\u00f3 c\u00e1c lo\u1ea1i c\u00e2y tr\u1ed3ng \u0111\u00e3 c\u1eaft nh\u01b0 c\u1ecf kh\u00f4, r\u01a1m ho\u1eb7c th\u1ee9c \u0103n \u1ee7 chua th\u00e0nh c\u00e1c ki\u1ec7n tr\u00f2n nh\u1ecf g\u1ecdn. M\u1eabu 9YG-1.25 \u0111\u01b0\u1ee3c thi\u1ebft k\u1ebf \u0111\u1ec3 t\u1ea1o ra c\u00e1c ki\u1ec7n c\u00f3 k\u00edch th\u01b0\u1edbc kh\u00e1c nhau, gi\u00fap m\u00e1y tr\u1edf n\u00ean linh ho\u1ea1t v\u00e0 th\u00edch \u1ee9ng v\u1edbi nhi\u1ec1u nhu c\u1ea7u kh\u00e1c nhau. M\u00e1y ho\u1ea1t \u0111\u1ed9ng hi\u1ec7u qu\u1ea3 b\u1eb1ng c\u00e1ch thu gom v\u1eadt li\u1ec7u r\u1eddi t\u1eeb \u0111\u1ed3ng ru\u1ed9ng, n\u00e9n ch\u00fang th\u00e0nh h\u00ecnh tr\u00f2n, sau \u0111\u00f3 qu\u1ea5n b\u1eb1ng d\u00e2y ho\u1eb7c l\u01b0\u1edbi \u0111\u1ec3 gi\u1eef cho ki\u1ec7n \u0111\u01b0\u1ee3c nguy\u00ean v\u1eb9n. C\u00e1c ki\u1ec7n tr\u00f2n \u0111\u01b0\u1ee3c s\u1ea3n xu\u1ea5t b\u1edfi m\u00e1y \u00e9p n\u00e0y r\u1ea5t l\u00fd t\u01b0\u1edfng cho vi\u1ec7c l\u01b0u tr\u1eef v\u00e0 v\u1eadn chuy\u1ec3n, v\u00ec h\u00ecnh d\u1ea1ng tr\u1ee5 c\u1ee7a ch\u00fang r\u1ea5t \u1ed5n \u0111\u1ecbnh v\u00e0 d\u1ec5 x\u1ebfp ch\u1ed3ng.<\/p>\n<p style=\"text-align: center;\" data-start=\"564\" data-end=\"1158\"><img loading=\"lazy\" decoding=\"async\" class=\"alignnone size-medium wp-image-290\" src=\"https:\/\/silage-balers.com\/wp-content\/uploads\/2025\/11\/ep-9YG-1.25-Round-Baler-2-1-300x300.webp\" alt=\"M\u00e1y \u00e9p ki\u1ec7n tr\u00f2n\" width=\"300\" height=\"300\" \/><\/p>\n<h3 data-start=\"263\" data-end=\"292\">Th\u00f4ng s\u1ed1 k\u1ef9 thu\u1eadt<\/h3>\n<div class=\"_tableContainer_1rjym_1\">\n<div class=\"group _tableWrapper_1rjym_13 flex w-fit flex-col-reverse\" tabindex=\"-1\">\n<table class=\"w-fit min-w-(--thread-content-width)\" style=\"border-color: #000000;\" data-start=\"294\" data-end=\"2194\">\n<thead data-start=\"294\" data-end=\"375\">\n<tr data-start=\"294\" data-end=\"375\">\n<th data-start=\"294\" data-end=\"324\" data-col-size=\"sm\">M\u1ee5c<\/th>\n<th data-start=\"324\" data-end=\"341\" data-col-size=\"sm\">\u0110\u01a1n v\u1ecb<\/th>\n<th data-start=\"341\" data-end=\"375\" data-col-size=\"sm\">Th\u00f4ng s\u1ed1 k\u1ef9 thu\u1eadt<\/th>\n<\/tr>\n<\/thead>\n<tbody data-start=\"458\" data-end=\"2194\">\n<tr data-start=\"458\" data-end=\"539\">\n<td data-start=\"458\" data-end=\"489\" data-col-size=\"sm\">T\u00ean m\u1eabu<\/td>\n<td data-col-size=\"sm\" data-start=\"489\" data-end=\"506\">\u2013<\/td>\n<td data-col-size=\"sm\" data-start=\"506\" data-end=\"539\">M\u00e1y \u00e9p ki\u1ec7n tr\u00f2n 9YG-1.25<\/td>\n<\/tr>\n<tr data-start=\"540\" data-end=\"621\">\n<td data-start=\"540\" data-end=\"571\" data-col-size=\"sm\">Ph\u01b0\u01a1ng th\u1ee9c k\u1ebft n\u1ed1i<\/td>\n<td data-col-size=\"sm\" data-start=\"571\" data-end=\"588\">\u2013<\/td>\n<td data-col-size=\"sm\" data-start=\"588\" data-end=\"621\">Lo\u1ea1i k\u00e9o<\/td>\n<\/tr>\n<tr data-start=\"622\" data-end=\"704\">\n<td data-start=\"622\" data-end=\"653\" data-col-size=\"sm\">Chi\u1ec1u r\u1ed9ng xe b\u00e1n t\u1ea3i<\/td>\n<td data-col-size=\"sm\" data-start=\"653\" data-end=\"670\">mm<\/td>\n<td data-col-size=\"sm\" data-start=\"670\" data-end=\"704\">2240<\/td>\n<\/tr>\n<tr data-start=\"705\" data-end=\"786\">\n<td data-start=\"705\" data-end=\"736\" data-col-size=\"sm\">C\u01a1 ch\u1ebf l\u1ea5y h\u00e0ng<\/td>\n<td data-col-size=\"sm\" data-start=\"736\" data-end=\"753\">\u2013<\/td>\n<td data-col-size=\"sm\" data-start=\"753\" data-end=\"786\">Ki\u1ec3u xo\u1eafn \u1ed1c<\/td>\n<\/tr>\n<tr data-start=\"787\" data-end=\"869\">\n<td data-start=\"787\" data-end=\"818\" data-col-size=\"sm\">C\u01a1 ch\u1ebf cho \u0103n<\/td>\n<td data-col-size=\"sm\" data-start=\"818\" data-end=\"835\">\u2013<\/td>\n<td data-col-size=\"sm\" data-start=\"835\" data-end=\"869\">Con l\u0103n th\u1ee7y l\u1ef1c + c\u00f3 r\u0103ng<\/td>\n<\/tr>\n<tr data-start=\"870\" data-end=\"952\">\n<td data-start=\"870\" data-end=\"901\" data-col-size=\"sm\">Chi\u1ec1u r\u1ed9ng bu\u1ed3ng n\u00e9n<\/td>\n<td data-col-size=\"sm\" data-start=\"901\" data-end=\"918\">mm<\/td>\n<td data-col-size=\"sm\" data-start=\"918\" data-end=\"952\">1250<\/td>\n<\/tr>\n<tr data-start=\"953\" data-end=\"1036\">\n<td data-start=\"953\" data-end=\"987\" data-col-size=\"sm\">\u0110\u01b0\u1eddng k\u00ednh bu\u1ed3ng n\u00e9n<\/td>\n<td data-col-size=\"sm\" data-start=\"987\" data-end=\"1002\">mm<\/td>\n<td data-col-size=\"sm\" data-start=\"1002\" data-end=\"1036\">1200<\/td>\n<\/tr>\n<tr data-start=\"1037\" data-end=\"1118\">\n<td data-start=\"1037\" data-end=\"1068\" data-col-size=\"sm\">S\u1ed1 l\u01b0\u1ee3ng con l\u0103n<\/td>\n<td data-col-size=\"sm\" data-start=\"1068\" data-end=\"1085\">m\u1ea3nh<\/td>\n<td data-col-size=\"sm\" data-start=\"1085\" data-end=\"1118\">18 (Con l\u0103n)<\/td>\n<\/tr>\n<tr data-start=\"1119\" data-end=\"1201\">\n<td data-start=\"1119\" data-end=\"1150\" data-col-size=\"sm\">\u0110\u01b0\u1eddng k\u00ednh con l\u0103n<\/td>\n<td data-col-size=\"sm\" data-start=\"1150\" data-end=\"1167\">mm<\/td>\n<td data-col-size=\"sm\" data-start=\"1167\" data-end=\"1201\">\u03c6222<\/td>\n<\/tr>\n<tr data-start=\"1202\" data-end=\"1283\">\n<td data-start=\"1202\" data-end=\"1233\" data-col-size=\"sm\">Ph\u01b0\u01a1ng ph\u00e1p bu\u1ed9c<\/td>\n<td data-col-size=\"sm\" data-start=\"1233\" data-end=\"1250\">\u2013<\/td>\n<td data-col-size=\"sm\" data-start=\"1250\" data-end=\"1283\">T\u1ef1 \u0111\u1ed9ng bu\u1ed9c l\u01b0\u1edbi<\/td>\n<\/tr>\n<tr data-start=\"1284\" data-end=\"1366\">\n<td data-start=\"1284\" data-end=\"1315\" data-col-size=\"sm\">Ngu\u1ed3n \u0111i\u1ec7n<\/td>\n<td data-col-size=\"sm\" data-start=\"1315\" data-end=\"1332\">kW<\/td>\n<td data-col-size=\"sm\" data-start=\"1332\" data-end=\"1366\">\u226575<\/td>\n<\/tr>\n<tr data-start=\"1367\" data-end=\"1449\">\n<td data-start=\"1367\" data-end=\"1398\" data-col-size=\"sm\">C\u00e2n n\u1eb7ng<\/td>\n<td data-col-size=\"sm\" data-start=\"1398\" data-end=\"1415\">kg<\/td>\n<td data-col-size=\"sm\" data-start=\"1415\" data-end=\"1449\">4060<\/td>\n<\/tr>\n<tr data-start=\"1450\" data-end=\"1532\">\n<td data-start=\"1450\" data-end=\"1481\" data-col-size=\"sm\">T\u1ed1c \u0111\u1ed9 \u0111\u1ea7u ra<\/td>\n<td data-col-size=\"sm\" data-start=\"1481\" data-end=\"1498\">r\/ph\u00fat<\/td>\n<td data-col-size=\"sm\" data-start=\"1498\" data-end=\"1532\">720<\/td>\n<\/tr>\n<tr data-start=\"1533\" data-end=\"1615\">\n<td data-start=\"1533\" data-end=\"1564\" data-col-size=\"sm\">K\u00edch th\u01b0\u1edbc t\u1ed5ng th\u1ec3<\/td>\n<td data-col-size=\"sm\" data-start=\"1564\" data-end=\"1581\">mm<\/td>\n<td data-col-size=\"sm\" data-start=\"1581\" data-end=\"1615\">4400\u00d72850\u00d72400<\/td>\n<\/tr>\n<tr data-start=\"1616\" data-end=\"1697\">\n<td data-start=\"1616\" data-end=\"1647\" data-col-size=\"sm\">\u0110i\u1ec1u ki\u1ec7n l\u00e0m vi\u1ec7c<\/td>\n<td data-col-size=\"sm\" data-start=\"1647\" data-end=\"1664\">\u2013<\/td>\n<td data-col-size=\"sm\" data-start=\"1664\" data-end=\"1697\">\u0110i\u1ec1u khi\u1ec3n b\u1eb1ng c\u1ea3m bi\u1ebfn<\/td>\n<\/tr>\n<tr data-start=\"1698\" data-end=\"1780\">\n<td data-start=\"1698\" data-end=\"1729\" data-col-size=\"sm\">K\u00edch th\u01b0\u1edbc ki\u1ec7n h\u00e0ng (\u0110\u01b0\u1eddng k\u00ednh x Chi\u1ec1u d\u00e0i)<\/td>\n<td data-col-size=\"sm\" data-start=\"1729\" data-end=\"1746\">mm<\/td>\n<td data-col-size=\"sm\" data-start=\"1746\" data-end=\"1780\">1300\u00d71250<\/td>\n<\/tr>\n<tr data-start=\"1781\" data-end=\"1863\">\n<td data-start=\"1781\" data-end=\"1812\" data-col-size=\"sm\">M\u1eadt \u0111\u1ed9 ki\u1ec7n<\/td>\n<td data-col-size=\"sm\" data-start=\"1812\" data-end=\"1829\">kg\/m\u00b3<\/td>\n<td data-col-size=\"sm\" data-start=\"1829\" data-end=\"1863\">100-200<\/td>\n<\/tr>\n<tr data-start=\"1864\" data-end=\"1946\">\n<td data-start=\"1864\" data-end=\"1895\" data-col-size=\"sm\">N\u0103ng l\u1ef1c s\u1ea3n xu\u1ea5t<\/td>\n<td data-col-size=\"sm\" data-start=\"1895\" data-end=\"1912\">ki\u1ec7n\/gi\u1edd<\/td>\n<td data-col-size=\"sm\" data-start=\"1912\" data-end=\"1946\">40-100<\/td>\n<\/tr>\n<tr data-start=\"1947\" data-end=\"2029\">\n<td data-start=\"1947\" data-end=\"1978\" data-col-size=\"sm\">Kho\u1ea3ng c\u00e1ch b\u00e1nh xe<\/td>\n<td data-col-size=\"sm\" data-start=\"1978\" data-end=\"1995\">mm<\/td>\n<td data-col-size=\"sm\" data-start=\"1995\" data-end=\"2029\">2450<\/td>\n<\/tr>\n<tr data-start=\"2030\" data-end=\"2112\">\n<td data-start=\"2030\" data-end=\"2061\" data-col-size=\"sm\">T\u1ed1c \u0111\u1ed9 l\u00e0m vi\u1ec7c<\/td>\n<td data-col-size=\"sm\" data-start=\"2061\" data-end=\"2078\">km\/h<\/td>\n<td data-col-size=\"sm\" data-start=\"2078\" data-end=\"2112\">5-35<\/td>\n<\/tr>\n<tr data-start=\"2113\" data-end=\"2194\">\n<td data-start=\"2113\" data-end=\"2144\" data-col-size=\"sm\">Th\u00f4ng s\u1ed1 k\u1ef9 thu\u1eadt ki\u1ec7n<\/td>\n<td data-col-size=\"sm\" data-start=\"2144\" data-end=\"2161\">\u2013<\/td>\n<td data-col-size=\"sm\" data-start=\"2161\" data-end=\"2194\">2000 x 1,25 m\/ki\u1ec7n<\/td>\n<\/tr>\n<\/tbody>\n<\/table>\n<\/div>\n<\/div>\n<h3 data-start=\"1160\" data-end=\"1201\">\u0110\u1eb7c \u0111i\u1ec3m n\u1ed5i b\u1eadt c\u1ee7a m\u00e1y \u00e9p ki\u1ec7n tr\u00f2n 9YG-1.25<\/h3>\n<ol>\n<li data-start=\"1206\" data-end=\"1424\">\u0110\u1ed9 b\u1ec1n v\u00e0 thi\u1ebft k\u1ebf: 9YG-1.25 c\u00f3 c\u1ea5u tr\u00fac ch\u1eafc ch\u1eafn, b\u1ec1n b\u1ec9, ch\u1ecbu \u0111\u01b0\u1ee3c nh\u1eefng \u0111i\u1ec1u ki\u1ec7n kh\u1eafc nghi\u1ec7t nh\u1ea5t ngo\u00e0i tr\u1eddi. V\u1eadt li\u1ec7u v\u00e0 k\u1ef9 thu\u1eadt ch\u1ea5t l\u01b0\u1ee3ng cao \u0111\u1ea3m b\u1ea3o tu\u1ed5i th\u1ecd l\u00e2u d\u00e0i v\u1edbi chi ph\u00ed b\u1ea3o tr\u00ec t\u1ed1i thi\u1ec3u.<\/li>\n<li data-start=\"1431\" data-end=\"1679\">Hi\u1ec7u qu\u1ea3: V\u1edbi h\u1ec7 th\u1ed1ng n\u1ea1p li\u1ec7u c\u00f4ng su\u1ea5t l\u1edbn, m\u00e1y \u00e9p ki\u1ec7n n\u00e0y c\u00f3 th\u1ec3 x\u1eed l\u00fd kh\u1ed1i l\u01b0\u1ee3ng l\u1edbn c\u00e2y tr\u1ed3ng, \u0111\u1ea3m b\u1ea3o ho\u1ea1t \u0111\u1ed9ng nhanh ch\u00f3ng v\u00e0 hi\u1ec7u qu\u1ea3. M\u00e1y ho\u1ea1t \u0111\u1ed9ng t\u1ed1t v\u1edbi c\u1ea3 c\u1ecf kh\u00f4 v\u00e0 th\u1ee9c \u0103n \u1ee7 chua \u1ea9m, tr\u1edf th\u00e0nh l\u1ef1a ch\u1ecdn linh ho\u1ea1t cho nhi\u1ec1u ho\u1ea1t \u0111\u1ed9ng canh t\u00e1c kh\u00e1c nhau.<\/li>\n<li data-start=\"1684\" data-end=\"1973\">K\u00edch th\u01b0\u1edbc ki\u1ec7n c\u00f3 th\u1ec3 \u0111i\u1ec1u ch\u1ec9nh: M\u00e1y \u00e9p ki\u1ec7n tr\u00f2n cho ph\u00e9p \u0111i\u1ec1u ch\u1ec9nh k\u00edch th\u01b0\u1edbc ki\u1ec7n, mang l\u1ea1i cho n\u00f4ng d\u00e2n s\u1ef1 linh ho\u1ea1t \u0111\u1ec3 s\u1ea3n xu\u1ea5t ki\u1ec7n theo nhu c\u1ea7u l\u01b0u tr\u1eef v\u00e0 v\u1eadn chuy\u1ec3n c\u1ee5 th\u1ec3. Kh\u1ea3 n\u0103ng t\u00f9y ch\u1ec9nh k\u00edch th\u01b0\u1edbc ki\u1ec7n \u0111\u1ea3m b\u1ea3o m\u00e1y \u0111\u00e1p \u1ee9ng \u0111\u01b0\u1ee3c nhi\u1ec1u lo\u1ea1i c\u00e2y tr\u1ed3ng v\u00e0 h\u00e0m l\u01b0\u1ee3ng \u1ea9m kh\u00e1c nhau.<\/li>\n<li data-start=\"1978\" data-end=\"2233\">V\u1eadn h\u00e0nh d\u1ec5 d\u00e0ng: M\u00e1y 9YG-1.25 \u0111\u01b0\u1ee3c thi\u1ebft k\u1ebf \u0111\u1ec3 d\u1ec5 s\u1eed d\u1ee5ng, v\u1edbi c\u00e1c n\u00fat \u0111i\u1ec1u khi\u1ec3n th\u00e2n thi\u1ec7n v\u00e0 giao di\u1ec7n tr\u1ef1c quan. N\u00f3 gi\u1ea3m thi\u1ec3u s\u1ef1 m\u1ec7t m\u1ecfi cho ng\u01b0\u1eddi v\u1eadn h\u00e0nh \u0111\u1ed3ng th\u1eddi t\u1ed1i \u0111a h\u00f3a n\u0103ng su\u1ea5t, cho ph\u00e9p ng\u01b0\u1eddi v\u1eadn h\u00e0nh ho\u00e0n th\u00e0nh c\u00f4ng vi\u1ec7c nhanh ch\u00f3ng v\u00e0 v\u1edbi n\u1ed7 l\u1ef1c t\u1ed1i thi\u1ec3u.<\/li>\n<li data-start=\"2238\" data-end=\"2500\">Hi\u1ec7u qu\u1ea3 v\u1ec1 chi ph\u00ed: \u0110\u1ed1i v\u1edbi n\u00f4ng d\u00e2n \u0111ang t\u00ecm mua m\u00e1y \u0111\u00f3ng ki\u1ec7n tr\u00f2n, model 9YG-1.25 mang \u0111\u1ebfn gi\u1ea3i ph\u00e1p gi\u00e1 c\u1ea3 ph\u1ea3i ch\u0103ng m\u00e0 kh\u00f4ng \u1ea3nh h\u01b0\u1edfng \u0111\u1ebfn ch\u1ea5t l\u01b0\u1ee3ng. \u0110\u00e2y l\u00e0 kho\u1ea3n \u0111\u1ea7u t\u01b0 th\u00f4ng minh cho b\u1ea5t k\u1ef3 ai tham gia v\u00e0o vi\u1ec7c \u0111\u00f3ng ki\u1ec7n c\u1ecf kh\u00f4, r\u01a1m ho\u1eb7c th\u1ee9c \u0103n \u1ee7 chua, mang l\u1ea1i l\u1ee3i nhu\u1eadn cao.<\/li>\n<li data-start=\"2505\" data-end=\"2814\">H\u1ec7 th\u1ed1ng \u0111\u00f3ng g\u00f3i b\u1eb1ng l\u01b0\u1edbi v\u00e0 d\u00e2y bu\u1ed9c: M\u00e1y \u00e9p ki\u1ec7n \u0111\u01b0\u1ee3c trang b\u1ecb h\u1ec7 th\u1ed1ng \u0111\u00f3ng g\u00f3i hi\u1ec7u su\u1ea5t cao, c\u00f3 kh\u1ea3 n\u0103ng bu\u1ed9c ch\u1eb7t c\u00e1c ki\u1ec7n h\u00e0ng b\u1eb1ng d\u00e2y bu\u1ed9c ho\u1eb7c l\u01b0\u1edbi. \u0110i\u1ec1u n\u00e0y \u0111\u1ea3m b\u1ea3o c\u00e1c ki\u1ec7n h\u00e0ng \u0111\u01b0\u1ee3c ni\u00eam phong \u0111\u00fang c\u00e1ch v\u00e0 c\u00f3 th\u1ec3 \u0111\u01b0\u1ee3c v\u1eadn chuy\u1ec3n ho\u1eb7c l\u01b0u tr\u1eef trong th\u1eddi gian d\u00e0i m\u00e0 kh\u00f4ng c\u00f3 nguy c\u01a1 b\u1ecb h\u01b0 h\u1ecfng ho\u1eb7c v\u1ee1.<\/li>\n<\/ol>\n<h3 style=\"text-align: center;\" data-start=\"4603\" data-end=\"4644\"><img loading=\"lazy\" decoding=\"async\" class=\"alignnone wp-image-299 size-medium\" src=\"https:\/\/silage-balers.com\/wp-content\/uploads\/2025\/11\/ep-9YG-1.25-Round-Baler-1-1-1-300x300.webp\" alt=\"M\u00e1y \u00e9p ki\u1ec7n tr\u00f2n\" width=\"300\" height=\"300\" \/><\/h3>\n<h3>T\u1ea1i sao n\u00ean ch\u1ecdn m\u00e1y \u00e9p ki\u1ec7n tr\u00f2n 9YG-1.25?<\/h3>\n<p data-start=\"4646\" data-end=\"5164\">\u0110\u1ed1i v\u1edbi b\u1ea5t k\u1ef3 ai \u0111ang c\u1ea7n mua m\u00e1y \u00e9p ki\u1ec7n tr\u00f2n, model 9YG-1.25 mang \u0111\u1ebfn ch\u1ea5t l\u01b0\u1ee3ng, \u0111\u1ed9 tin c\u1eady v\u00e0 hi\u1ec7u su\u1ea5t v\u01b0\u1ee3t tr\u1ed9i. M\u00e1y ho\u1ea1t \u0111\u1ed9ng xu\u1ea5t s\u1eafc trong vi\u1ec7c s\u1ea3n xu\u1ea5t c\u00e1c ki\u1ec7n c\u1ecf kh\u00f4 v\u00e0 ki\u1ec7n th\u1ee9c \u0103n \u1ee7 chua h\u00ecnh tr\u00f2n, \u0111\u1ea3m b\u1ea3o b\u1ea1n c\u00f3 th\u1ec3 l\u01b0u tr\u1eef v\u00e0 v\u1eadn chuy\u1ec3n c\u00e2y tr\u1ed3ng m\u1ed9t c\u00e1ch hi\u1ec7u qu\u1ea3 v\u00e0 d\u1ec5 d\u00e0ng. Cho d\u00f9 b\u1ea1n l\u00e0 m\u1ed9t trang tr\u1ea1i quy m\u00f4 l\u1edbn hay m\u1ed9t c\u01a1 s\u1edf nh\u1ecf h\u01a1n, m\u00e1y \u00e9p ki\u1ec7n n\u00e0y l\u00e0 m\u1ed9t kho\u1ea3n \u0111\u1ea7u t\u01b0 tuy\u1ec7t v\u1eddi cho nhu c\u1ea7u thi\u1ebft b\u1ecb n\u00f4ng nghi\u1ec7p c\u1ee7a b\u1ea1n. Th\u00eam v\u00e0o \u0111\u00f3, t\u00ednh hi\u1ec7u qu\u1ea3 v\u1ec1 chi ph\u00ed khi\u1ebfn n\u00f3 tr\u1edf th\u00e0nh l\u1ef1a ch\u1ecdn th\u00f4ng minh cho nh\u1eefng n\u00f4ng d\u00e2n c\u1ea7n c\u00e2n b\u1eb1ng gi\u1eefa ng\u00e2n s\u00e1ch v\u00e0 hi\u1ec7u su\u1ea5t.<\/p>\n<h3 data-start=\"3600\" data-end=\"3649\">\u01afu \u0111i\u1ec3m khi s\u1eed d\u1ee5ng m\u00e1y \u00e9p ki\u1ec7n tr\u00f2n 9YG-1.25<\/h3>\n<ul data-start=\"3651\" data-end=\"4438\">\n<li data-start=\"3651\" data-end=\"3843\">\n<p data-start=\"3653\" data-end=\"3843\">Hi\u1ec7u qu\u1ea3 ti\u1ebft ki\u1ec7m th\u1eddi gian: M\u00e1y \u00e9p ki\u1ec7n n\u00e0y c\u00f3 th\u1ec3 \u0111\u1ea9y nhanh \u0111\u00e1ng k\u1ec3 qu\u00e1 tr\u00ecnh \u00e9p ki\u1ec7n so v\u1edbi c\u00e1c thi\u1ebft b\u1ecb \u00e9p ki\u1ec7n th\u1ee7 c\u00f4ng ho\u1eb7c c\u0169 h\u01a1n, cho ph\u00e9p n\u00f4ng d\u00e2n ho\u00e0n th\u00e0nh c\u00f4ng vi\u1ec7c nhanh ch\u00f3ng v\u00e0 hi\u1ec7u qu\u1ea3.<\/p>\n<\/li>\n<li data-start=\"3844\" data-end=\"3980\">\n<p data-start=\"3846\" data-end=\"3980\">Ch\u1ea5t l\u01b0\u1ee3ng ki\u1ec7n h\u00e0ng cao: C\u00f4ng ngh\u1ec7 ti\u00ean ti\u1ebfn \u0111\u1ea3m b\u1ea3o c\u00e1c ki\u1ec7n h\u00e0ng \u0111\u01b0\u1ee3c \u0111\u00f3ng g\u00f3i ch\u1eb7t ch\u1ebd v\u00e0 \u00edt b\u1ecb h\u01b0 h\u1ecfng, gi\u1ea3m thi\u1ec3u h\u01b0 h\u1ea1i v\u00e0 l\u00e3ng ph\u00ed.<\/p>\n<\/li>\n<li data-start=\"3981\" data-end=\"4129\">\n<p data-start=\"3983\" data-end=\"4129\">Gi\u1ea3m thi\u1ec3u t\u1ed5n th\u1ea5t m\u00f9a m\u00e0ng: H\u1ec7 th\u1ed1ng \u0111\u01b0\u1ee3c thi\u1ebft k\u1ebf \u0111\u1ec3 gi\u1ea3m thi\u1ec3u t\u1ed5n th\u1ea5t m\u00f9a m\u00e0ng, \u0111\u1ea3m b\u1ea3o t\u1ed1i \u0111a l\u01b0\u1ee3ng nguy\u00ean li\u1ec7u thu ho\u1ea1ch \u0111\u01b0\u1ee3c chuy\u1ec3n \u0111\u1ed5i th\u00e0nh ki\u1ec7n.<\/p>\n<\/li>\n<li data-start=\"4130\" data-end=\"4283\">\n<p data-start=\"4132\" data-end=\"4283\">V\u1eadn h\u00e0nh th\u00e2n thi\u1ec7n v\u1edbi ng\u01b0\u1eddi d\u00f9ng: V\u1edbi h\u1ec7 th\u1ed1ng th\u1ee7y l\u1ef1c \u0111\u01a1n gi\u1ea3n v\u00e0 c\u00e1c n\u00fat \u0111i\u1ec1u khi\u1ec3n tr\u1ef1c quan, ngay c\u1ea3 ng\u01b0\u1eddi v\u1eadn h\u00e0nh m\u1edbi c\u0169ng c\u00f3 th\u1ec3 nhanh ch\u00f3ng h\u1ecdc c\u00e1ch s\u1eed d\u1ee5ng m\u00e1y m\u1ed9t c\u00e1ch hi\u1ec7u qu\u1ea3.<\/p>\n<\/li>\n<li data-start=\"4284\" data-end=\"4438\">\n<p data-start=\"4286\" data-end=\"4438\">Hi\u1ec7u su\u1ea5t b\u1ec1n b\u1ec9: C\u1ea5u tr\u00fac ch\u1eafc ch\u1eafn \u0111\u1ea3m b\u1ea3o r\u1eb1ng 9YG-1.25 c\u00f3 th\u1ec3 ho\u1ea1t \u0111\u1ed9ng li\u00ean t\u1ee5c trong nhi\u1ec1u gi\u1edd d\u01b0\u1edbi c\u00e1c \u0111i\u1ec1u ki\u1ec7n th\u1eddi ti\u1ebft kh\u00e1c nhau.<\/p>\n<\/li>\n<\/ul>\n<h2 data-start=\"2816\" data-end=\"2825\">C\u00e2u h\u1ecfi th\u01b0\u1eddng g\u1eb7p<\/h2>\n<p data-start=\"2827\" data-end=\"2855\">1. Ki\u1ec7n h\u00e0ng tr\u00f2n l\u00e0 g\u00ec?<\/p>\n<p data-start=\"2857\" data-end=\"3160\">Ki\u1ec7n tr\u00f2n l\u00e0 lo\u1ea1i ki\u1ec7n l\u1edbn, h\u00ecnh tr\u1ee5 \u0111\u01b0\u1ee3c t\u1ea1o ra b\u1edfi m\u00e1y \u0111\u00f3ng ki\u1ec7n tr\u00f2n. Lo\u1ea1i ki\u1ec7n n\u00e0y \u0111\u01b0\u1ee3c s\u1eed d\u1ee5ng r\u1ed9ng r\u00e3i \u0111\u1ec3 l\u01b0u tr\u1eef c\u1ecf kh\u00f4, r\u01a1m ho\u1eb7c th\u1ee9c \u0103n \u1ee7 chua, v\u00ec h\u00ecnh d\u1ea1ng c\u1ee7a ch\u00fang cho ph\u00e9p x\u1ebfp ch\u1ed3ng \u1ed5n \u0111\u1ecbnh v\u00e0 v\u1eadn chuy\u1ec3n hi\u1ec7u qu\u1ea3. Ki\u1ec7n tr\u00f2n \u0111\u01b0\u1ee3c n\u00e9n ch\u1eb7t v\u00e0 b\u1ecdc l\u1ea1i \u0111\u1ec3 b\u1ea3o qu\u1ea3n n\u1ed9i dung v\u00e0 ng\u0103n ng\u1eeba m\u1ea5t \u0111\u1ed9 \u1ea9m.<\/p>\n<p data-start=\"3162\" data-end=\"3201\">2. M\u1ed9t b\u00f3 c\u1ecf kh\u00f4 tr\u00f2n gi\u00e1 bao nhi\u00eau ti\u1ec1n?<\/p>\n<p data-start=\"3203\" data-end=\"3482\">Gi\u00e1 m\u1ed9t ki\u1ec7n c\u1ecf kh\u00f4 tr\u00f2n c\u00f3 th\u1ec3 thay \u0111\u1ed5i t\u00f9y thu\u1ed9c v\u00e0o c\u00e1c y\u1ebfu t\u1ed1 nh\u01b0 k\u00edch th\u01b0\u1edbc, ch\u1ea5t l\u01b0\u1ee3ng c\u1ecf, \u0111\u1ecba \u0111i\u1ec3m v\u00e0 nhu c\u1ea7u. Trung b\u00ecnh, gi\u00e1 m\u1ed9t ki\u1ec7n c\u1ecf kh\u00f4 tr\u00f2n c\u00f3 th\u1ec3 dao \u0111\u1ed9ng t\u1eeb $40 \u0111\u1ebfn $150. Gi\u00e1 c\u1ea3 bi\u1ebfn \u0111\u1ed9ng theo m\u00f9a v\u00e0 c\u00f3 th\u1ec3 ph\u1ee5 thu\u1ed9c v\u00e0o \u0111i\u1ec1u ki\u1ec7n v\u00e0 ngu\u1ed3n cung trong t\u1eebng khu v\u1ef1c.<\/p>\n<p data-start=\"3484\" data-end=\"3538\">3. M\u00e1y \u0111\u00f3ng ki\u1ec7n tr\u00f2n 9YG-1.25 c\u00f3 th\u1ec3 \u0111\u00f3ng ki\u1ec7n th\u1ee9c \u0103n \u1ee7 chua kh\u00f4ng?<\/p>\n<p data-start=\"3540\" data-end=\"3807\">\u0110\u00fang v\u1eady, m\u00e1y \u00e9p ki\u1ec7n 9YG-1.25 \u0111\u01b0\u1ee3c thi\u1ebft k\u1ebf \u0111\u1eb7c bi\u1ec7t \u0111\u1ec3 x\u1eed l\u00fd c\u00e1c ki\u1ec7n th\u1ee9c \u0103n \u1ee7 chua, cung c\u1ea5p m\u1ed9t l\u1ef1a ch\u1ecdn \u0111\u00e1ng tin c\u1eady cho nh\u1eefng n\u00f4ng d\u00e2n c\u1ea7n l\u01b0u tr\u1eef c\u00e2y tr\u1ed3ng \u1ea9m \u0111\u1ec3 l\u00ean men. M\u00e1y \u00e9p \u0111\u1ea3m b\u1ea3o c\u00e1c ki\u1ec7n \u0111\u01b0\u1ee3c n\u00e9n ch\u1eb7t \u0111\u1ec3 ng\u0103n kh\u00f4ng kh\u00ed x\u00e2m nh\u1eadp v\u00e0 l\u00e0m h\u1ecfng th\u1ee9c \u0103n b\u00ean trong.<\/p>\n<p data-start=\"3809\" data-end=\"3861\">4. M\u00e1y \u00e9p ki\u1ec7n tr\u00f2n 9YG-1.25 c\u00f3 d\u1ec5 b\u1ea3o tr\u00ec kh\u00f4ng?<\/p>\n<p data-start=\"3863\" data-end=\"4158\">\u0110\u00fang v\u1eady, m\u00e1y \u00e9p ki\u1ec7n 9YG-1.25 \u0111\u01b0\u1ee3c thi\u1ebft k\u1ebf v\u1edbi m\u1ee5c ti\u00eau d\u1ec5 b\u1ea3o tr\u00ec. M\u00e1y \u0111i k\u00e8m v\u1edbi h\u01b0\u1edbng d\u1eabn b\u1ea3o tr\u00ec d\u1ec5 hi\u1ec3u v\u00e0 c\u00e1c b\u1ed9 ph\u1eadn b\u1ec1n b\u1ec9, y\u00eau c\u1ea7u b\u1ea3o d\u01b0\u1ee1ng t\u1ed1i thi\u1ec3u. B\u1ea3o tr\u00ec th\u01b0\u1eddng xuy\u00ean, ch\u1eb3ng h\u1ea1n nh\u01b0 b\u00f4i tr\u01a1n v\u00e0 ki\u1ec3m tra h\u1ec7 th\u1ed1ng l\u01b0\u1edbi\/d\u00e2y bu\u1ed9c, s\u1ebd gi\u00fap m\u00e1y \u00e9p ki\u1ec7n ho\u1ea1t \u0111\u1ed9ng tr\u01a1n tru trong nhi\u1ec1u n\u0103m.<\/p>\n<p data-start=\"4160\" data-end=\"4219\">5. L\u00e0m sao \u0111\u1ec3 bi\u1ebft m\u00e1y \u0111\u00f3ng ki\u1ec7n tr\u00f2n c\u00f3 ph\u00f9 h\u1ee3p v\u1edbi trang tr\u1ea1i c\u1ee7a t\u00f4i kh\u00f4ng?<\/p>\n<p data-start=\"4221\" data-end=\"4601\">N\u1ebfu b\u1ea1n \u0111ang t\u00ecm ki\u1ebfm m\u1ed9t d\u1ecbch v\u1ee5 \u0111\u00e1ng tin c\u1eady v\u00e0 <a href=\"https:\/\/silage-balers.com\/vi\/san-pham\/9yg-1-0c-round-baler-2\/\">c\u00f3 hi\u1ec7u qu\u1ea3<\/a> c\u00e1ch \u0111\u1ec3 \u0111\u00f3ng th\u00e0nh ki\u1ec7n m\u1ed9t l\u01b0\u1ee3ng l\u1edbn c\u1ecf kh\u00f4, r\u01a1m ho\u1eb7c th\u1ee9c \u0103n \u1ee7 chua, m\u1ed9t <a href=\"http:\/\/square-balers.com\" target=\"_blank\" rel=\"noopener\">m\u00e1y \u00e9p ki\u1ec7n tr\u00f2n<\/a> Gi\u1ed1ng nh\u01b0 9YG-1.25 l\u00e0 m\u1ed9t l\u1ef1a ch\u1ecdn l\u00fd t\u01b0\u1edfng. N\u00f3 \u0111\u1eb7c bi\u1ec7t c\u00f3 l\u1ee3i cho c\u00e1c trang tr\u1ea1i c\u00f3 di\u1ec7n t\u00edch v\u1eeba v\u00e0 l\u1edbn, n\u01a1i th\u1eddi gian v\u00e0 hi\u1ec7u qu\u1ea3 l\u00e0 y\u1ebfu t\u1ed1 quan tr\u1ecdng. Ngo\u00e0i ra, n\u00f3 c\u00f3 th\u1ec3 x\u1eed l\u00fd nhi\u1ec1u lo\u1ea1i c\u00e2y tr\u1ed3ng kh\u00e1c nhau, l\u00e0m cho n\u00f3 tr\u1edf n\u00ean linh ho\u1ea1t \u0111\u1ed1i v\u1edbi c\u00e1c ho\u1ea1t \u0111\u1ed9ng n\u00f4ng nghi\u1ec7p kh\u00e1c nhau.<\/p>\n<p data-start=\"4221\" data-end=\"4601\">ch\u1ec9nh s\u1eeda b\u1edfi gzl<\/p>","protected":false},"excerpt":{"rendered":"<p>M\u00e1y \u00e9p ki\u1ec7n tr\u00f2n 9YG-1.25 l\u00e0 m\u1ed9t thi\u1ebft b\u1ecb n\u00f4ng nghi\u1ec7p hi\u1ec7u qu\u1ea3 cao, t\u1ea1o ra c\u00e1c ki\u1ec7n c\u1ecf kh\u00f4 v\u00e0 ki\u1ec7n th\u1ee9c \u0103n \u1ee7 chua tr\u00f2n, b\u1ec1n ch\u1eafc v\u00e0 nh\u1ecf g\u1ecdn. V\u1edbi k\u00edch th\u01b0\u1edbc ki\u1ec7n c\u00f3 th\u1ec3 \u0111i\u1ec1u ch\u1ec9nh, thi\u1ebft k\u1ebf b\u1ec1n b\u1ec9 v\u00e0 h\u1ec7 th\u1ed1ng \u0111i\u1ec1u khi\u1ec3n d\u1ec5 s\u1eed d\u1ee5ng, m\u00e1y \u00e9p ki\u1ec7n tr\u00f2n n\u00e0y l\u00fd t\u01b0\u1edfng cho c\u00e1c trang tr\u1ea1i v\u1eeba v\u00e0 l\u1edbn. N\u00f3 \u0111\u1ea3m b\u1ea3o vi\u1ec7c \u00e9p ki\u1ec7n nhanh ch\u00f3ng, hi\u1ec7u qu\u1ea3 v\u00e0 l\u00e0 m\u1ed9t gi\u1ea3i ph\u00e1p ti\u1ebft ki\u1ec7m chi ph\u00ed cho n\u00f4ng d\u00e2n. Cho d\u00f9 b\u1ea1n \u0111ang t\u00ecm ki\u1ebfm m\u00e1y \u00e9p ki\u1ec7n tr\u00f2n \u0111\u1ec3 mua hay \u0111ang th\u1eafc m\u1eafc gi\u00e1 m\u1ed9t ki\u1ec7n c\u1ecf kh\u00f4 tr\u00f2n l\u00e0 bao nhi\u00eau, m\u00e1y 9YG-1.25 \u0111\u1ec1u mang l\u1ea1i hi\u1ec7u su\u1ea5t v\u00e0 gi\u00e1 tr\u1ecb v\u01b0\u1ee3t tr\u1ed9i.<\/p>","protected":false},"featured_media":299,"template":"","meta":{"_et_pb_use_builder":"","_et_pb_old_content":"","_et_gb_content_width":""},"product_brand":[],"product_cat":[18],"product_tag":[],"class_list":{"0":"post-285","1":"product","2":"type-product","3":"status-publish","4":"has-post-thumbnail","6":"product_cat-round-baler","8":"first","9":"instock","10":"shipping-taxable","11":"product-type-simple"},"_links":{"self":[{"href":"https:\/\/silage-balers.com\/vi\/wp-json\/wp\/v2\/product\/285","targetHints":{"allow":["GET"]}}],"collection":[{"href":"https:\/\/silage-balers.com\/vi\/wp-json\/wp\/v2\/product"}],"about":[{"href":"https:\/\/silage-balers.com\/vi\/wp-json\/wp\/v2\/types\/product"}],"wp:featuredmedia":[{"embeddable":true,"href":"https:\/\/silage-balers.com\/vi\/wp-json\/wp\/v2\/media\/299"}],"wp:attachment":[{"href":"https:\/\/silage-balers.com\/vi\/wp-json\/wp\/v2\/media?parent=285"}],"wp:term":[{"taxonomy":"product_brand","embeddable":true,"href":"https:\/\/silage-balers.com\/vi\/wp-json\/wp\/v2\/product_brand?post=285"},{"taxonomy":"product_cat","embeddable":true,"href":"https:\/\/silage-balers.com\/vi\/wp-json\/wp\/v2\/product_cat?post=285"},{"taxonomy":"product_tag","embeddable":true,"href":"https:\/\/silage-balers.com\/vi\/wp-json\/wp\/v2\/product_tag?post=285"}],"curies":[{"name":"wp","href":"https:\/\/api.w.org\/{rel}","templated":true}]}}