{"id":390,"date":"2025-12-23T03:34:44","date_gmt":"2025-12-23T03:34:44","guid":{"rendered":"https:\/\/silage-balers.com\/?post_type=product&#038;p=390"},"modified":"2025-12-29T05:45:33","modified_gmt":"2025-12-29T05:45:33","slug":"may-ep-kien-tron-9yg-2-24d","status":"publish","type":"product","link":"https:\/\/silage-balers.com\/vi\/san-pham\/may-ep-kien-tron-9yg-2-24d\/","title":{"rendered":"M\u00e1y \u00e9p ki\u1ec7n tr\u00f2n 9YG-2.24D"},"content":{"rendered":"<p>M\u00e1y \u00e9p ki\u1ec7n tr\u00f2n 9YG-2.24D l\u00e0 m\u1ed9t thi\u1ebft b\u1ecb n\u00f4ng nghi\u1ec7p hi\u1ec7u su\u1ea5t cao \u0111\u01b0\u1ee3c thi\u1ebft k\u1ebf \u0111\u1ec3 \u00e9p ki\u1ec7n c\u1ecf kh\u00f4 m\u1ed9t c\u00e1ch nh\u1ecf g\u1ecdn v\u00e0 hi\u1ec7u qu\u1ea3. N\u00f3 cung c\u1ea5p m\u1ed9t gi\u1ea3i ph\u00e1p \u0111a n\u0103ng cho c\u00e1c trang tr\u1ea1i v\u1eeba v\u00e0 nh\u1ecf, k\u1ebft h\u1ee3p \u0111\u1ed9 b\u1ec1n v\u01b0\u1ee3t tr\u1ed9i v\u00e0 d\u1ec5 s\u1eed d\u1ee5ng. H\u1ec7 th\u1ed1ng v\u1eadn h\u00e0nh th\u1ee7y l\u1ef1c \u0111\u1ea3m b\u1ea3o qu\u00e1 tr\u00ecnh \u00e9p ki\u1ec7n di\u1ec5n ra tr\u01a1n tru v\u00e0 hi\u1ec7u qu\u1ea3, gi\u1ea3m thi\u1ec3u s\u1ee9c lao \u0111\u1ed9ng th\u1ee7 c\u00f4ng \u0111\u1ed3ng th\u1eddi n\u00e2ng cao ch\u1ea5t l\u01b0\u1ee3ng s\u1ea3n ph\u1ea9m.<\/p>\n<h2>Th\u00f4ng s\u1ed1 k\u1ef9 thu\u1eadt<\/h2>\n<table style=\"border-color: #000000;\">\n<thead>\n<tr>\n<th>S\u1ed1 seri<\/th>\n<th>M\u1ee5c<\/th>\n<th>\u0110\u01a1n v\u1ecb<\/th>\n<th>Th\u00f4ng s\u1ed1 k\u1ef9 thu\u1eadt<\/th>\n<\/tr>\n<\/thead>\n<tbody>\n<tr>\n<td>1<\/td>\n<td>T\u00ean m\u1eabu<\/td>\n<td>\/<\/td>\n<td>M\u00e1y \u00e9p ki\u1ec7n tr\u00f2n 9YG-2.24D<\/td>\n<\/tr>\n<tr>\n<td>2<\/td>\n<td>Ph\u01b0\u01a1ng ph\u00e1p bu\u1ed9c d\u00e2y<\/td>\n<td>\/<\/td>\n<td>Lo\u1ea1i k\u00e9o<\/td>\n<\/tr>\n<tr>\n<td>3<\/td>\n<td>Chi\u1ec1u r\u1ed9ng xe b\u00e1n t\u1ea3i<\/td>\n<td>mm<\/td>\n<td>2240<\/td>\n<\/tr>\n<tr>\n<td>4<\/td>\n<td>Lo\u1ea1i c\u1ea5u tr\u00fac xe b\u00e1n t\u1ea3i<\/td>\n<td>\/<\/td>\n<td>Lo\u1ea1i r\u0103ng l\u00f2 xo<\/td>\n<\/tr>\n<tr>\n<td>5<\/td>\n<td>Lo\u1ea1i c\u1ea5u tr\u00fac b\u1ed9 c\u1ea5p li\u1ec7u<\/td>\n<td>\/<\/td>\n<td>Lo\u1ea1i r\u0103ng-con l\u0103n + xi lanh<\/td>\n<\/tr>\n<tr>\n<td>6<\/td>\n<td>C\u1ea5u tr\u00fac \u0111\u00f3ng ki\u1ec7n ki\u1ec3u bu\u1ed3ng n\u00e9n<\/td>\n<td>\/<\/td>\n<td>Lo\u1ea1i h\u00ecnh tr\u1ee5<\/td>\n<\/tr>\n<tr>\n<td>7<\/td>\n<td>Chi\u1ec1u r\u1ed9ng bu\u1ed3ng n\u00e9n<\/td>\n<td>mm<\/td>\n<td>1400<\/td>\n<\/tr>\n<tr>\n<td>8<\/td>\n<td>\u0110\u01b0\u1eddng k\u00ednh bu\u1ed3ng n\u00e9n<\/td>\n<td>mm<\/td>\n<td>\u03a61200<\/td>\n<\/tr>\n<tr>\n<td>9<\/td>\n<td>S\u1ed1 l\u01b0\u1ee3ng c\u00e1c b\u1ed9 ph\u1eadn l\u00e0m vi\u1ec7c d\u1ea1ng l\u0103n<\/td>\n<td>c\u00e1i<\/td>\n<td>18 (Xi lanh)<\/td>\n<\/tr>\n<tr>\n<td>10<\/td>\n<td>\u0110\u01b0\u1eddng k\u00ednh xi lanh l\u0103n<\/td>\n<td>mm<\/td>\n<td>\u03a6222<\/td>\n<\/tr>\n<tr>\n<td>11<\/td>\n<td>Ph\u01b0\u01a1ng ph\u00e1p \u0111\u00f3ng ki\u1ec7n<\/td>\n<td>\/<\/td>\n<td>Bao b\u1ecdc l\u01b0\u1edbi<\/td>\n<\/tr>\n<tr>\n<td>12<\/td>\n<td>S\u1ee9c m\u1ea1nh ph\u00f9 h\u1ee3p<\/td>\n<td>kW<\/td>\n<td>55-100<\/td>\n<\/tr>\n<tr>\n<td>13<\/td>\n<td>Tr\u1ecdng l\u01b0\u1ee3ng k\u1ebft c\u1ea5u<\/td>\n<td>kg<\/td>\n<td>3922<\/td>\n<\/tr>\n<tr>\n<td>14<\/td>\n<td>T\u1ed1c \u0111\u1ed9 PTO<\/td>\n<td>r\/ph\u00fat<\/td>\n<td>720<\/td>\n<\/tr>\n<tr>\n<td>15<\/td>\n<td>K\u00edch th\u01b0\u1edbc t\u1ed5ng th\u1ec3 (D\u00e0i \u00d7 R\u1ed9ng \u00d7 Cao)<\/td>\n<td>mm<\/td>\n<td>4110\u00d73010\u00d72450 (Tr\u1ea1ng th\u00e1i ho\u1ea1t \u0111\u1ed9ng)<\/td>\n<\/tr>\n<tr>\n<td>16<\/td>\n<td>Ki\u1ec3m so\u00e1t m\u1eadt \u0111\u1ed9 ki\u1ec7n<\/td>\n<td>\/<\/td>\n<td>\u0110i\u1ec1u khi\u1ec3n c\u1ea3m bi\u1ebfn<\/td>\n<\/tr>\n<tr>\n<td>17<\/td>\n<td>K\u00edch th\u01b0\u1edbc ki\u1ec7n h\u00e0ng (\u0110\u01b0\u1eddng k\u00ednh \u00d7 Chi\u1ec1u r\u1ed9ng)<\/td>\n<td>mm<\/td>\n<td>\u03a61300\u00d71400<\/td>\n<\/tr>\n<tr>\n<td>18<\/td>\n<td>M\u1eadt \u0111\u1ed9 ki\u1ec7n<\/td>\n<td>Kg\/m\u00b3<\/td>\n<td>100~200<\/td>\n<\/tr>\n<tr>\n<td>19<\/td>\n<td>N\u0103ng su\u1ea5t<\/td>\n<td>ki\u1ec7n\/gi\u1edd<\/td>\n<td>40~100<\/td>\n<\/tr>\n<tr>\n<td>20<\/td>\n<td>V\u1ebft b\u00e1nh xe<\/td>\n<td>mm<\/td>\n<td>2600<\/td>\n<\/tr>\n<tr>\n<td>21<\/td>\n<td>T\u1ed1c \u0111\u1ed9 ho\u1ea1t \u0111\u1ed9ng<\/td>\n<td>Km\/h<\/td>\n<td>5-35<\/td>\n<\/tr>\n<tr>\n<td>22<\/td>\n<td>Th\u00f4ng s\u1ed1 k\u1ef9 thu\u1eadt l\u01b0\u1edbi \u0111\u00f3ng ki\u1ec7n (D\u00e0i \u00d7 R\u1ed9ng)<\/td>\n<td>m<\/td>\n<td>2000\u00d71,4m\/ki\u1ec7n<\/td>\n<\/tr>\n<\/tbody>\n<\/table>\n<h2>\u0110\u1ecbnh ngh\u0129a s\u1ea3n ph\u1ea9m<\/h2>\n<p>M\u00e1y \u00e9p ki\u1ec7n tr\u00f2n 9YG-2.24D l\u00e0 m\u1ed9t c\u00f4ng c\u1ee5 n\u00f4ng nghi\u1ec7p chuy\u00ean d\u1ee5ng \u0111\u01b0\u1ee3c thi\u1ebft k\u1ebf \u0111\u1ec3 t\u1ea1o ra c\u00e1c ki\u1ec7n c\u1ecf kh\u00f4 tr\u00f2n v\u1edbi \u0111\u1ed9 ch\u00ednh x\u00e1c cao. M\u00e1y ho\u1ea1t \u0111\u1ed9ng b\u1eb1ng th\u1ee7y l\u1ef1c, cung c\u1ea5p gi\u1ea3i ph\u00e1p \u0111\u00e1ng tin c\u1eady cho s\u1ea3n xu\u1ea5t c\u1ecf kh\u00f4, \u00e9p ki\u1ec7n c\u1ecf v\u00e0 c\u00e1c \u1ee9ng d\u1ee5ng n\u00f4ng nghi\u1ec7p kh\u00e1c. M\u00e1y \u00e9p ki\u1ec7n n\u00e0y \u0111\u01b0\u1ee3c ch\u1ebf t\u1ea1o \u0111\u1ec3 ho\u1ea1t \u0111\u1ed9ng trong nhi\u1ec1u \u0111i\u1ec1u ki\u1ec7n kh\u00e1c nhau, t\u1eeb c\u00e1c trang tr\u1ea1i quy m\u00f4 nh\u1ecf \u0111\u1ebfn c\u00e1c ho\u1ea1t \u0111\u1ed9ng s\u1ea3n xu\u1ea5t l\u1edbn h\u01a1n.<\/p>\n<h2>C\u00e1c v\u1ea5n \u0111\u1ec1 ch\u00ednh m\u00e0 n\u00f3 \u0111\u1ec1 c\u1eadp<\/h2>\n<p>M\u00e1y \u00e9p ki\u1ec7n tr\u00f2n 9YG-2.24D gi\u1ea3i quy\u1ebft c\u00e1c th\u00e1ch th\u1ee9c ph\u1ed5 bi\u1ebfn trong n\u00f4ng nghi\u1ec7p, bao g\u1ed3m:<\/p>\n<ul>\n<li><strong>Hi\u1ec7u qu\u1ea3 v\u1ec1 th\u1eddi gian:<\/strong> Gi\u1ea3m th\u1eddi gian c\u1ea7n thi\u1ebft \u0111\u1ec3 thu gom v\u00e0 n\u00e9n c\u1ecf kh\u00f4 th\u00e0nh ki\u1ec7n, t\u1eeb \u0111\u00f3 t\u0103ng n\u0103ng su\u1ea5t t\u1ed5ng th\u1ec3.<\/li>\n<li><strong>Gi\u1ea3m thi\u1ec3u nh\u00e2n c\u00f4ng:<\/strong> H\u1ec7 th\u1ed1ng v\u1eadn h\u00e0nh th\u1ee7y l\u1ef1c gi\u1ea3m thi\u1ec3u s\u1ef1 can thi\u1ec7p c\u1ee7a con ng\u01b0\u1eddi, gi\u00fap gi\u1ea3m chi ph\u00ed nh\u00e2n c\u00f4ng v\u00e0 s\u1ee9c lao \u0111\u1ed9ng.<\/li>\n<li><strong>\u0110\u1ea3m b\u1ea3o ch\u1ea5t l\u01b0\u1ee3ng ki\u1ec7n h\u00e0ng \u0111\u1ed3ng \u0111\u1ec1u:<\/strong> M\u00e1y \u00e9p ki\u1ec7n \u0111\u1ea3m b\u1ea3o t\u00ednh \u0111\u1ed3ng nh\u1ea5t v\u1ec1 k\u00edch th\u01b0\u1edbc v\u00e0 m\u1eadt \u0111\u1ed9 ki\u1ec7n, gi\u00fap n\u00e2ng cao hi\u1ec7u qu\u1ea3 l\u01b0u tr\u1eef v\u00e0 v\u1eadn chuy\u1ec3n.<\/li>\n<li><strong>\u0110\u1ed9 b\u1ec1n:<\/strong> \u0110\u01b0\u1ee3c thi\u1ebft k\u1ebf \u0111\u1ec3 ph\u00f9 h\u1ee3p v\u1edbi nhi\u1ec1u lo\u1ea1i c\u00e2y tr\u1ed3ng kh\u00e1c nhau, \u0111\u1ea3m b\u1ea3o hi\u1ec7u su\u1ea5t l\u00e2u d\u00e0i trong c\u00e1c m\u00f4i tr\u01b0\u1eddng kh\u00e1c nhau.<\/li>\n<li><strong>Hi\u1ec7u qu\u1ea3 v\u1ec1 chi ph\u00ed:<\/strong> Gi\u1ea3m chi ph\u00ed v\u1eadn h\u00e0nh d\u00e0i h\u1ea1n b\u1eb1ng c\u00e1ch n\u00e2ng cao hi\u1ec7u qu\u1ea3 v\u00e0 gi\u1ea3m thi\u1ec3u hao m\u00f2n thi\u1ebft b\u1ecb.<\/li>\n<\/ul>\n<h2>\u01afu \u0111i\u1ec3m c\u1ee7a s\u1ea3n ph\u1ea9m<\/h2>\n<p>M\u00e1y \u00e9p ki\u1ec7n tr\u00f2n 9YG-2.24D mang l\u1ea1i nhi\u1ec1u \u01b0u \u0111i\u1ec3m, tr\u1edf th\u00e0nh l\u1ef1a ch\u1ecdn ph\u1ed5 bi\u1ebfn c\u1ee7a n\u00f4ng d\u00e2n:<\/p>\n<h3>1. Hi\u1ec7u su\u1ea5t th\u1ee7y l\u1ef1c<\/h3>\n<p>H\u1ec7 th\u1ed1ng th\u1ee7y l\u1ef1c \u0111\u1ea3m b\u1ea3o ho\u1ea1t \u0111\u1ed9ng tr\u01a1n tru, hi\u1ec7u qu\u1ea3, gi\u1ea3m thi\u1ec3u nhu c\u1ea7u v\u1ec1 s\u1ee9c lao \u0111\u1ed9ng th\u1ee7 c\u00f4ng v\u00e0 n\u00e2ng cao hi\u1ec7u su\u1ea5t t\u1ed5ng th\u1ec3 c\u1ee7a m\u00e1y \u00e9p ki\u1ec7n. M\u00e1y c\u00f3 th\u1ec3 \u0111\u01b0\u1ee3c v\u1eadn h\u00e0nh b\u1edfi m\u1ed9t ng\u01b0\u1eddi, ti\u1ebft ki\u1ec7m c\u1ea3 th\u1eddi gian v\u00e0 nh\u00e2n c\u00f4ng.<\/p>\n<h3>2. T\u00ednh linh ho\u1ea1t<\/h3>\n<p>M\u00e1y \u00e9p ki\u1ec7n n\u00e0y ph\u00f9 h\u1ee3p v\u1edbi nhi\u1ec1u lo\u1ea1i c\u1ecf kh\u00f4 v\u00e0 c\u00e2y tr\u1ed3ng l\u1ea5y c\u1ecf kh\u00e1c nhau, tr\u1edf th\u00e0nh l\u1ef1a ch\u1ecdn l\u00fd t\u01b0\u1edfng cho c\u00e1c ho\u1ea1t \u0111\u1ed9ng canh t\u00e1c \u0111a d\u1ea1ng. Cho d\u00f9 b\u1ea1n \u0111ang l\u00e0m vi\u1ec7c v\u1edbi c\u1ecf linh l\u0103ng, r\u01a1m l\u00faa m\u00ec hay c\u1ecf, m\u00e1y \u00e9p ki\u1ec7n n\u00e0y \u0111\u1ec1u mang l\u1ea1i k\u1ebft qu\u1ea3 \u1ed5n \u0111\u1ecbnh.<\/p>\n<h3>3. M\u1eadt \u0111\u1ed9 ki\u1ec7n cao<\/h3>\n<p>T\u1ea1o ra c\u00e1c ki\u1ec7n c\u1ecf kh\u00f4 \u0111\u01b0\u1ee3c n\u00e9n ch\u1eb7t, c\u1ea3i thi\u1ec7n hi\u1ec7u qu\u1ea3 l\u01b0u tr\u1eef v\u00e0 gi\u1ea3m kh\u00f4ng gian c\u1ea7n thi\u1ebft cho c\u1ecf kh\u00f4. C\u00e1c ki\u1ec7n c\u1ecf kh\u00f4 \u0111\u1eb7c d\u1ec5 v\u1eadn chuy\u1ec3n v\u00e0 b\u1ea3o qu\u1ea3n h\u01a1n, ng\u0103n ng\u1eeba h\u01b0 h\u1ea1i do \u0111\u1ed9 \u1ea9m.<\/p>\n<h3>4. Thi\u1ebft k\u1ebf nh\u1ecf g\u1ecdn<\/h3>\n<p>Thi\u1ebft k\u1ebf nh\u1ecf g\u1ecdn v\u00e0 ch\u1eafc ch\u1eafn c\u1ee7a m\u00e1y \u00e9p ki\u1ec7n tr\u00f2n 9YG-2.24D cho ph\u00e9p d\u1ec5 d\u00e0ng c\u1ea5t gi\u1eef v\u00e0 v\u1eadn chuy\u1ec3n, \u0111\u1ed3ng th\u1eddi v\u1eabn mang l\u1ea1i hi\u1ec7u su\u1ea5t cao tr\u00ean \u0111\u1ed3ng ru\u1ed9ng.<\/p>\n<h3>5. \u00cdt c\u1ea7n b\u1ea3o tr\u00ec<\/h3>\n<p>\u0110\u01b0\u1ee3c thi\u1ebft k\u1ebf \u0111\u1ec3 c\u00f3 \u0111\u1ed9 b\u1ec1n cao, m\u00e1y \u00e9p ki\u1ec7n n\u00e0y y\u00eau c\u1ea7u b\u1ea3o tr\u00ec t\u1ed1i thi\u1ec3u. V\u1edbi s\u1ef1 ch\u0103m s\u00f3c \u0111\u00fang c\u00e1ch, n\u00f3 c\u00f3 th\u1ec3 ho\u1ea1t \u0111\u1ed9ng \u0111\u00e1ng tin c\u1eady trong nhi\u1ec1u n\u0103m, gi\u00fap gi\u1ea3m t\u1ed5ng chi ph\u00ed s\u1edf h\u1eefu.<\/p>\n<h2><a href=\"http:\/\/square-balers.com\" target=\"_blank\" rel=\"noopener\">C\u00e1ch th\u1ee9c ho\u1ea1t \u0111\u1ed9ng c\u1ee7a m\u00e1y \u00e9p ki\u1ec7n tr\u00f2n 9YG-2.24D<\/a><\/h2>\n<p>M\u00e1y \u00e9p ki\u1ec7n tr\u00f2n 9YG-2.24D ho\u1ea1t \u0111\u1ed9ng b\u1eb1ng \u00e1p su\u1ea5t th\u1ee7y l\u1ef1c \u0111\u1ec3 n\u00e9n c\u1ecf kh\u00f4 ho\u1eb7c r\u01a1m th\u00e0nh c\u00e1c ki\u1ec7n tr\u00f2n. Qu\u00e1 tr\u00ecnh b\u1eaft \u0111\u1ea7u b\u1eb1ng vi\u1ec7c \u0111\u01b0a v\u1eadt li\u1ec7u v\u00e0o bu\u1ed3ng \u00e9p, n\u01a1i m\u1ed9t lo\u1ea1t con l\u0103n n\u00e9n v\u1eadt li\u1ec7u th\u00e0nh h\u00ecnh d\u1ea1ng nh\u1ecf g\u1ecdn. H\u1ec7 th\u1ed1ng th\u1ee7y l\u1ef1c gi\u00fap duy tr\u00ec \u00e1p su\u1ea5t t\u1ed1i \u01b0u trong su\u1ed1t qu\u00e1 tr\u00ecnh \u00e9p ki\u1ec7n. Khi c\u00e1c ki\u1ec7n \u0111\u1ea1t k\u00edch th\u01b0\u1edbc mong mu\u1ed1n, ch\u00fang \u0111\u01b0\u1ee3c bu\u1ed9c ch\u1eb7t b\u1eb1ng d\u00e2y th\u1eebng v\u00e0 \u0111\u1ea9y ra kh\u1ecfi m\u00e1y \u00e9p \u0111\u1ec3 v\u1eadn chuy\u1ec3n ho\u1eb7c l\u01b0u tr\u1eef.<\/p>\n<h2>C\u00e1c \u1ee9ng d\u1ee5ng ch\u00ednh c\u1ee7a m\u00e1y \u00e9p ki\u1ec7n tr\u00f2n 9YG-2.24D<\/h2>\n<p>M\u00e1y \u00e9p ki\u1ec7n \u0111a n\u0103ng n\u00e0y c\u00f3 th\u1ec3 \u0111\u01b0\u1ee3c s\u1eed d\u1ee5ng cho nhi\u1ec1u \u1ee9ng d\u1ee5ng kh\u00e1c nhau, bao g\u1ed3m:<\/p>\n<ul>\n<li><strong>S\u1ea3n xu\u1ea5t c\u1ecf kh\u00f4:<\/strong> Th\u00edch h\u1ee3p \u0111\u1ec3 \u0111\u00f3ng th\u00e0nh ki\u1ec7n c\u1ecf kh\u00f4 l\u00e0m th\u1ee9c \u0103n cho gia s\u00fac.<\/li>\n<li><strong>B\u1ed9 s\u01b0u t\u1eadp r\u01a1m:<\/strong> Th\u00edch h\u1ee3p \u0111\u1ec3 t\u1ea1o th\u00e0nh c\u00e1c ki\u1ec7n r\u01a1m d\u00f9ng trong n\u00f4ng nghi\u1ec7p v\u00e0 l\u00e0m v\u1eadt l\u00f3t chu\u1ed3ng.<\/li>\n<li><strong>\u00c9p c\u1ecf kh\u00f4 th\u00e0nh ki\u1ec7n:<\/strong> Hi\u1ec7u qu\u1ea3 trong vi\u1ec7c thu gom v\u00e0 n\u00e9n c\u00e1c lo\u1ea1i c\u00e2y c\u1ecf.<\/li>\n<li><strong>S\u1ea3n xu\u1ea5t th\u1ee9c \u0103n \u1ee7 chua:<\/strong> M\u00e1y \u0111\u00f3ng ki\u1ec7n c\u00f3 th\u1ec3 \u0111\u01b0\u1ee3c s\u1eed d\u1ee5ng \u0111\u1ec3 t\u1ea1o ra c\u00e1c ki\u1ec7n th\u1ee9c \u0103n \u1ee7 chua d\u00f9ng cho gia s\u00fac \u0103n trong nh\u1eefng th\u00e1ng l\u1ea1nh.<\/li>\n<li><strong>N\u00f4ng nghi\u1ec7p h\u1eefu c\u01a1:<\/strong> Ph\u00f9 h\u1ee3p nh\u1ea5t cho c\u00e1c trang tr\u1ea1i nh\u1ecf t\u1eadp trung v\u00e0o th\u1ef1c h\u00e0nh b\u1ec1n v\u1eefng.<\/li>\n<li><strong>C\u00e1c doanh nghi\u1ec7p n\u00f4ng nghi\u1ec7p:<\/strong> Th\u00edch h\u1ee3p cho c\u00e1c ho\u1ea1t \u0111\u1ed9ng n\u00f4ng nghi\u1ec7p quy m\u00f4 v\u1eeba c\u1ea7n gi\u1ea3i ph\u00e1p \u0111\u00f3ng ki\u1ec7n hi\u1ec7u qu\u1ea3 cao.<\/li>\n<\/ul>\n<h2>C\u00e1ch ch\u1ecdn m\u00e1y \u00e9p ki\u1ec7n tr\u00f2n 9YG-2.24D ph\u00f9 h\u1ee3p<\/h2>\n<h3>1. H\u00e3y xem x\u00e9t quy m\u00f4 trang tr\u1ea1i c\u1ee7a b\u1ea1n<\/h3>\n<p>N\u1ebfu b\u1ea1n \u0111ang v\u1eadn h\u00e0nh m\u1ed9t trang tr\u1ea1i quy m\u00f4 nh\u1ecf \u0111\u1ebfn trung b\u00ecnh, m\u00e1y \u00e9p ki\u1ec7n tr\u00f2n 9YG-2.24D l\u00e0 m\u1ed9t l\u1ef1a ch\u1ecdn tuy\u1ec7t v\u1eddi, mang l\u1ea1i k\u00edch th\u01b0\u1edbc ki\u1ec7n t\u1ed1i \u01b0u v\u00e0 ho\u1ea1t \u0111\u1ed9ng th\u1ee7y l\u1ef1c hi\u1ec7u qu\u1ea3.<\/p>\n<h3>2. Lo\u1ea1i c\u00e2y tr\u1ed3ng<\/h3>\n<p>H\u00e3y \u0111\u1ea3m b\u1ea3o m\u00e1y \u00e9p ki\u1ec7n t\u01b0\u01a1ng th\u00edch v\u1edbi c\u00e1c lo\u1ea1i c\u00e2y tr\u1ed3ng b\u1ea1n \u0111\u1ecbnh \u00e9p ki\u1ec7n, ch\u1eb3ng h\u1ea1n nh\u01b0 c\u1ecf kh\u00f4, r\u01a1m ho\u1eb7c th\u1ee9c \u0103n \u1ee7 chua. M\u00e1y 9YG-2.24D r\u1ea5t \u0111a n\u0103ng nh\u01b0ng b\u1ea1n lu\u00f4n c\u1ea7n ki\u1ec3m tra th\u00f4ng s\u1ed1 k\u1ef9 thu\u1eadt \u0111\u1ec3 \u0111\u1ea3m b\u1ea3o ph\u00f9 h\u1ee3p v\u1edbi nhu c\u1ea7u c\u1ee5 th\u1ec3 c\u1ee7a m\u00ecnh.<\/p>\n<h3>3. K\u00edch th\u01b0\u1edbc ki\u1ec7n h\u00e0ng \u01b0a th\u00edch<\/h3>\n<p>C\u00e1c ho\u1ea1t \u0111\u1ed9ng kh\u00e1c nhau c\u00f3 th\u1ec3 y\u00eau c\u1ea7u k\u00edch th\u01b0\u1edbc ki\u1ec7n h\u00e0ng kh\u00e1c nhau. H\u00e3y c\u00e2n nh\u1eafc xem b\u1ea1n c\u1ea7n c\u00e1c ki\u1ec7n h\u00e0ng nh\u1ecf h\u01a1n, g\u1ecdn h\u01a1n \u0111\u1ec3 d\u1ec5 v\u1eadn chuy\u1ec3n hay c\u00e1c ki\u1ec7n h\u00e0ng l\u1edbn h\u01a1n \u0111\u1ec3 ti\u1ebft ki\u1ec7m chi ph\u00ed l\u01b0u tr\u1eef v\u00e0 v\u1eadn chuy\u1ec3n.<\/p>\n<h3>4. Dung t\u00edch h\u1ec7 th\u1ed1ng th\u1ee7y l\u1ef1c<\/h3>\n<p>H\u00e3y ch\u1ecdn m\u00e1y \u00e9p ki\u1ec7n c\u00f3 h\u1ec7 th\u1ed1ng th\u1ee7y l\u1ef1c ph\u00f9 h\u1ee3p v\u1edbi kh\u1ed1i l\u01b0\u1ee3ng c\u00f4ng vi\u1ec7c c\u1ee7a b\u1ea1n. M\u00e1y 9YG-2.24D cung c\u1ea5p h\u1ec7 th\u1ed1ng th\u1ee7y l\u1ef1c hi\u1ec7u qu\u1ea3 cao, ph\u00f9 h\u1ee3p v\u1edbi c\u00e1c c\u00f4ng vi\u1ec7c \u0111\u00f2i h\u1ecfi cao.<\/p>\n<h3>5. \u0110\u1ed9 b\u1ec1n v\u00e0 b\u1ea3o tr\u00ec<\/h3>\n<p>H\u00e3y t\u00ecm m\u1ed9t m\u00e1y \u00e9p ki\u1ec7n \u0111\u01b0\u1ee3c ch\u1ebf t\u1ea1o b\u1ec1n b\u1ec9 v\u1edbi y\u00eau c\u1ea7u b\u1ea3o tr\u00ec t\u1ed1i thi\u1ec3u. Thi\u1ebft k\u1ebf ch\u1eafc ch\u1eafn c\u1ee7a 9YG-2.24D \u0111\u1ea3m b\u1ea3o \u0111\u1ed9 tin c\u1eady theo th\u1eddi gian.<\/p>\n<h3>6. T\u1ef7 l\u1ec7 gi\u00e1 tr\u00ean gi\u00e1 tr\u1ecb<\/h3>\n<p>H\u00e3y c\u00e2n nh\u1eafc ng\u00e2n s\u00e1ch c\u1ee7a b\u1ea1n v\u00e0 gi\u00e1 tr\u1ecb l\u00e2u d\u00e0i m\u00e0 m\u00e1y \u00e9p ki\u1ec7n mang l\u1ea1i v\u1ec1 hi\u1ec7u qu\u1ea3, \u0111\u1ed9 b\u1ec1n v\u00e0 ch\u1ea5t l\u01b0\u1ee3ng s\u1ea3n ph\u1ea9m. M\u00e1y 9YG-2.24D mang l\u1ea1i gi\u00e1 tr\u1ecb tuy\u1ec7t v\u1eddi so v\u1edbi gi\u00e1 th\u00e0nh.<\/p>\n<h2>B\u1ea3o tr\u00ec m\u00e1y \u00e9p ki\u1ec7n tr\u00f2n 9YG-2.24D<\/h2>\n<p>B\u1ea3o tr\u00ec 9YG-2.24D c\u1ee7a b\u1ea1n <a href=\"https:\/\/silage-balers.com\/vi\/san-pham\/9yg-1-25a-round-baler\/\">M\u00e1y \u00e9p ki\u1ec7n tr\u00f2n<\/a> \u0110\u1ea3m b\u1ea3o hi\u1ec7u su\u1ea5t l\u00e2u d\u00e0i. Vi\u1ec7c ki\u1ec3m tra th\u01b0\u1eddng xuy\u00ean h\u1ec7 th\u1ed1ng th\u1ee7y l\u1ef1c, con l\u0103n bu\u1ed3ng \u00e9p v\u00e0 c\u01a1 c\u1ea5u bu\u1ed9c d\u00e2y l\u00e0 r\u1ea5t quan tr\u1ecdng. V\u1ec7 sinh m\u00e1y sau m\u1ed7i l\u1ea7n s\u1eed d\u1ee5ng \u0111\u1ec3 ng\u0103n ng\u1eeba s\u1ef1 t\u00edch t\u1ee5 v\u1eadt li\u1ec7u v\u00e0 b\u00f4i tr\u01a1n c\u00e1c b\u1ed9 ph\u1eadn chuy\u1ec3n \u0111\u1ed9ng \u0111\u1ec3 gi\u1ea3m m\u00e0i m\u00f2n. Th\u01b0\u1eddng xuy\u00ean ki\u1ec3m tra m\u00e1y \u00e9p ki\u1ec7n xem c\u00f3 d\u1ea5u hi\u1ec7u h\u01b0 h\u1ecfng ho\u1eb7c xu\u1ed1ng c\u1ea5p n\u00e0o kh\u00f4ng, \u0111\u1eb7c bi\u1ec7t l\u00e0 sau khi s\u1eed d\u1ee5ng nhi\u1ec1u. \u0110\u1ea3m b\u1ea3o t\u1ea5t c\u1ea3 c\u00e1c b\u1ed9 ph\u1eadn \u0111\u01b0\u1ee3c k\u1ebft n\u1ed1i ch\u1eafc ch\u1eafn v\u00e0 thay th\u1ebf k\u1ecbp th\u1eddi b\u1ea5t k\u1ef3 b\u1ed9 ph\u1eadn n\u00e0o b\u1ecb m\u00f2n \u0111\u1ec3 tr\u00e1nh c\u00e1c s\u1ef1 c\u1ed1 v\u1eadn h\u00e0nh.<\/p>\n<h2>\u0110\u00e1nh gi\u00e1 c\u1ee7a kh\u00e1ch h\u00e0ng<\/h2>\n<p>\u201cM\u00e1y \u00e9p ki\u1ec7n n\u00e0y \u0111\u00e3 thay \u0111\u1ed5i ho\u00e0n to\u00e0n trang tr\u1ea1i c\u1ee7a ch\u00fang t\u00f4i. H\u1ec7 th\u1ed1ng th\u1ee7y l\u1ef1c gi\u00fap vi\u1ec7c \u00e9p ki\u1ec7n d\u1ec5 d\u00e0ng v\u00e0 nhanh ch\u00f3ng h\u01a1n r\u1ea5t nhi\u1ec1u. M\u00e1y b\u1ec1n b\u1ec9 v\u00e0 ho\u1ea1t \u0111\u1ed9ng t\u1ed1t trong m\u1ecdi \u0111i\u1ec1u ki\u1ec7n th\u1eddi ti\u1ebft. Ch\u00fang t\u00f4i \u0111\u00e3 s\u1eed d\u1ee5ng n\u00f3 \u0111\u1ec3 \u00e9p c\u1ecf kh\u00f4 v\u00e0 r\u01a1m, v\u00e0 c\u00e1c ki\u1ec7n \u0111\u01b0\u1ee3c \u00e9p ra \u0111\u1ec1u r\u1ea5t ch\u1eafc ch\u1eafn. R\u1ea5t \u0111\u00e1ng \u0111\u1ec3 gi\u1edbi thi\u1ec7u!\u201d<\/p>\n<p>\u2013 <strong>John Doe, Hoa K\u1ef3<\/strong><\/p>\n<p>\u201cCh\u00fang t\u00f4i \u0111\u00e3 s\u1eed d\u1ee5ng m\u00e1y \u00e9p ki\u1ec7n tr\u00f2n 9YG-2.24D \u0111\u01b0\u1ee3c h\u01a1n m\u1ed9t n\u0103m nay v\u00e0 n\u00f3 \u0111\u00e3 v\u01b0\u1ee3t qu\u00e1 m\u1ecdi mong \u0111\u1ee3i. C\u00e1c ki\u1ec7n h\u00e0ng c\u00f3 k\u00edch th\u01b0\u1edbc v\u00e0 m\u1eadt \u0111\u1ed9 \u0111\u1ed3ng \u0111\u1ec1u, gi\u00fap vi\u1ec7c l\u01b0u tr\u1eef d\u1ec5 d\u00e0ng h\u01a1n nhi\u1ec1u. M\u00e1y r\u1ea5t d\u1ec5 v\u1eadn h\u00e0nh, ngay c\u1ea3 \u0111\u1ed1i v\u1edbi nh\u1eefng c\u00f4ng nh\u00e2n \u00edt kinh nghi\u1ec7m c\u1ee7a ch\u00fang t\u00f4i. Ch\u00fang t\u00f4i c\u00f3 th\u1ec3 x\u1eed l\u00fd kh\u1ed1i l\u01b0\u1ee3ng c\u1ecf kh\u00f4 l\u1edbn h\u01a1n trong th\u1eddi gian ng\u1eafn h\u01a1n.\u201d<\/p>\n<p>\u2013 <strong>Sarah Lee, Canada<\/strong><\/p>\n<p>\u201cGi\u00e1 c\u1ea3 r\u1ea5t h\u1ee3p l\u00fd! M\u00e1y \u00e9p ki\u1ec7n \u0111\u01b0\u1ee3c ch\u1ebf t\u1ea1o ch\u1eafc ch\u1eafn v\u00e0 c\u1ea7n b\u1ea3o tr\u00ec t\u1ed1i thi\u1ec3u. Ch\u00fang t\u00f4i \u0111\u00e3 s\u1eed d\u1ee5ng n\u00f3 \u0111\u1ec3 \u00e9p c\u1ea3 c\u1ecf kh\u00f4 v\u00e0 th\u1ee9c \u0103n \u1ee7 chua, v\u00e0 n\u00f3 ho\u1ea1t \u0111\u1ed9ng xu\u1ea5t s\u1eafc trong c\u1ea3 hai tr\u01b0\u1eddng h\u1ee3p. \u0110\u1ed9i ng\u0169 ch\u0103m s\u00f3c kh\u00e1ch h\u00e0ng r\u1ea5t nhi\u1ec7t t\u00ecnh h\u1ed7 tr\u1ee3 khi ch\u00fang t\u00f4i c\u00f3 th\u1eafc m\u1eafc v\u1ec1 c\u00e1ch thi\u1ebft l\u1eadp.\u201d<\/p>\n<p>\u2013 <strong>Paul Kim, \u00dac<\/strong><\/p>\n<p>\u201cL\u00e0 m\u1ed9t ch\u1ee7 trang tr\u1ea1i nh\u1ecf, t\u00f4i \u0111ang t\u00ecm ki\u1ebfm m\u1ed9t m\u00e1y \u0111\u00f3ng ki\u1ec7n nh\u1ecf g\u1ecdn, \u0111\u00e1ng tin c\u1eady, v\u00e0 m\u00e1y 9YG-2.24D ho\u00e0n to\u00e0n \u0111\u00e1p \u1ee9ng \u0111\u01b0\u1ee3c y\u00eau c\u1ea7u \u0111\u00f3. M\u00e1y d\u1ec5 \u0111i\u1ec1u khi\u1ec3n, v\u00e0 ch\u1ea5t l\u01b0\u1ee3ng ki\u1ec7n h\u00e0ng r\u1ea5t \u1ea5n t\u01b0\u1ee3ng. T\u00f4i r\u1ea5t h\u00e0i l\u00f2ng v\u1edbi s\u1ea3n ph\u1ea9m m\u00ecnh \u0111\u00e3 mua.\u201d<\/p>\n<p>\u2013 <strong>Maria Lopez, T\u00e2y Ban Nha<\/strong><\/p>\n<p>\u201cChi\u1ebfc m\u00e1y n\u00e0y \u0111\u00e3 l\u00e0 m\u1ed9t tr\u1ee3 th\u1ee7 \u0111\u1eafc l\u1ef1c cho trang tr\u1ea1i c\u1ee7a ch\u00fang t\u00f4i. N\u00f3 d\u1ec5 v\u1eadn chuy\u1ec3n v\u00e0 s\u1eed d\u1ee5ng, ngay c\u1ea3 tr\u00ean \u0111\u1ecba h\u00ecnh g\u1ed3 gh\u1ec1. Ch\u00fang t\u00f4i ch\u01b0a g\u1eb7p b\u1ea5t k\u1ef3 v\u1ea5n \u0111\u1ec1 n\u00e0o v\u1ec1 hi\u1ec7u su\u1ea5t, v\u00e0 n\u00f3 \u0111\u00e3 gi\u00fap vi\u1ec7c \u0111\u00f3ng ki\u1ec7n c\u1ecf kh\u00f4 hi\u1ec7u qu\u1ea3 h\u01a1n r\u1ea5t nhi\u1ec1u.\u201d<\/p>\n<p>\u2013 <strong>David Nguyen, Vi\u1ec7t Nam<\/strong><\/p>\n<h2>T\u1ea1i sao n\u00ean ch\u1ecdn s\u1ea3n ph\u1ea9m c\u1ee7a ch\u00fang t\u00f4i?<\/h2>\n<p>M\u00e1y \u00e9p ki\u1ec7n tr\u00f2n 9YG-2.24D c\u1ee7a ch\u00fang t\u00f4i mang l\u1ea1i hi\u1ec7u qu\u1ea3 v\u01b0\u1ee3t tr\u1ed9i, c\u00f9ng v\u1edbi d\u1ecbch v\u1ee5 kh\u00e1ch h\u00e0ng tuy\u1ec7t v\u1eddi bao g\u1ed3m b\u1ea3o h\u00e0nh 3 n\u0103m v\u00e0 v\u1eadn chuy\u1ec3n nhanh ch\u00f3ng to\u00e0n c\u1ea7u. Ch\u00fang t\u00f4i t\u1ef1 h\u00e0o cung c\u1ea5p c\u00e1c s\u1ea3n ph\u1ea9m ch\u1ea5t l\u01b0\u1ee3ng cao, b\u1ec1n b\u1ec9 v\u00e0 n\u00e2ng cao hi\u1ec7u qu\u1ea3 ho\u1ea1t \u0111\u1ed9ng n\u00f4ng nghi\u1ec7p c\u1ee7a b\u1ea1n. B\u00ean c\u1ea1nh m\u00e1y \u00e9p ki\u1ec7n tr\u00f2n 9YG-2.24D, ch\u00fang t\u00f4i c\u00f2n cung c\u1ea5p nhi\u1ec1u ph\u1ee5 ki\u1ec7n v\u00e0 s\u1ea3n ph\u1ea9m li\u00ean quan \u0111\u1ec3 \u0111\u00e1p \u1ee9ng m\u1ecdi nhu c\u1ea7u n\u00f4ng nghi\u1ec7p c\u1ee7a b\u1ea1n. Ch\u00fang t\u00f4i chuy\u00ean cung c\u1ea5p c\u00e1c gi\u1ea3i ph\u00e1p t\u00f9y ch\u1ec9nh \u0111\u1ec3 \u0111\u1ea3m b\u1ea3o kh\u00e1ch h\u00e0ng nh\u1eadn \u0111\u01b0\u1ee3c ch\u00ednh x\u00e1c nh\u1eefng g\u00ec h\u1ecd c\u1ea7n.<\/p>\n<h2>C\u00e2u h\u1ecfi th\u01b0\u1eddng g\u1eb7p<\/h2>\n<ol>\n<li><strong>\u0110i\u1ec1u g\u00ec khi\u1ebfn m\u00e1y \u00e9p ki\u1ec7n tr\u00f2n 9YG-2.24D tr\u1edf n\u00ean l\u00fd t\u01b0\u1edfng cho c\u00e1c trang tr\u1ea1i nh\u1ecf?<\/strong><br \/>\nM\u00e1y \u00e9p ki\u1ec7n tr\u00f2n 9YG-2.24D \u0111\u01b0\u1ee3c thi\u1ebft k\u1ebf nh\u1ecf g\u1ecdn v\u00e0 hi\u1ec7u qu\u1ea3, r\u1ea5t ph\u00f9 h\u1ee3p cho c\u00e1c ho\u1ea1t \u0111\u1ed9ng canh t\u00e1c quy m\u00f4 nh\u1ecf. H\u1ec7 th\u1ed1ng th\u1ee7y l\u1ef1c gi\u00fap \u0111\u01a1n gi\u1ea3n h\u00f3a qu\u00e1 tr\u00ecnh v\u1eadn h\u00e0nh, ti\u1ebft ki\u1ec7m th\u1eddi gian v\u00e0 gi\u1ea3m chi ph\u00ed nh\u00e2n c\u00f4ng, trong khi k\u1ebft c\u1ea5u b\u1ec1n ch\u1eafc \u0111\u1ea3m b\u1ea3o hi\u1ec7u su\u1ea5t ho\u1ea1t \u0111\u1ed9ng \u0111\u00e1ng tin c\u1eady tr\u00ean nhi\u1ec1u lo\u1ea1i c\u00e2y tr\u1ed3ng kh\u00e1c nhau.<\/li>\n<li><strong>H\u1ec7 th\u1ed1ng th\u1ee7y l\u1ef1c c\u1ea3i thi\u1ec7n hi\u1ec7u qu\u1ea3 \u0111\u00f3ng ki\u1ec7n nh\u01b0 th\u1ebf n\u00e0o?<\/strong><br \/>\nH\u1ec7 th\u1ed1ng th\u1ee7y l\u1ef1c \u0111\u1ea3m b\u1ea3o ho\u1ea1t \u0111\u1ed9ng tr\u01a1n tru, cho ph\u00e9p \u0111\u00f3ng ki\u1ec7n nhanh h\u01a1n v\u00e0 ch\u00ednh x\u00e1c h\u01a1n. N\u00f3 gi\u1ea3m thi\u1ec3u s\u1ee9c lao \u0111\u1ed9ng th\u1ee7 c\u00f4ng, gi\u00fap n\u00f4ng d\u00e2n x\u1eed l\u00fd nhi\u1ec1u c\u1ecf kh\u00f4 h\u01a1n trong th\u1eddi gian ng\u1eafn h\u01a1n v\u1edbi m\u1ee9c \u0111\u1ed9 m\u1ec7t m\u1ecfi th\u1ec3 ch\u1ea5t t\u1ed1i thi\u1ec3u.<\/li>\n<li><strong>M\u00e1y \u0111\u00f3ng ki\u1ec7n tr\u00f2n 9YG-2.24D c\u00f3 th\u1ec3 x\u1eed l\u00fd c\u1ecf kh\u00f4 \u01b0\u1edbt kh\u00f4ng?<\/strong><br \/>\n\u0110\u00fang v\u1eady, m\u00e1y \u00e9p ki\u1ec7n tr\u00f2n 9YG-2.24D c\u00f3 kh\u1ea3 n\u0103ng \u00e9p ki\u1ec7n c\u1ecf kh\u00f4 trong nhi\u1ec1u \u0111i\u1ec1u ki\u1ec7n kh\u00e1c nhau, k\u1ec3 c\u1ea3 c\u1ecf kh\u00f4 \u01b0\u1edbt. Tuy nhi\u00ean, t\u1ed1t nh\u1ea5t l\u00e0 n\u00ean \u00e9p ki\u1ec7n khi c\u1ecf kh\u00f4 h\u01a1i kh\u00f4 \u0111\u1ec3 tr\u00e1nh n\u1ea5m m\u1ed1c v\u00e0 \u0111\u1ea3m b\u1ea3o \u0111i\u1ec1u ki\u1ec7n b\u1ea3o qu\u1ea3n t\u1ed1i \u01b0u.<\/li>\n<li><strong>T\u00f4i n\u00ean b\u1ea3o d\u01b0\u1ee1ng m\u00e1y \u00e9p ki\u1ec7n tr\u00f2n 9YG-2.24D v\u1edbi t\u1ea7n su\u1ea5t nh\u01b0 th\u1ebf n\u00e0o?<\/strong><br \/>\nVi\u1ec7c b\u1ea3o tr\u00ec \u0111\u1ecbnh k\u1ef3 bao g\u1ed3m ki\u1ec3m tra h\u1ec7 th\u1ed1ng th\u1ee7y l\u1ef1c, v\u1ec7 sinh...<\/li>\n<\/ol>\n<p>ch\u1ec9nh s\u1eeda b\u1edfi gzl<\/p>","protected":false},"excerpt":{"rendered":"<p>Kh\u00e1m ph\u00e1 m\u00e1y \u00e9p ki\u1ec7n tr\u00f2n 9YG-2.24D, \u0111\u01b0\u1ee3c thi\u1ebft k\u1ebf \u0111\u1ec3 \u00e9p ki\u1ec7n c\u1ecf kh\u00f4 hi\u1ec7u qu\u1ea3 v\u00e0 \u0111\u00e1ng tin c\u1eady. M\u00e1y \u00e9p ki\u1ec7n hi\u1ec7u su\u1ea5t cao n\u00e0y c\u00f3 \u0111\u1ed9 b\u1ec1n v\u01b0\u1ee3t tr\u1ed9i v\u00e0 d\u1ec5 v\u1eadn h\u00e0nh, l\u00e0 s\u1ef1 l\u1ef1a ch\u1ecdn ho\u00e0n h\u1ea3o cho nh\u1eefng ng\u01b0\u1eddi n\u00f4ng d\u00e2n \u0111ang t\u00ecm ki\u1ebfm gi\u1ea3i ph\u00e1p ch\u1ea5t l\u01b0\u1ee3ng. Kh\u00e1m ph\u00e1 c\u00e1c t\u00ednh n\u0103ng ti\u00ean ti\u1ebfn, bao g\u1ed3m c\u1ea3i thi\u1ec7n kh\u1ea3 n\u0103ng t\u1ea1o ki\u1ec7n v\u00e0 \u0111i\u1ec1u khi\u1ec3n th\u00e2n thi\u1ec7n v\u1edbi ng\u01b0\u1eddi d\u00f9ng. N\u00e2ng c\u1ea5p thi\u1ebft b\u1ecb n\u00f4ng tr\u1ea1i c\u1ee7a b\u1ea1n ngay h\u00f4m nay! Nh\u1ea5p chu\u1ed9t \u0111\u1ec3 t\u00ecm hi\u1ec3u th\u00eam v\u1ec1 th\u00f4ng s\u1ed1 k\u1ef9 thu\u1eadt v\u00e0 l\u1ee3i \u00edch c\u1ee7a m\u00e1y.<\/p>","protected":false},"featured_media":391,"template":"","meta":{"_et_pb_use_builder":"","_et_pb_old_content":"","_et_gb_content_width":""},"product_brand":[],"product_cat":[18],"product_tag":[],"class_list":{"0":"post-390","1":"product","2":"type-product","3":"status-publish","4":"has-post-thumbnail","6":"product_cat-round-baler","8":"first","9":"instock","10":"shipping-taxable","11":"product-type-simple"},"_links":{"self":[{"href":"https:\/\/silage-balers.com\/vi\/wp-json\/wp\/v2\/product\/390","targetHints":{"allow":["GET"]}}],"collection":[{"href":"https:\/\/silage-balers.com\/vi\/wp-json\/wp\/v2\/product"}],"about":[{"href":"https:\/\/silage-balers.com\/vi\/wp-json\/wp\/v2\/types\/product"}],"wp:featuredmedia":[{"embeddable":true,"href":"https:\/\/silage-balers.com\/vi\/wp-json\/wp\/v2\/media\/391"}],"wp:attachment":[{"href":"https:\/\/silage-balers.com\/vi\/wp-json\/wp\/v2\/media?parent=390"}],"wp:term":[{"taxonomy":"product_brand","embeddable":true,"href":"https:\/\/silage-balers.com\/vi\/wp-json\/wp\/v2\/product_brand?post=390"},{"taxonomy":"product_cat","embeddable":true,"href":"https:\/\/silage-balers.com\/vi\/wp-json\/wp\/v2\/product_cat?post=390"},{"taxonomy":"product_tag","embeddable":true,"href":"https:\/\/silage-balers.com\/vi\/wp-json\/wp\/v2\/product_tag?post=390"}],"curies":[{"name":"wp","href":"https:\/\/api.w.org\/{rel}","templated":true}]}}