{"id":407,"date":"2025-12-23T09:47:14","date_gmt":"2025-12-23T09:47:14","guid":{"rendered":"https:\/\/silage-balers.com\/?post_type=product&#038;p=407"},"modified":"2025-12-29T05:45:07","modified_gmt":"2025-12-29T05:45:07","slug":"may-nho-dau-than-4byh-1-3","status":"publish","type":"product","link":"https:\/\/silage-balers.com\/vi\/san-pham\/may-nho-dau-than-4byh-1-3\/","title":{"rendered":"M\u00e1y nh\u1ed5 \u0111\u1eadu th\u1eadn 4BYH-1.3"},"content":{"rendered":"<p>M\u00e1y nh\u1ed5 \u0111\u1eadu th\u1eadn 4BYH-1.3 l\u00e0 m\u1ed9t thi\u1ebft b\u1ecb n\u00f4ng nghi\u1ec7p hi\u1ec7n \u0111\u1ea1i \u0111\u01b0\u1ee3c thi\u1ebft k\u1ebf \u0111\u1ec3 n\u00e2ng cao hi\u1ec7u qu\u1ea3 thu ho\u1ea1ch \u0111\u1eadu th\u1eadn. M\u00e1y n\u00e0y \u0111\u1ea3m b\u1ea3o k\u1ebft qu\u1ea3 t\u1ed1i \u01b0u v\u1edbi l\u01b0\u1ee3ng lao \u0111\u1ed9ng t\u1ed1i thi\u1ec3u, cho ph\u00e9p n\u00f4ng d\u00e2n \u0111\u1ea1t \u0111\u01b0\u1ee3c n\u0103ng su\u1ea5t cao m\u1ed9t c\u00e1ch ti\u1ebft ki\u1ec7m chi ph\u00ed.<\/p>\n<h2>Th\u00f4ng s\u1ed1 k\u1ef9 thu\u1eadt<\/h2>\n<table style=\"border-color: #000000;\">\n<thead>\n<tr>\n<th>S\u1ed1 seri<\/th>\n<th>M\u1ee5c<\/th>\n<th>\u0110\u01a1n v\u1ecb<\/th>\n<th>Th\u00f4ng s\u1ed1 k\u1ef9 thu\u1eadt<\/th>\n<\/tr>\n<\/thead>\n<tbody>\n<tr>\n<td>1<\/td>\n<td>T\u00ean m\u1eabu<\/td>\n<td>\/<\/td>\n<td>D\u1ee5ng c\u1ee5 nh\u1ed5 \u0111\u1eadu th\u1eadn lo\u1ea1i 4BYH-1.3<\/td>\n<\/tr>\n<tr>\n<td>2<\/td>\n<td>Ph\u01b0\u01a1ng ph\u00e1p bu\u1ed9c d\u00e2y<\/td>\n<td>\/<\/td>\n<td>Lo\u1ea1i g\u1eafn<\/td>\n<\/tr>\n<tr>\n<td>3<\/td>\n<td>Lo\u1ea1i b\u1ed9 ch\u1ecdn<\/td>\n<td>\/<\/td>\n<td>Lo\u1ea1i r\u0103ng l\u00f2 xo<\/td>\n<\/tr>\n<tr>\n<td>4<\/td>\n<td>Chi\u1ec1u r\u1ed9ng l\u00e0m vi\u1ec7c<\/td>\n<td>m<\/td>\n<td>1.3<\/td>\n<\/tr>\n<tr>\n<td>5<\/td>\n<td>Ph\u1ea1m vi c\u00f4ng su\u1ea5t ph\u00f9 h\u1ee3p<\/td>\n<td>kW<\/td>\n<td>\u226540<\/td>\n<\/tr>\n<tr>\n<td>6<\/td>\n<td>Ph\u1ea1m vi t\u1ed1c \u0111\u1ed9 ho\u1ea1t \u0111\u1ed9ng<\/td>\n<td>km\/h<\/td>\n<td>5\uff5e8<\/td>\n<\/tr>\n<tr>\n<td>7<\/td>\n<td>K\u00edch th\u01b0\u1edbc t\u1ed5ng th\u1ec3 (D\u00e0i \u00d7 R\u1ed9ng \u00d7 Cao)<\/td>\n<td>mm<\/td>\n<td>2500\u00d71800\u00d71250<\/td>\n<\/tr>\n<tr>\n<td>8<\/td>\n<td>T\u1ed1c \u0111\u1ed9 PTO<\/td>\n<td>r\/ph\u00fat<\/td>\n<td>540<\/td>\n<\/tr>\n<tr>\n<td>9<\/td>\n<td>V\u1ebft b\u00e1nh xe<\/td>\n<td>mm<\/td>\n<td>1300<\/td>\n<\/tr>\n<tr>\n<td>10<\/td>\n<td>N\u0103ng su\u1ea5t<\/td>\n<td>hm\u00b2\/h<\/td>\n<td>0.65-1.04<\/td>\n<\/tr>\n<tr>\n<td>11<\/td>\n<td>S\u1ed1 l\u01b0\u1ee3ng ng\u01b0\u1eddi v\u1eadn h\u00e0nh<\/td>\n<td>ng\u01b0\u1eddi<\/td>\n<td>1<\/td>\n<\/tr>\n<tr>\n<td>12<\/td>\n<td>Tr\u1ecdng l\u01b0\u1ee3ng k\u1ebft c\u1ea5u<\/td>\n<td>kg<\/td>\n<td>600<\/td>\n<\/tr>\n<\/tbody>\n<\/table>\n<h2>\u0110\u1ecbnh ngh\u0129a s\u1ea3n ph\u1ea9m<\/h2>\n<p>M\u00e1y nh\u1ed5 \u0111\u1eadu th\u1eadn 4BYH-1.3 l\u00e0 m\u1ed9t c\u00f4ng c\u1ee5 n\u00f4ng nghi\u1ec7p ti\u00ean ti\u1ebfn \u0111\u01b0\u1ee3c thi\u1ebft k\u1ebf \u0111\u1eb7c bi\u1ec7t \u0111\u1ec3 nh\u1ed5 \u0111\u1eadu th\u1eadn v\u1edbi hi\u1ec7u qu\u1ea3 cao. M\u00e1y n\u00e0y lo\u1ea1i b\u1ecf nhu c\u1ea7u lao \u0111\u1ed9ng th\u1ee7 c\u00f4ng, do \u0111\u00f3 c\u1ea3i thi\u1ec7n t\u1ed1c \u0111\u1ed9 thu ho\u1ea1ch v\u00e0 gi\u1ea3m chi ph\u00ed v\u1eadn h\u00e0nh. N\u00f3 ho\u00e0n h\u1ea3o cho c\u00e1c trang tr\u1ea1i quy m\u00f4 l\u1edbn \u0111ang t\u00ecm c\u00e1ch t\u0103ng n\u0103ng su\u1ea5t v\u00e0 l\u1ee3i nhu\u1eadn.<\/p>\n<p style=\"text-align: center;\">\u00a0<img loading=\"lazy\" decoding=\"async\" class=\"alignnone wp-image-410\" src=\"https:\/\/silage-balers.com\/wp-content\/uploads\/2025\/12\/2-1.webp\" alt=\"M\u00e1y nh\u1ed5 \u0111\u1eadu\" width=\"393\" height=\"393\" srcset=\"https:\/\/silage-balers.com\/wp-content\/uploads\/2025\/12\/2-1.webp 248w, https:\/\/silage-balers.com\/wp-content\/uploads\/2025\/12\/2-1-150x150.webp 150w, https:\/\/silage-balers.com\/wp-content\/uploads\/2025\/12\/2-1-12x12.webp 12w, https:\/\/silage-balers.com\/wp-content\/uploads\/2025\/12\/2-1-100x100.webp 100w\" sizes=\"(max-width: 393px) 100vw, 393px\" \/><\/p>\n<h2>C\u00e1c v\u1ea5n \u0111\u1ec1 n\u00f3 gi\u1ea3i quy\u1ebft v\u00e0 nh\u1eefng \u1ee9ng d\u1ee5ng c\u1ee7a n\u00f3<\/h2>\n<p>M\u00e1y nh\u1ed5 \u0111\u1eadu th\u1eadn 4BYH-1.3 gi\u1ea3i quy\u1ebft m\u1ed9t s\u1ed1 v\u1ea5n \u0111\u1ec1 th\u01b0\u1eddng g\u1eb7p c\u1ee7a ng\u01b0\u1eddi tr\u1ed3ng \u0111\u1eadu th\u1eadn, bao g\u1ed3m t\u00ednh ch\u1ea5t t\u1ed1n nhi\u1ec1u c\u00f4ng s\u1ee9c c\u1ee7a ph\u01b0\u01a1ng ph\u00e1p thu ho\u1ea1ch truy\u1ec1n th\u1ed1ng, nguy c\u01a1 h\u01b0 h\u1ea1i m\u00f9a m\u00e0ng khi nh\u1ed5 b\u1eb1ng tay v\u00e0 quy tr\u00ecnh t\u1ed1n th\u1eddi gian c\u1ea3n tr\u1edf s\u1ea3n xu\u1ea5t quy m\u00f4 l\u1edbn. V\u1edbi thi\u1ebft k\u1ebf m\u1ea1nh m\u1ebd, m\u00e1y n\u00e0y kh\u00f4ng ch\u1ec9 \u0111\u1ea9y nhanh qu\u00e1 tr\u00ecnh nh\u1ed5 m\u00e0 c\u00f2n \u0111\u1ea3m b\u1ea3o thu ho\u1ea1ch \u0111\u1eadu v\u1edbi m\u1ee9c \u0111\u1ed9 h\u01b0 h\u1ea1i t\u1ed1i thi\u1ec3u.<\/p>\n<h2>\u01afu \u0111i\u1ec3m c\u1ee7a s\u1ea3n ph\u1ea9m<\/h2>\n<ul>\n<li><strong>Hi\u1ec7u qu\u1ea3 cao:<\/strong> M\u00e1y n\u00e0y gi\u00fap gi\u1ea3m \u0111\u00e1ng k\u1ec3 th\u1eddi gian thu ho\u1ea1ch, r\u1ea5t l\u00fd t\u01b0\u1edfng cho c\u00e1c ho\u1ea1t \u0111\u1ed9ng quy m\u00f4 l\u1edbn.<\/li>\n<li><strong>Thi\u1ec7t h\u1ea1i m\u00f9a m\u00e0ng \u1edf m\u1ee9c t\u1ed1i thi\u1ec3u:<\/strong> M\u00e1y \u0111\u01b0\u1ee3c thi\u1ebft k\u1ebf \u0111\u1ec3 nh\u1ed5 \u0111\u1eadu th\u1eadn m\u1ed9t c\u00e1ch c\u1ea9n th\u1eadn nh\u1ea5t, gi\u1ea3m thi\u1ec3u thi\u1ec7t h\u1ea1i cho c\u00e2y tr\u1ed3ng.<\/li>\n<li><strong>Ti\u1ebft ki\u1ec7m nh\u00e2n c\u00f4ng:<\/strong> B\u1eb1ng c\u00e1ch t\u1ef1 \u0111\u1ed9ng h\u00f3a quy tr\u00ecnh nh\u1ed5 c\u00e2y, m\u00e1y m\u00f3c n\u00e0y gi\u00fap gi\u1ea3m chi ph\u00ed nh\u00e2n c\u00f4ng v\u00e0 nhu c\u1ea7u v\u1ec1 l\u1ef1c l\u01b0\u1ee3ng lao \u0111\u1ed9ng th\u1ee7 c\u00f4ng l\u1edbn.<\/li>\n<li><strong>D\u1ec5 s\u1eed d\u1ee5ng:<\/strong> Giao di\u1ec7n \u0111\u01a1n gi\u1ea3n v\u00e0 th\u00e2n thi\u1ec7n v\u1edbi ng\u01b0\u1eddi d\u00f9ng \u0111\u1ea3m b\u1ea3o ng\u01b0\u1eddi v\u1eadn h\u00e0nh c\u00f3 th\u1ec3 nhanh ch\u00f3ng l\u00e0m ch\u1ee7 m\u00e1y m\u00f3c, t\u1eeb \u0111\u00f3 t\u0103ng n\u0103ng su\u1ea5t trong n\u00f4ng tr\u1ea1i.<\/li>\n<li><strong>\u0110\u1ed9 b\u1ec1n:<\/strong> \u0110\u01b0\u1ee3c ch\u1ebf t\u1ea1o t\u1eeb v\u1eadt li\u1ec7u ch\u1ea5t l\u01b0\u1ee3ng cao, m\u00e1y \u0111\u01b0\u1ee3c thi\u1ebft k\u1ebf \u0111\u1ec3 ch\u1ecbu \u0111\u01b0\u1ee3c c\u00e1c \u0111i\u1ec1u ki\u1ec7n canh t\u00e1c kh\u1eafc nghi\u1ec7t v\u00e0 s\u1eed d\u1ee5ng l\u00e2u d\u00e0i.<\/li>\n<\/ul>\n<h2>C\u00e1ch th\u1ee9c ho\u1ea1t \u0111\u1ed9ng c\u1ee7a m\u00e1y nh\u1ed5 \u0111\u1eadu th\u1eadn 4BYH-1.3<\/h2>\n<p>M\u00e1y nh\u1ed5 \u0111\u1eadu th\u1eadn 4BYH-1.3 ho\u1ea1t \u0111\u1ed9ng b\u1eb1ng c\u00e1ch s\u1eed d\u1ee5ng m\u1ed9t b\u1ed9 tay m\u00e1y v\u00e0 l\u01b0\u1ee1i dao quay \u0111\u1ec3 nh\u1eb9 nh\u00e0ng nh\u1ed5 \u0111\u1eadu th\u1eadn ra kh\u1ecfi \u0111\u1ea5t. M\u00e1y \u0111\u00e0o s\u00e2u v\u00e0o l\u00f2ng \u0111\u1ea5t \u0111\u1ec3 l\u1ea5y \u0111\u1eadu, \u0111\u1ed3ng th\u1eddi gi\u1ea3m thi\u1ec3u t\u1ed1i \u0111a s\u1ef1 x\u00e1o tr\u1ed9n \u0111\u1ebfn \u0111\u1ea5t xung quanh v\u00e0 c\u00e1c lo\u1ea1i c\u00e2y tr\u1ed3ng kh\u00e1c. Sau \u0111\u00f3, \u0111\u1eadu \u0111\u01b0\u1ee3c v\u1eadn chuy\u1ec3n \u0111\u1ebfn h\u1ec7 th\u1ed1ng thu gom, n\u01a1i ch\u00fang \u0111\u01b0\u1ee3c ph\u00e2n lo\u1ea1i v\u00e0 l\u01b0u tr\u1eef \u0111\u1ec3 ch\u1ebf bi\u1ebfn ti\u1ebfp.<\/p>\n<h2>C\u00e1c k\u1ecbch b\u1ea3n \u1ee9ng d\u1ee5ng ch\u00ednh<\/h2>\n<ul>\n<li><strong>C\u00e1c trang tr\u1ea1i quy m\u00f4 l\u1edbn:<\/strong> Th\u00edch h\u1ee3p cho c\u00e1c trang tr\u1ea1i tr\u1ed3ng \u0111\u1eadu quy m\u00f4 l\u1edbn c\u1ea7n thu ho\u1ea1ch t\u1ed1c \u0111\u1ed9 cao \u0111\u1ec3 \u0111\u00e1p \u1ee9ng nhu c\u1ea7u.<\/li>\n<li><strong>Thu ho\u1ea1ch \u0111\u1eadu n\u00e0nh th\u01b0\u01a1ng m\u1ea1i:<\/strong> Th\u00edch h\u1ee3p cho c\u00e1c doanh nghi\u1ec7p tham gia s\u1ea3n xu\u1ea5t v\u00e0 kinh doanh \u0111\u1eadu n\u00e0nh quy m\u00f4 l\u1edbn.<\/li>\n<li><strong>C\u00e1c Trung t\u00e2m Nghi\u00ean c\u1ee9u N\u00f4ng nghi\u1ec7p:<\/strong> H\u1eefu \u00edch trong c\u00e1c l\u0129nh v\u1ef1c nghi\u00ean c\u1ee9u t\u1eadp trung v\u00e0o vi\u1ec7c c\u1ea3i ti\u1ebfn k\u1ef9 thu\u1eadt tr\u1ed3ng \u0111\u1eadu.<\/li>\n<li><strong>N\u00f4ng nghi\u1ec7p c\u01a1 gi\u1edbi h\u00f3a:<\/strong> M\u1ed9t c\u00f4ng c\u1ee5 h\u1eefu \u00edch cho c\u00e1c trang tr\u1ea1i c\u01a1 gi\u1edbi h\u00f3a mu\u1ed1n t\u00edch h\u1ee3p t\u1ef1 \u0111\u1ed9ng h\u00f3a v\u00e0o ho\u1ea1t \u0111\u1ed9ng c\u1ee7a m\u00ecnh.<\/li>\n<li><strong>N\u00f4ng d\u00e2n c\u00f3 ngu\u1ed3n lao \u0111\u1ed9ng h\u1ea1n ch\u1ebf:<\/strong> D\u00e0nh cho c\u00e1c trang tr\u1ea1i \u0111ang \u0111\u1ed1i m\u1eb7t v\u1edbi t\u00ecnh tr\u1ea1ng thi\u1ebfu lao \u0111\u1ed9ng ho\u1eb7c mu\u1ed1n gi\u1ea3m s\u1ef1 ph\u1ee5 thu\u1ed9c v\u00e0o lao \u0111\u1ed9ng ch\u00e2n tay.<\/li>\n<li><strong>B\u1ec1n v\u1eefng m\u00f4i tr\u01b0\u1eddng:<\/strong> Gi\u00fap gi\u1ea3m l\u01b0\u1ee3ng kh\u00ed th\u1ea3i carbon b\u1eb1ng c\u00e1ch gi\u1ea3m thi\u1ec3u nhu c\u1ea7u s\u1eed d\u1ee5ng nhi\u1ec1u lao \u0111\u1ed9ng th\u1ee7 c\u00f4ng v\u00e0 nhi\u00ean li\u1ec7u.<\/li>\n<\/ul>\n<h2>C\u00e1ch ch\u1ecdn m\u00e1y nh\u1ed5 \u0111\u1eadu th\u1eadn 4BYH-1.3 ph\u00f9 h\u1ee3p<\/h2>\n<ul>\n<li><strong>Quy m\u00f4 trang tr\u1ea1i:<\/strong> H\u00e3y \u0111\u1ea3m b\u1ea3o m\u00e1y m\u00f3c ph\u00f9 h\u1ee3p v\u1edbi di\u1ec7n t\u00edch trang tr\u1ea1i c\u1ee7a b\u1ea1n \u0111\u1ec3 t\u1ed1i \u01b0u h\u00f3a hi\u1ec7u qu\u1ea3 ho\u1ea1t \u0111\u1ed9ng.<\/li>\n<li><strong>Nhu c\u1ea7u thu ho\u1ea1ch:<\/strong> H\u00e3y c\u00e2n nh\u1eafc lo\u1ea1i \u0111\u1eadu th\u1eadn b\u1ea1n tr\u1ed3ng v\u00e0 \u0111\u1ea3m b\u1ea3o m\u00e1y m\u00f3c c\u00f3 th\u1ec3 x\u1eed l\u00fd ch\u00fang m\u1ed9t c\u00e1ch hi\u1ec7u qu\u1ea3.<\/li>\n<li><strong>\u0110i\u1ec1u ki\u1ec7n \u0111\u1ea5t:<\/strong> H\u00e3y \u0111\u1ea3m b\u1ea3o m\u00e1y m\u00f3c ph\u00f9 h\u1ee3p v\u1edbi lo\u1ea1i \u0111\u1ea5t tr\u00ean trang tr\u1ea1i c\u1ee7a b\u1ea1n \u0111\u1ec3 \u0111\u1ea1t hi\u1ec7u su\u1ea5t t\u1ed1i \u01b0u.<\/li>\n<li><strong>B\u1ea3o tr\u00ec v\u00e0 h\u1ed7 tr\u1ee3:<\/strong> H\u00e3y ch\u1ecdn lo\u1ea1i m\u00e1y c\u00f3 trung t\u00e2m d\u1ecbch v\u1ee5 v\u00e0 ph\u1ee5 t\u00f9ng thay th\u1ebf d\u1ec5 ti\u1ebfp c\u1eadn \u0111\u1ec3 d\u1ec5 d\u00e0ng b\u1ea3o tr\u00ec.<\/li>\n<li><strong>Ng\u00e2n s\u00e1ch:<\/strong> H\u00e3y c\u00e2n b\u1eb1ng ng\u00e2n s\u00e1ch c\u1ee7a b\u1ea1n v\u1edbi c\u00e1c t\u00ednh n\u0103ng \u0111\u01b0\u1ee3c cung c\u1ea5p \u0111\u1ec3 c\u00f3 \u0111\u01b0\u1ee3c gi\u00e1 tr\u1ecb t\u1ed1t nh\u1ea5t cho s\u1ed1 ti\u1ec1n b\u1ecf ra.<\/li>\n<li><strong>Kinh nghi\u1ec7m c\u1ee7a ng\u01b0\u1eddi v\u1eadn h\u00e0nh:<\/strong> N\u1ebfu ng\u01b0\u1eddi v\u1eadn h\u00e0nh c\u1ee7a b\u1ea1n ch\u01b0a quen v\u1edbi vi\u1ec7c thu ho\u1ea1ch t\u1ef1 \u0111\u1ed9ng, h\u00e3y ch\u1ecdn m\u1ed9t m\u00f4 h\u00ecnh c\u00f3 h\u1ec7 th\u1ed1ng \u0111i\u1ec1u khi\u1ec3n v\u00e0 t\u00ednh n\u0103ng th\u00e2n thi\u1ec7n v\u1edbi ng\u01b0\u1eddi d\u00f9ng.<\/li>\n<\/ul>\n<h2>Ph\u01b0\u01a1ng ph\u00e1p b\u1ea3o tr\u00ec m\u00e1y nh\u1ed5 \u0111\u1eadu th\u1eadn 4BYH-1.3<\/h2>\n<p>B\u1ea3o tr\u00ec \u0111\u1ecbnh k\u1ef3 l\u00e0 \u0111i\u1ec1u c\u1ea7n thi\u1ebft \u0111\u1ec3 \u0111\u1ea3m b\u1ea3o m\u00e1y m\u00f3c ho\u1ea1t \u0111\u1ed9ng hi\u1ec7u qu\u1ea3. \u0110i\u1ec1u n\u00e0y bao g\u1ed3m ki\u1ec3m tra v\u00e0 thay th\u1ebf c\u00e1c b\u1ed9 ph\u1eadn nh\u01b0 l\u01b0\u1ee1i dao v\u00e0 d\u00e2y \u0111ai, v\u1ec7 sinh m\u00e1y sau m\u1ed7i l\u1ea7n s\u1eed d\u1ee5ng \u0111\u1ec3 tr\u00e1nh t\u1eafc ngh\u1ebdn v\u00e0 b\u00f4i tr\u01a1n c\u00e1c b\u1ed9 ph\u1eadn chuy\u1ec3n \u0111\u1ed9ng \u0111\u1ec3 gi\u1ea3m thi\u1ec3u hao m\u00f2n. Ngo\u00e0i ra, ng\u01b0\u1eddi v\u1eadn h\u00e0nh c\u1ea7n \u0111\u01b0\u1ee3c \u0111\u00e0o t\u1ea1o \u0111\u1ec3 nh\u1eadn bi\u1ebft v\u00e0 gi\u1ea3i quy\u1ebft c\u00e1c v\u1ea5n \u0111\u1ec1 nh\u1ecf tr\u01b0\u1edbc khi ch\u00fang tr\u1edf th\u00e0nh v\u1ea5n \u0111\u1ec1 l\u1edbn.<\/p>\n<p style=\"text-align: center;\"><img loading=\"lazy\" decoding=\"async\" class=\"alignnone wp-image-411\" src=\"https:\/\/silage-balers.com\/wp-content\/uploads\/2025\/12\/3-1.webp\" alt=\"M\u00e1y nh\u1ed5 \u0111\u1eadu\" width=\"445\" height=\"445\" srcset=\"https:\/\/silage-balers.com\/wp-content\/uploads\/2025\/12\/3-1.webp 248w, https:\/\/silage-balers.com\/wp-content\/uploads\/2025\/12\/3-1-150x150.webp 150w, https:\/\/silage-balers.com\/wp-content\/uploads\/2025\/12\/3-1-12x12.webp 12w, https:\/\/silage-balers.com\/wp-content\/uploads\/2025\/12\/3-1-100x100.webp 100w\" sizes=\"(max-width: 445px) 100vw, 445px\" \/><\/p>\n<h2>\u0110\u00e1nh gi\u00e1 c\u1ee7a kh\u00e1ch h\u00e0ng<\/h2>\n<p>\u201cM\u00e1y nh\u1ed5 \u0111\u1eadu th\u1eadn 4BYH-1.3 \u0111\u00e3 gi\u00fap ch\u00fang t\u00f4i gi\u1ea3m \u0111\u00e1ng k\u1ec3 th\u1eddi gian thu ho\u1ea1ch. Ch\u00fang t\u00f4i \u0111\u00e3 c\u00f3 th\u1ec3 t\u0103ng s\u1ea3n l\u01b0\u1ee3ng m\u00e0 kh\u00f4ng c\u1ea7n th\u00eam nh\u00e2n c\u00f4ng. R\u1ea5t \u0111\u00e1ng khuy\u00ean d\u00f9ng!\u201d<\/p>\n<p><strong>\u2013 John Doe, Hoa K\u1ef3<\/strong><\/p>\n<p>\u201cCh\u00fang t\u00f4i \u0111\u00e3 mua m\u00e1y k\u00e9o 4BYH-1.3 cho trang tr\u1ea1i c\u1ee7a m\u00ecnh \u1edf Brazil, v\u00e0 n\u00f3 \u0111\u00e3 t\u1ea1o ra s\u1ef1 thay \u0111\u1ed5i l\u1edbn. M\u00e1y ho\u1ea1t \u0111\u1ed9ng \u0111\u00e1ng tin c\u1eady v\u00e0 ho\u00e0n th\u00e0nh t\u1ed1t c\u00f4ng vi\u1ec7c m\u00e0 kh\u00f4ng g\u00e2y h\u1ea1i cho c\u00e2y tr\u1ed3ng.\u201d<\/p>\n<p><strong>\u2013 Maria Silva, Brazil<\/strong><\/p>\n<p>\u201cSau khi th\u1eed nhi\u1ec1u lo\u1ea1i m\u00e1y nh\u1ed5 \u0111\u1eadu kh\u00e1c nhau, m\u00e1y 4BYH-1.3 l\u00e0 lo\u1ea1i hi\u1ec7u qu\u1ea3 v\u00e0 d\u1ec5 s\u1eed d\u1ee5ng nh\u1ea5t. N\u00f3 \u0111\u00e3 gi\u00fap ch\u00fang t\u00f4i ti\u1ebft ki\u1ec7m \u0111\u01b0\u1ee3c r\u1ea5t nhi\u1ec1u th\u1eddi gian, v\u00e0 k\u1ebft qu\u1ea3 th\u00ec tuy\u1ec7t v\u1eddi!\u201d<\/p>\n<p><strong>\u2013 Ahmed Ali, Ai C\u1eadp<\/strong><\/p>\n<p>\u201cT\u1ea1i Trung Qu\u1ed1c, trang tr\u1ea1i c\u1ee7a ch\u00fang t\u00f4i \u0111\u00e3 s\u1eed d\u1ee5ng m\u00e1y n\u00e0y trong v\u00e0i th\u00e1ng nay v\u00e0 n\u00f3 \u0111\u00e3 gi\u00fap ch\u00fang t\u00f4i t\u1ed1i \u01b0u h\u00f3a quy tr\u00ecnh thu ho\u1ea1ch. Ch\u00fang t\u00f4i r\u1ea5t \u1ea5n t\u01b0\u1ee3ng v\u1edbi hi\u1ec7u su\u1ea5t c\u1ee7a m\u00e1y.\u201d<\/p>\n<p><strong>\u2013 Li Wei, Trung Qu\u1ed1c<\/strong><\/p>\n<p>\u201cCh\u00fang t\u00f4i r\u1ea5t h\u00e0i l\u00f2ng v\u1edbi hi\u1ec7u su\u1ea5t c\u1ee7a m\u00e1y k\u00e9o 4BYH-1.3. N\u00f3 b\u1ec1n b\u1ec9 v\u00e0 \u0111\u01b0\u1ee3c ch\u1ebf t\u1ea1o t\u1ed1t. \u0110\u00e2y l\u00e0 m\u1ed9t trong nh\u1eefng kho\u1ea3n \u0111\u1ea7u t\u01b0 t\u1ed1t nh\u1ea5t m\u00e0 ch\u00fang t\u00f4i \u0111\u00e3 th\u1ef1c hi\u1ec7n cho trang tr\u1ea1i c\u1ee7a m\u00ecnh trong nhi\u1ec1u n\u0103m qua.\u201d<\/p>\n<p><strong>\u2013 Peter Johnson, V\u01b0\u01a1ng qu\u1ed1c Anh<\/strong><\/p>\n<h2>T\u1ea1i sao n\u00ean ch\u1ecdn s\u1ea3n ph\u1ea9m c\u1ee7a ch\u00fang t\u00f4i?<\/h2>\n<p>Ch\u00fang t\u00f4i cung c\u1ea5p d\u1ecbch v\u1ee5 t\u00f9y ch\u1ec9nh nhanh ch\u00f3ng v\u00e0 h\u1ed7 tr\u1ee3 kh\u00e1ch h\u00e0ng m\u1ea1nh m\u1ebd \u0111\u1ec3 \u0111\u1ea3m b\u1ea3o \u0111\u00e1p \u1ee9ng m\u1ecdi nhu c\u1ea7u c\u1ee7a b\u1ea1n. S\u1ea3n ph\u1ea9m c\u1ee7a ch\u00fang t\u00f4i \u0111\u01b0\u1ee3c b\u1ea3o h\u00e0nh 3 n\u0103m, v\u00ec v\u1eady b\u1ea1n c\u00f3 th\u1ec3 y\u00ean t\u00e2m v\u1ec1 \u0111\u1ed9 b\u1ec1n v\u00e0 hi\u1ec7u su\u1ea5t c\u1ee7a m\u00e1y m\u00f3c. Ch\u00fang t\u00f4i h\u1ed7 tr\u1ee3 v\u1eadn chuy\u1ec3n nhanh to\u00e0n c\u1ea7u \u0111\u1ec3 \u0111\u1ea3m b\u1ea3o giao h\u00e0ng \u0111\u00fang th\u1eddi h\u1ea1n, v\u00e0 d\u1ecbch v\u1ee5 h\u1eadu m\u00e3i c\u1ee7a ch\u00fang t\u00f4i \u0111\u01b0\u1ee3c thi\u1ebft k\u1ebf \u0111\u1ec3 gi\u00fap ho\u1ea1t \u0111\u1ed9ng c\u1ee7a b\u1ea1n di\u1ec5n ra su\u00f4n s\u1ebb.<\/p>\n<h2>Kh\u00e1m ph\u00e1 m\u00e1y nh\u1ed5 \u0111\u1eadu th\u1eadn 4BYH-1.3 ngay h\u00f4m nay!<\/h2>\n<p>N\u1ebfu b\u1ea1n \u0111ang t\u00ecm ki\u1ebfm gi\u1ea3i ph\u00e1p nh\u1ed5 \u0111\u1eadu hi\u1ec7u qu\u1ea3, \u0111\u00e1ng tin c\u1eady v\u00e0 ti\u1ebft ki\u1ec7m chi ph\u00ed, m\u00e1y nh\u1ed5 \u0111\u1eadu 4BYH-1.3 l\u00e0 l\u1ef1a ch\u1ecdn l\u00fd t\u01b0\u1edfng cho c\u00e1c ho\u1ea1t \u0111\u1ed9ng canh t\u00e1c quy m\u00f4 l\u1edbn. C\u00f4ng ty ch\u00fang t\u00f4i kh\u00f4ng ch\u1ec9 cung c\u1ea5p s\u1ea3n ph\u1ea9m n\u00e0y m\u00e0 c\u00f2n cung c\u1ea5p nhi\u1ec1u lo\u1ea1i m\u00e1y m\u00f3c v\u00e0 ph\u1ee5 ki\u1ec7n n\u00f4ng nghi\u1ec7p kh\u00e1c. V\u1edbi n\u0103ng l\u1ef1c s\u1ea3n xu\u1ea5t m\u1ea1nh m\u1ebd, ch\u1ea5t l\u01b0\u1ee3ng s\u1ea3n ph\u1ea9m h\u00e0ng \u0111\u1ea7u, gi\u00e1 c\u1ea3 c\u1ea1nh tranh v\u00e0 d\u1ecbch v\u1ee5 kh\u00e1ch h\u00e0ng tuy\u1ec7t v\u1eddi, ch\u00fang t\u00f4i lu\u00f4n s\u1eb5n s\u00e0ng \u0111\u00e1p \u1ee9ng m\u1ecdi nhu c\u1ea7u canh t\u00e1c c\u1ee7a b\u1ea1n. Li\u00ean h\u1ec7 v\u1edbi ch\u00fang t\u00f4i ngay h\u00f4m nay \u0111\u1ec3 t\u00ecm hi\u1ec3u th\u00eam v\u00e0 mua h\u00e0ng!<\/p>\n<p style=\"text-align: center;\"><img loading=\"lazy\" decoding=\"async\" class=\"alignnone wp-image-412\" src=\"https:\/\/silage-balers.com\/wp-content\/uploads\/2025\/12\/4-1.webp\" alt=\"M\u00e1y nh\u1ed5 \u0111\u1eadu\" width=\"431\" height=\"431\" srcset=\"https:\/\/silage-balers.com\/wp-content\/uploads\/2025\/12\/4-1.webp 254w, https:\/\/silage-balers.com\/wp-content\/uploads\/2025\/12\/4-1-150x150.webp 150w, https:\/\/silage-balers.com\/wp-content\/uploads\/2025\/12\/4-1-12x12.webp 12w, https:\/\/silage-balers.com\/wp-content\/uploads\/2025\/12\/4-1-100x100.webp 100w\" sizes=\"(max-width: 431px) 100vw, 431px\" \/><\/p>\n<h2>C\u00e2u h\u1ecfi th\u01b0\u1eddng g\u1eb7p (FAQ)<\/h2>\n<p><strong>Dung l\u01b0\u1ee3ng t\u1ed1i \u0111a c\u1ee7a 4BYH-1.3 l\u00e0 bao nhi\u00eau? <a href=\"https:\/\/silage-balers.com\/vi\/san-pham\/may-ep-kien-tron-9yg-2-24d-s9000\/\">M\u00e1y nh\u1ed5 \u0111\u1eadu th\u1eadn<\/a>?<\/strong><\/p>\n<p>M\u00e1y 4BYH-1.3 c\u00f3 th\u1ec3 x\u1eed l\u00fd c\u00e1c ho\u1ea1t \u0111\u1ed9ng thu ho\u1ea1ch quy m\u00f4 l\u1edbn, thu ho\u1ea1ch \u0111\u1eadu m\u1ed9t c\u00e1ch hi\u1ec7u qu\u1ea3 tr\u00ean nhi\u1ec1u m\u1eabu \u0111\u1ea5t n\u00f4ng nghi\u1ec7p.<\/p>\n<p><strong>M\u00e1y nh\u1ed5 \u0111\u1eadu 4BYH-1.3 c\u1ea3i thi\u1ec7n hi\u1ec7u qu\u1ea3 thu ho\u1ea1ch \u0111\u1eadu th\u1eadn nh\u01b0 th\u1ebf n\u00e0o?<\/strong><\/p>\n<p>M\u00e1y n\u00e0y t\u1ef1 \u0111\u1ed9ng h\u00f3a quy tr\u00ecnh nh\u1ed5 c\u00e2y, gi\u1ea3m \u0111\u00e1ng k\u1ec3 chi ph\u00ed nh\u00e2n c\u00f4ng v\u00e0 th\u1eddi gian thu ho\u1ea1ch, \u0111\u1ed3ng th\u1eddi \u0111\u1ea3m b\u1ea3o thi\u1ec7t h\u1ea1i t\u1ed1i thi\u1ec3u cho c\u00e2y tr\u1ed3ng.<\/p>\n<p><strong>M\u00e1y nh\u1ed5 \u0111\u1eadu 4BYH-1.3 c\u00f3 th\u1ec3 \u0111\u01b0\u1ee3c s\u1eed d\u1ee5ng cho c\u00e1c lo\u1ea1i c\u00e2y tr\u1ed3ng kh\u00e1c ngo\u00e0i \u0111\u1eadu th\u1eadn kh\u00f4ng?<\/strong><\/p>\n<p>M\u1eb7c d\u00f9 4BYH-1.3 \u0111\u01b0\u1ee3c thi\u1ebft k\u1ebf \u0111\u1eb7c bi\u1ec7t cho \u0111\u1eadu th\u1eadn, nh\u01b0ng n\u00f3 c\u0169ng c\u00f3 th\u1ec3 \u0111\u01b0\u1ee3c \u0111i\u1ec1u ch\u1ec9nh \u0111\u1ec3 s\u1eed d\u1ee5ng v\u1edbi c\u00e1c lo\u1ea1i \u0111\u1eadu kh\u00e1c t\u00f9y thu\u1ed9c v\u00e0o \u0111i\u1ec1u ki\u1ec7n \u0111\u1ea5t v\u00e0 c\u00e2y tr\u1ed3ng.<\/p>\n<p><strong>C\u1ea7n b\u1ea3o tr\u00ec nh\u1eefng g\u00ec \u0111\u1ed1i v\u1edbi thi\u1ebft b\u1ecb 4BYH-1.3?<\/strong><\/p>\n<p>Vi\u1ec7c b\u1ea3o tr\u00ec \u0111\u1ecbnh k\u1ef3 bao g\u1ed3m v\u1ec7 sinh m\u00e1y sau m\u1ed7i l\u1ea7n s\u1eed d\u1ee5ng, b\u00f4i tr\u01a1n c\u00e1c b\u1ed9 ph\u1eadn chuy\u1ec3n \u0111\u1ed9ng v\u00e0 thay th\u1ebf c\u00e1c b\u1ed9 ph\u1eadn b\u1ecb m\u00f2n nh\u01b0 l\u01b0\u1ee1i dao v\u00e0 d\u00e2y \u0111ai.<\/p>\n<p><strong>M\u00e1y nh\u1ed5 \u0111\u1eadu 4BYH-1.3 c\u00f3 ph\u00f9 h\u1ee3p v\u1edbi c\u00e1c trang tr\u1ea1i h\u1eefu c\u01a1 kh\u00f4ng?<\/strong><\/p>\n<p>\u0110\u00fang v\u1eady, m\u00e1y 4BYH-1.3 \u0111\u01b0\u1ee3c thi\u1ebft k\u1ebf \u0111\u1ec3 gi\u1ea3m thi\u1ec3u s\u1ef1 x\u00e1o tr\u1ed9n \u0111\u1ea5t, do \u0111\u00f3 \u0111\u00e2y l\u00e0 l\u1ef1a ch\u1ecdn ph\u00f9 h\u1ee3p cho c\u00e1c trang tr\u1ea1i h\u1eefu c\u01a1 n\u01a1i s\u1ee9c kh\u1ecfe c\u1ee7a \u0111\u1ea5t l\u00e0 \u01b0u ti\u00ean h\u00e0ng \u0111\u1ea7u.<\/p>\n<p><strong>Kh\u00e1ch h\u00e0ng qu\u1ed1c t\u1ebf c\u00f3 nh\u1eefng l\u1ef1a ch\u1ecdn v\u1eadn chuy\u1ec3n n\u00e0o?<\/strong><\/p>\n<p>Ch\u00fang t\u00f4i cung c\u1ea5p d\u1ecbch v\u1ee5 v\u1eadn chuy\u1ec3n to\u00e0n c\u1ea7u v\u1edbi c\u00e1c t\u00f9y ch\u1ecdn giao h\u00e0ng nhanh ch\u00f3ng \u0111\u1ec3 \u0111\u00e1p \u1ee9ng nhu c\u1ea7u c\u1ee7a kh\u00e1ch h\u00e0ng tr\u00ean to\u00e0n th\u1ebf gi\u1edbi.<\/p>\n<p><strong>M\u00e1y c\u00f3 th\u1ec3 \u0111\u01b0\u1ee3c t\u00f9y ch\u1ec9nh cho c\u00e1c lo\u1ea1i \u0111\u1ea5t kh\u00e1c nhau kh\u00f4ng?<\/strong><\/p>\n<p>V\u00e2ng, ch\u00fang t\u00f4i cung c\u1ea5p c\u00e1c t\u00f9y ch\u1ecdn t\u00f9y ch\u1ec9nh \u0111\u1ec3 \u0111i\u1ec1u ch\u1ec9nh m\u00e1y m\u00f3c ph\u00f9 h\u1ee3p v\u1edbi c\u00e1c lo\u1ea1i \u0111\u1ea5t v\u00e0 \u0111i\u1ec1u ki\u1ec7n canh t\u00e1c kh\u00e1c nhau.<\/p>\n<p><strong>Th\u1eddi h\u1ea1n b\u1ea3o h\u00e0nh c\u1ee7a m\u00e1y nh\u1ed5 \u0111\u1eadu 4BYH-1.3 l\u00e0 bao l\u00e2u?<\/strong><\/p>\n<p>S\u1ea3n ph\u1ea9m 4BYH-1.3 \u0111i k\u00e8m v\u1edbi ch\u1ebf \u0111\u1ed9 b\u1ea3o h\u00e0nh 3 n\u0103m, \u0111\u1ea3m b\u1ea3o s\u1ef1 an t\u00e2m khi s\u1eed d\u1ee5ng l\u00e2u d\u00e0i.<\/p>\n<p><strong>T\u00f4i c\u00f3 th\u1ec3 \u0111\u1eb7t mua m\u00e1y nh\u1ed5 \u0111\u1eadu th\u1eadn 4BYH-1.3 nh\u01b0 th\u1ebf n\u00e0o?<\/strong><\/p>\n<p>B\u1ea1n c\u00f3 th\u1ec3 \u0111\u1eb7t h\u00e0ng tr\u1ef1c ti\u1ebfp qua trang web c\u1ee7a ch\u00fang t\u00f4i ho\u1eb7c li\u00ean h\u1ec7 v\u1edbi \u0111\u1ed9i ng\u0169 b\u00e1n h\u00e0ng \u0111\u1ec3 \u0111\u01b0\u1ee3c h\u1ed7 tr\u1ee3 v\u1ec1 c\u00e1c \u0111\u01a1n \u0111\u1eb7t h\u00e0ng t\u00f9y ch\u1ec9nh.<\/p>\n<p><strong>M\u00e1y nh\u1ed5 \u0111\u1eadu 4BYH-1.3 c\u00f3 gi\u00e1 dao \u0111\u1ed9ng trong kho\u1ea3ng n\u00e0o?<\/strong><\/p>\n<p>Gi\u00e1 c\u1ea3 thay \u0111\u1ed5i t\u00f9y thu\u1ed9c v\u00e0o th\u00f4ng s\u1ed1 k\u1ef9 thu\u1eadt v\u00e0 c\u00e1c t\u00f9y ch\u1ecdn t\u00f9y ch\u1ec9nh, nh\u01b0ng ch\u00fang t\u00f4i \u0111\u01b0a ra m\u1ee9c gi\u00e1 c\u1ea1nh tranh d\u1ef1a tr\u00ean gi\u00e1 tr\u1ecb v\u00e0 ch\u1ea5t l\u01b0\u1ee3ng c\u1ee7a m\u00e1y.<\/p>\n<p><strong>M\u00e1y nh\u1ed5 \u0111\u1eadu 4BYH-1.3 c\u00f3 d\u1ec5 s\u1eed d\u1ee5ng cho ng\u01b0\u1eddi m\u1edbi kh\u00f4ng?<\/strong><\/p>\n<p>\u0110\u00fang v\u1eady, m\u00e1y 4BYH-1.3 \u0111\u01b0\u1ee3c thi\u1ebft k\u1ebf v\u1edbi h\u1ec7 th\u1ed1ng \u0111i\u1ec1u khi\u1ec3n th\u00e2n thi\u1ec7n v\u1edbi ng\u01b0\u1eddi d\u00f9ng, gi\u00fap ng\u01b0\u1eddi v\u1eadn h\u00e0nh m\u1edbi d\u1ec5 d\u00e0ng h\u1ecdc v\u00e0 v\u1eadn h\u00e0nh m\u00e1y.<\/p>\n<p><strong>M\u1ea5t bao l\u00e2u \u0111\u1ec3 thu ho\u1ea1ch \u0111\u1eadu b\u1eb1ng m\u00e1y nh\u1ed5 \u0111\u1eadu 4BYH-1.3?<\/strong><\/p>\n<p>Th\u1eddi gian c\u1ea7n thi\u1ebft ph\u1ee5 thu\u1ed9c v\u00e0o quy m\u00f4 trang tr\u1ea1i c\u1ee7a b\u1ea1n, nh\u01b0ng m\u00e1y 4BYH-1.3 gi\u00fap gi\u1ea3m \u0111\u00e1ng k\u1ec3 th\u1eddi gian thu ho\u1ea1ch so v\u1edbi c\u00e1c ph\u01b0\u01a1ng ph\u00e1p th\u1ee7 c\u00f4ng.<\/p>\n<p><strong>C\u00f3 b\u1ed9 ph\u1eadn h\u1ed7 tr\u1ee3 kh\u00e1ch h\u00e0ng \u0111\u1ec3 kh\u1eafc ph\u1ee5c s\u1ef1 c\u1ed1 kh\u00f4ng?<\/strong><\/p>\n<p>V\u00e2ng, ch\u00fang t\u00f4i cung c\u1ea5p d\u1ecbch v\u1ee5 h\u1ed7 tr\u1ee3 kh\u00e1ch h\u00e0ng to\u00e0n di\u1ec7n v\u1ec1 kh\u1eafc ph\u1ee5c s\u1ef1 c\u1ed1 v\u00e0 h\u1ed7 tr\u1ee3 k\u1ef9 thu\u1eadt.<\/p>\n<p><strong>M\u00e1y n\u00e0y c\u00f3 th\u1ec3 s\u1eed d\u1ee5ng \u0111\u01b0\u1ee3c \u1edf c\u00e1c \u0111i\u1ec1u ki\u1ec7n kh\u00ed h\u1eadu kh\u00e1c nhau kh\u00f4ng?<\/strong><\/p>\n<p>M\u00e1y 4BYH-1.3 \u0111\u01b0\u1ee3c thi\u1ebft k\u1ebf \u0111\u1ec3 ho\u1ea1t \u0111\u1ed9ng trong nhi\u1ec1u \u0111i\u1ec1u ki\u1ec7n kh\u00ed h\u1eadu kh\u00e1c nhau, gi\u00fap n\u00f3 tr\u1edf n\u00ean linh ho\u1ea1t cho c\u00e1c trang tr\u1ea1i tr\u00ean to\u00e0n th\u1ebf gi\u1edbi.<\/p>\n<p>ch\u1ec9nh s\u1eeda b\u1edfi gzl<\/p>\n<p>&nbsp;<\/p>","protected":false},"excerpt":{"rendered":"<p>Kh\u00e1m ph\u00e1 M\u00e1y nh\u1ed5 \u0111\u1eadu th\u1eadn 4BYH-1.3 \u2013 hi\u1ec7u qu\u1ea3, \u0111\u00e1ng tin c\u1eady v\u00e0 ho\u00e0n h\u1ea3o cho thu ho\u1ea1ch \u0111\u1eadu quy m\u00f4 l\u1edbn. T\u0103ng n\u0103ng su\u1ea5t c\u1ee7a b\u1ea1n ngay h\u00f4m nay! Mua ngay!<\/p>","protected":false},"featured_media":409,"template":"","meta":{"_et_pb_use_builder":"","_et_pb_old_content":"","_et_gb_content_width":""},"product_brand":[],"product_cat":[22],"product_tag":[],"class_list":{"0":"post-407","1":"product","2":"type-product","3":"status-publish","4":"has-post-thumbnail","6":"product_cat-kidney-bean-puller","8":"first","9":"instock","10":"shipping-taxable","11":"product-type-simple"},"_links":{"self":[{"href":"https:\/\/silage-balers.com\/vi\/wp-json\/wp\/v2\/product\/407","targetHints":{"allow":["GET"]}}],"collection":[{"href":"https:\/\/silage-balers.com\/vi\/wp-json\/wp\/v2\/product"}],"about":[{"href":"https:\/\/silage-balers.com\/vi\/wp-json\/wp\/v2\/types\/product"}],"wp:featuredmedia":[{"embeddable":true,"href":"https:\/\/silage-balers.com\/vi\/wp-json\/wp\/v2\/media\/409"}],"wp:attachment":[{"href":"https:\/\/silage-balers.com\/vi\/wp-json\/wp\/v2\/media?parent=407"}],"wp:term":[{"taxonomy":"product_brand","embeddable":true,"href":"https:\/\/silage-balers.com\/vi\/wp-json\/wp\/v2\/product_brand?post=407"},{"taxonomy":"product_cat","embeddable":true,"href":"https:\/\/silage-balers.com\/vi\/wp-json\/wp\/v2\/product_cat?post=407"},{"taxonomy":"product_tag","embeddable":true,"href":"https:\/\/silage-balers.com\/vi\/wp-json\/wp\/v2\/product_tag?post=407"}],"curies":[{"name":"wp","href":"https:\/\/api.w.org\/{rel}","templated":true}]}}